{"id":380,"date":"2021-05-20T23:34:38","date_gmt":"2021-05-20T21:34:38","guid":{"rendered":"http:\/\/oderon.pl\/type-b-parser\/"},"modified":"2021-05-20T23:34:38","modified_gmt":"2021-05-20T21:34:38","slug":"type-b-parser","status":"publish","type":"page","link":"https:\/\/oderon.pl\/en\/lotniska\/type-b-parser\/","title":{"rendered":"Type-B parser"},"content":{"rendered":"\n<h1>\n\t\t\n\t<\/h1>\n\t<span><span><a href=\"https:\/\/oderon.pl\/en\/\">Strona g\u0142\u00f3wna<\/a><\/span><\/span>\n\t<p>to oprogramowanie, kt\u00f3re automatycznie pobiera i interpretuje wiadomo\u015bci przesy\u0142ane za pomoc\u0105 system\u00f3w wiadomo\u015bci typu B.<\/p>\n<p>Informacje obs\u0142ugi naziemnej, system\u00f3w lotniczych , a tak\u017ce wszelkich innych podmiot\u00f3w, s\u0105 od razu gotowe do zastosowania w obszarach, gdy jest to wymagane na lotnisku.<\/p>\n\n<ul>\n<li>Pobranie wiadomo\u015bci z r\u00f3\u017cnorodnych \u015brodowisk nosicieli wiadomo\u015bci typu B.<\/li>\n<li>Przekazywanie wiadomo\u015bci typu B do sieciowych system\u00f3w zintegrowanych.<\/li>\n<li>Zapewnienie zintegrowanego \u015brodowiska dla wiadomo\u015bci typu B.<\/li>\n<\/ul>\n\n<ul>\n<li>Agregowanie automatyczne wiadomo\u015bci sieciowych typu B w celu zmniejszenia nak\u0142adu pracy r\u0119cznej.<\/li>\n<li>Ograniczenie potencjalnych op\u00f3\u017anie\u0144 operacyjnych i b\u0142\u0119d\u00f3w r\u0119cznych przy generowaniu depesz.<\/li>\n<li>\u0141atwy i szybki dost\u0119p do depesz<\/li>\n<li>Parsowanie wiadomo\u015bci sieciowe typu B.<\/li>\n<li>Zapewnienie przechowywania i filtrowanie ostatnich komunikat\u00f3w.<\/li>\n<li>Dostarczanie danych statystycznych dla r\u00f3\u017cnych analiz.<\/li>\n<\/ul>\n\n","protected":false},"excerpt":{"rendered":"<p>to oprogramowanie, kt\u00f3re automatycznie pobiera i interpretuje wiadomo\u015bci przesy\u0142ane za pomoc\u0105 system\u00f3w wiadomo\u015bci typu B. Informacje obs\u0142ugi naziemnej, system\u00f3w lotniczych , a tak\u017ce wszelkich innych podmiot\u00f3w, s\u0105 od razu gotowe do zastosowania w obszarach, gdy jest to wymagane na lotnisku. Pobranie wiadomo\u015bci z r\u00f3\u017cnorodnych \u015brodowisk nosicieli wiadomo\u015bci typu B. Przekazywanie wiadomo\u015bci typu B do sieciowych&hellip;<\/p>\n","protected":false},"author":1,"featured_media":0,"parent":329,"menu_order":0,"comment_status":"closed","ping_status":"closed","template":"","meta":{"footnotes":""},"class_list":["post-380","page","type-page","status-publish","hentry"],"yoast_head":"<!-- This site is optimized with the Yoast SEO plugin v27.5 - https:\/\/yoast.com\/product\/yoast-seo-wordpress\/ -->\n<title>Type-B parser - Oderon<\/title>\n<meta name=\"robots\" content=\"index, follow, max-snippet:-1, max-image-preview:large, max-video-preview:-1\" \/>\n<link rel=\"canonical\" href=\"https:\/\/oderon.pl\/en\/lotniska\/type-b-parser\/\" \/>\n<meta property=\"og:locale\" content=\"en_US\" \/>\n<meta property=\"og:type\" content=\"article\" \/>\n<meta property=\"og:title\" content=\"Type-B parser - Oderon\" \/>\n<meta property=\"og:description\" content=\"to oprogramowanie, kt\u00f3re automatycznie pobiera i interpretuje wiadomo\u015bci przesy\u0142ane za pomoc\u0105 system\u00f3w wiadomo\u015bci typu B. Informacje obs\u0142ugi naziemnej, system\u00f3w lotniczych , a tak\u017ce wszelkich innych podmiot\u00f3w, s\u0105 od razu gotowe do zastosowania w obszarach, gdy jest to wymagane na lotnisku. Pobranie wiadomo\u015bci z r\u00f3\u017cnorodnych \u015brodowisk nosicieli wiadomo\u015bci typu B. Przekazywanie wiadomo\u015bci typu B do sieciowych&hellip;\" \/>\n<meta property=\"og:url\" content=\"https:\/\/oderon.pl\/en\/lotniska\/type-b-parser\/\" \/>\n<meta property=\"og:site_name\" content=\"Oderon\" \/>\n<meta name=\"twitter:card\" content=\"summary_large_image\" \/>\n<meta name=\"twitter:label1\" content=\"Est. reading time\" \/>\n\t<meta name=\"twitter:data1\" content=\"1 minute\" \/>\n<script type=\"application\/ld+json\" class=\"yoast-schema-graph\">{\"@context\":\"https:\\\/\\\/schema.org\",\"@graph\":[{\"@type\":\"WebPage\",\"@id\":\"https:\\\/\\\/oderon.pl\\\/en\\\/lotniska\\\/type-b-parser\\\/\",\"url\":\"https:\\\/\\\/oderon.pl\\\/en\\\/lotniska\\\/type-b-parser\\\/\",\"name\":\"Type-B parser - Oderon\",\"isPartOf\":{\"@id\":\"https:\\\/\\\/oderon.pl\\\/#website\"},\"datePublished\":\"2021-05-20T21:34:38+00:00\",\"breadcrumb\":{\"@id\":\"https:\\\/\\\/oderon.pl\\\/en\\\/lotniska\\\/type-b-parser\\\/#breadcrumb\"},\"inLanguage\":\"en-US\",\"potentialAction\":[{\"@type\":\"ReadAction\",\"target\":[\"https:\\\/\\\/oderon.pl\\\/en\\\/lotniska\\\/type-b-parser\\\/\"]}]},{\"@type\":\"BreadcrumbList\",\"@id\":\"https:\\\/\\\/oderon.pl\\\/en\\\/lotniska\\\/type-b-parser\\\/#breadcrumb\",\"itemListElement\":[{\"@type\":\"ListItem\",\"position\":1,\"name\":\"Strona g\u0142\u00f3wna\",\"item\":\"https:\\\/\\\/oderon.pl\\\/en\\\/\"},{\"@type\":\"ListItem\",\"position\":2,\"name\":\"Lotniska\",\"item\":\"https:\\\/\\\/oderon.pl\\\/en\\\/lotniska\\\/\"},{\"@type\":\"ListItem\",\"position\":3,\"name\":\"Type-B parser\"}]},{\"@type\":\"WebSite\",\"@id\":\"https:\\\/\\\/oderon.pl\\\/#website\",\"url\":\"https:\\\/\\\/oderon.pl\\\/\",\"name\":\"Oderon\",\"description\":\"Nowoczesne technologie kontroli i bezpiecze\u0144stwa\",\"potentialAction\":[{\"@type\":\"SearchAction\",\"target\":{\"@type\":\"EntryPoint\",\"urlTemplate\":\"https:\\\/\\\/oderon.pl\\\/?s={search_term_string}\"},\"query-input\":{\"@type\":\"PropertyValueSpecification\",\"valueRequired\":true,\"valueName\":\"search_term_string\"}}],\"inLanguage\":\"en-US\"}]}<\/script>\n<!-- \/ Yoast SEO plugin. -->","yoast_head_json":{"title":"Type-B parser - Oderon","robots":{"index":"index","follow":"follow","max-snippet":"max-snippet:-1","max-image-preview":"max-image-preview:large","max-video-preview":"max-video-preview:-1"},"canonical":"https:\/\/oderon.pl\/en\/lotniska\/type-b-parser\/","og_locale":"en_US","og_type":"article","og_title":"Type-B parser - Oderon","og_description":"to oprogramowanie, kt\u00f3re automatycznie pobiera i interpretuje wiadomo\u015bci przesy\u0142ane za pomoc\u0105 system\u00f3w wiadomo\u015bci typu B. Informacje obs\u0142ugi naziemnej, system\u00f3w lotniczych , a tak\u017ce wszelkich innych podmiot\u00f3w, s\u0105 od razu gotowe do zastosowania w obszarach, gdy jest to wymagane na lotnisku. Pobranie wiadomo\u015bci z r\u00f3\u017cnorodnych \u015brodowisk nosicieli wiadomo\u015bci typu B. Przekazywanie wiadomo\u015bci typu B do sieciowych&hellip;","og_url":"https:\/\/oderon.pl\/en\/lotniska\/type-b-parser\/","og_site_name":"Oderon","twitter_card":"summary_large_image","twitter_misc":{"Est. reading time":"1 minute"},"schema":{"@context":"https:\/\/schema.org","@graph":[{"@type":"WebPage","@id":"https:\/\/oderon.pl\/en\/lotniska\/type-b-parser\/","url":"https:\/\/oderon.pl\/en\/lotniska\/type-b-parser\/","name":"Type-B parser - Oderon","isPartOf":{"@id":"https:\/\/oderon.pl\/#website"},"datePublished":"2021-05-20T21:34:38+00:00","breadcrumb":{"@id":"https:\/\/oderon.pl\/en\/lotniska\/type-b-parser\/#breadcrumb"},"inLanguage":"en-US","potentialAction":[{"@type":"ReadAction","target":["https:\/\/oderon.pl\/en\/lotniska\/type-b-parser\/"]}]},{"@type":"BreadcrumbList","@id":"https:\/\/oderon.pl\/en\/lotniska\/type-b-parser\/#breadcrumb","itemListElement":[{"@type":"ListItem","position":1,"name":"Strona g\u0142\u00f3wna","item":"https:\/\/oderon.pl\/en\/"},{"@type":"ListItem","position":2,"name":"Lotniska","item":"https:\/\/oderon.pl\/en\/lotniska\/"},{"@type":"ListItem","position":3,"name":"Type-B parser"}]},{"@type":"WebSite","@id":"https:\/\/oderon.pl\/#website","url":"https:\/\/oderon.pl\/","name":"Oderon","description":"Nowoczesne technologie kontroli i bezpiecze\u0144stwa","potentialAction":[{"@type":"SearchAction","target":{"@type":"EntryPoint","urlTemplate":"https:\/\/oderon.pl\/?s={search_term_string}"},"query-input":{"@type":"PropertyValueSpecification","valueRequired":true,"valueName":"search_term_string"}}],"inLanguage":"en-US"}]}},"_links":{"self":[{"href":"https:\/\/oderon.pl\/en\/wp-json\/wp\/v2\/pages\/380","targetHints":{"allow":["GET"]}}],"collection":[{"href":"https:\/\/oderon.pl\/en\/wp-json\/wp\/v2\/pages"}],"about":[{"href":"https:\/\/oderon.pl\/en\/wp-json\/wp\/v2\/types\/page"}],"author":[{"embeddable":true,"href":"https:\/\/oderon.pl\/en\/wp-json\/wp\/v2\/users\/1"}],"replies":[{"embeddable":true,"href":"https:\/\/oderon.pl\/en\/wp-json\/wp\/v2\/comments?post=380"}],"version-history":[{"count":0,"href":"https:\/\/oderon.pl\/en\/wp-json\/wp\/v2\/pages\/380\/revisions"}],"up":[{"embeddable":true,"href":"https:\/\/oderon.pl\/en\/wp-json\/wp\/v2\/pages\/329"}],"wp:attachment":[{"href":"https:\/\/oderon.pl\/en\/wp-json\/wp\/v2\/media?parent=380"}],"curies":[{"name":"wp","href":"https:\/\/api.w.org\/{rel}","templated":true}]}}