{"id":377,"date":"2021-05-18T22:10:48","date_gmt":"2021-05-18T20:10:48","guid":{"rendered":"http:\/\/oderon.pl\/strona-glowna\/"},"modified":"2021-05-21T01:37:08","modified_gmt":"2021-05-20T23:37:08","slug":"strona-glowna","status":"publish","type":"page","link":"https:\/\/oderon.pl\/en\/","title":{"rendered":"Home"},"content":{"rendered":"\n\n\t\n\t<a href=\"http:\/\/oderon.pl\/lotniska\/\" target=\"_self\" rel=\"noopener\"><\/a> \n\t\t<h3>Porty lotnicze<\/h3>\t\t\t\n\t\t\t\t<p>Oferujemy systemy zarz\u0105dzania operacj\u0105 lotnicz\u0105 ACDM dla port\u00f3w lotniczych. Niezawodne \u015brodowiska operacji lotniczej budujemy w oparciu o specjalistyczne systemy odprawy i ochrony pasa\u017cer\u00f3w oraz samolot\u00f3w.<\/p>\n\t<a href=\"http:\/\/oderon.pl\/automatyka-budynkowa\/\" target=\"_self\" rel=\"noopener\"><\/a> \n\t\t<h3>Automatyka Budynkowa<\/h3>\t\t\t\n\t\t\t\t<p>Projektujemy systemy automatyki na ka\u017cdym szczeblu zaawansowania. Pocz\u0105wszy od integracji kilku instalacji, poprzez systemy automatyki domowej po rozbudowane systemy BMS.<\/p>\n\t<a href=\"http:\/\/oderon.pl\/integracja-systemow-teletechnicznych\/\" target=\"_self\" rel=\"noopener\"><\/a> \n\t\t<h3>Integracja System\u00f3w<\/h3>\t\t\t\n\t\t\t\t<p>Wdra\u017caj\u0105c rozwi\u0105zania BMS wykonawca stoi przed konieczno\u015bci\u0105 powi\u0105zania ze sob\u0105, czasami zupe\u0142nie niezale\u017cnych system\u00f3w. Z naszymi mo\u017cliwo\u015bciami staramy si\u0119 pomaga\u0107 w rozwi\u0105zaniu tego typu problem\u00f3w.<\/p>\n\t<a href=\"http:\/\/oderon.pl\/engineering-it\/\" target=\"_self\" rel=\"noopener\"><\/a> \n\t\t<h3>Engineering IT<\/h3>\t\t\t\n\t\t\t\t<p>Strategia informatyzacji, Audyt przedwdro\u017ceniowy, Zarz\u0105dzanie projektem IT.<\/p>\n\t<a href=\"http:\/\/oderon.pl\/integracja-systemow-teletechnicznych\/kontrola-dostepu\/\" target=\"_self\" rel=\"noopener\"><\/a> \n\t\t<h3>Kontrola dost\u0119pu<\/h3>\t\t\t\n\t\t\t\t<p>W dzisiejszych czasach co raz wi\u0119kszy nacisk k\u0142adziony jest na bezpiecze\u0144stwo, przy jednoczesnym zachowaniu komfortu pracy. Dzi\u0119ki zastosowaniu system\u00f3w kontroli dost\u0119pu mo\u017cemy spe\u0142ni\u0107 jednocze\u015bnie te dwa warunki. Pozwalaj\u0105 one zabezpiecza\u0107 wszelkiego rodzaju przej\u015bcia.<\/p>\n\n","protected":false},"excerpt":{"rendered":"<p>Porty lotnicze Oferujemy systemy zarz\u0105dzania operacj\u0105 lotnicz\u0105 ACDM dla port\u00f3w lotniczych. Niezawodne \u015brodowiska operacji lotniczej budujemy w oparciu o specjalistyczne systemy odprawy i ochrony pasa\u017cer\u00f3w oraz samolot\u00f3w. Automatyka Budynkowa Projektujemy systemy automatyki na ka\u017cdym szczeblu zaawansowania. Pocz\u0105wszy od integracji kilku instalacji, poprzez systemy automatyki domowej po rozbudowane systemy BMS. Integracja System\u00f3w Wdra\u017caj\u0105c rozwi\u0105zania BMS wykonawca&hellip;<\/p>\n","protected":false},"author":1,"featured_media":0,"parent":0,"menu_order":0,"comment_status":"closed","ping_status":"closed","template":"","meta":{"footnotes":""},"class_list":["post-377","page","type-page","status-publish","hentry"],"yoast_head":"<!-- This site is optimized with the Yoast SEO plugin v27.4 - https:\/\/yoast.com\/product\/yoast-seo-wordpress\/ -->\n<title>Home - Oderon<\/title>\n<meta name=\"robots\" content=\"index, follow, max-snippet:-1, max-image-preview:large, max-video-preview:-1\" \/>\n<link rel=\"canonical\" href=\"https:\/\/oderon.pl\/en\/\" \/>\n<meta property=\"og:locale\" content=\"en_US\" \/>\n<meta property=\"og:type\" content=\"article\" \/>\n<meta property=\"og:title\" content=\"Home - Oderon\" \/>\n<meta property=\"og:description\" content=\"Porty lotnicze Oferujemy systemy zarz\u0105dzania operacj\u0105 lotnicz\u0105 ACDM dla port\u00f3w lotniczych. Niezawodne \u015brodowiska operacji lotniczej budujemy w oparciu o specjalistyczne systemy odprawy i ochrony pasa\u017cer\u00f3w oraz samolot\u00f3w. Automatyka Budynkowa Projektujemy systemy automatyki na ka\u017cdym szczeblu zaawansowania. Pocz\u0105wszy od integracji kilku instalacji, poprzez systemy automatyki domowej po rozbudowane systemy BMS. Integracja System\u00f3w Wdra\u017caj\u0105c rozwi\u0105zania BMS wykonawca&hellip;\" \/>\n<meta property=\"og:url\" content=\"https:\/\/oderon.pl\/en\/\" \/>\n<meta property=\"og:site_name\" content=\"Oderon\" \/>\n<meta property=\"article:modified_time\" content=\"2021-05-20T23:37:08+00:00\" \/>\n<meta name=\"twitter:card\" content=\"summary_large_image\" \/>\n<meta name=\"twitter:label1\" content=\"Est. reading time\" \/>\n\t<meta name=\"twitter:data1\" content=\"1 minute\" \/>\n<script type=\"application\/ld+json\" class=\"yoast-schema-graph\">{\"@context\":\"https:\\\/\\\/schema.org\",\"@graph\":[{\"@type\":\"WebPage\",\"@id\":\"https:\\\/\\\/oderon.pl\\\/en\\\/\",\"url\":\"https:\\\/\\\/oderon.pl\\\/en\\\/\",\"name\":\"Home - Oderon\",\"isPartOf\":{\"@id\":\"https:\\\/\\\/oderon.pl\\\/#website\"},\"datePublished\":\"2021-05-18T20:10:48+00:00\",\"dateModified\":\"2021-05-20T23:37:08+00:00\",\"breadcrumb\":{\"@id\":\"https:\\\/\\\/oderon.pl\\\/en\\\/#breadcrumb\"},\"inLanguage\":\"en-US\",\"potentialAction\":[{\"@type\":\"ReadAction\",\"target\":[\"https:\\\/\\\/oderon.pl\\\/en\\\/\"]}]},{\"@type\":\"BreadcrumbList\",\"@id\":\"https:\\\/\\\/oderon.pl\\\/en\\\/#breadcrumb\",\"itemListElement\":[{\"@type\":\"ListItem\",\"position\":1,\"name\":\"Strona g\u0142\u00f3wna\",\"item\":\"https:\\\/\\\/oderon.pl\\\/en\\\/\"},{\"@type\":\"ListItem\",\"position\":2,\"name\":\"Home\"}]},{\"@type\":\"WebSite\",\"@id\":\"https:\\\/\\\/oderon.pl\\\/#website\",\"url\":\"https:\\\/\\\/oderon.pl\\\/\",\"name\":\"Oderon\",\"description\":\"Nowoczesne technologie kontroli i bezpiecze\u0144stwa\",\"potentialAction\":[{\"@type\":\"SearchAction\",\"target\":{\"@type\":\"EntryPoint\",\"urlTemplate\":\"https:\\\/\\\/oderon.pl\\\/?s={search_term_string}\"},\"query-input\":{\"@type\":\"PropertyValueSpecification\",\"valueRequired\":true,\"valueName\":\"search_term_string\"}}],\"inLanguage\":\"en-US\"}]}<\/script>\n<!-- \/ Yoast SEO plugin. -->","yoast_head_json":{"title":"Home - Oderon","robots":{"index":"index","follow":"follow","max-snippet":"max-snippet:-1","max-image-preview":"max-image-preview:large","max-video-preview":"max-video-preview:-1"},"canonical":"https:\/\/oderon.pl\/en\/","og_locale":"en_US","og_type":"article","og_title":"Home - Oderon","og_description":"Porty lotnicze Oferujemy systemy zarz\u0105dzania operacj\u0105 lotnicz\u0105 ACDM dla port\u00f3w lotniczych. Niezawodne \u015brodowiska operacji lotniczej budujemy w oparciu o specjalistyczne systemy odprawy i ochrony pasa\u017cer\u00f3w oraz samolot\u00f3w. Automatyka Budynkowa Projektujemy systemy automatyki na ka\u017cdym szczeblu zaawansowania. Pocz\u0105wszy od integracji kilku instalacji, poprzez systemy automatyki domowej po rozbudowane systemy BMS. Integracja System\u00f3w Wdra\u017caj\u0105c rozwi\u0105zania BMS wykonawca&hellip;","og_url":"https:\/\/oderon.pl\/en\/","og_site_name":"Oderon","article_modified_time":"2021-05-20T23:37:08+00:00","twitter_card":"summary_large_image","twitter_misc":{"Est. reading time":"1 minute"},"schema":{"@context":"https:\/\/schema.org","@graph":[{"@type":"WebPage","@id":"https:\/\/oderon.pl\/en\/","url":"https:\/\/oderon.pl\/en\/","name":"Home - Oderon","isPartOf":{"@id":"https:\/\/oderon.pl\/#website"},"datePublished":"2021-05-18T20:10:48+00:00","dateModified":"2021-05-20T23:37:08+00:00","breadcrumb":{"@id":"https:\/\/oderon.pl\/en\/#breadcrumb"},"inLanguage":"en-US","potentialAction":[{"@type":"ReadAction","target":["https:\/\/oderon.pl\/en\/"]}]},{"@type":"BreadcrumbList","@id":"https:\/\/oderon.pl\/en\/#breadcrumb","itemListElement":[{"@type":"ListItem","position":1,"name":"Strona g\u0142\u00f3wna","item":"https:\/\/oderon.pl\/en\/"},{"@type":"ListItem","position":2,"name":"Home"}]},{"@type":"WebSite","@id":"https:\/\/oderon.pl\/#website","url":"https:\/\/oderon.pl\/","name":"Oderon","description":"Nowoczesne technologie kontroli i bezpiecze\u0144stwa","potentialAction":[{"@type":"SearchAction","target":{"@type":"EntryPoint","urlTemplate":"https:\/\/oderon.pl\/?s={search_term_string}"},"query-input":{"@type":"PropertyValueSpecification","valueRequired":true,"valueName":"search_term_string"}}],"inLanguage":"en-US"}]}},"_links":{"self":[{"href":"https:\/\/oderon.pl\/en\/wp-json\/wp\/v2\/pages\/377","targetHints":{"allow":["GET"]}}],"collection":[{"href":"https:\/\/oderon.pl\/en\/wp-json\/wp\/v2\/pages"}],"about":[{"href":"https:\/\/oderon.pl\/en\/wp-json\/wp\/v2\/types\/page"}],"author":[{"embeddable":true,"href":"https:\/\/oderon.pl\/en\/wp-json\/wp\/v2\/users\/1"}],"replies":[{"embeddable":true,"href":"https:\/\/oderon.pl\/en\/wp-json\/wp\/v2\/comments?post=377"}],"version-history":[{"count":2,"href":"https:\/\/oderon.pl\/en\/wp-json\/wp\/v2\/pages\/377\/revisions"}],"predecessor-version":[{"id":469,"href":"https:\/\/oderon.pl\/en\/wp-json\/wp\/v2\/pages\/377\/revisions\/469"}],"wp:attachment":[{"href":"https:\/\/oderon.pl\/en\/wp-json\/wp\/v2\/media?parent=377"}],"curies":[{"name":"wp","href":"https:\/\/api.w.org\/{rel}","templated":true}]}}