{"id":368,"date":"2021-05-21T00:00:20","date_gmt":"2021-05-20T22:00:20","guid":{"rendered":"http:\/\/oderon.pl\/samoobslugowa-odprawa-pasazerska\/"},"modified":"2021-05-21T00:00:20","modified_gmt":"2021-05-20T22:00:20","slug":"samoobslugowa-odprawa-pasazerska","status":"publish","type":"page","link":"https:\/\/oderon.pl\/en\/lotniska\/samoobslugowa-odprawa-pasazerska\/","title":{"rendered":"Samoobs\u0142ugowa odprawa pasa\u017cerska"},"content":{"rendered":"\n<h1>\n\t\t\n\t<\/h1>\n\t<span><span><a href=\"https:\/\/oderon.pl\/en\/\">Strona g\u0142\u00f3wna<\/a><\/span><\/span>\n\t<a href=\"#\" target=\"_blank\" rel=\"noopener\"><\/a> \n\t\t\t<h2>ALISS<\/h2>\t\t\t\n\t\t\t\tOferuje gotowe rozwi\u0105zanie umo\u017cliwiaj\u0105ce pasa\u017cerom zameldowanie si\u0119 dla jednego lub wielu lot\u00f3w i otrzymanie karty pok\u0142adowej tego samego dnia wyjazdu, wykonuj\u0105c\u00a0zaledwie kilka krok\u00f3w.\n\u00a0\nGotowe rozwi\u0105zanie check-in dla port\u00f3w i przedsi\u0119biorstw lotniczych.<br \/>Poprawia do\u015bwiadczenia\u00a0pasa\u017cer\u00f3w na lotnisku.<br \/>\u0141atwy do wdro\u017cenia, administrowania i dostosowania.<br \/>Kompatybilny z wi\u0119kszo\u015bci\u0105 DCS.\n\t<a href=\"#\" target=\"_blank\" rel=\"noopener\"><\/a> \n\t\t\t<h2>IER 919<\/h2>\t\t\t\n\t\t\t\tJego zoptymalizowane opcje i funkcje urz\u0105dzenia zapewniaj\u0105 pasa\u017cerom pe\u0142ny zakres us\u0142ug, od zameldowania do znakowania i sprzeda\u017cy us\u0142ug dodatkowych.\n\u00a0\nObiekt przyci\u0105gaj\u0105cy uwag\u0119.<br \/>Czytnik pe\u0142nej strony paszportu (MRZ) RFID.<br \/>P\u0142atno\u015b\u0107 kart\u0105 i NFC.<br \/>Czytnik kod\u00f3w kreskowych.<br \/>17-calowy ekran dotykowy.<br \/>Drukowanie karty pok\u0142adowej.<br \/>Podw\u00f3jne drukownie znaczniak\u00f3w baga\u017cowych.<br \/>Wiele opcji konfiguracji.<br \/>Powszechne wykorzystanie kompatybilne (CUSS 1.4).<br \/>W pe\u0142ni zgodne z ADA.<br \/>Zdalne monitorowanie.<br \/>Dane biometryczne (aparat + linie papilarne)<br \/>Rozwi\u0105zanie APC\/ABC (919E)\n\n","protected":false},"excerpt":{"rendered":"<p>ALISS Oferuje gotowe rozwi\u0105zanie umo\u017cliwiaj\u0105ce pasa\u017cerom zameldowanie si\u0119 dla jednego lub wielu lot\u00f3w i otrzymanie karty pok\u0142adowej tego samego dnia wyjazdu, wykonuj\u0105c\u00a0zaledwie kilka krok\u00f3w. \u00a0 Gotowe rozwi\u0105zanie check-in dla port\u00f3w i przedsi\u0119biorstw lotniczych.Poprawia do\u015bwiadczenia\u00a0pasa\u017cer\u00f3w na lotnisku.\u0141atwy do wdro\u017cenia, administrowania i dostosowania.Kompatybilny z wi\u0119kszo\u015bci\u0105 DCS. IER 919 Jego zoptymalizowane opcje i funkcje urz\u0105dzenia zapewniaj\u0105 pasa\u017cerom pe\u0142ny&hellip;<\/p>\n","protected":false},"author":1,"featured_media":0,"parent":329,"menu_order":0,"comment_status":"closed","ping_status":"closed","template":"","meta":{"footnotes":""},"class_list":["post-368","page","type-page","status-publish","hentry"],"yoast_head":"<!-- This site is optimized with the Yoast SEO plugin v27.5 - https:\/\/yoast.com\/product\/yoast-seo-wordpress\/ -->\n<title>Samoobs\u0142ugowa odprawa pasa\u017cerska - Oderon<\/title>\n<meta name=\"robots\" content=\"index, follow, max-snippet:-1, max-image-preview:large, max-video-preview:-1\" \/>\n<link rel=\"canonical\" href=\"https:\/\/oderon.pl\/en\/lotniska\/samoobslugowa-odprawa-pasazerska\/\" \/>\n<meta property=\"og:locale\" content=\"en_US\" \/>\n<meta property=\"og:type\" content=\"article\" \/>\n<meta property=\"og:title\" content=\"Samoobs\u0142ugowa odprawa pasa\u017cerska - Oderon\" \/>\n<meta property=\"og:description\" content=\"ALISS Oferuje gotowe rozwi\u0105zanie umo\u017cliwiaj\u0105ce pasa\u017cerom zameldowanie si\u0119 dla jednego lub wielu lot\u00f3w i otrzymanie karty pok\u0142adowej tego samego dnia wyjazdu, wykonuj\u0105c\u00a0zaledwie kilka krok\u00f3w. \u00a0 Gotowe rozwi\u0105zanie check-in dla port\u00f3w i przedsi\u0119biorstw lotniczych.Poprawia do\u015bwiadczenia\u00a0pasa\u017cer\u00f3w na lotnisku.\u0141atwy do wdro\u017cenia, administrowania i dostosowania.Kompatybilny z wi\u0119kszo\u015bci\u0105 DCS. IER 919 Jego zoptymalizowane opcje i funkcje urz\u0105dzenia zapewniaj\u0105 pasa\u017cerom pe\u0142ny&hellip;\" \/>\n<meta property=\"og:url\" content=\"https:\/\/oderon.pl\/en\/lotniska\/samoobslugowa-odprawa-pasazerska\/\" \/>\n<meta property=\"og:site_name\" content=\"Oderon\" \/>\n<meta name=\"twitter:card\" content=\"summary_large_image\" \/>\n<meta name=\"twitter:label1\" content=\"Est. reading time\" \/>\n\t<meta name=\"twitter:data1\" content=\"1 minute\" \/>\n<script type=\"application\/ld+json\" class=\"yoast-schema-graph\">{\"@context\":\"https:\\\/\\\/schema.org\",\"@graph\":[{\"@type\":\"WebPage\",\"@id\":\"https:\\\/\\\/oderon.pl\\\/en\\\/lotniska\\\/samoobslugowa-odprawa-pasazerska\\\/\",\"url\":\"https:\\\/\\\/oderon.pl\\\/en\\\/lotniska\\\/samoobslugowa-odprawa-pasazerska\\\/\",\"name\":\"Samoobs\u0142ugowa odprawa pasa\u017cerska - Oderon\",\"isPartOf\":{\"@id\":\"https:\\\/\\\/oderon.pl\\\/#website\"},\"datePublished\":\"2021-05-20T22:00:20+00:00\",\"breadcrumb\":{\"@id\":\"https:\\\/\\\/oderon.pl\\\/en\\\/lotniska\\\/samoobslugowa-odprawa-pasazerska\\\/#breadcrumb\"},\"inLanguage\":\"en-US\",\"potentialAction\":[{\"@type\":\"ReadAction\",\"target\":[\"https:\\\/\\\/oderon.pl\\\/en\\\/lotniska\\\/samoobslugowa-odprawa-pasazerska\\\/\"]}]},{\"@type\":\"BreadcrumbList\",\"@id\":\"https:\\\/\\\/oderon.pl\\\/en\\\/lotniska\\\/samoobslugowa-odprawa-pasazerska\\\/#breadcrumb\",\"itemListElement\":[{\"@type\":\"ListItem\",\"position\":1,\"name\":\"Strona g\u0142\u00f3wna\",\"item\":\"https:\\\/\\\/oderon.pl\\\/en\\\/\"},{\"@type\":\"ListItem\",\"position\":2,\"name\":\"Lotniska\",\"item\":\"https:\\\/\\\/oderon.pl\\\/en\\\/lotniska\\\/\"},{\"@type\":\"ListItem\",\"position\":3,\"name\":\"Samoobs\u0142ugowa odprawa pasa\u017cerska\"}]},{\"@type\":\"WebSite\",\"@id\":\"https:\\\/\\\/oderon.pl\\\/#website\",\"url\":\"https:\\\/\\\/oderon.pl\\\/\",\"name\":\"Oderon\",\"description\":\"Nowoczesne technologie kontroli i bezpiecze\u0144stwa\",\"potentialAction\":[{\"@type\":\"SearchAction\",\"target\":{\"@type\":\"EntryPoint\",\"urlTemplate\":\"https:\\\/\\\/oderon.pl\\\/?s={search_term_string}\"},\"query-input\":{\"@type\":\"PropertyValueSpecification\",\"valueRequired\":true,\"valueName\":\"search_term_string\"}}],\"inLanguage\":\"en-US\"}]}<\/script>\n<!-- \/ Yoast SEO plugin. -->","yoast_head_json":{"title":"Samoobs\u0142ugowa odprawa pasa\u017cerska - Oderon","robots":{"index":"index","follow":"follow","max-snippet":"max-snippet:-1","max-image-preview":"max-image-preview:large","max-video-preview":"max-video-preview:-1"},"canonical":"https:\/\/oderon.pl\/en\/lotniska\/samoobslugowa-odprawa-pasazerska\/","og_locale":"en_US","og_type":"article","og_title":"Samoobs\u0142ugowa odprawa pasa\u017cerska - Oderon","og_description":"ALISS Oferuje gotowe rozwi\u0105zanie umo\u017cliwiaj\u0105ce pasa\u017cerom zameldowanie si\u0119 dla jednego lub wielu lot\u00f3w i otrzymanie karty pok\u0142adowej tego samego dnia wyjazdu, wykonuj\u0105c\u00a0zaledwie kilka krok\u00f3w. \u00a0 Gotowe rozwi\u0105zanie check-in dla port\u00f3w i przedsi\u0119biorstw lotniczych.Poprawia do\u015bwiadczenia\u00a0pasa\u017cer\u00f3w na lotnisku.\u0141atwy do wdro\u017cenia, administrowania i dostosowania.Kompatybilny z wi\u0119kszo\u015bci\u0105 DCS. IER 919 Jego zoptymalizowane opcje i funkcje urz\u0105dzenia zapewniaj\u0105 pasa\u017cerom pe\u0142ny&hellip;","og_url":"https:\/\/oderon.pl\/en\/lotniska\/samoobslugowa-odprawa-pasazerska\/","og_site_name":"Oderon","twitter_card":"summary_large_image","twitter_misc":{"Est. reading time":"1 minute"},"schema":{"@context":"https:\/\/schema.org","@graph":[{"@type":"WebPage","@id":"https:\/\/oderon.pl\/en\/lotniska\/samoobslugowa-odprawa-pasazerska\/","url":"https:\/\/oderon.pl\/en\/lotniska\/samoobslugowa-odprawa-pasazerska\/","name":"Samoobs\u0142ugowa odprawa pasa\u017cerska - Oderon","isPartOf":{"@id":"https:\/\/oderon.pl\/#website"},"datePublished":"2021-05-20T22:00:20+00:00","breadcrumb":{"@id":"https:\/\/oderon.pl\/en\/lotniska\/samoobslugowa-odprawa-pasazerska\/#breadcrumb"},"inLanguage":"en-US","potentialAction":[{"@type":"ReadAction","target":["https:\/\/oderon.pl\/en\/lotniska\/samoobslugowa-odprawa-pasazerska\/"]}]},{"@type":"BreadcrumbList","@id":"https:\/\/oderon.pl\/en\/lotniska\/samoobslugowa-odprawa-pasazerska\/#breadcrumb","itemListElement":[{"@type":"ListItem","position":1,"name":"Strona g\u0142\u00f3wna","item":"https:\/\/oderon.pl\/en\/"},{"@type":"ListItem","position":2,"name":"Lotniska","item":"https:\/\/oderon.pl\/en\/lotniska\/"},{"@type":"ListItem","position":3,"name":"Samoobs\u0142ugowa odprawa pasa\u017cerska"}]},{"@type":"WebSite","@id":"https:\/\/oderon.pl\/#website","url":"https:\/\/oderon.pl\/","name":"Oderon","description":"Nowoczesne technologie kontroli i bezpiecze\u0144stwa","potentialAction":[{"@type":"SearchAction","target":{"@type":"EntryPoint","urlTemplate":"https:\/\/oderon.pl\/?s={search_term_string}"},"query-input":{"@type":"PropertyValueSpecification","valueRequired":true,"valueName":"search_term_string"}}],"inLanguage":"en-US"}]}},"_links":{"self":[{"href":"https:\/\/oderon.pl\/en\/wp-json\/wp\/v2\/pages\/368","targetHints":{"allow":["GET"]}}],"collection":[{"href":"https:\/\/oderon.pl\/en\/wp-json\/wp\/v2\/pages"}],"about":[{"href":"https:\/\/oderon.pl\/en\/wp-json\/wp\/v2\/types\/page"}],"author":[{"embeddable":true,"href":"https:\/\/oderon.pl\/en\/wp-json\/wp\/v2\/users\/1"}],"replies":[{"embeddable":true,"href":"https:\/\/oderon.pl\/en\/wp-json\/wp\/v2\/comments?post=368"}],"version-history":[{"count":0,"href":"https:\/\/oderon.pl\/en\/wp-json\/wp\/v2\/pages\/368\/revisions"}],"up":[{"embeddable":true,"href":"https:\/\/oderon.pl\/en\/wp-json\/wp\/v2\/pages\/329"}],"wp:attachment":[{"href":"https:\/\/oderon.pl\/en\/wp-json\/wp\/v2\/media?parent=368"}],"curies":[{"name":"wp","href":"https:\/\/api.w.org\/{rel}","templated":true}]}}