{"id":365,"date":"2021-05-21T00:04:45","date_gmt":"2021-05-20T22:04:45","guid":{"rendered":"http:\/\/oderon.pl\/rozwiazania-kontroli-dostepu\/"},"modified":"2021-05-21T00:04:45","modified_gmt":"2021-05-20T22:04:45","slug":"rozwiazania-kontroli-dostepu","status":"publish","type":"page","link":"https:\/\/oderon.pl\/en\/integracja-systemow-teletechnicznych\/rozwiazania-kontroli-dostepu\/","title":{"rendered":"Rozwi\u0105zania kontroli dost\u0119pu"},"content":{"rendered":"\n<h1>\n\t\t\n\t<\/h1>\n\t<span><span><a href=\"https:\/\/oderon.pl\/en\/\">Strona g\u0142\u00f3wna<\/a><\/span><\/span>\n\t<a href=\"#\" target=\"_blank\" rel=\"noopener\"><\/a> \n\t\t\t<h2>IER 710 Slimgate<\/h2>\t\t\t\n\t\t\t\t<p>Zautomatyzowana brama kontroli dost\u0119pu.<\/p>\n<p>Szybkie i niezawodne sprawdzanie pasa\u017cera.<\/p>\nWysokiej wydajno\u015bci system wykrywania (DIRAS).<br \/>\nAudio-wizualne sygna\u0142y zapewniaj\u0105cy intuicyjn\u0105 obs\u0142ug\u0119.<br \/>\nCzytnik kod\u00f3w kreskowych &#038; NFC, kolorowy wy\u015bwietlacz i drukarka paragon\u00f3w.<br \/>\nNajwy\u017cszej jako\u015bci monta\u017c i wyko\u0144czenie.<br \/>\nPojedyncze lub podw\u00f3jne drzwi skrzyd\u0142owe.<br \/>\nWysoka przepustowo\u015b\u0107 do 30 pasa\u017cer\u00f3w na minut\u0119.<br \/>\n\u0141atwe dostosowanie do stylu architektury i \u015brodowiska.<br \/>\nAplikacja AEA 2011.\n\t<a href=\"#\" target=\"_blank\" rel=\"noopener\"><\/a> \n\t\t\t<h2>IER 602<\/h2>\t\t\t\n\t\t\t\t<p>Wieloformatowy czytnik kod\u00f3w kreskowych.<\/p>\nWydajny i szybki odczyt dokument\u00f3w podr\u00f3\u017cnych.<br \/>\nMo\u017cliwo\u015bci czytania wielu format\u00f3w (mobilne, e bilet, ATB).<br \/>\nFunkcja czytania kart zbli\u017ceniowych RFID HF.<br \/>\nTryb peer-to-peer NFC.<br \/>\nKonfiguracja i Diagnostyka poprzez przegl\u0105dark\u0119 internetow\u0105.<br \/>\nAplikacja AEA 2011.<br \/>\nUlepszona wersja ze zwi\u0119kszonymi mo\u017cliwo\u015bciami czytania.\n\t<a href=\"#\" target=\"_blank\" rel=\"noopener\"><\/a> \n\t\t\t<h2>APC &#038; MPC<\/h2>\t\t\t\n\t\t\t\t<p>Zautomatyzowana kontrola paszportowa i moblilna kontrola paszportowa.<\/p>\n<p>IER 919 wspiera r\u00f3wnie\u017c zautomatyzowan\u0105 aplikacje kontroli paszportowej z czytnikiem linii papilarnych, kamer\u0105, czytnikiem paszport\u00f3w, a tak\u017ce rozwi\u0105zanie APC opracowane we wsp\u00f3\u0142pracy z Airside Mobile. Dodatkowo dost\u0119pna jest hybrydowa aplikacja na kom\u00f3rki.<\/p>\nMinimalizuje obci\u0105\u017cenia agenta i przyspiesza pasa\u017cer\u00f3w podczas odprawy celnej.<br \/>\nPrzetwarza dane paszportu i lotu, zarz\u0105dza deklaracje, zdj\u0119cia pasa\u017cera, skanuje odciski palc\u00f3w i przewiduje wydrukowane potwierdzenie odprawy celnej.<br \/>\nAPC \/ RPP hybrydowym rozwi\u0105zaniem dla zwi\u0119kszenia do\u015bwiadczenia osobowego.<br \/>\nZgodno\u015b\u0107 z wymogami dost\u0119pno\u015bci ADA.\n\t<a href=\"#\" target=\"_blank\" rel=\"noopener\"><\/a> \n\t\t\t<h2>Fly Pass<\/h2>\t\t\t\n\t\t\t\t<p>\u0141\u0105czenie kontroli granicznej z pok\u0142adow\u0105.<\/p>\n<p>\u0141\u0105czey 2 g\u0142\u00f3wne etapy podr\u00f3\u017cy pasa\u017cera w jeden proces. Jest kluczem do zwi\u0119kszenia zadowolenia pasa\u017cer\u00f3w. Gdy jest u\u017cywany w po\u0142\u0105czeniu z IER 919 i IER 710 stanowi optymalne rozwi\u0105zanie do automatyzacji kontroli granicznej z pok\u0142adow\u0105 i poprawia przep\u0142yw pasa\u017cer\u00f3w.<\/p>\nPrzyjazne \u015brodowisko dla os\u00f3b, kt\u00f3re na ka\u017cdym etapie swojej podr\u00f3\u017cy.<br \/>\nZapewnia  szybkie i bezpieczne zintegrowane rozwi\u0105zanie dla port\u00f3w lotniczych i s\u0142u\u017cb granicznych.<br \/>\nAutomatyzacja proces\u00f3w podr\u00f3\u017cy, w tym kontroli granicznej za po\u015brednictwem e-paszportu.<br \/>\nEfektywny i bezpieczny proces kontroli granicznej.<br \/>\nZmniejszenie czasu oczekiwania pasa\u017cer\u00f3w, kt\u00f3rzy mog\u0105 przeprowadza\u0107 kontrole samemu w kilka sekund, co oznacza mniej k\u0142opot\u00f3w i wi\u0119cej czasu.\n\t<a href=\"#\" target=\"_blank\" rel=\"noopener\"><\/a> \n\t\t\t<h2>E-Gate<\/h2>\t\t\t\n\t\t\t\tZautomatyzowana brama kontroli granicznej jest produktem kontroli imigracji.\n\u00a0\nPo\u0142\u0105czenie bezpiecze\u0144stwa i pr\u0119dko\u015bci, op\u0142acalno\u015b\u0107 i wygoda dla s\u0142u\u017cb granicznych i lotniskowych.\n\u0141atwy w obs\u0142udze dla os\u00f3b podr\u00f3\u017cuj\u0105cych.\n\n","protected":false},"excerpt":{"rendered":"<p>IER 710 Slimgate Zautomatyzowana brama kontroli dost\u0119pu. Szybkie i niezawodne sprawdzanie pasa\u017cera. Wysokiej wydajno\u015bci system wykrywania (DIRAS). Audio-wizualne sygna\u0142y zapewniaj\u0105cy intuicyjn\u0105 obs\u0142ug\u0119. Czytnik kod\u00f3w kreskowych &#038; NFC, kolorowy wy\u015bwietlacz i drukarka paragon\u00f3w. Najwy\u017cszej jako\u015bci monta\u017c i wyko\u0144czenie. Pojedyncze lub podw\u00f3jne drzwi skrzyd\u0142owe. Wysoka przepustowo\u015b\u0107 do 30 pasa\u017cer\u00f3w na minut\u0119. \u0141atwe dostosowanie do stylu architektury i&hellip;<\/p>\n","protected":false},"author":1,"featured_media":0,"parent":302,"menu_order":0,"comment_status":"closed","ping_status":"closed","template":"","meta":{"footnotes":""},"class_list":["post-365","page","type-page","status-publish","hentry"],"yoast_head":"<!-- This site is optimized with the Yoast SEO plugin v27.4 - https:\/\/yoast.com\/product\/yoast-seo-wordpress\/ -->\n<title>Rozwi\u0105zania kontroli dost\u0119pu - Oderon<\/title>\n<meta name=\"robots\" content=\"index, follow, max-snippet:-1, max-image-preview:large, max-video-preview:-1\" \/>\n<link rel=\"canonical\" href=\"https:\/\/oderon.pl\/en\/integracja-systemow-teletechnicznych\/rozwiazania-kontroli-dostepu\/\" \/>\n<meta property=\"og:locale\" content=\"en_US\" \/>\n<meta property=\"og:type\" content=\"article\" \/>\n<meta property=\"og:title\" content=\"Rozwi\u0105zania kontroli dost\u0119pu - Oderon\" \/>\n<meta property=\"og:description\" content=\"IER 710 Slimgate Zautomatyzowana brama kontroli dost\u0119pu. Szybkie i niezawodne sprawdzanie pasa\u017cera. Wysokiej wydajno\u015bci system wykrywania (DIRAS). Audio-wizualne sygna\u0142y zapewniaj\u0105cy intuicyjn\u0105 obs\u0142ug\u0119. Czytnik kod\u00f3w kreskowych &#038; NFC, kolorowy wy\u015bwietlacz i drukarka paragon\u00f3w. Najwy\u017cszej jako\u015bci monta\u017c i wyko\u0144czenie. Pojedyncze lub podw\u00f3jne drzwi skrzyd\u0142owe. Wysoka przepustowo\u015b\u0107 do 30 pasa\u017cer\u00f3w na minut\u0119. \u0141atwe dostosowanie do stylu architektury i&hellip;\" \/>\n<meta property=\"og:url\" content=\"https:\/\/oderon.pl\/en\/integracja-systemow-teletechnicznych\/rozwiazania-kontroli-dostepu\/\" \/>\n<meta property=\"og:site_name\" content=\"Oderon\" \/>\n<meta name=\"twitter:card\" content=\"summary_large_image\" \/>\n<meta name=\"twitter:label1\" content=\"Est. reading time\" \/>\n\t<meta name=\"twitter:data1\" content=\"2 minutes\" \/>\n<script type=\"application\/ld+json\" class=\"yoast-schema-graph\">{\"@context\":\"https:\\\/\\\/schema.org\",\"@graph\":[{\"@type\":\"WebPage\",\"@id\":\"https:\\\/\\\/oderon.pl\\\/en\\\/integracja-systemow-teletechnicznych\\\/rozwiazania-kontroli-dostepu\\\/\",\"url\":\"https:\\\/\\\/oderon.pl\\\/en\\\/integracja-systemow-teletechnicznych\\\/rozwiazania-kontroli-dostepu\\\/\",\"name\":\"Rozwi\u0105zania kontroli dost\u0119pu - Oderon\",\"isPartOf\":{\"@id\":\"https:\\\/\\\/oderon.pl\\\/#website\"},\"datePublished\":\"2021-05-20T22:04:45+00:00\",\"breadcrumb\":{\"@id\":\"https:\\\/\\\/oderon.pl\\\/en\\\/integracja-systemow-teletechnicznych\\\/rozwiazania-kontroli-dostepu\\\/#breadcrumb\"},\"inLanguage\":\"en-US\",\"potentialAction\":[{\"@type\":\"ReadAction\",\"target\":[\"https:\\\/\\\/oderon.pl\\\/en\\\/integracja-systemow-teletechnicznych\\\/rozwiazania-kontroli-dostepu\\\/\"]}]},{\"@type\":\"BreadcrumbList\",\"@id\":\"https:\\\/\\\/oderon.pl\\\/en\\\/integracja-systemow-teletechnicznych\\\/rozwiazania-kontroli-dostepu\\\/#breadcrumb\",\"itemListElement\":[{\"@type\":\"ListItem\",\"position\":1,\"name\":\"Strona g\u0142\u00f3wna\",\"item\":\"https:\\\/\\\/oderon.pl\\\/en\\\/\"},{\"@type\":\"ListItem\",\"position\":2,\"name\":\"Integracja system\u00f3w teletechnicznych\",\"item\":\"https:\\\/\\\/oderon.pl\\\/en\\\/integracja-systemow-teletechnicznych\\\/\"},{\"@type\":\"ListItem\",\"position\":3,\"name\":\"Rozwi\u0105zania kontroli dost\u0119pu\"}]},{\"@type\":\"WebSite\",\"@id\":\"https:\\\/\\\/oderon.pl\\\/#website\",\"url\":\"https:\\\/\\\/oderon.pl\\\/\",\"name\":\"Oderon\",\"description\":\"Nowoczesne technologie kontroli i bezpiecze\u0144stwa\",\"potentialAction\":[{\"@type\":\"SearchAction\",\"target\":{\"@type\":\"EntryPoint\",\"urlTemplate\":\"https:\\\/\\\/oderon.pl\\\/?s={search_term_string}\"},\"query-input\":{\"@type\":\"PropertyValueSpecification\",\"valueRequired\":true,\"valueName\":\"search_term_string\"}}],\"inLanguage\":\"en-US\"}]}<\/script>\n<!-- \/ Yoast SEO plugin. -->","yoast_head_json":{"title":"Rozwi\u0105zania kontroli dost\u0119pu - Oderon","robots":{"index":"index","follow":"follow","max-snippet":"max-snippet:-1","max-image-preview":"max-image-preview:large","max-video-preview":"max-video-preview:-1"},"canonical":"https:\/\/oderon.pl\/en\/integracja-systemow-teletechnicznych\/rozwiazania-kontroli-dostepu\/","og_locale":"en_US","og_type":"article","og_title":"Rozwi\u0105zania kontroli dost\u0119pu - Oderon","og_description":"IER 710 Slimgate Zautomatyzowana brama kontroli dost\u0119pu. Szybkie i niezawodne sprawdzanie pasa\u017cera. Wysokiej wydajno\u015bci system wykrywania (DIRAS). Audio-wizualne sygna\u0142y zapewniaj\u0105cy intuicyjn\u0105 obs\u0142ug\u0119. Czytnik kod\u00f3w kreskowych &#038; NFC, kolorowy wy\u015bwietlacz i drukarka paragon\u00f3w. Najwy\u017cszej jako\u015bci monta\u017c i wyko\u0144czenie. Pojedyncze lub podw\u00f3jne drzwi skrzyd\u0142owe. Wysoka przepustowo\u015b\u0107 do 30 pasa\u017cer\u00f3w na minut\u0119. \u0141atwe dostosowanie do stylu architektury i&hellip;","og_url":"https:\/\/oderon.pl\/en\/integracja-systemow-teletechnicznych\/rozwiazania-kontroli-dostepu\/","og_site_name":"Oderon","twitter_card":"summary_large_image","twitter_misc":{"Est. reading time":"2 minutes"},"schema":{"@context":"https:\/\/schema.org","@graph":[{"@type":"WebPage","@id":"https:\/\/oderon.pl\/en\/integracja-systemow-teletechnicznych\/rozwiazania-kontroli-dostepu\/","url":"https:\/\/oderon.pl\/en\/integracja-systemow-teletechnicznych\/rozwiazania-kontroli-dostepu\/","name":"Rozwi\u0105zania kontroli dost\u0119pu - Oderon","isPartOf":{"@id":"https:\/\/oderon.pl\/#website"},"datePublished":"2021-05-20T22:04:45+00:00","breadcrumb":{"@id":"https:\/\/oderon.pl\/en\/integracja-systemow-teletechnicznych\/rozwiazania-kontroli-dostepu\/#breadcrumb"},"inLanguage":"en-US","potentialAction":[{"@type":"ReadAction","target":["https:\/\/oderon.pl\/en\/integracja-systemow-teletechnicznych\/rozwiazania-kontroli-dostepu\/"]}]},{"@type":"BreadcrumbList","@id":"https:\/\/oderon.pl\/en\/integracja-systemow-teletechnicznych\/rozwiazania-kontroli-dostepu\/#breadcrumb","itemListElement":[{"@type":"ListItem","position":1,"name":"Strona g\u0142\u00f3wna","item":"https:\/\/oderon.pl\/en\/"},{"@type":"ListItem","position":2,"name":"Integracja system\u00f3w teletechnicznych","item":"https:\/\/oderon.pl\/en\/integracja-systemow-teletechnicznych\/"},{"@type":"ListItem","position":3,"name":"Rozwi\u0105zania kontroli dost\u0119pu"}]},{"@type":"WebSite","@id":"https:\/\/oderon.pl\/#website","url":"https:\/\/oderon.pl\/","name":"Oderon","description":"Nowoczesne technologie kontroli i bezpiecze\u0144stwa","potentialAction":[{"@type":"SearchAction","target":{"@type":"EntryPoint","urlTemplate":"https:\/\/oderon.pl\/?s={search_term_string}"},"query-input":{"@type":"PropertyValueSpecification","valueRequired":true,"valueName":"search_term_string"}}],"inLanguage":"en-US"}]}},"_links":{"self":[{"href":"https:\/\/oderon.pl\/en\/wp-json\/wp\/v2\/pages\/365","targetHints":{"allow":["GET"]}}],"collection":[{"href":"https:\/\/oderon.pl\/en\/wp-json\/wp\/v2\/pages"}],"about":[{"href":"https:\/\/oderon.pl\/en\/wp-json\/wp\/v2\/types\/page"}],"author":[{"embeddable":true,"href":"https:\/\/oderon.pl\/en\/wp-json\/wp\/v2\/users\/1"}],"replies":[{"embeddable":true,"href":"https:\/\/oderon.pl\/en\/wp-json\/wp\/v2\/comments?post=365"}],"version-history":[{"count":0,"href":"https:\/\/oderon.pl\/en\/wp-json\/wp\/v2\/pages\/365\/revisions"}],"up":[{"embeddable":true,"href":"https:\/\/oderon.pl\/en\/wp-json\/wp\/v2\/pages\/302"}],"wp:attachment":[{"href":"https:\/\/oderon.pl\/en\/wp-json\/wp\/v2\/media?parent=365"}],"curies":[{"name":"wp","href":"https:\/\/api.w.org\/{rel}","templated":true}]}}