{"id":335,"date":"2021-05-21T00:26:20","date_gmt":"2021-05-20T22:26:20","guid":{"rendered":"http:\/\/oderon.pl\/lotniska\/neti-gate\/"},"modified":"2021-05-21T00:26:20","modified_gmt":"2021-05-20T22:26:20","slug":"neti-gate","status":"publish","type":"page","link":"https:\/\/oderon.pl\/en\/lotniska\/neti-gate\/","title":{"rendered":"Neti Gate"},"content":{"rendered":"\n<h1>\n\t\t\n\t<\/h1>\n\t<span><span><a href=\"https:\/\/oderon.pl\/en\/\">Strona g\u0142\u00f3wna<\/a><\/span><\/span>\n\tOprogramowanie Neti Gate zapewnia kontrol\u0119 nad wpuszczaniem pasa\u017cer\u00f3w do strefy bezpiecze\u0144stwa.<br \/>\nSystem umo\u017cliwia odczytywanie kod\u00f3w kreskowych wydrukowanych na dokumencie \u201eBar-Coded Boarding Pass&#8221; i na tej podstawie sprawdza, czy pasa\u017cer jest uprawniony do przej\u015bcia przez stref\u0119 bezpiecze\u0144stwa.<br \/>\nAplikacja ta pozwala tak\u017ce na weryfikacj\u0119 danych zawartych na bilecie z danymi odczytanymi z dowodu to\u017csamo\u015bci.\n<p>Dzi\u0119ki por\u00f3wnywaniu danych z listami pasa\u017cerskimi rozwi\u0105zanie oferuje unikatow\u0105 funkcjonalno\u015b\u0107 informowania w locie o ilo\u015bci pasa\u017cer\u00f3w poszczeg\u00f3lnych rejs\u00f3w odlotowych, kt\u00f3rzy przeszli przez kontrol\u0119 bezpiecze\u0144stwa w danym czasie.<\/p>\n<p>Wsp\u00f3\u0142praca z automatycznymi bramkami znacz\u0105co przy\u015bpiesza proces weryfikacji os\u00f3b uprawnionych do przej\u015bcia przez kontrol\u0119 bezpiecze\u0144stwa.<\/p>\n\n","protected":false},"excerpt":{"rendered":"<p>Oprogramowanie Neti Gate zapewnia kontrol\u0119 nad wpuszczaniem pasa\u017cer\u00f3w do strefy bezpiecze\u0144stwa. System umo\u017cliwia odczytywanie kod\u00f3w kreskowych wydrukowanych na dokumencie \u201eBar-Coded Boarding Pass&#8221; i na tej podstawie sprawdza, czy pasa\u017cer jest uprawniony do przej\u015bcia przez stref\u0119 bezpiecze\u0144stwa. Aplikacja ta pozwala tak\u017ce na weryfikacj\u0119 danych zawartych na bilecie z danymi odczytanymi z dowodu to\u017csamo\u015bci. Dzi\u0119ki por\u00f3wnywaniu danych&hellip;<\/p>\n","protected":false},"author":1,"featured_media":0,"parent":329,"menu_order":0,"comment_status":"closed","ping_status":"closed","template":"","meta":{"footnotes":""},"class_list":["post-335","page","type-page","status-publish","hentry"],"yoast_head":"<!-- This site is optimized with the Yoast SEO plugin v27.4 - https:\/\/yoast.com\/product\/yoast-seo-wordpress\/ -->\n<title>Neti Gate - Oderon<\/title>\n<meta name=\"robots\" content=\"index, follow, max-snippet:-1, max-image-preview:large, max-video-preview:-1\" \/>\n<link rel=\"canonical\" href=\"https:\/\/oderon.pl\/en\/lotniska\/neti-gate\/\" \/>\n<meta property=\"og:locale\" content=\"en_US\" \/>\n<meta property=\"og:type\" content=\"article\" \/>\n<meta property=\"og:title\" content=\"Neti Gate - Oderon\" \/>\n<meta property=\"og:description\" content=\"Oprogramowanie Neti Gate zapewnia kontrol\u0119 nad wpuszczaniem pasa\u017cer\u00f3w do strefy bezpiecze\u0144stwa. System umo\u017cliwia odczytywanie kod\u00f3w kreskowych wydrukowanych na dokumencie \u201eBar-Coded Boarding Pass&#8221; i na tej podstawie sprawdza, czy pasa\u017cer jest uprawniony do przej\u015bcia przez stref\u0119 bezpiecze\u0144stwa. Aplikacja ta pozwala tak\u017ce na weryfikacj\u0119 danych zawartych na bilecie z danymi odczytanymi z dowodu to\u017csamo\u015bci. Dzi\u0119ki por\u00f3wnywaniu danych&hellip;\" \/>\n<meta property=\"og:url\" content=\"https:\/\/oderon.pl\/en\/lotniska\/neti-gate\/\" \/>\n<meta property=\"og:site_name\" content=\"Oderon\" \/>\n<meta name=\"twitter:card\" content=\"summary_large_image\" \/>\n<meta name=\"twitter:label1\" content=\"Est. reading time\" \/>\n\t<meta name=\"twitter:data1\" content=\"1 minute\" \/>\n<script type=\"application\/ld+json\" class=\"yoast-schema-graph\">{\"@context\":\"https:\\\/\\\/schema.org\",\"@graph\":[{\"@type\":\"WebPage\",\"@id\":\"https:\\\/\\\/oderon.pl\\\/en\\\/lotniska\\\/neti-gate\\\/\",\"url\":\"https:\\\/\\\/oderon.pl\\\/en\\\/lotniska\\\/neti-gate\\\/\",\"name\":\"Neti Gate - Oderon\",\"isPartOf\":{\"@id\":\"https:\\\/\\\/oderon.pl\\\/#website\"},\"datePublished\":\"2021-05-20T22:26:20+00:00\",\"breadcrumb\":{\"@id\":\"https:\\\/\\\/oderon.pl\\\/en\\\/lotniska\\\/neti-gate\\\/#breadcrumb\"},\"inLanguage\":\"en-US\",\"potentialAction\":[{\"@type\":\"ReadAction\",\"target\":[\"https:\\\/\\\/oderon.pl\\\/en\\\/lotniska\\\/neti-gate\\\/\"]}]},{\"@type\":\"BreadcrumbList\",\"@id\":\"https:\\\/\\\/oderon.pl\\\/en\\\/lotniska\\\/neti-gate\\\/#breadcrumb\",\"itemListElement\":[{\"@type\":\"ListItem\",\"position\":1,\"name\":\"Strona g\u0142\u00f3wna\",\"item\":\"https:\\\/\\\/oderon.pl\\\/en\\\/\"},{\"@type\":\"ListItem\",\"position\":2,\"name\":\"Lotniska\",\"item\":\"https:\\\/\\\/oderon.pl\\\/en\\\/lotniska\\\/\"},{\"@type\":\"ListItem\",\"position\":3,\"name\":\"Neti Gate\"}]},{\"@type\":\"WebSite\",\"@id\":\"https:\\\/\\\/oderon.pl\\\/#website\",\"url\":\"https:\\\/\\\/oderon.pl\\\/\",\"name\":\"Oderon\",\"description\":\"Nowoczesne technologie kontroli i bezpiecze\u0144stwa\",\"potentialAction\":[{\"@type\":\"SearchAction\",\"target\":{\"@type\":\"EntryPoint\",\"urlTemplate\":\"https:\\\/\\\/oderon.pl\\\/?s={search_term_string}\"},\"query-input\":{\"@type\":\"PropertyValueSpecification\",\"valueRequired\":true,\"valueName\":\"search_term_string\"}}],\"inLanguage\":\"en-US\"}]}<\/script>\n<!-- \/ Yoast SEO plugin. -->","yoast_head_json":{"title":"Neti Gate - Oderon","robots":{"index":"index","follow":"follow","max-snippet":"max-snippet:-1","max-image-preview":"max-image-preview:large","max-video-preview":"max-video-preview:-1"},"canonical":"https:\/\/oderon.pl\/en\/lotniska\/neti-gate\/","og_locale":"en_US","og_type":"article","og_title":"Neti Gate - Oderon","og_description":"Oprogramowanie Neti Gate zapewnia kontrol\u0119 nad wpuszczaniem pasa\u017cer\u00f3w do strefy bezpiecze\u0144stwa. System umo\u017cliwia odczytywanie kod\u00f3w kreskowych wydrukowanych na dokumencie \u201eBar-Coded Boarding Pass&#8221; i na tej podstawie sprawdza, czy pasa\u017cer jest uprawniony do przej\u015bcia przez stref\u0119 bezpiecze\u0144stwa. Aplikacja ta pozwala tak\u017ce na weryfikacj\u0119 danych zawartych na bilecie z danymi odczytanymi z dowodu to\u017csamo\u015bci. Dzi\u0119ki por\u00f3wnywaniu danych&hellip;","og_url":"https:\/\/oderon.pl\/en\/lotniska\/neti-gate\/","og_site_name":"Oderon","twitter_card":"summary_large_image","twitter_misc":{"Est. reading time":"1 minute"},"schema":{"@context":"https:\/\/schema.org","@graph":[{"@type":"WebPage","@id":"https:\/\/oderon.pl\/en\/lotniska\/neti-gate\/","url":"https:\/\/oderon.pl\/en\/lotniska\/neti-gate\/","name":"Neti Gate - Oderon","isPartOf":{"@id":"https:\/\/oderon.pl\/#website"},"datePublished":"2021-05-20T22:26:20+00:00","breadcrumb":{"@id":"https:\/\/oderon.pl\/en\/lotniska\/neti-gate\/#breadcrumb"},"inLanguage":"en-US","potentialAction":[{"@type":"ReadAction","target":["https:\/\/oderon.pl\/en\/lotniska\/neti-gate\/"]}]},{"@type":"BreadcrumbList","@id":"https:\/\/oderon.pl\/en\/lotniska\/neti-gate\/#breadcrumb","itemListElement":[{"@type":"ListItem","position":1,"name":"Strona g\u0142\u00f3wna","item":"https:\/\/oderon.pl\/en\/"},{"@type":"ListItem","position":2,"name":"Lotniska","item":"https:\/\/oderon.pl\/en\/lotniska\/"},{"@type":"ListItem","position":3,"name":"Neti Gate"}]},{"@type":"WebSite","@id":"https:\/\/oderon.pl\/#website","url":"https:\/\/oderon.pl\/","name":"Oderon","description":"Nowoczesne technologie kontroli i bezpiecze\u0144stwa","potentialAction":[{"@type":"SearchAction","target":{"@type":"EntryPoint","urlTemplate":"https:\/\/oderon.pl\/?s={search_term_string}"},"query-input":{"@type":"PropertyValueSpecification","valueRequired":true,"valueName":"search_term_string"}}],"inLanguage":"en-US"}]}},"_links":{"self":[{"href":"https:\/\/oderon.pl\/en\/wp-json\/wp\/v2\/pages\/335","targetHints":{"allow":["GET"]}}],"collection":[{"href":"https:\/\/oderon.pl\/en\/wp-json\/wp\/v2\/pages"}],"about":[{"href":"https:\/\/oderon.pl\/en\/wp-json\/wp\/v2\/types\/page"}],"author":[{"embeddable":true,"href":"https:\/\/oderon.pl\/en\/wp-json\/wp\/v2\/users\/1"}],"replies":[{"embeddable":true,"href":"https:\/\/oderon.pl\/en\/wp-json\/wp\/v2\/comments?post=335"}],"version-history":[{"count":0,"href":"https:\/\/oderon.pl\/en\/wp-json\/wp\/v2\/pages\/335\/revisions"}],"up":[{"embeddable":true,"href":"https:\/\/oderon.pl\/en\/wp-json\/wp\/v2\/pages\/329"}],"wp:attachment":[{"href":"https:\/\/oderon.pl\/en\/wp-json\/wp\/v2\/media?parent=335"}],"curies":[{"name":"wp","href":"https:\/\/api.w.org\/{rel}","templated":true}]}}