{"id":332,"date":"2021-05-20T23:23:09","date_gmt":"2021-05-20T21:23:09","guid":{"rendered":"http:\/\/oderon.pl\/lotniska\/fenix\/"},"modified":"2021-05-20T23:23:09","modified_gmt":"2021-05-20T21:23:09","slug":"fenix","status":"publish","type":"page","link":"https:\/\/oderon.pl\/en\/lotniska\/fenix\/","title":{"rendered":"Fenix"},"content":{"rendered":"\n<h1>\n\t\t\n\t<\/h1>\n\t<span><span><a href=\"https:\/\/oderon.pl\/en\/\">Strona g\u0142\u00f3wna<\/a><\/span><\/span>\n\trozwi\u0105zanie to porz\u0105dkuje i przy\u015bpiesza przep\u0142yw informacji w obr\u0119bie portu lotniczego oraz podmiot\u00f3w powi\u0105zanych.<br \/>\nSystem usprawnia tradycyjny spos\u00f3b przygotowywania rozk\u0142ad\u00f3w rejs\u00f3w w portach lotniczych, jak i zarz\u0105dzanie i dystrybuowanie danych zbieranych z r\u00f3\u017cnych \u017ar\u00f3de\u0142, a zgromadzonych w jednej bazie danych.\n<p>Fenix wspomaga przygotowanie wszelakich rozlicze\u0144 finansowych poprzez integracj\u0119 z systemami ksi\u0119gowymi oraz u\u0142atwia generacj\u0119 faktur dla przewo\u017anik\u00f3w lotniczych, przy jednoczesnym predefiniowaniu um\u00f3w i standard\u00f3w obs\u0142ugi.<\/p>\n\t\n<ul>\n<li>Wi\u0119cej czasu na podejmowanie decyzji.<\/li>\n<li>Lepsze wykorzystanie slot\u00f3w AFTM.<\/li>\n<li>Zmniejszone obci\u0105\u017cenie p\u0142yt postojowych.<\/li>\n<li>Mniej niewykorzystanych slot\u00f3w.<\/li>\n<li>Mniejsze obci\u0105\u017cenie dla ludzi i systemu.<\/li>\n<li>Wzajemne zrozumienie i zaufanie.<\/li>\n<li>Zwi\u0119kszona przepustowo\u015b\u0107 ruchu powietrznego i lotnisk.<\/li>\n<li>Wy\u017cszy poziom obs\u0142ugi klient\u00f3w.<\/li>\n<\/ul>\n<strong><br \/>\nWdro\u017cenie systemu FENIX to:<\/strong>\n<ul>\n<li>Zysk oko\u0142o 90 mln w przeci\u0105gu 10 lat dla wszystkich partner\u00f3w.<\/li>\n<li>Stosunek zysk\u00f3w do koszt\u00f3w wynosi 9:1.<\/li>\n<li>Szybki zwrot z inwestycji (2 lata).<\/li>\n<li>Brak ryzyka straty finansowej.<\/li>\n<\/ul>\n\n","protected":false},"excerpt":{"rendered":"<p>rozwi\u0105zanie to porz\u0105dkuje i przy\u015bpiesza przep\u0142yw informacji w obr\u0119bie portu lotniczego oraz podmiot\u00f3w powi\u0105zanych. System usprawnia tradycyjny spos\u00f3b przygotowywania rozk\u0142ad\u00f3w rejs\u00f3w w portach lotniczych, jak i zarz\u0105dzanie i dystrybuowanie danych zbieranych z r\u00f3\u017cnych \u017ar\u00f3de\u0142, a zgromadzonych w jednej bazie danych. Fenix wspomaga przygotowanie wszelakich rozlicze\u0144 finansowych poprzez integracj\u0119 z systemami ksi\u0119gowymi oraz u\u0142atwia generacj\u0119 faktur&hellip;<\/p>\n","protected":false},"author":1,"featured_media":0,"parent":329,"menu_order":0,"comment_status":"closed","ping_status":"closed","template":"","meta":{"footnotes":""},"class_list":["post-332","page","type-page","status-publish","hentry"],"yoast_head":"<!-- This site is optimized with the Yoast SEO plugin v27.5 - https:\/\/yoast.com\/product\/yoast-seo-wordpress\/ -->\n<title>Fenix - Oderon<\/title>\n<meta name=\"robots\" content=\"index, follow, max-snippet:-1, max-image-preview:large, max-video-preview:-1\" \/>\n<link rel=\"canonical\" href=\"https:\/\/oderon.pl\/en\/lotniska\/fenix\/\" \/>\n<meta property=\"og:locale\" content=\"en_US\" \/>\n<meta property=\"og:type\" content=\"article\" \/>\n<meta property=\"og:title\" content=\"Fenix - Oderon\" \/>\n<meta property=\"og:description\" content=\"rozwi\u0105zanie to porz\u0105dkuje i przy\u015bpiesza przep\u0142yw informacji w obr\u0119bie portu lotniczego oraz podmiot\u00f3w powi\u0105zanych. System usprawnia tradycyjny spos\u00f3b przygotowywania rozk\u0142ad\u00f3w rejs\u00f3w w portach lotniczych, jak i zarz\u0105dzanie i dystrybuowanie danych zbieranych z r\u00f3\u017cnych \u017ar\u00f3de\u0142, a zgromadzonych w jednej bazie danych. Fenix wspomaga przygotowanie wszelakich rozlicze\u0144 finansowych poprzez integracj\u0119 z systemami ksi\u0119gowymi oraz u\u0142atwia generacj\u0119 faktur&hellip;\" \/>\n<meta property=\"og:url\" content=\"https:\/\/oderon.pl\/en\/lotniska\/fenix\/\" \/>\n<meta property=\"og:site_name\" content=\"Oderon\" \/>\n<meta name=\"twitter:card\" content=\"summary_large_image\" \/>\n<meta name=\"twitter:label1\" content=\"Est. reading time\" \/>\n\t<meta name=\"twitter:data1\" content=\"1 minute\" \/>\n<script type=\"application\/ld+json\" class=\"yoast-schema-graph\">{\"@context\":\"https:\\\/\\\/schema.org\",\"@graph\":[{\"@type\":\"WebPage\",\"@id\":\"https:\\\/\\\/oderon.pl\\\/en\\\/lotniska\\\/fenix\\\/\",\"url\":\"https:\\\/\\\/oderon.pl\\\/en\\\/lotniska\\\/fenix\\\/\",\"name\":\"Fenix - Oderon\",\"isPartOf\":{\"@id\":\"https:\\\/\\\/oderon.pl\\\/#website\"},\"datePublished\":\"2021-05-20T21:23:09+00:00\",\"breadcrumb\":{\"@id\":\"https:\\\/\\\/oderon.pl\\\/en\\\/lotniska\\\/fenix\\\/#breadcrumb\"},\"inLanguage\":\"en-US\",\"potentialAction\":[{\"@type\":\"ReadAction\",\"target\":[\"https:\\\/\\\/oderon.pl\\\/en\\\/lotniska\\\/fenix\\\/\"]}]},{\"@type\":\"BreadcrumbList\",\"@id\":\"https:\\\/\\\/oderon.pl\\\/en\\\/lotniska\\\/fenix\\\/#breadcrumb\",\"itemListElement\":[{\"@type\":\"ListItem\",\"position\":1,\"name\":\"Strona g\u0142\u00f3wna\",\"item\":\"https:\\\/\\\/oderon.pl\\\/en\\\/\"},{\"@type\":\"ListItem\",\"position\":2,\"name\":\"Lotniska\",\"item\":\"https:\\\/\\\/oderon.pl\\\/en\\\/lotniska\\\/\"},{\"@type\":\"ListItem\",\"position\":3,\"name\":\"Fenix\"}]},{\"@type\":\"WebSite\",\"@id\":\"https:\\\/\\\/oderon.pl\\\/#website\",\"url\":\"https:\\\/\\\/oderon.pl\\\/\",\"name\":\"Oderon\",\"description\":\"Nowoczesne technologie kontroli i bezpiecze\u0144stwa\",\"potentialAction\":[{\"@type\":\"SearchAction\",\"target\":{\"@type\":\"EntryPoint\",\"urlTemplate\":\"https:\\\/\\\/oderon.pl\\\/?s={search_term_string}\"},\"query-input\":{\"@type\":\"PropertyValueSpecification\",\"valueRequired\":true,\"valueName\":\"search_term_string\"}}],\"inLanguage\":\"en-US\"}]}<\/script>\n<!-- \/ Yoast SEO plugin. -->","yoast_head_json":{"title":"Fenix - Oderon","robots":{"index":"index","follow":"follow","max-snippet":"max-snippet:-1","max-image-preview":"max-image-preview:large","max-video-preview":"max-video-preview:-1"},"canonical":"https:\/\/oderon.pl\/en\/lotniska\/fenix\/","og_locale":"en_US","og_type":"article","og_title":"Fenix - Oderon","og_description":"rozwi\u0105zanie to porz\u0105dkuje i przy\u015bpiesza przep\u0142yw informacji w obr\u0119bie portu lotniczego oraz podmiot\u00f3w powi\u0105zanych. System usprawnia tradycyjny spos\u00f3b przygotowywania rozk\u0142ad\u00f3w rejs\u00f3w w portach lotniczych, jak i zarz\u0105dzanie i dystrybuowanie danych zbieranych z r\u00f3\u017cnych \u017ar\u00f3de\u0142, a zgromadzonych w jednej bazie danych. Fenix wspomaga przygotowanie wszelakich rozlicze\u0144 finansowych poprzez integracj\u0119 z systemami ksi\u0119gowymi oraz u\u0142atwia generacj\u0119 faktur&hellip;","og_url":"https:\/\/oderon.pl\/en\/lotniska\/fenix\/","og_site_name":"Oderon","twitter_card":"summary_large_image","twitter_misc":{"Est. reading time":"1 minute"},"schema":{"@context":"https:\/\/schema.org","@graph":[{"@type":"WebPage","@id":"https:\/\/oderon.pl\/en\/lotniska\/fenix\/","url":"https:\/\/oderon.pl\/en\/lotniska\/fenix\/","name":"Fenix - Oderon","isPartOf":{"@id":"https:\/\/oderon.pl\/#website"},"datePublished":"2021-05-20T21:23:09+00:00","breadcrumb":{"@id":"https:\/\/oderon.pl\/en\/lotniska\/fenix\/#breadcrumb"},"inLanguage":"en-US","potentialAction":[{"@type":"ReadAction","target":["https:\/\/oderon.pl\/en\/lotniska\/fenix\/"]}]},{"@type":"BreadcrumbList","@id":"https:\/\/oderon.pl\/en\/lotniska\/fenix\/#breadcrumb","itemListElement":[{"@type":"ListItem","position":1,"name":"Strona g\u0142\u00f3wna","item":"https:\/\/oderon.pl\/en\/"},{"@type":"ListItem","position":2,"name":"Lotniska","item":"https:\/\/oderon.pl\/en\/lotniska\/"},{"@type":"ListItem","position":3,"name":"Fenix"}]},{"@type":"WebSite","@id":"https:\/\/oderon.pl\/#website","url":"https:\/\/oderon.pl\/","name":"Oderon","description":"Nowoczesne technologie kontroli i bezpiecze\u0144stwa","potentialAction":[{"@type":"SearchAction","target":{"@type":"EntryPoint","urlTemplate":"https:\/\/oderon.pl\/?s={search_term_string}"},"query-input":{"@type":"PropertyValueSpecification","valueRequired":true,"valueName":"search_term_string"}}],"inLanguage":"en-US"}]}},"_links":{"self":[{"href":"https:\/\/oderon.pl\/en\/wp-json\/wp\/v2\/pages\/332","targetHints":{"allow":["GET"]}}],"collection":[{"href":"https:\/\/oderon.pl\/en\/wp-json\/wp\/v2\/pages"}],"about":[{"href":"https:\/\/oderon.pl\/en\/wp-json\/wp\/v2\/types\/page"}],"author":[{"embeddable":true,"href":"https:\/\/oderon.pl\/en\/wp-json\/wp\/v2\/users\/1"}],"replies":[{"embeddable":true,"href":"https:\/\/oderon.pl\/en\/wp-json\/wp\/v2\/comments?post=332"}],"version-history":[{"count":0,"href":"https:\/\/oderon.pl\/en\/wp-json\/wp\/v2\/pages\/332\/revisions"}],"up":[{"embeddable":true,"href":"https:\/\/oderon.pl\/en\/wp-json\/wp\/v2\/pages\/329"}],"wp:attachment":[{"href":"https:\/\/oderon.pl\/en\/wp-json\/wp\/v2\/media?parent=332"}],"curies":[{"name":"wp","href":"https:\/\/api.w.org\/{rel}","templated":true}]}}