{"id":329,"date":"2021-05-20T22:14:55","date_gmt":"2021-05-20T20:14:55","guid":{"rendered":"http:\/\/oderon.pl\/lotniska\/"},"modified":"2024-11-13T16:25:01","modified_gmt":"2024-11-13T15:25:01","slug":"lotniska","status":"publish","type":"page","link":"https:\/\/oderon.pl\/en\/lotniska\/","title":{"rendered":"Lotniska"},"content":{"rendered":"\n<h1>\n\t\t\n\t<\/h1>\n\t<span><span><a href=\"https:\/\/oderon.pl\/en\/\">Strona g\u0142\u00f3wna<\/a><\/span><\/span>\n\t<p>Oferujemy systemy zarz\u0105dzania operacj\u0105 lotnicz\u0105 ACDM \u00a0dla port\u00f3w lotniczych. Niezawodne \u015brodowiska operacji lotniczej budujemy w oparciu o specjalistyczne systemy odprawy i ochrony pasa\u017cer\u00f3w oraz samolot\u00f3w.<\/p>\n<p>Nasza oferta zawiera systemy :<\/p>\n<ul>\n<li>systemy informacji pasa\u017cerskiej<\/li>\n<li>sytemy wizualizacji lotniskowej<\/li>\n<li>systemy weryfikacji podr\u00f3\u017cnych<\/li>\n<li>rozwi\u0105zania z dziedziny bezpeicze\u0144stwa .<\/li>\n<\/ul>\nKa\u017cde wdro\u017cenie poprzedzamy analiz\u0105 potrzeb operacyjnych, funkcjonalnych oraz biznesowych klienta.<br \/>\nProces projektowania i wdro\u017cenia rozwi\u0105za\u0144 lotniskowych prowadzimy po wnikliwej analizie uzyskanych informacji.\n\t<a href=\"http:\/\/oderon.pl\/lotniska\/neti-gate\/\" target=\"_self\" rel=\"noopener\"><\/a> \n\t\t<h3>Neti Gate<\/h3>\t\t\t\n\t\t\t\t<p>Oprogramowanie Neti Gate zapewnia kontrol\u0119 nad dost\u0119pem pasa\u017cer\u00f3w do strefy bezpiecze\u0144stwa.<\/p>\n\t<a href=\"http:\/\/oderon.pl\/lotniska\/system-weryfikacji-przepustek-neti\/\" target=\"_self\" rel=\"noopener\"><\/a> \n\t\t<h3>Neti<\/h3>\t\t\t\n\t\t\t\t<p>Ka\u017cda osoba wykonuj\u0105ca obowi\u0105zki s\u0142u\u017cbowe na lotnisku zobowi\u0105zana jest posiada\u0107 wa\u017cn\u0105 przepustk\u0119 upowa\u017cniaj\u0105c\u0105 do przebywania w okre\u015blonych strefach lotnisk.<br \/>System Netii przeznaczony jest do sprawdzania danych zawartych w przepustkach os\u00f3b wchodz\u0105cych na teren lotniska.<\/p>\n\t<a href=\"http:\/\/oderon.pl\/lotniska\/fenix\/\" target=\"_self\" rel=\"noopener\"><\/a> \n\t\t<h3>Fenix<\/h3>\t\t\t\n\t\t\t\t<p>rozwi\u0105zanie to porz\u0105dkuje i przy\u015bpiesza przep\u0142yw informacji w obr\u0119bie portu lotniczego oraz podmiot\u00f3w powi\u0105zanych.<br \/>System usprawnia tradycyjny spos\u00f3b przygotowywania rozk\u0142ad\u00f3w rejs\u00f3w w portach lotniczych, jak i zarz\u0105dzanie oraz dystrybuowanie danych zbieranych z r\u00f3\u017cnych \u017ar\u00f3de\u0142, zgromadzonych w jednej bazie danych.<\/p>\n\n","protected":false},"excerpt":{"rendered":"<p>Oferujemy systemy zarz\u0105dzania operacj\u0105 lotnicz\u0105 ACDM \u00a0dla port\u00f3w lotniczych. Niezawodne \u015brodowiska operacji lotniczej budujemy w oparciu o specjalistyczne systemy odprawy i ochrony pasa\u017cer\u00f3w oraz samolot\u00f3w. Nasza oferta zawiera systemy : systemy informacji pasa\u017cerskiej sytemy wizualizacji lotniskowej systemy weryfikacji podr\u00f3\u017cnych rozwi\u0105zania z dziedziny bezpeicze\u0144stwa . Ka\u017cde wdro\u017cenie poprzedzamy analiz\u0105 potrzeb operacyjnych, funkcjonalnych oraz biznesowych klienta. Proces&hellip;<\/p>\n","protected":false},"author":1,"featured_media":0,"parent":0,"menu_order":0,"comment_status":"closed","ping_status":"closed","template":"","meta":{"footnotes":""},"class_list":["post-329","page","type-page","status-publish","hentry"],"yoast_head":"<!-- This site is optimized with the Yoast SEO plugin v27.4 - https:\/\/yoast.com\/product\/yoast-seo-wordpress\/ -->\n<title>Lotniska - Oderon<\/title>\n<meta name=\"robots\" content=\"index, follow, max-snippet:-1, max-image-preview:large, max-video-preview:-1\" \/>\n<link rel=\"canonical\" href=\"https:\/\/oderon.pl\/en\/lotniska\/\" \/>\n<meta property=\"og:locale\" content=\"en_US\" \/>\n<meta property=\"og:type\" content=\"article\" \/>\n<meta property=\"og:title\" content=\"Lotniska - Oderon\" \/>\n<meta property=\"og:description\" content=\"Oferujemy systemy zarz\u0105dzania operacj\u0105 lotnicz\u0105 ACDM \u00a0dla port\u00f3w lotniczych. Niezawodne \u015brodowiska operacji lotniczej budujemy w oparciu o specjalistyczne systemy odprawy i ochrony pasa\u017cer\u00f3w oraz samolot\u00f3w. Nasza oferta zawiera systemy : systemy informacji pasa\u017cerskiej sytemy wizualizacji lotniskowej systemy weryfikacji podr\u00f3\u017cnych rozwi\u0105zania z dziedziny bezpeicze\u0144stwa . Ka\u017cde wdro\u017cenie poprzedzamy analiz\u0105 potrzeb operacyjnych, funkcjonalnych oraz biznesowych klienta. Proces&hellip;\" \/>\n<meta property=\"og:url\" content=\"https:\/\/oderon.pl\/en\/lotniska\/\" \/>\n<meta property=\"og:site_name\" content=\"Oderon\" \/>\n<meta property=\"article:modified_time\" content=\"2024-11-13T15:25:01+00:00\" \/>\n<meta name=\"twitter:card\" content=\"summary_large_image\" \/>\n<meta name=\"twitter:label1\" content=\"Est. reading time\" \/>\n\t<meta name=\"twitter:data1\" content=\"1 minute\" \/>\n<script type=\"application\/ld+json\" class=\"yoast-schema-graph\">{\"@context\":\"https:\\\/\\\/schema.org\",\"@graph\":[{\"@type\":\"WebPage\",\"@id\":\"https:\\\/\\\/oderon.pl\\\/en\\\/lotniska\\\/\",\"url\":\"https:\\\/\\\/oderon.pl\\\/en\\\/lotniska\\\/\",\"name\":\"Lotniska - Oderon\",\"isPartOf\":{\"@id\":\"https:\\\/\\\/oderon.pl\\\/#website\"},\"datePublished\":\"2021-05-20T20:14:55+00:00\",\"dateModified\":\"2024-11-13T15:25:01+00:00\",\"breadcrumb\":{\"@id\":\"https:\\\/\\\/oderon.pl\\\/en\\\/lotniska\\\/#breadcrumb\"},\"inLanguage\":\"en-US\",\"potentialAction\":[{\"@type\":\"ReadAction\",\"target\":[\"https:\\\/\\\/oderon.pl\\\/en\\\/lotniska\\\/\"]}]},{\"@type\":\"BreadcrumbList\",\"@id\":\"https:\\\/\\\/oderon.pl\\\/en\\\/lotniska\\\/#breadcrumb\",\"itemListElement\":[{\"@type\":\"ListItem\",\"position\":1,\"name\":\"Strona g\u0142\u00f3wna\",\"item\":\"https:\\\/\\\/oderon.pl\\\/en\\\/\"},{\"@type\":\"ListItem\",\"position\":2,\"name\":\"Lotniska\"}]},{\"@type\":\"WebSite\",\"@id\":\"https:\\\/\\\/oderon.pl\\\/#website\",\"url\":\"https:\\\/\\\/oderon.pl\\\/\",\"name\":\"Oderon\",\"description\":\"Nowoczesne technologie kontroli i bezpiecze\u0144stwa\",\"potentialAction\":[{\"@type\":\"SearchAction\",\"target\":{\"@type\":\"EntryPoint\",\"urlTemplate\":\"https:\\\/\\\/oderon.pl\\\/?s={search_term_string}\"},\"query-input\":{\"@type\":\"PropertyValueSpecification\",\"valueRequired\":true,\"valueName\":\"search_term_string\"}}],\"inLanguage\":\"en-US\"}]}<\/script>\n<!-- \/ Yoast SEO plugin. -->","yoast_head_json":{"title":"Lotniska - Oderon","robots":{"index":"index","follow":"follow","max-snippet":"max-snippet:-1","max-image-preview":"max-image-preview:large","max-video-preview":"max-video-preview:-1"},"canonical":"https:\/\/oderon.pl\/en\/lotniska\/","og_locale":"en_US","og_type":"article","og_title":"Lotniska - Oderon","og_description":"Oferujemy systemy zarz\u0105dzania operacj\u0105 lotnicz\u0105 ACDM \u00a0dla port\u00f3w lotniczych. Niezawodne \u015brodowiska operacji lotniczej budujemy w oparciu o specjalistyczne systemy odprawy i ochrony pasa\u017cer\u00f3w oraz samolot\u00f3w. Nasza oferta zawiera systemy : systemy informacji pasa\u017cerskiej sytemy wizualizacji lotniskowej systemy weryfikacji podr\u00f3\u017cnych rozwi\u0105zania z dziedziny bezpeicze\u0144stwa . Ka\u017cde wdro\u017cenie poprzedzamy analiz\u0105 potrzeb operacyjnych, funkcjonalnych oraz biznesowych klienta. Proces&hellip;","og_url":"https:\/\/oderon.pl\/en\/lotniska\/","og_site_name":"Oderon","article_modified_time":"2024-11-13T15:25:01+00:00","twitter_card":"summary_large_image","twitter_misc":{"Est. reading time":"1 minute"},"schema":{"@context":"https:\/\/schema.org","@graph":[{"@type":"WebPage","@id":"https:\/\/oderon.pl\/en\/lotniska\/","url":"https:\/\/oderon.pl\/en\/lotniska\/","name":"Lotniska - Oderon","isPartOf":{"@id":"https:\/\/oderon.pl\/#website"},"datePublished":"2021-05-20T20:14:55+00:00","dateModified":"2024-11-13T15:25:01+00:00","breadcrumb":{"@id":"https:\/\/oderon.pl\/en\/lotniska\/#breadcrumb"},"inLanguage":"en-US","potentialAction":[{"@type":"ReadAction","target":["https:\/\/oderon.pl\/en\/lotniska\/"]}]},{"@type":"BreadcrumbList","@id":"https:\/\/oderon.pl\/en\/lotniska\/#breadcrumb","itemListElement":[{"@type":"ListItem","position":1,"name":"Strona g\u0142\u00f3wna","item":"https:\/\/oderon.pl\/en\/"},{"@type":"ListItem","position":2,"name":"Lotniska"}]},{"@type":"WebSite","@id":"https:\/\/oderon.pl\/#website","url":"https:\/\/oderon.pl\/","name":"Oderon","description":"Nowoczesne technologie kontroli i bezpiecze\u0144stwa","potentialAction":[{"@type":"SearchAction","target":{"@type":"EntryPoint","urlTemplate":"https:\/\/oderon.pl\/?s={search_term_string}"},"query-input":{"@type":"PropertyValueSpecification","valueRequired":true,"valueName":"search_term_string"}}],"inLanguage":"en-US"}]}},"_links":{"self":[{"href":"https:\/\/oderon.pl\/en\/wp-json\/wp\/v2\/pages\/329","targetHints":{"allow":["GET"]}}],"collection":[{"href":"https:\/\/oderon.pl\/en\/wp-json\/wp\/v2\/pages"}],"about":[{"href":"https:\/\/oderon.pl\/en\/wp-json\/wp\/v2\/types\/page"}],"author":[{"embeddable":true,"href":"https:\/\/oderon.pl\/en\/wp-json\/wp\/v2\/users\/1"}],"replies":[{"embeddable":true,"href":"https:\/\/oderon.pl\/en\/wp-json\/wp\/v2\/comments?post=329"}],"version-history":[{"count":1,"href":"https:\/\/oderon.pl\/en\/wp-json\/wp\/v2\/pages\/329\/revisions"}],"predecessor-version":[{"id":660,"href":"https:\/\/oderon.pl\/en\/wp-json\/wp\/v2\/pages\/329\/revisions\/660"}],"wp:attachment":[{"href":"https:\/\/oderon.pl\/en\/wp-json\/wp\/v2\/media?parent=329"}],"curies":[{"name":"wp","href":"https:\/\/api.w.org\/{rel}","templated":true}]}}