{"id":317,"date":"2021-05-20T23:09:59","date_gmt":"2021-05-20T21:09:59","guid":{"rendered":"http:\/\/oderon.pl\/integracja-systemow-teletechnicznych\/telewizja-dozorowa\/"},"modified":"2021-05-21T01:05:04","modified_gmt":"2021-05-20T23:05:04","slug":"telewizja-dozorowa","status":"publish","type":"page","link":"https:\/\/oderon.pl\/en\/integracja-systemow-teletechnicznych\/telewizja-dozorowa\/","title":{"rendered":"CCTV"},"content":{"rendered":"\n<h1>\n\t\t\n\t<\/h1>\n\t<span><span><a href=\"https:\/\/oderon.pl\/en\/\">Strona g\u0142\u00f3wna<\/a><\/span><\/span>\n\t<p>Telewizja dozorowana czy te\u017c monitoring CCTV umo\u017cliwia ci\u0105g\u0142\u0105 i kompleksow\u0105 obserwacj\u0119 nadzorowanych obiekt\u00f3w z mo\u017cliwo\u015bci\u0105 podgl\u0105du przez Internet, dostarczaj\u0105c tym samym znacz\u0105c\u0105 pomoc w zapewnieniu bezpiecze\u0144stwa. Monitoring CCTV pomaga skutecznie wykrywa\u0107 r\u00f3\u017cnego rodzaju zagro\u017cenia zewn\u0119trzne lub wewn\u0119trzne. Proponowane przez nas projekty i propozycje rozwi\u0105za\u0144 monitoringu CCTV s\u0105 poprzedzane szczeg\u00f3\u0142ow\u0105 analiz\u0105 potrzeb i oczekiwa\u0144 klienta. Nieod\u0142\u0105cznym elementem ka\u017cdej wsp\u00f3\u0142czesnej fabryki, magazynu czy te\u017c centr\u00f3w logistycznych jest system monitoringu wizyjnego. Ci\u0105g\u0142y nadz\u00f3r tego typu obiekt\u00f3w jest niezwykle wa\u017cny. Wsp\u00f3\u0142cze\u015bnie ka\u017cde nowoczesne biuro wyposa\u017cone jest w zainstalowany i w pe\u0142ni skonfigurowany system monitoringu wizyjnego.<\/p>\n\t<p>Jego implementacja niesie ze sob\u0105 szereg korzy\u015bci dla przedsi\u0119biorstwa oraz jego pracownik\u00f3w.<\/p>\n<ul>\n<li>Wysokie bezpiecze\u0144stwo mienia firmy<\/li>\n<li>Zdalna kontrola pracy pracownik\u00f3w<\/li>\n<li>\u0141atwe przechowywanie i przegl\u0105danie zapisu telewizyjnego, szybkie poruszanie si\u0119, przegl\u0105danie zapisanych nagra\u0144<\/li>\n<li>Ca\u0142odobowa rejestracja obraz\u00f3w ze wszystkich kamer jednocze\u015bnie<\/li>\n<li>Mo\u017cliwo\u015b\u0107 stosowania kamer w r\u00f3\u017cnych warunkach np. o znacznej wilgotno\u015bci, w niskiej lub wysokiej temperaturze stosuj\u0105c r\u00f3\u017cnego rodzaju obudowy<\/li>\n<li>Mo\u017cliwo\u015b\u0107 obserwowania kamer za pomoc\u0105 Internetu<\/li>\n<li>Wzrost wydajno\u015bci pracy, oraz zyski przedsi\u0119biorstwa<\/li>\n<\/ul>\n","protected":false},"excerpt":{"rendered":"<p>Telewizja dozorowana czy te\u017c monitoring CCTV umo\u017cliwia ci\u0105g\u0142\u0105 i kompleksow\u0105 obserwacj\u0119 nadzorowanych obiekt\u00f3w z mo\u017cliwo\u015bci\u0105 podgl\u0105du przez Internet, dostarczaj\u0105c tym samym znacz\u0105c\u0105 pomoc w zapewnieniu bezpiecze\u0144stwa. Monitoring CCTV pomaga skutecznie wykrywa\u0107 r\u00f3\u017cnego rodzaju zagro\u017cenia zewn\u0119trzne lub wewn\u0119trzne. Proponowane przez nas projekty i propozycje rozwi\u0105za\u0144 monitoringu CCTV s\u0105 poprzedzane szczeg\u00f3\u0142ow\u0105 analiz\u0105 potrzeb i oczekiwa\u0144 klienta. Nieod\u0142\u0105cznym&hellip;<\/p>\n","protected":false},"author":1,"featured_media":0,"parent":302,"menu_order":0,"comment_status":"closed","ping_status":"closed","template":"","meta":{"footnotes":""},"class_list":["post-317","page","type-page","status-publish","hentry"],"yoast_head":"<!-- This site is optimized with the Yoast SEO plugin v27.4 - https:\/\/yoast.com\/product\/yoast-seo-wordpress\/ -->\n<title>CCTV - Oderon<\/title>\n<meta name=\"robots\" content=\"index, follow, max-snippet:-1, max-image-preview:large, max-video-preview:-1\" \/>\n<link rel=\"canonical\" href=\"https:\/\/oderon.pl\/en\/integracja-systemow-teletechnicznych\/telewizja-dozorowa\/\" \/>\n<meta property=\"og:locale\" content=\"en_US\" \/>\n<meta property=\"og:type\" content=\"article\" \/>\n<meta property=\"og:title\" content=\"CCTV - Oderon\" \/>\n<meta property=\"og:description\" content=\"Telewizja dozorowana czy te\u017c monitoring CCTV umo\u017cliwia ci\u0105g\u0142\u0105 i kompleksow\u0105 obserwacj\u0119 nadzorowanych obiekt\u00f3w z mo\u017cliwo\u015bci\u0105 podgl\u0105du przez Internet, dostarczaj\u0105c tym samym znacz\u0105c\u0105 pomoc w zapewnieniu bezpiecze\u0144stwa. Monitoring CCTV pomaga skutecznie wykrywa\u0107 r\u00f3\u017cnego rodzaju zagro\u017cenia zewn\u0119trzne lub wewn\u0119trzne. Proponowane przez nas projekty i propozycje rozwi\u0105za\u0144 monitoringu CCTV s\u0105 poprzedzane szczeg\u00f3\u0142ow\u0105 analiz\u0105 potrzeb i oczekiwa\u0144 klienta. Nieod\u0142\u0105cznym&hellip;\" \/>\n<meta property=\"og:url\" content=\"https:\/\/oderon.pl\/en\/integracja-systemow-teletechnicznych\/telewizja-dozorowa\/\" \/>\n<meta property=\"og:site_name\" content=\"Oderon\" \/>\n<meta property=\"article:modified_time\" content=\"2021-05-20T23:05:04+00:00\" \/>\n<meta name=\"twitter:card\" content=\"summary_large_image\" \/>\n<meta name=\"twitter:label1\" content=\"Est. reading time\" \/>\n\t<meta name=\"twitter:data1\" content=\"1 minute\" \/>\n<script type=\"application\/ld+json\" class=\"yoast-schema-graph\">{\"@context\":\"https:\\\/\\\/schema.org\",\"@graph\":[{\"@type\":\"WebPage\",\"@id\":\"https:\\\/\\\/oderon.pl\\\/en\\\/integracja-systemow-teletechnicznych\\\/telewizja-dozorowa\\\/\",\"url\":\"https:\\\/\\\/oderon.pl\\\/en\\\/integracja-systemow-teletechnicznych\\\/telewizja-dozorowa\\\/\",\"name\":\"CCTV - Oderon\",\"isPartOf\":{\"@id\":\"https:\\\/\\\/oderon.pl\\\/#website\"},\"datePublished\":\"2021-05-20T21:09:59+00:00\",\"dateModified\":\"2021-05-20T23:05:04+00:00\",\"breadcrumb\":{\"@id\":\"https:\\\/\\\/oderon.pl\\\/en\\\/integracja-systemow-teletechnicznych\\\/telewizja-dozorowa\\\/#breadcrumb\"},\"inLanguage\":\"en-US\",\"potentialAction\":[{\"@type\":\"ReadAction\",\"target\":[\"https:\\\/\\\/oderon.pl\\\/en\\\/integracja-systemow-teletechnicznych\\\/telewizja-dozorowa\\\/\"]}]},{\"@type\":\"BreadcrumbList\",\"@id\":\"https:\\\/\\\/oderon.pl\\\/en\\\/integracja-systemow-teletechnicznych\\\/telewizja-dozorowa\\\/#breadcrumb\",\"itemListElement\":[{\"@type\":\"ListItem\",\"position\":1,\"name\":\"Strona g\u0142\u00f3wna\",\"item\":\"https:\\\/\\\/oderon.pl\\\/en\\\/\"},{\"@type\":\"ListItem\",\"position\":2,\"name\":\"Integracja system\u00f3w teletechnicznych\",\"item\":\"https:\\\/\\\/oderon.pl\\\/en\\\/integracja-systemow-teletechnicznych\\\/\"},{\"@type\":\"ListItem\",\"position\":3,\"name\":\"CCTV\"}]},{\"@type\":\"WebSite\",\"@id\":\"https:\\\/\\\/oderon.pl\\\/#website\",\"url\":\"https:\\\/\\\/oderon.pl\\\/\",\"name\":\"Oderon\",\"description\":\"Nowoczesne technologie kontroli i bezpiecze\u0144stwa\",\"potentialAction\":[{\"@type\":\"SearchAction\",\"target\":{\"@type\":\"EntryPoint\",\"urlTemplate\":\"https:\\\/\\\/oderon.pl\\\/?s={search_term_string}\"},\"query-input\":{\"@type\":\"PropertyValueSpecification\",\"valueRequired\":true,\"valueName\":\"search_term_string\"}}],\"inLanguage\":\"en-US\"}]}<\/script>\n<!-- \/ Yoast SEO plugin. -->","yoast_head_json":{"title":"CCTV - Oderon","robots":{"index":"index","follow":"follow","max-snippet":"max-snippet:-1","max-image-preview":"max-image-preview:large","max-video-preview":"max-video-preview:-1"},"canonical":"https:\/\/oderon.pl\/en\/integracja-systemow-teletechnicznych\/telewizja-dozorowa\/","og_locale":"en_US","og_type":"article","og_title":"CCTV - Oderon","og_description":"Telewizja dozorowana czy te\u017c monitoring CCTV umo\u017cliwia ci\u0105g\u0142\u0105 i kompleksow\u0105 obserwacj\u0119 nadzorowanych obiekt\u00f3w z mo\u017cliwo\u015bci\u0105 podgl\u0105du przez Internet, dostarczaj\u0105c tym samym znacz\u0105c\u0105 pomoc w zapewnieniu bezpiecze\u0144stwa. Monitoring CCTV pomaga skutecznie wykrywa\u0107 r\u00f3\u017cnego rodzaju zagro\u017cenia zewn\u0119trzne lub wewn\u0119trzne. Proponowane przez nas projekty i propozycje rozwi\u0105za\u0144 monitoringu CCTV s\u0105 poprzedzane szczeg\u00f3\u0142ow\u0105 analiz\u0105 potrzeb i oczekiwa\u0144 klienta. Nieod\u0142\u0105cznym&hellip;","og_url":"https:\/\/oderon.pl\/en\/integracja-systemow-teletechnicznych\/telewizja-dozorowa\/","og_site_name":"Oderon","article_modified_time":"2021-05-20T23:05:04+00:00","twitter_card":"summary_large_image","twitter_misc":{"Est. reading time":"1 minute"},"schema":{"@context":"https:\/\/schema.org","@graph":[{"@type":"WebPage","@id":"https:\/\/oderon.pl\/en\/integracja-systemow-teletechnicznych\/telewizja-dozorowa\/","url":"https:\/\/oderon.pl\/en\/integracja-systemow-teletechnicznych\/telewizja-dozorowa\/","name":"CCTV - Oderon","isPartOf":{"@id":"https:\/\/oderon.pl\/#website"},"datePublished":"2021-05-20T21:09:59+00:00","dateModified":"2021-05-20T23:05:04+00:00","breadcrumb":{"@id":"https:\/\/oderon.pl\/en\/integracja-systemow-teletechnicznych\/telewizja-dozorowa\/#breadcrumb"},"inLanguage":"en-US","potentialAction":[{"@type":"ReadAction","target":["https:\/\/oderon.pl\/en\/integracja-systemow-teletechnicznych\/telewizja-dozorowa\/"]}]},{"@type":"BreadcrumbList","@id":"https:\/\/oderon.pl\/en\/integracja-systemow-teletechnicznych\/telewizja-dozorowa\/#breadcrumb","itemListElement":[{"@type":"ListItem","position":1,"name":"Strona g\u0142\u00f3wna","item":"https:\/\/oderon.pl\/en\/"},{"@type":"ListItem","position":2,"name":"Integracja system\u00f3w teletechnicznych","item":"https:\/\/oderon.pl\/en\/integracja-systemow-teletechnicznych\/"},{"@type":"ListItem","position":3,"name":"CCTV"}]},{"@type":"WebSite","@id":"https:\/\/oderon.pl\/#website","url":"https:\/\/oderon.pl\/","name":"Oderon","description":"Nowoczesne technologie kontroli i bezpiecze\u0144stwa","potentialAction":[{"@type":"SearchAction","target":{"@type":"EntryPoint","urlTemplate":"https:\/\/oderon.pl\/?s={search_term_string}"},"query-input":{"@type":"PropertyValueSpecification","valueRequired":true,"valueName":"search_term_string"}}],"inLanguage":"en-US"}]}},"_links":{"self":[{"href":"https:\/\/oderon.pl\/en\/wp-json\/wp\/v2\/pages\/317","targetHints":{"allow":["GET"]}}],"collection":[{"href":"https:\/\/oderon.pl\/en\/wp-json\/wp\/v2\/pages"}],"about":[{"href":"https:\/\/oderon.pl\/en\/wp-json\/wp\/v2\/types\/page"}],"author":[{"embeddable":true,"href":"https:\/\/oderon.pl\/en\/wp-json\/wp\/v2\/users\/1"}],"replies":[{"embeddable":true,"href":"https:\/\/oderon.pl\/en\/wp-json\/wp\/v2\/comments?post=317"}],"version-history":[{"count":1,"href":"https:\/\/oderon.pl\/en\/wp-json\/wp\/v2\/pages\/317\/revisions"}],"predecessor-version":[{"id":387,"href":"https:\/\/oderon.pl\/en\/wp-json\/wp\/v2\/pages\/317\/revisions\/387"}],"up":[{"embeddable":true,"href":"https:\/\/oderon.pl\/en\/wp-json\/wp\/v2\/pages\/302"}],"wp:attachment":[{"href":"https:\/\/oderon.pl\/en\/wp-json\/wp\/v2\/media?parent=317"}],"curies":[{"name":"wp","href":"https:\/\/api.w.org\/{rel}","templated":true}]}}