{"id":311,"date":"2021-05-21T00:12:17","date_gmt":"2021-05-20T22:12:17","guid":{"rendered":"http:\/\/oderon.pl\/integracja-systemow-teletechnicznych\/ochrona-obwodowa\/system-zbierania-danych\/"},"modified":"2021-05-21T00:12:17","modified_gmt":"2021-05-20T22:12:17","slug":"system-zbierania-danych","status":"publish","type":"page","link":"https:\/\/oderon.pl\/en\/integracja-systemow-teletechnicznych\/ochrona-obwodowa\/system-zbierania-danych\/","title":{"rendered":"System zbierania danych"},"content":{"rendered":"\n<h1>\n\t\t\n\t<\/h1>\n\t<span><span><a href=\"https:\/\/oderon.pl\/en\/\">Strona g\u0142\u00f3wna<\/a><\/span><\/span>\n\tSystem umo\u017cliwia optymalizacj\u0119 gromadzenia informacji przy u\u017cyciu medi\u00f3w tradycyjnych lub alternatywnych (\u015bwiat\u0142ow\u00f3d lub sie\u0107 Ethernet) pozwalaj\u0105c na zdalne przeprowadzanie diagnostyki czy konserwacji.<br>\nSystem mo\u017ce r\u00f3wnie\u017c zintegrowa\u0107 czujniki firm trzecich umo\u017cliwiaj\u0105c okre\u015blenie statusu chronionej przestrzeni, kt\u00f3ry mo\u017ce by\u0107 wy\u015bwietlany na tablicy synoptycznej lub mapie. Uniwersalny interfejs mo\u017ce by\u0107 podzielony i wykorzystany do pod\u0142\u0105czenia innych system\u00f3w zewn\u0119trznych do central alarmowych, system\u00f3w kontroli dost\u0119pu i CCTV, a wi\u0119c integrowania system\u00f3w o du\u017cej r\u00f3\u017cnorodno\u015bci.\n<strong>Aplikacje specjalne<\/strong><br>\nDla zabezpiecze\u0144 wymaganych w szczeg\u00f3lne niebezpiecznych sytuacjach, takich jak np. polowe obozy wojskowe, gdy nie jest mo\u017cliwe zainstalowanie tradycyjnego systemu, powsta\u0142y oryginalne rozwi\u0105zania z wykorzystaniem przeno\u015bnych barier lub pojedynczych urz\u0105dze\u0144 typu dopplerowskiego czy te\u017c zasilanych energi\u0105 s\u0142oneczn\u0105 oraz urz\u0105dze\u0144 w obudowach przeciwwybuchowych.\n","protected":false},"excerpt":{"rendered":"<p>System umo\u017cliwia optymalizacj\u0119 gromadzenia informacji przy u\u017cyciu medi\u00f3w tradycyjnych lub alternatywnych (\u015bwiat\u0142ow\u00f3d lub sie\u0107 Ethernet) pozwalaj\u0105c na zdalne przeprowadzanie diagnostyki czy konserwacji. System mo\u017ce r\u00f3wnie\u017c zintegrowa\u0107 czujniki firm trzecich umo\u017cliwiaj\u0105c okre\u015blenie statusu chronionej przestrzeni, kt\u00f3ry mo\u017ce by\u0107 wy\u015bwietlany na tablicy synoptycznej lub mapie. Uniwersalny interfejs mo\u017ce by\u0107 podzielony i wykorzystany do pod\u0142\u0105czenia innych system\u00f3w zewn\u0119trznych&hellip;<\/p>\n","protected":false},"author":1,"featured_media":0,"parent":305,"menu_order":0,"comment_status":"closed","ping_status":"closed","template":"","meta":{"footnotes":""},"class_list":["post-311","page","type-page","status-publish","hentry"],"yoast_head":"<!-- This site is optimized with the Yoast SEO plugin v27.4 - https:\/\/yoast.com\/product\/yoast-seo-wordpress\/ -->\n<title>System zbierania danych - Oderon<\/title>\n<meta name=\"robots\" content=\"index, follow, max-snippet:-1, max-image-preview:large, max-video-preview:-1\" \/>\n<link rel=\"canonical\" href=\"https:\/\/oderon.pl\/en\/integracja-systemow-teletechnicznych\/ochrona-obwodowa\/system-zbierania-danych\/\" \/>\n<meta property=\"og:locale\" content=\"en_US\" \/>\n<meta property=\"og:type\" content=\"article\" \/>\n<meta property=\"og:title\" content=\"System zbierania danych - Oderon\" \/>\n<meta property=\"og:description\" content=\"System umo\u017cliwia optymalizacj\u0119 gromadzenia informacji przy u\u017cyciu medi\u00f3w tradycyjnych lub alternatywnych (\u015bwiat\u0142ow\u00f3d lub sie\u0107 Ethernet) pozwalaj\u0105c na zdalne przeprowadzanie diagnostyki czy konserwacji. System mo\u017ce r\u00f3wnie\u017c zintegrowa\u0107 czujniki firm trzecich umo\u017cliwiaj\u0105c okre\u015blenie statusu chronionej przestrzeni, kt\u00f3ry mo\u017ce by\u0107 wy\u015bwietlany na tablicy synoptycznej lub mapie. Uniwersalny interfejs mo\u017ce by\u0107 podzielony i wykorzystany do pod\u0142\u0105czenia innych system\u00f3w zewn\u0119trznych&hellip;\" \/>\n<meta property=\"og:url\" content=\"https:\/\/oderon.pl\/en\/integracja-systemow-teletechnicznych\/ochrona-obwodowa\/system-zbierania-danych\/\" \/>\n<meta property=\"og:site_name\" content=\"Oderon\" \/>\n<meta name=\"twitter:card\" content=\"summary_large_image\" \/>\n<meta name=\"twitter:label1\" content=\"Est. reading time\" \/>\n\t<meta name=\"twitter:data1\" content=\"1 minute\" \/>\n<script type=\"application\/ld+json\" class=\"yoast-schema-graph\">{\"@context\":\"https:\\\/\\\/schema.org\",\"@graph\":[{\"@type\":\"WebPage\",\"@id\":\"https:\\\/\\\/oderon.pl\\\/en\\\/integracja-systemow-teletechnicznych\\\/ochrona-obwodowa\\\/system-zbierania-danych\\\/\",\"url\":\"https:\\\/\\\/oderon.pl\\\/en\\\/integracja-systemow-teletechnicznych\\\/ochrona-obwodowa\\\/system-zbierania-danych\\\/\",\"name\":\"System zbierania danych - Oderon\",\"isPartOf\":{\"@id\":\"https:\\\/\\\/oderon.pl\\\/#website\"},\"datePublished\":\"2021-05-20T22:12:17+00:00\",\"breadcrumb\":{\"@id\":\"https:\\\/\\\/oderon.pl\\\/en\\\/integracja-systemow-teletechnicznych\\\/ochrona-obwodowa\\\/system-zbierania-danych\\\/#breadcrumb\"},\"inLanguage\":\"en-US\",\"potentialAction\":[{\"@type\":\"ReadAction\",\"target\":[\"https:\\\/\\\/oderon.pl\\\/en\\\/integracja-systemow-teletechnicznych\\\/ochrona-obwodowa\\\/system-zbierania-danych\\\/\"]}]},{\"@type\":\"BreadcrumbList\",\"@id\":\"https:\\\/\\\/oderon.pl\\\/en\\\/integracja-systemow-teletechnicznych\\\/ochrona-obwodowa\\\/system-zbierania-danych\\\/#breadcrumb\",\"itemListElement\":[{\"@type\":\"ListItem\",\"position\":1,\"name\":\"Strona g\u0142\u00f3wna\",\"item\":\"https:\\\/\\\/oderon.pl\\\/en\\\/\"},{\"@type\":\"ListItem\",\"position\":2,\"name\":\"Integracja system\u00f3w teletechnicznych\",\"item\":\"https:\\\/\\\/oderon.pl\\\/en\\\/integracja-systemow-teletechnicznych\\\/\"},{\"@type\":\"ListItem\",\"position\":3,\"name\":\"Ochrona obwodowa\",\"item\":\"https:\\\/\\\/oderon.pl\\\/en\\\/integracja-systemow-teletechnicznych\\\/ochrona-obwodowa\\\/\"},{\"@type\":\"ListItem\",\"position\":4,\"name\":\"System zbierania danych\"}]},{\"@type\":\"WebSite\",\"@id\":\"https:\\\/\\\/oderon.pl\\\/#website\",\"url\":\"https:\\\/\\\/oderon.pl\\\/\",\"name\":\"Oderon\",\"description\":\"Nowoczesne technologie kontroli i bezpiecze\u0144stwa\",\"potentialAction\":[{\"@type\":\"SearchAction\",\"target\":{\"@type\":\"EntryPoint\",\"urlTemplate\":\"https:\\\/\\\/oderon.pl\\\/?s={search_term_string}\"},\"query-input\":{\"@type\":\"PropertyValueSpecification\",\"valueRequired\":true,\"valueName\":\"search_term_string\"}}],\"inLanguage\":\"en-US\"}]}<\/script>\n<!-- \/ Yoast SEO plugin. -->","yoast_head_json":{"title":"System zbierania danych - Oderon","robots":{"index":"index","follow":"follow","max-snippet":"max-snippet:-1","max-image-preview":"max-image-preview:large","max-video-preview":"max-video-preview:-1"},"canonical":"https:\/\/oderon.pl\/en\/integracja-systemow-teletechnicznych\/ochrona-obwodowa\/system-zbierania-danych\/","og_locale":"en_US","og_type":"article","og_title":"System zbierania danych - Oderon","og_description":"System umo\u017cliwia optymalizacj\u0119 gromadzenia informacji przy u\u017cyciu medi\u00f3w tradycyjnych lub alternatywnych (\u015bwiat\u0142ow\u00f3d lub sie\u0107 Ethernet) pozwalaj\u0105c na zdalne przeprowadzanie diagnostyki czy konserwacji. System mo\u017ce r\u00f3wnie\u017c zintegrowa\u0107 czujniki firm trzecich umo\u017cliwiaj\u0105c okre\u015blenie statusu chronionej przestrzeni, kt\u00f3ry mo\u017ce by\u0107 wy\u015bwietlany na tablicy synoptycznej lub mapie. Uniwersalny interfejs mo\u017ce by\u0107 podzielony i wykorzystany do pod\u0142\u0105czenia innych system\u00f3w zewn\u0119trznych&hellip;","og_url":"https:\/\/oderon.pl\/en\/integracja-systemow-teletechnicznych\/ochrona-obwodowa\/system-zbierania-danych\/","og_site_name":"Oderon","twitter_card":"summary_large_image","twitter_misc":{"Est. reading time":"1 minute"},"schema":{"@context":"https:\/\/schema.org","@graph":[{"@type":"WebPage","@id":"https:\/\/oderon.pl\/en\/integracja-systemow-teletechnicznych\/ochrona-obwodowa\/system-zbierania-danych\/","url":"https:\/\/oderon.pl\/en\/integracja-systemow-teletechnicznych\/ochrona-obwodowa\/system-zbierania-danych\/","name":"System zbierania danych - Oderon","isPartOf":{"@id":"https:\/\/oderon.pl\/#website"},"datePublished":"2021-05-20T22:12:17+00:00","breadcrumb":{"@id":"https:\/\/oderon.pl\/en\/integracja-systemow-teletechnicznych\/ochrona-obwodowa\/system-zbierania-danych\/#breadcrumb"},"inLanguage":"en-US","potentialAction":[{"@type":"ReadAction","target":["https:\/\/oderon.pl\/en\/integracja-systemow-teletechnicznych\/ochrona-obwodowa\/system-zbierania-danych\/"]}]},{"@type":"BreadcrumbList","@id":"https:\/\/oderon.pl\/en\/integracja-systemow-teletechnicznych\/ochrona-obwodowa\/system-zbierania-danych\/#breadcrumb","itemListElement":[{"@type":"ListItem","position":1,"name":"Strona g\u0142\u00f3wna","item":"https:\/\/oderon.pl\/en\/"},{"@type":"ListItem","position":2,"name":"Integracja system\u00f3w teletechnicznych","item":"https:\/\/oderon.pl\/en\/integracja-systemow-teletechnicznych\/"},{"@type":"ListItem","position":3,"name":"Ochrona obwodowa","item":"https:\/\/oderon.pl\/en\/integracja-systemow-teletechnicznych\/ochrona-obwodowa\/"},{"@type":"ListItem","position":4,"name":"System zbierania danych"}]},{"@type":"WebSite","@id":"https:\/\/oderon.pl\/#website","url":"https:\/\/oderon.pl\/","name":"Oderon","description":"Nowoczesne technologie kontroli i bezpiecze\u0144stwa","potentialAction":[{"@type":"SearchAction","target":{"@type":"EntryPoint","urlTemplate":"https:\/\/oderon.pl\/?s={search_term_string}"},"query-input":{"@type":"PropertyValueSpecification","valueRequired":true,"valueName":"search_term_string"}}],"inLanguage":"en-US"}]}},"_links":{"self":[{"href":"https:\/\/oderon.pl\/en\/wp-json\/wp\/v2\/pages\/311","targetHints":{"allow":["GET"]}}],"collection":[{"href":"https:\/\/oderon.pl\/en\/wp-json\/wp\/v2\/pages"}],"about":[{"href":"https:\/\/oderon.pl\/en\/wp-json\/wp\/v2\/types\/page"}],"author":[{"embeddable":true,"href":"https:\/\/oderon.pl\/en\/wp-json\/wp\/v2\/users\/1"}],"replies":[{"embeddable":true,"href":"https:\/\/oderon.pl\/en\/wp-json\/wp\/v2\/comments?post=311"}],"version-history":[{"count":0,"href":"https:\/\/oderon.pl\/en\/wp-json\/wp\/v2\/pages\/311\/revisions"}],"up":[{"embeddable":true,"href":"https:\/\/oderon.pl\/en\/wp-json\/wp\/v2\/pages\/305"}],"wp:attachment":[{"href":"https:\/\/oderon.pl\/en\/wp-json\/wp\/v2\/media?parent=311"}],"curies":[{"name":"wp","href":"https:\/\/api.w.org\/{rel}","templated":true}]}}