{"id":305,"date":"2021-05-21T00:17:47","date_gmt":"2021-05-20T22:17:47","guid":{"rendered":"http:\/\/oderon.pl\/integracja-systemow-teletechnicznych\/ochrona-obwodowa\/"},"modified":"2021-05-21T00:17:47","modified_gmt":"2021-05-20T22:17:47","slug":"ochrona-obwodowa","status":"publish","type":"page","link":"https:\/\/oderon.pl\/en\/integracja-systemow-teletechnicznych\/ochrona-obwodowa\/","title":{"rendered":"Ochrona obwodowa"},"content":{"rendered":"\n<h1>\n\t\t\n\t<\/h1>\n\t<span><span><a href=\"https:\/\/oderon.pl\/en\/\">Strona g\u0142\u00f3wna<\/a><\/span><\/span>\n\t<p><strong>Systemy ochrony obwodowej\u00a0<\/strong>to nowoczesny i niezawodny spos\u00f3b na bezpiecze\u0144stwo najwy\u017cszej pr\u00f3by. Sprawdzaj\u0105 si\u0119 wsz\u0119dzie tam, gdzie konieczne jest zabezpieczenie rozleg\u0142ych teren\u00f3w wok\u00f3\u0142 istotnych obiekt\u00f3w: fabryk, elektrowni, lotnisk czy rezydencji. Ich zalet\u0105 jest wczesne ostrzeganie o pr\u00f3bie w\u0142amania zanim jeszcze do niego dojdzie, Pozwala na szybk\u0105 interwencj\u0119, bez ryzyka powstania szk\u00f3d.<\/p>\n<p>Instalacja systemu ochrony obwodowej zapewnia ca\u0142odobow\u0105, niezawodn\u0105 ochron\u0119 ca\u0142ej posesji, przy jednoczesnym zachowaniu swobody ruchu os\u00f3b w obr\u0119bie ogrodzenia.<\/p>\n\t<a href=\"http:\/\/oderon.pl\/integracja-systemow-teletechnicznych\/ochrona-obwodowa\/bariery-mikrofalowe\/\" target=\"_self\" rel=\"noopener\"><\/a> \n\t\t\t<h2>Bariery mikrofalowe<\/h2>\t\t\t\n\t\t\t\t<p>Bariera mikrofalowa to jedna z najbardziej niezawodnych i bezpiecznych czujek wykrywaj\u0105cych intruza, wykorzystywana do zewn\u0119trznej ochrony obwodowej.<\/p>\n\t<a href=\"http:\/\/oderon.pl\/integracja-systemow-teletechnicznych\/ochrona-obwodowa\/system-zbierania-danych\/\" target=\"_self\" rel=\"noopener\"><\/a> \n\t\t\t<h2>System zbierania danych<\/h2>\t\t\t\n\t\t\t\t<p>Wszystkie cyfrowe urz\u0105dzenia CIAS mog\u0105 komunikowa\u0107 si\u0119 ze sob\u0105 za pomoc\u0105 prostego systemu okablowania i s\u0105 w stanie wykry\u0107 za pomoc\u0105 ci\u0105g\u0142ego odpytywania stany wszystkich czujnik\u00f3w, sygnalizacj\u0119 alarm\u00f3w, sabota\u017c, usterk\u0119 lub brak odpowiedzi.<\/p>\n\n","protected":false},"excerpt":{"rendered":"<p>Systemy ochrony obwodowej\u00a0to nowoczesny i niezawodny spos\u00f3b na bezpiecze\u0144stwo najwy\u017cszej pr\u00f3by. Sprawdzaj\u0105 si\u0119 wsz\u0119dzie tam, gdzie konieczne jest zabezpieczenie rozleg\u0142ych teren\u00f3w wok\u00f3\u0142 istotnych obiekt\u00f3w: fabryk, elektrowni, lotnisk czy rezydencji. Ich zalet\u0105 jest wczesne ostrzeganie o pr\u00f3bie w\u0142amania zanim jeszcze do niego dojdzie, Pozwala na szybk\u0105 interwencj\u0119, bez ryzyka powstania szk\u00f3d. Instalacja systemu ochrony obwodowej zapewnia&hellip;<\/p>\n","protected":false},"author":1,"featured_media":0,"parent":302,"menu_order":0,"comment_status":"closed","ping_status":"closed","template":"","meta":{"footnotes":""},"class_list":["post-305","page","type-page","status-publish","hentry"],"yoast_head":"<!-- This site is optimized with the Yoast SEO plugin v27.4 - https:\/\/yoast.com\/product\/yoast-seo-wordpress\/ -->\n<title>Ochrona obwodowa - Oderon<\/title>\n<meta name=\"robots\" content=\"index, follow, max-snippet:-1, max-image-preview:large, max-video-preview:-1\" \/>\n<link rel=\"canonical\" href=\"https:\/\/oderon.pl\/en\/integracja-systemow-teletechnicznych\/ochrona-obwodowa\/\" \/>\n<meta property=\"og:locale\" content=\"en_US\" \/>\n<meta property=\"og:type\" content=\"article\" \/>\n<meta property=\"og:title\" content=\"Ochrona obwodowa - Oderon\" \/>\n<meta property=\"og:description\" content=\"Systemy ochrony obwodowej\u00a0to nowoczesny i niezawodny spos\u00f3b na bezpiecze\u0144stwo najwy\u017cszej pr\u00f3by. Sprawdzaj\u0105 si\u0119 wsz\u0119dzie tam, gdzie konieczne jest zabezpieczenie rozleg\u0142ych teren\u00f3w wok\u00f3\u0142 istotnych obiekt\u00f3w: fabryk, elektrowni, lotnisk czy rezydencji. Ich zalet\u0105 jest wczesne ostrzeganie o pr\u00f3bie w\u0142amania zanim jeszcze do niego dojdzie, Pozwala na szybk\u0105 interwencj\u0119, bez ryzyka powstania szk\u00f3d. Instalacja systemu ochrony obwodowej zapewnia&hellip;\" \/>\n<meta property=\"og:url\" content=\"https:\/\/oderon.pl\/en\/integracja-systemow-teletechnicznych\/ochrona-obwodowa\/\" \/>\n<meta property=\"og:site_name\" content=\"Oderon\" \/>\n<meta name=\"twitter:card\" content=\"summary_large_image\" \/>\n<meta name=\"twitter:label1\" content=\"Est. reading time\" \/>\n\t<meta name=\"twitter:data1\" content=\"1 minute\" \/>\n<script type=\"application\/ld+json\" class=\"yoast-schema-graph\">{\"@context\":\"https:\\\/\\\/schema.org\",\"@graph\":[{\"@type\":\"WebPage\",\"@id\":\"https:\\\/\\\/oderon.pl\\\/en\\\/integracja-systemow-teletechnicznych\\\/ochrona-obwodowa\\\/\",\"url\":\"https:\\\/\\\/oderon.pl\\\/en\\\/integracja-systemow-teletechnicznych\\\/ochrona-obwodowa\\\/\",\"name\":\"Ochrona obwodowa - Oderon\",\"isPartOf\":{\"@id\":\"https:\\\/\\\/oderon.pl\\\/#website\"},\"datePublished\":\"2021-05-20T22:17:47+00:00\",\"breadcrumb\":{\"@id\":\"https:\\\/\\\/oderon.pl\\\/en\\\/integracja-systemow-teletechnicznych\\\/ochrona-obwodowa\\\/#breadcrumb\"},\"inLanguage\":\"en-US\",\"potentialAction\":[{\"@type\":\"ReadAction\",\"target\":[\"https:\\\/\\\/oderon.pl\\\/en\\\/integracja-systemow-teletechnicznych\\\/ochrona-obwodowa\\\/\"]}]},{\"@type\":\"BreadcrumbList\",\"@id\":\"https:\\\/\\\/oderon.pl\\\/en\\\/integracja-systemow-teletechnicznych\\\/ochrona-obwodowa\\\/#breadcrumb\",\"itemListElement\":[{\"@type\":\"ListItem\",\"position\":1,\"name\":\"Strona g\u0142\u00f3wna\",\"item\":\"https:\\\/\\\/oderon.pl\\\/en\\\/\"},{\"@type\":\"ListItem\",\"position\":2,\"name\":\"Integracja system\u00f3w teletechnicznych\",\"item\":\"https:\\\/\\\/oderon.pl\\\/en\\\/integracja-systemow-teletechnicznych\\\/\"},{\"@type\":\"ListItem\",\"position\":3,\"name\":\"Ochrona obwodowa\"}]},{\"@type\":\"WebSite\",\"@id\":\"https:\\\/\\\/oderon.pl\\\/#website\",\"url\":\"https:\\\/\\\/oderon.pl\\\/\",\"name\":\"Oderon\",\"description\":\"Nowoczesne technologie kontroli i bezpiecze\u0144stwa\",\"potentialAction\":[{\"@type\":\"SearchAction\",\"target\":{\"@type\":\"EntryPoint\",\"urlTemplate\":\"https:\\\/\\\/oderon.pl\\\/?s={search_term_string}\"},\"query-input\":{\"@type\":\"PropertyValueSpecification\",\"valueRequired\":true,\"valueName\":\"search_term_string\"}}],\"inLanguage\":\"en-US\"}]}<\/script>\n<!-- \/ Yoast SEO plugin. -->","yoast_head_json":{"title":"Ochrona obwodowa - Oderon","robots":{"index":"index","follow":"follow","max-snippet":"max-snippet:-1","max-image-preview":"max-image-preview:large","max-video-preview":"max-video-preview:-1"},"canonical":"https:\/\/oderon.pl\/en\/integracja-systemow-teletechnicznych\/ochrona-obwodowa\/","og_locale":"en_US","og_type":"article","og_title":"Ochrona obwodowa - Oderon","og_description":"Systemy ochrony obwodowej\u00a0to nowoczesny i niezawodny spos\u00f3b na bezpiecze\u0144stwo najwy\u017cszej pr\u00f3by. Sprawdzaj\u0105 si\u0119 wsz\u0119dzie tam, gdzie konieczne jest zabezpieczenie rozleg\u0142ych teren\u00f3w wok\u00f3\u0142 istotnych obiekt\u00f3w: fabryk, elektrowni, lotnisk czy rezydencji. Ich zalet\u0105 jest wczesne ostrzeganie o pr\u00f3bie w\u0142amania zanim jeszcze do niego dojdzie, Pozwala na szybk\u0105 interwencj\u0119, bez ryzyka powstania szk\u00f3d. Instalacja systemu ochrony obwodowej zapewnia&hellip;","og_url":"https:\/\/oderon.pl\/en\/integracja-systemow-teletechnicznych\/ochrona-obwodowa\/","og_site_name":"Oderon","twitter_card":"summary_large_image","twitter_misc":{"Est. reading time":"1 minute"},"schema":{"@context":"https:\/\/schema.org","@graph":[{"@type":"WebPage","@id":"https:\/\/oderon.pl\/en\/integracja-systemow-teletechnicznych\/ochrona-obwodowa\/","url":"https:\/\/oderon.pl\/en\/integracja-systemow-teletechnicznych\/ochrona-obwodowa\/","name":"Ochrona obwodowa - Oderon","isPartOf":{"@id":"https:\/\/oderon.pl\/#website"},"datePublished":"2021-05-20T22:17:47+00:00","breadcrumb":{"@id":"https:\/\/oderon.pl\/en\/integracja-systemow-teletechnicznych\/ochrona-obwodowa\/#breadcrumb"},"inLanguage":"en-US","potentialAction":[{"@type":"ReadAction","target":["https:\/\/oderon.pl\/en\/integracja-systemow-teletechnicznych\/ochrona-obwodowa\/"]}]},{"@type":"BreadcrumbList","@id":"https:\/\/oderon.pl\/en\/integracja-systemow-teletechnicznych\/ochrona-obwodowa\/#breadcrumb","itemListElement":[{"@type":"ListItem","position":1,"name":"Strona g\u0142\u00f3wna","item":"https:\/\/oderon.pl\/en\/"},{"@type":"ListItem","position":2,"name":"Integracja system\u00f3w teletechnicznych","item":"https:\/\/oderon.pl\/en\/integracja-systemow-teletechnicznych\/"},{"@type":"ListItem","position":3,"name":"Ochrona obwodowa"}]},{"@type":"WebSite","@id":"https:\/\/oderon.pl\/#website","url":"https:\/\/oderon.pl\/","name":"Oderon","description":"Nowoczesne technologie kontroli i bezpiecze\u0144stwa","potentialAction":[{"@type":"SearchAction","target":{"@type":"EntryPoint","urlTemplate":"https:\/\/oderon.pl\/?s={search_term_string}"},"query-input":{"@type":"PropertyValueSpecification","valueRequired":true,"valueName":"search_term_string"}}],"inLanguage":"en-US"}]}},"_links":{"self":[{"href":"https:\/\/oderon.pl\/en\/wp-json\/wp\/v2\/pages\/305","targetHints":{"allow":["GET"]}}],"collection":[{"href":"https:\/\/oderon.pl\/en\/wp-json\/wp\/v2\/pages"}],"about":[{"href":"https:\/\/oderon.pl\/en\/wp-json\/wp\/v2\/types\/page"}],"author":[{"embeddable":true,"href":"https:\/\/oderon.pl\/en\/wp-json\/wp\/v2\/users\/1"}],"replies":[{"embeddable":true,"href":"https:\/\/oderon.pl\/en\/wp-json\/wp\/v2\/comments?post=305"}],"version-history":[{"count":0,"href":"https:\/\/oderon.pl\/en\/wp-json\/wp\/v2\/pages\/305\/revisions"}],"up":[{"embeddable":true,"href":"https:\/\/oderon.pl\/en\/wp-json\/wp\/v2\/pages\/302"}],"wp:attachment":[{"href":"https:\/\/oderon.pl\/en\/wp-json\/wp\/v2\/media?parent=305"}],"curies":[{"name":"wp","href":"https:\/\/api.w.org\/{rel}","templated":true}]}}