{"id":302,"date":"2021-05-20T22:32:58","date_gmt":"2021-05-20T20:32:58","guid":{"rendered":"http:\/\/oderon.pl\/integracja-systemow-teletechnicznych\/"},"modified":"2021-05-20T22:32:58","modified_gmt":"2021-05-20T20:32:58","slug":"integracja-systemow-teletechnicznych","status":"publish","type":"page","link":"https:\/\/oderon.pl\/en\/integracja-systemow-teletechnicznych\/","title":{"rendered":"Integracja system\u00f3w teletechnicznych"},"content":{"rendered":"\n<h1>\n\t\t\n\t<\/h1>\n\t<span><span><a href=\"https:\/\/oderon.pl\/en\/\">Strona g\u0142\u00f3wna<\/a><\/span><\/span>\n\tWdra\u017caj\u0105c rozwi\u0105zania BMS wykonawca stoi przed konieczno\u015bci\u0105  powi\u0105zania ze sob\u0105, czasami zupe\u0142nie niezale\u017cnych system\u00f3w. Z naszymi mo\u017cliwo\u015bciami staramy si\u0119 pomaga\u0107 w rozwi\u0105zaniu tego typu problem\u00f3w. Mo\u017cemy zaoferowa\u0107 opracowanie driver\u00f3w komunikacyjnych do wymiany informacji mi\u0119dzy platformami systemowymi, interfejs\u00f3w u\u017cytkownika dostosowanych do indywidualnych potrzeb, czy narz\u0119dzi in\u017cynierskich.<br \/>\n\u015awiadczone przez nas us\u0142ugi obejmuj\u0105 zar\u00f3wno uruchomienie nowych system\u00f3w na nowych platformach, rozszerzenie funkcjonalno\u015bci poprzez upgrade wersji oprogramowania (np. upgrade wersji bazy danych lub systemu backupowego) jak i migracje pomi\u0119dzy systemami, konsolidacj\u0119 system\u00f3w czy te\u017c wirtualizacj\u0119 \u015brodowisk fizycznych obecnie wykorzystywanych przez Klienta.<br \/>\nUs\u0142ugi integracyjne cz\u0119sto s\u0105 pierwszym krokiem do rozpocz\u0119cia \u015bwiadczenia us\u0142ug ci\u0105g\u0142ych takich jak administracja czy support. Us\u0142ugi Integracji System\u00f3w \u015bwiadczymy w firmach r\u00f3\u017cnej wielko\u015bci i z dowolnej bran\u017cy.\n<h2>Jeste\u015bmy w stanie zaprojektowa\u0107, zainstalowa\u0107 b\u0105d\u017a zintegrowa\u0107 systemy bezpiecze\u0144stwa z zakresu:<\/h2>\n<ul>\n<li>Systemy sygnalizacji w\u0142amania i napadu<\/li>\n<li>Telewizji dozorowej<\/li>\n<li>Kontroli dost\u0119pu<\/li>\n<li>Ochrony obwodowej<\/li>\n<li>D\u017awi\u0119kowe systemy ostrzegania<\/li>\n<li>Systemy sygnalizacji po\u017carowej<\/li>\n<li>Systemy oddymiania<\/li>\n<li>Systemy domofonowe i wideodomofonowe<\/li>\n<li>Systemy EIB\/KNX<\/li>\n<\/ul>\n\t<a href=\"http:\/\/oderon.pl\/integracja-systemow-teletechnicznych\/ochrona-obwodowa\/\" target=\"_self\" rel=\"noopener\"><\/a> \n\t\t<h2>Systemy ochrony obwodowej<\/h2>\t\t\t\n\t\t\t\t<p>Systemy ochrony obwodowej to nowoczesny i niezawodny spos\u00f3b na bezpiecze\u0144stwo najwy\u017cszej pr\u00f3by. Sprawdzaj\u0105 si\u0119 wsz\u0119dzie tam, gdzie konieczne jest zabezpieczenie rozleg\u0142ych teren\u00f3w.<\/p>\n\t<a href=\"http:\/\/oderon.pl\/integracja-systemow-teletechnicznych\/telewizja-dozorowa\/\" target=\"_self\" rel=\"noopener\"><\/a> \n\t\t<h2>Telewizja dozorowa<\/h2>\t\t\t\n\t\t\t\t<p>czy te\u017c monitoring CCTV umo\u017cliwia ci\u0105g\u0142\u0105 i kompleksow\u0105 obserwacj\u0119 nadzorowanych obiekt\u00f3w z mo\u017cliwo\u015bci\u0105 podgl\u0105du przez Internet, dostarczaj\u0105c tym samym znacz\u0105c\u0105 pomoc w zapewnieniu bezpiecze\u0144stwa.<\/p>\n\t<a href=\"http:\/\/oderon.pl\/integracja-systemow-teletechnicznych\/sygnalizacja-pozaru\/\" target=\"_self\" rel=\"noopener\"><\/a> \n\t\t<h2>Systemy sygnalizacji po\u017carowej<\/h2>\t\t\t\n\t\t\t\t<p>Po\u017cary powstaj\u0105 z r\u00f3\u017cnych przyczyn. Systemy wykrywania i sygnalizacji po\u017caru maj\u0105 za zadanie wykrycie po\u017caru we wczesnej fazie. Daj\u0105 mo\u017cliwo\u015b\u0107 odpowiednio szybkiej reakcji na zagro\u017cenie po\u017carowe, a co za tym idzie chroni\u0105 \u017cycie ludzi znajduj\u0105cych si\u0119 wewn\u0105trz budynku oraz ograniczaj\u0105 zakres ewentualnych zniszcze\u0144.<\/p>\n\n","protected":false},"excerpt":{"rendered":"<p>Wdra\u017caj\u0105c rozwi\u0105zania BMS wykonawca stoi przed konieczno\u015bci\u0105 powi\u0105zania ze sob\u0105, czasami zupe\u0142nie niezale\u017cnych system\u00f3w. Z naszymi mo\u017cliwo\u015bciami staramy si\u0119 pomaga\u0107 w rozwi\u0105zaniu tego typu problem\u00f3w. Mo\u017cemy zaoferowa\u0107 opracowanie driver\u00f3w komunikacyjnych do wymiany informacji mi\u0119dzy platformami systemowymi, interfejs\u00f3w u\u017cytkownika dostosowanych do indywidualnych potrzeb, czy narz\u0119dzi in\u017cynierskich. \u015awiadczone przez nas us\u0142ugi obejmuj\u0105 zar\u00f3wno uruchomienie nowych system\u00f3w na&hellip;<\/p>\n","protected":false},"author":1,"featured_media":0,"parent":0,"menu_order":0,"comment_status":"closed","ping_status":"closed","template":"","meta":{"footnotes":""},"class_list":["post-302","page","type-page","status-publish","hentry"],"yoast_head":"<!-- This site is optimized with the Yoast SEO plugin v27.4 - https:\/\/yoast.com\/product\/yoast-seo-wordpress\/ -->\n<title>Integracja system\u00f3w teletechnicznych - Oderon<\/title>\n<meta name=\"robots\" content=\"index, follow, max-snippet:-1, max-image-preview:large, max-video-preview:-1\" \/>\n<link rel=\"canonical\" href=\"https:\/\/oderon.pl\/en\/integracja-systemow-teletechnicznych\/\" \/>\n<meta property=\"og:locale\" content=\"en_US\" \/>\n<meta property=\"og:type\" content=\"article\" \/>\n<meta property=\"og:title\" content=\"Integracja system\u00f3w teletechnicznych - Oderon\" \/>\n<meta property=\"og:description\" content=\"Wdra\u017caj\u0105c rozwi\u0105zania BMS wykonawca stoi przed konieczno\u015bci\u0105 powi\u0105zania ze sob\u0105, czasami zupe\u0142nie niezale\u017cnych system\u00f3w. Z naszymi mo\u017cliwo\u015bciami staramy si\u0119 pomaga\u0107 w rozwi\u0105zaniu tego typu problem\u00f3w. Mo\u017cemy zaoferowa\u0107 opracowanie driver\u00f3w komunikacyjnych do wymiany informacji mi\u0119dzy platformami systemowymi, interfejs\u00f3w u\u017cytkownika dostosowanych do indywidualnych potrzeb, czy narz\u0119dzi in\u017cynierskich. \u015awiadczone przez nas us\u0142ugi obejmuj\u0105 zar\u00f3wno uruchomienie nowych system\u00f3w na&hellip;\" \/>\n<meta property=\"og:url\" content=\"https:\/\/oderon.pl\/en\/integracja-systemow-teletechnicznych\/\" \/>\n<meta property=\"og:site_name\" content=\"Oderon\" \/>\n<meta name=\"twitter:card\" content=\"summary_large_image\" \/>\n<meta name=\"twitter:label1\" content=\"Est. reading time\" \/>\n\t<meta name=\"twitter:data1\" content=\"2 minutes\" \/>\n<script type=\"application\/ld+json\" class=\"yoast-schema-graph\">{\"@context\":\"https:\\\/\\\/schema.org\",\"@graph\":[{\"@type\":\"WebPage\",\"@id\":\"https:\\\/\\\/oderon.pl\\\/en\\\/integracja-systemow-teletechnicznych\\\/\",\"url\":\"https:\\\/\\\/oderon.pl\\\/en\\\/integracja-systemow-teletechnicznych\\\/\",\"name\":\"Integracja system\u00f3w teletechnicznych - Oderon\",\"isPartOf\":{\"@id\":\"https:\\\/\\\/oderon.pl\\\/#website\"},\"datePublished\":\"2021-05-20T20:32:58+00:00\",\"breadcrumb\":{\"@id\":\"https:\\\/\\\/oderon.pl\\\/en\\\/integracja-systemow-teletechnicznych\\\/#breadcrumb\"},\"inLanguage\":\"en-US\",\"potentialAction\":[{\"@type\":\"ReadAction\",\"target\":[\"https:\\\/\\\/oderon.pl\\\/en\\\/integracja-systemow-teletechnicznych\\\/\"]}]},{\"@type\":\"BreadcrumbList\",\"@id\":\"https:\\\/\\\/oderon.pl\\\/en\\\/integracja-systemow-teletechnicznych\\\/#breadcrumb\",\"itemListElement\":[{\"@type\":\"ListItem\",\"position\":1,\"name\":\"Strona g\u0142\u00f3wna\",\"item\":\"https:\\\/\\\/oderon.pl\\\/en\\\/\"},{\"@type\":\"ListItem\",\"position\":2,\"name\":\"Integracja system\u00f3w teletechnicznych\"}]},{\"@type\":\"WebSite\",\"@id\":\"https:\\\/\\\/oderon.pl\\\/#website\",\"url\":\"https:\\\/\\\/oderon.pl\\\/\",\"name\":\"Oderon\",\"description\":\"Nowoczesne technologie kontroli i bezpiecze\u0144stwa\",\"potentialAction\":[{\"@type\":\"SearchAction\",\"target\":{\"@type\":\"EntryPoint\",\"urlTemplate\":\"https:\\\/\\\/oderon.pl\\\/?s={search_term_string}\"},\"query-input\":{\"@type\":\"PropertyValueSpecification\",\"valueRequired\":true,\"valueName\":\"search_term_string\"}}],\"inLanguage\":\"en-US\"}]}<\/script>\n<!-- \/ Yoast SEO plugin. -->","yoast_head_json":{"title":"Integracja system\u00f3w teletechnicznych - Oderon","robots":{"index":"index","follow":"follow","max-snippet":"max-snippet:-1","max-image-preview":"max-image-preview:large","max-video-preview":"max-video-preview:-1"},"canonical":"https:\/\/oderon.pl\/en\/integracja-systemow-teletechnicznych\/","og_locale":"en_US","og_type":"article","og_title":"Integracja system\u00f3w teletechnicznych - Oderon","og_description":"Wdra\u017caj\u0105c rozwi\u0105zania BMS wykonawca stoi przed konieczno\u015bci\u0105 powi\u0105zania ze sob\u0105, czasami zupe\u0142nie niezale\u017cnych system\u00f3w. Z naszymi mo\u017cliwo\u015bciami staramy si\u0119 pomaga\u0107 w rozwi\u0105zaniu tego typu problem\u00f3w. Mo\u017cemy zaoferowa\u0107 opracowanie driver\u00f3w komunikacyjnych do wymiany informacji mi\u0119dzy platformami systemowymi, interfejs\u00f3w u\u017cytkownika dostosowanych do indywidualnych potrzeb, czy narz\u0119dzi in\u017cynierskich. \u015awiadczone przez nas us\u0142ugi obejmuj\u0105 zar\u00f3wno uruchomienie nowych system\u00f3w na&hellip;","og_url":"https:\/\/oderon.pl\/en\/integracja-systemow-teletechnicznych\/","og_site_name":"Oderon","twitter_card":"summary_large_image","twitter_misc":{"Est. reading time":"2 minutes"},"schema":{"@context":"https:\/\/schema.org","@graph":[{"@type":"WebPage","@id":"https:\/\/oderon.pl\/en\/integracja-systemow-teletechnicznych\/","url":"https:\/\/oderon.pl\/en\/integracja-systemow-teletechnicznych\/","name":"Integracja system\u00f3w teletechnicznych - Oderon","isPartOf":{"@id":"https:\/\/oderon.pl\/#website"},"datePublished":"2021-05-20T20:32:58+00:00","breadcrumb":{"@id":"https:\/\/oderon.pl\/en\/integracja-systemow-teletechnicznych\/#breadcrumb"},"inLanguage":"en-US","potentialAction":[{"@type":"ReadAction","target":["https:\/\/oderon.pl\/en\/integracja-systemow-teletechnicznych\/"]}]},{"@type":"BreadcrumbList","@id":"https:\/\/oderon.pl\/en\/integracja-systemow-teletechnicznych\/#breadcrumb","itemListElement":[{"@type":"ListItem","position":1,"name":"Strona g\u0142\u00f3wna","item":"https:\/\/oderon.pl\/en\/"},{"@type":"ListItem","position":2,"name":"Integracja system\u00f3w teletechnicznych"}]},{"@type":"WebSite","@id":"https:\/\/oderon.pl\/#website","url":"https:\/\/oderon.pl\/","name":"Oderon","description":"Nowoczesne technologie kontroli i bezpiecze\u0144stwa","potentialAction":[{"@type":"SearchAction","target":{"@type":"EntryPoint","urlTemplate":"https:\/\/oderon.pl\/?s={search_term_string}"},"query-input":{"@type":"PropertyValueSpecification","valueRequired":true,"valueName":"search_term_string"}}],"inLanguage":"en-US"}]}},"_links":{"self":[{"href":"https:\/\/oderon.pl\/en\/wp-json\/wp\/v2\/pages\/302","targetHints":{"allow":["GET"]}}],"collection":[{"href":"https:\/\/oderon.pl\/en\/wp-json\/wp\/v2\/pages"}],"about":[{"href":"https:\/\/oderon.pl\/en\/wp-json\/wp\/v2\/types\/page"}],"author":[{"embeddable":true,"href":"https:\/\/oderon.pl\/en\/wp-json\/wp\/v2\/users\/1"}],"replies":[{"embeddable":true,"href":"https:\/\/oderon.pl\/en\/wp-json\/wp\/v2\/comments?post=302"}],"version-history":[{"count":0,"href":"https:\/\/oderon.pl\/en\/wp-json\/wp\/v2\/pages\/302\/revisions"}],"wp:attachment":[{"href":"https:\/\/oderon.pl\/en\/wp-json\/wp\/v2\/media?parent=302"}],"curies":[{"name":"wp","href":"https:\/\/api.w.org\/{rel}","templated":true}]}}