{"id":351,"date":"2021-05-20T22:42:04","date_gmt":"2021-05-20T20:42:04","guid":{"rendered":"http:\/\/oderon.pl\/oferty-pracy\/"},"modified":"2021-05-20T22:42:04","modified_gmt":"2021-05-20T20:42:04","slug":"oferty-pracy","status":"publish","type":"page","link":"https:\/\/oderon.pl\/de\/oferty-pracy\/","title":{"rendered":"Oferty pracy"},"content":{"rendered":"\n<h1>\n\t\t\n\t<\/h1>\n\t<span><span><a href=\"https:\/\/oderon.pl\/de\/\">Strona g\u0142\u00f3wna<\/a><\/span><\/span>\n<h2>\n\t\tAktualne oferty pracy\n\t<\/h2>\n\t\t\t\t\t\t<h4 tabindex=\"0\">Programista .NET C#<\/h4>\n\t\t\t\n<ul>\n<li>Min.2 lata do\u015bwiadczenia w programowaniu .NET<\/li>\n<li>Dobra znajomo\u015b\u0107 technologii C#.NET, .Net 3.5, .Net 4.5<\/li>\n<li>Do\u015bwiadczenie w pracy z Visual Studio 2013, SQL, WCF<\/li>\n<li>Wykszta\u0142cenie wy\u017csze techniczne (informatyka\/ kierunki pokrewne) minimum licencjat<\/li>\n<li>Umiej\u0119tno\u015b\u0107 analitycznego my\u015blenia<\/li>\n<li>Umiej\u0119tno\u015b\u0107 planowania w\u0142asnych dzia\u0142a\u0144<\/li>\n<li>Umiej\u0119tno\u015b\u0107 rozwi\u0105zywania z\u0142o\u017conych problem\u00f3w programistycznych<\/li>\n<li>Samodzielno\u015b\u0107 i inicjatywa w dzia\u0142aniu<\/li>\n<li>Bardzo dobra organizacja pracy<\/li>\n<li>Otwarto\u015b\u0107 i \u0142atwo\u015b\u0107 w nawi\u0105zywaniu kontakt\u00f3w<\/li>\n<\/ul>\n\n<ul>\n<li>Znajomo\u015b\u0107 NHibernate<\/li>\n<li>Znajomo\u015b\u0107 ASP.NET MVC, WCF<\/li>\n<li>Znajomo\u015b\u0107 zagadnie\u0144 zwi\u0105zanych z IIS oraz Active Directory<\/li>\n<li>Znajomo\u015b\u0107 Transact-SQL<\/li>\n<li>Znajomo\u015b\u0107 MySQL<\/li>\n<li>Znajomo\u015b\u0107 JavaScript<\/li>\n<\/ul>\n\n<ul>\n<li>Rozw\u00f3j i utrzymanie istniej\u0105cego oprogramowania w technologii .NET<\/li>\n<li>Projektowanie i wdra\u017canie efektywnych rozwi\u0105za\u0144 programistycznych<\/li>\n<li>Analiza procesu<\/li>\n<li>Przeprowadzanie test\u00f3w i optymalizacja<\/li>\n<li>Przygotowanie dokumentacji funkcjonalnej i technicznej<\/li>\n<li>Wsp\u00f3\u0142praca z innymi cz\u0142onkami zespo\u0142u w zakresie realizowanego projektu<\/li>\n<\/ul>\n\n<ul>\n<li>umow\u0119 o prac\u0119<\/li>\n<li>prac\u0119 zwi\u0105zan\u0105 z dziedzin\u0105 najnowszych technologii i rozwi\u0105za\u0144 informatycznych<\/li>\n<li>sta\u0142e wynagrodzenie\u00a0<\/li>\n<li>szkolenia i kursy doskonal\u0105ce umiej\u0119tno\u015bci<\/li>\n<li>mo\u017cliwo\u015b\u0107 realizowania w\u0142asnych pomys\u0142\u00f3w<\/li>\n<li>wszystkie niezb\u0119dne narz\u0119dzia pracy<\/li>\n<\/ul>\n\n<p>Zastrzegamy sobie prawo do odpowiedzi tylko na wybrane aplikacje, za wszystkie dzi\u0119kujemy.<\/p>\n\n\t\t\t\t\t\t<h4 tabindex=\"0\">Technik informatyk<\/h4>\n\t\t\t<p><strong>Miejsce pracy:<\/strong> Katowice<\/p>\n\n<p>&#8211; Administracja, konfiguracja i konserwacja urz\u0105dze\u0144 sieciowych (Cisco, serwery, modemy, centralki telefoniczne)<\/p>\n<p>&#8211; Realizacja budowy lokalnych sieci na podstawie projekt\u00f3w, w tym projekt\u00f3w zamiejscowych<\/p>\n<p>&#8211; Obs\u0142uga zg\u0142osze\u0144 klient\u00f3w zewn\u0119trznych w systemie &#8222;SerwisDesk&#8220;<\/p>\n<p>&#8211; Prowadzenie ewidencji pracy wykonanej w ramach zg\u0142osze\u0144 &#8222;SerwisDesk&#8220;<\/p>\n<p>&#8211; Przygotowanie dokumentacji do wykonanej instalacji infrastruktury IT<\/p>\n<p>&#8211; Dba\u0142os\u0107 o terminowe wykonanie zlece\u0144<\/p>\n\n<p>&#8211; Min. 1 rok do\u015bwiadczenia na podobnym stanowisku<\/p>\n<p>&#8211; Do\u015bwiadczenie w budowie sieci kat. 6<\/p>\n<p>&#8211; Dobra znajomo\u015b\u0107 AD<\/p>\n<p>&#8211; Znajomo\u015b\u0107 Cisco (konfiguracja routera i switcha)<\/p>\n<p>&#8211; Dobra znajomo\u015b\u0107 MS Windows 7\/8<\/p>\n<p>&#8211; Dobra znajomo\u015b\u0107 sprz\u0119tu klasy PC<\/p>\n<p>&#8211; Wykszta\u0142cenie wy\u017csze techniczne (informatyka \/ kierunki pokrewne) minimum licencjat<\/p>\n<p>&#8211; Bardzo dobra organizacja pracy<\/p>\n<p>&#8211; Otwarto\u015b\u0107 i \u0142atwo\u015b\u0107 w nawi\u0105zywaniu kontakt\u00f3w<\/p>\n<p>&#8211; Umiej\u0119tno\u015b\u0107 szybkiego przyswajania wiedzy<\/p>\n<p>&#8211; Prawo jazdy kat. B<\/p>\n\n<p>&#8211; Umow\u0119 o prac\u0119<\/p>\n<p>&#8211; Prac\u0119 zwi\u0105zan\u0105 z dziedzin\u0105 najnowszych technologii i rozwi\u0105za\u0144 informatycznych<\/p>\n<p>&#8211; Sta\u0142e wynagrodzenie<\/p>\n<p>&#8211; Szkolenia i kursy doskonal\u0105ce umiej\u0119tno\u015bci<\/p>\n<p>&#8211; Mo\u017cliwo\u015b\u0107 realizowania w\u0142asnych pomys\u0142\u00f3w<\/p>\n<p>&#8211; Wszystkie niezb\u0119dne narz\u0119dzia pracy<\/p>\n\n<p>Zastrzegamy sobie prawo do odpowiedzi tylko na wybrane aplikacje, za wszystkie dzi\u0119kujemy.<\/p>\n\n<h2>\n\t\tProces rekrutacji\n\t<\/h2>\n\t<p>W zale\u017cno\u015bci od tego, na jakie stanowisko pracy prowadzimy rekrutacj\u0119, ca\u0142y proces dzieli si\u0119 na dwa do czterech etap\u00f3w, podczas kt\u00f3rych sprawdzamy wiedz\u0119, do\u015bwiadczenie i predyspozycje kandydat\u00f3w.<\/p>\n\n<p>Selekcjonujemy wszystkie nades\u0142ane aplikacje pod k\u0105tem kompetencji niezb\u0119dnych na dane stanowisko. Czytamy ka\u017cde CV i ka\u017cdy list motywacyjny, dlatego na tym etapie kontaktujemy si\u0119 tylko z wybranymi osobami.<\/p>\n\na) Test wiedzy &#8211; przeprowadzany jest w zale\u017cno\u015bci od specyfiki stanowiska. Test rozwi\u0105zywany jest indywidualnie, w siedzibie naszej firmy i trwa od 45 do 60 minut.<br \/>\nb) Zadanie \u00a0&#8211; pomaga sprawdzi\u0107 praktyczne wykorzystanie wiedzy.\n\n<p>Po przeprowadzonej selekcji aplikacji, b\u0105d\u017a ewentualnym te\u015bcie wiedzy, wy\u0142ania si\u0119 grupa kandydat\u00f3w, kt\u00f3rzy zostaj\u0105 zaproszeni na rozmow\u0119 rekrutacyjn\u0105. Podczas spotkania rozmawiamy o do\u015bwiadczeniu, pasjach, edukacji kandydata oraz sprawdzamy jego wiedz\u0119 merytoryczn\u0105. Weryfikujemy r\u00f3wnie\u017c cechy i predyspozycje, zar\u00f3wno pod k\u0105tem dopasowania do konkretnego stanowiska pracy, jak i ca\u0142ego zespo\u0142u.<\/p>\n\n<p>Do udzia\u0142u w takim spotkaniu zapraszane s\u0105 osoby, z kt\u00f3rymi chcemy nawi\u0105za\u0107 wsp\u00f3\u0142prac\u0119. Omawiamy \u00a0warunki zatrudnienia, a tak\u017ce przekazujemy dokumenty niezb\u0119dne do podpisania umowy.<\/p>\n\n<p>Proces rekrutacji nie ko\u0144czy si\u0119 wraz z podpisaniem umowy. Zdajemy sobie spraw\u0119, \u017ce pierwsze dni w nowym miejscu pracy bywaj\u0105 stresuj\u0105ce i do\u015b\u0107 trudne. Dlatego dok\u0142adamy wszelkich stara\u0144, aby zniwelowa\u0107 te wra\u017cenia, zast\u0119puj\u0105c je samymi pozytywnymi \ud83d\ude42 Osoby, kt\u00f3re przesz\u0142y przez ca\u0142y proces rekrutacji, w pierwszym tygodniu pracy uczestnicz\u0105 w kilku wewn\u0119trznych szkoleniach, kt\u00f3re pomagaj\u0105 pozna\u0107 lepiej nasz\u0105 firm\u0119 oraz zasady w niej panuj\u0105ce.<\/p>\n<h2>\n\t\tOferta dla Student\u00f3w (Program praktyk)\n\t<\/h2>\n\tProwadzimy \u00a0Program Praktyk.<br \/>\nTo propozycja dla student\u00f3w IV i V roku, kt\u00f3rzy chc\u0105 prze\u017cy\u0107 wakacyjn\u0105 przygod\u0119 z biznesem!\nProgram Praktyk \u00a0trwa 1-3 miesi\u0105ce (lipiec-wrzesie\u0144), w zale\u017cno\u015bci od rodzaju i zakresu powierzonych zada\u0144.<br \/>\nW trakcie praktyk realizowane s\u0105 projekty wynikaj\u0105ce z aktualnych potrzeb biznesowych naszej firmy. Nad t\u0105 prac\u0105 sprawuje opiek\u0119 bezpo\u015bredni prze\u0142o\u017cony &#8211; opiekun praktyk. Uczestnik programu w\u0142\u0105cza \u00a0si\u0119 w bie\u017c\u0105c\u0105 prac\u0119 wybranego dzia\u0142u. Uczy si\u0119 \u00a0jak funkcjonuje firma sprawuj\u0105ca nadz\u00f3r na wieloma du\u017cymi projektami .\n<p>Je\u015bli:<\/p>\n<ul>\n<li>jeste\u015b studentem IV lub V roku, kt\u00f3ry chce prze\u017cy\u0107 \u00a0przygod\u0119 z biznesem<\/li>\n<li>masz sprecyzowane zainteresowania i chcia\u0142by\u015b pozna\u0107 w praktyce jeden z obszar\u00f3w funkcjonowania naszej firmy<\/li>\n<li>jeste\u015b ambitny i lubisz wyzwania<\/li>\n<\/ul>\n<p>&#8230;to zapraszamy Ci\u0119 do przes\u0142ania swoich dokument\u00f3w aplikacyjnych (CV wraz z listem motywacyjnym).<\/p>\n<p>Program Praktyk to \u015bwietny pomys\u0142, aby rozpocz\u0105\u0107 swoj\u0105 karier\u0119 w Oderon.<\/p>\n\n","protected":false},"excerpt":{"rendered":"<p>Aktualne oferty pracy Programista .NET C# Min.2 lata do\u015bwiadczenia w programowaniu .NET Dobra znajomo\u015b\u0107 technologii C#.NET, .Net 3.5, .Net 4.5 Do\u015bwiadczenie w pracy z Visual Studio 2013, SQL, WCF Wykszta\u0142cenie wy\u017csze techniczne (informatyka\/ kierunki pokrewne) minimum licencjat Umiej\u0119tno\u015b\u0107 analitycznego my\u015blenia Umiej\u0119tno\u015b\u0107 planowania w\u0142asnych dzia\u0142a\u0144 Umiej\u0119tno\u015b\u0107 rozwi\u0105zywania z\u0142o\u017conych problem\u00f3w programistycznych Samodzielno\u015b\u0107 i inicjatywa w dzia\u0142aniu Bardzo&hellip;<\/p>\n","protected":false},"author":1,"featured_media":0,"parent":0,"menu_order":0,"comment_status":"closed","ping_status":"closed","template":"","meta":{"footnotes":""},"class_list":["post-351","page","type-page","status-publish","hentry"],"yoast_head":"<!-- This site is optimized with the Yoast SEO plugin v27.4 - https:\/\/yoast.com\/product\/yoast-seo-wordpress\/ -->\n<title>Oferty pracy - Oderon<\/title>\n<meta name=\"robots\" content=\"index, follow, max-snippet:-1, max-image-preview:large, max-video-preview:-1\" \/>\n<link rel=\"canonical\" href=\"https:\/\/oderon.pl\/de\/oferty-pracy\/\" \/>\n<meta property=\"og:locale\" content=\"de_DE\" \/>\n<meta property=\"og:type\" content=\"article\" \/>\n<meta property=\"og:title\" content=\"Oferty pracy - Oderon\" \/>\n<meta property=\"og:description\" content=\"Aktualne oferty pracy Programista .NET C# Min.2 lata do\u015bwiadczenia w programowaniu .NET Dobra znajomo\u015b\u0107 technologii C#.NET, .Net 3.5, .Net 4.5 Do\u015bwiadczenie w pracy z Visual Studio 2013, SQL, WCF Wykszta\u0142cenie wy\u017csze techniczne (informatyka\/ kierunki pokrewne) minimum licencjat Umiej\u0119tno\u015b\u0107 analitycznego my\u015blenia Umiej\u0119tno\u015b\u0107 planowania w\u0142asnych dzia\u0142a\u0144 Umiej\u0119tno\u015b\u0107 rozwi\u0105zywania z\u0142o\u017conych problem\u00f3w programistycznych Samodzielno\u015b\u0107 i inicjatywa w dzia\u0142aniu Bardzo&hellip;\" \/>\n<meta property=\"og:url\" content=\"https:\/\/oderon.pl\/de\/oferty-pracy\/\" \/>\n<meta property=\"og:site_name\" content=\"Oderon\" \/>\n<meta name=\"twitter:card\" content=\"summary_large_image\" \/>\n<meta name=\"twitter:label1\" content=\"Gesch\u00e4tzte Lesezeit\" \/>\n\t<meta name=\"twitter:data1\" content=\"4\u00a0Minuten\" \/>\n<script type=\"application\/ld+json\" class=\"yoast-schema-graph\">{\"@context\":\"https:\\\/\\\/schema.org\",\"@graph\":[{\"@type\":\"WebPage\",\"@id\":\"https:\\\/\\\/oderon.pl\\\/de\\\/oferty-pracy\\\/\",\"url\":\"https:\\\/\\\/oderon.pl\\\/de\\\/oferty-pracy\\\/\",\"name\":\"Oferty pracy - Oderon\",\"isPartOf\":{\"@id\":\"https:\\\/\\\/oderon.pl\\\/#website\"},\"datePublished\":\"2021-05-20T20:42:04+00:00\",\"breadcrumb\":{\"@id\":\"https:\\\/\\\/oderon.pl\\\/de\\\/oferty-pracy\\\/#breadcrumb\"},\"inLanguage\":\"de\",\"potentialAction\":[{\"@type\":\"ReadAction\",\"target\":[\"https:\\\/\\\/oderon.pl\\\/de\\\/oferty-pracy\\\/\"]}]},{\"@type\":\"BreadcrumbList\",\"@id\":\"https:\\\/\\\/oderon.pl\\\/de\\\/oferty-pracy\\\/#breadcrumb\",\"itemListElement\":[{\"@type\":\"ListItem\",\"position\":1,\"name\":\"Strona g\u0142\u00f3wna\",\"item\":\"https:\\\/\\\/oderon.pl\\\/de\\\/\"},{\"@type\":\"ListItem\",\"position\":2,\"name\":\"Oferty pracy\"}]},{\"@type\":\"WebSite\",\"@id\":\"https:\\\/\\\/oderon.pl\\\/#website\",\"url\":\"https:\\\/\\\/oderon.pl\\\/\",\"name\":\"Oderon\",\"description\":\"Nowoczesne technologie kontroli i bezpiecze\u0144stwa\",\"potentialAction\":[{\"@type\":\"SearchAction\",\"target\":{\"@type\":\"EntryPoint\",\"urlTemplate\":\"https:\\\/\\\/oderon.pl\\\/?s={search_term_string}\"},\"query-input\":{\"@type\":\"PropertyValueSpecification\",\"valueRequired\":true,\"valueName\":\"search_term_string\"}}],\"inLanguage\":\"de\"}]}<\/script>\n<!-- \/ Yoast SEO plugin. -->","yoast_head_json":{"title":"Oferty pracy - Oderon","robots":{"index":"index","follow":"follow","max-snippet":"max-snippet:-1","max-image-preview":"max-image-preview:large","max-video-preview":"max-video-preview:-1"},"canonical":"https:\/\/oderon.pl\/de\/oferty-pracy\/","og_locale":"de_DE","og_type":"article","og_title":"Oferty pracy - Oderon","og_description":"Aktualne oferty pracy Programista .NET C# Min.2 lata do\u015bwiadczenia w programowaniu .NET Dobra znajomo\u015b\u0107 technologii C#.NET, .Net 3.5, .Net 4.5 Do\u015bwiadczenie w pracy z Visual Studio 2013, SQL, WCF Wykszta\u0142cenie wy\u017csze techniczne (informatyka\/ kierunki pokrewne) minimum licencjat Umiej\u0119tno\u015b\u0107 analitycznego my\u015blenia Umiej\u0119tno\u015b\u0107 planowania w\u0142asnych dzia\u0142a\u0144 Umiej\u0119tno\u015b\u0107 rozwi\u0105zywania z\u0142o\u017conych problem\u00f3w programistycznych Samodzielno\u015b\u0107 i inicjatywa w dzia\u0142aniu Bardzo&hellip;","og_url":"https:\/\/oderon.pl\/de\/oferty-pracy\/","og_site_name":"Oderon","twitter_card":"summary_large_image","twitter_misc":{"Gesch\u00e4tzte Lesezeit":"4\u00a0Minuten"},"schema":{"@context":"https:\/\/schema.org","@graph":[{"@type":"WebPage","@id":"https:\/\/oderon.pl\/de\/oferty-pracy\/","url":"https:\/\/oderon.pl\/de\/oferty-pracy\/","name":"Oferty pracy - Oderon","isPartOf":{"@id":"https:\/\/oderon.pl\/#website"},"datePublished":"2021-05-20T20:42:04+00:00","breadcrumb":{"@id":"https:\/\/oderon.pl\/de\/oferty-pracy\/#breadcrumb"},"inLanguage":"de","potentialAction":[{"@type":"ReadAction","target":["https:\/\/oderon.pl\/de\/oferty-pracy\/"]}]},{"@type":"BreadcrumbList","@id":"https:\/\/oderon.pl\/de\/oferty-pracy\/#breadcrumb","itemListElement":[{"@type":"ListItem","position":1,"name":"Strona g\u0142\u00f3wna","item":"https:\/\/oderon.pl\/de\/"},{"@type":"ListItem","position":2,"name":"Oferty pracy"}]},{"@type":"WebSite","@id":"https:\/\/oderon.pl\/#website","url":"https:\/\/oderon.pl\/","name":"Oderon","description":"Nowoczesne technologie kontroli i bezpiecze\u0144stwa","potentialAction":[{"@type":"SearchAction","target":{"@type":"EntryPoint","urlTemplate":"https:\/\/oderon.pl\/?s={search_term_string}"},"query-input":{"@type":"PropertyValueSpecification","valueRequired":true,"valueName":"search_term_string"}}],"inLanguage":"de"}]}},"_links":{"self":[{"href":"https:\/\/oderon.pl\/de\/wp-json\/wp\/v2\/pages\/351","targetHints":{"allow":["GET"]}}],"collection":[{"href":"https:\/\/oderon.pl\/de\/wp-json\/wp\/v2\/pages"}],"about":[{"href":"https:\/\/oderon.pl\/de\/wp-json\/wp\/v2\/types\/page"}],"author":[{"embeddable":true,"href":"https:\/\/oderon.pl\/de\/wp-json\/wp\/v2\/users\/1"}],"replies":[{"embeddable":true,"href":"https:\/\/oderon.pl\/de\/wp-json\/wp\/v2\/comments?post=351"}],"version-history":[{"count":0,"href":"https:\/\/oderon.pl\/de\/wp-json\/wp\/v2\/pages\/351\/revisions"}],"wp:attachment":[{"href":"https:\/\/oderon.pl\/de\/wp-json\/wp\/v2\/media?parent=351"}],"curies":[{"name":"wp","href":"https:\/\/api.w.org\/{rel}","templated":true}]}}