{"id":301,"date":"2021-05-20T23:47:19","date_gmt":"2021-05-20T21:47:19","guid":{"rendered":"http:\/\/oderon.pl\/ier\/"},"modified":"2021-05-20T23:47:19","modified_gmt":"2021-05-20T21:47:19","slug":"ier","status":"publish","type":"page","link":"https:\/\/oderon.pl\/de\/lotniska\/ier\/","title":{"rendered":"IER"},"content":{"rendered":"\n<h1>\n\t\t\n\t<\/h1>\n\t<span><span><a href=\"https:\/\/oderon.pl\/de\/\">Strona g\u0142\u00f3wna<\/a><\/span><\/span>\n\t<a href=\"#\" target=\"_blank\" rel=\"noopener\"><\/a> \n\t\t\t<h2>Odprawa pasa\u017cerska i&nbsp;rozwi\u0105zania przywieszek baga\u017cowych<\/h2>\t\t\t\n\t\t\t\t<p>Zakres produkt\u00f3w i rozwi\u0105za\u0144 obejmuje\u00a0wysokiej wydajno\u015bci drukarki\u00a0do kart pok\u0142adowych, przywieszek baga\u017cowych i pask\u00f3w ATC.\u00a0Wszystkie drukarki s\u0105 zgodne ze standardami IATA i ich rozszerzone mo\u017cliwo\u015bci pozwalaj\u0105 na d\u0142u\u017cszy czas pracy\u00a0i obni\u017cenie koszt\u00f3w operacyjnych.<\/p>\n\t<a href=\"#\" target=\"_blank\" rel=\"noopener\"><\/a> \n\t\t\t<h2>Kontrola dost\u0119pu, kontrola graniczna i&nbsp;pok\u0142adowa<\/h2>\t\t\t\n\t\t\t\t<p>Zakres rozwi\u0105za\u0144 kontroli obejmuje czytniki dla za\u0142ogowych bram, jak r\u00f3wnie\u017c w pe\u0142ni zautomatyzowanych rozwi\u0105za\u0144 bram pok\u0142adowych. IER oferuje tak\u017ce szerok\u0105 gam\u0119 zautomatyzowanych rozwi\u0105za\u0144, kt\u00f3re u\u0142atwiaj\u0105 proces kontroli granicznej.<\/p>\n\t<a href=\"#\" target=\"_blank\" rel=\"noopener\"><\/a> \n\t\t\t<h2>Samoobs\u0142ugowa i mobilna odprawa pasa\u017cerska<\/h2>\t\t\t\n\t\t\t\t<p>IER jest wiod\u0105cym dostawc\u0105 kompletnych rozwi\u0105za\u0144 samoobs\u0142ugowej odprawy pasa\u017cerskiej, z kompleksow\u0105 ofert\u0105 sprz\u0119tu, oprogramowania, zdalnego monitoringu us\u0142ug.<\/p>\n\n","protected":false},"excerpt":{"rendered":"<p>Odprawa pasa\u017cerska i&nbsp;rozwi\u0105zania przywieszek baga\u017cowych Zakres produkt\u00f3w i rozwi\u0105za\u0144 obejmuje\u00a0wysokiej wydajno\u015bci drukarki\u00a0do kart pok\u0142adowych, przywieszek baga\u017cowych i pask\u00f3w ATC.\u00a0Wszystkie drukarki s\u0105 zgodne ze standardami IATA i ich rozszerzone mo\u017cliwo\u015bci pozwalaj\u0105 na d\u0142u\u017cszy czas pracy\u00a0i obni\u017cenie koszt\u00f3w operacyjnych. Kontrola dost\u0119pu, kontrola graniczna i&nbsp;pok\u0142adowa Zakres rozwi\u0105za\u0144 kontroli obejmuje czytniki dla za\u0142ogowych bram, jak r\u00f3wnie\u017c w pe\u0142ni zautomatyzowanych&hellip;<\/p>\n","protected":false},"author":1,"featured_media":0,"parent":330,"menu_order":0,"comment_status":"closed","ping_status":"closed","template":"","meta":{"footnotes":""},"class_list":["post-301","page","type-page","status-publish","hentry"],"yoast_head":"<!-- This site is optimized with the Yoast SEO plugin v27.5 - https:\/\/yoast.com\/product\/yoast-seo-wordpress\/ -->\n<title>IER - Oderon<\/title>\n<meta name=\"robots\" content=\"index, follow, max-snippet:-1, max-image-preview:large, max-video-preview:-1\" \/>\n<link rel=\"canonical\" href=\"https:\/\/oderon.pl\/de\/lotniska\/ier\/\" \/>\n<meta property=\"og:locale\" content=\"de_DE\" \/>\n<meta property=\"og:type\" content=\"article\" \/>\n<meta property=\"og:title\" content=\"IER - Oderon\" \/>\n<meta property=\"og:description\" content=\"Odprawa pasa\u017cerska i&nbsp;rozwi\u0105zania przywieszek baga\u017cowych Zakres produkt\u00f3w i rozwi\u0105za\u0144 obejmuje\u00a0wysokiej wydajno\u015bci drukarki\u00a0do kart pok\u0142adowych, przywieszek baga\u017cowych i pask\u00f3w ATC.\u00a0Wszystkie drukarki s\u0105 zgodne ze standardami IATA i ich rozszerzone mo\u017cliwo\u015bci pozwalaj\u0105 na d\u0142u\u017cszy czas pracy\u00a0i obni\u017cenie koszt\u00f3w operacyjnych. Kontrola dost\u0119pu, kontrola graniczna i&nbsp;pok\u0142adowa Zakres rozwi\u0105za\u0144 kontroli obejmuje czytniki dla za\u0142ogowych bram, jak r\u00f3wnie\u017c w pe\u0142ni zautomatyzowanych&hellip;\" \/>\n<meta property=\"og:url\" content=\"https:\/\/oderon.pl\/de\/lotniska\/ier\/\" \/>\n<meta property=\"og:site_name\" content=\"Oderon\" \/>\n<meta name=\"twitter:card\" content=\"summary_large_image\" \/>\n<meta name=\"twitter:label1\" content=\"Gesch\u00e4tzte Lesezeit\" \/>\n\t<meta name=\"twitter:data1\" content=\"1\u00a0Minute\" \/>\n<script type=\"application\/ld+json\" class=\"yoast-schema-graph\">{\"@context\":\"https:\\\/\\\/schema.org\",\"@graph\":[{\"@type\":\"WebPage\",\"@id\":\"https:\\\/\\\/oderon.pl\\\/de\\\/lotniska\\\/ier\\\/\",\"url\":\"https:\\\/\\\/oderon.pl\\\/de\\\/lotniska\\\/ier\\\/\",\"name\":\"IER - Oderon\",\"isPartOf\":{\"@id\":\"https:\\\/\\\/oderon.pl\\\/#website\"},\"datePublished\":\"2021-05-20T21:47:19+00:00\",\"breadcrumb\":{\"@id\":\"https:\\\/\\\/oderon.pl\\\/de\\\/lotniska\\\/ier\\\/#breadcrumb\"},\"inLanguage\":\"de\",\"potentialAction\":[{\"@type\":\"ReadAction\",\"target\":[\"https:\\\/\\\/oderon.pl\\\/de\\\/lotniska\\\/ier\\\/\"]}]},{\"@type\":\"BreadcrumbList\",\"@id\":\"https:\\\/\\\/oderon.pl\\\/de\\\/lotniska\\\/ier\\\/#breadcrumb\",\"itemListElement\":[{\"@type\":\"ListItem\",\"position\":1,\"name\":\"Strona g\u0142\u00f3wna\",\"item\":\"https:\\\/\\\/oderon.pl\\\/de\\\/\"},{\"@type\":\"ListItem\",\"position\":2,\"name\":\"Lotniska\",\"item\":\"https:\\\/\\\/oderon.pl\\\/de\\\/lotniska\\\/\"},{\"@type\":\"ListItem\",\"position\":3,\"name\":\"IER\"}]},{\"@type\":\"WebSite\",\"@id\":\"https:\\\/\\\/oderon.pl\\\/#website\",\"url\":\"https:\\\/\\\/oderon.pl\\\/\",\"name\":\"Oderon\",\"description\":\"Nowoczesne technologie kontroli i bezpiecze\u0144stwa\",\"potentialAction\":[{\"@type\":\"SearchAction\",\"target\":{\"@type\":\"EntryPoint\",\"urlTemplate\":\"https:\\\/\\\/oderon.pl\\\/?s={search_term_string}\"},\"query-input\":{\"@type\":\"PropertyValueSpecification\",\"valueRequired\":true,\"valueName\":\"search_term_string\"}}],\"inLanguage\":\"de\"}]}<\/script>\n<!-- \/ Yoast SEO plugin. -->","yoast_head_json":{"title":"IER - Oderon","robots":{"index":"index","follow":"follow","max-snippet":"max-snippet:-1","max-image-preview":"max-image-preview:large","max-video-preview":"max-video-preview:-1"},"canonical":"https:\/\/oderon.pl\/de\/lotniska\/ier\/","og_locale":"de_DE","og_type":"article","og_title":"IER - Oderon","og_description":"Odprawa pasa\u017cerska i&nbsp;rozwi\u0105zania przywieszek baga\u017cowych Zakres produkt\u00f3w i rozwi\u0105za\u0144 obejmuje\u00a0wysokiej wydajno\u015bci drukarki\u00a0do kart pok\u0142adowych, przywieszek baga\u017cowych i pask\u00f3w ATC.\u00a0Wszystkie drukarki s\u0105 zgodne ze standardami IATA i ich rozszerzone mo\u017cliwo\u015bci pozwalaj\u0105 na d\u0142u\u017cszy czas pracy\u00a0i obni\u017cenie koszt\u00f3w operacyjnych. Kontrola dost\u0119pu, kontrola graniczna i&nbsp;pok\u0142adowa Zakres rozwi\u0105za\u0144 kontroli obejmuje czytniki dla za\u0142ogowych bram, jak r\u00f3wnie\u017c w pe\u0142ni zautomatyzowanych&hellip;","og_url":"https:\/\/oderon.pl\/de\/lotniska\/ier\/","og_site_name":"Oderon","twitter_card":"summary_large_image","twitter_misc":{"Gesch\u00e4tzte Lesezeit":"1\u00a0Minute"},"schema":{"@context":"https:\/\/schema.org","@graph":[{"@type":"WebPage","@id":"https:\/\/oderon.pl\/de\/lotniska\/ier\/","url":"https:\/\/oderon.pl\/de\/lotniska\/ier\/","name":"IER - Oderon","isPartOf":{"@id":"https:\/\/oderon.pl\/#website"},"datePublished":"2021-05-20T21:47:19+00:00","breadcrumb":{"@id":"https:\/\/oderon.pl\/de\/lotniska\/ier\/#breadcrumb"},"inLanguage":"de","potentialAction":[{"@type":"ReadAction","target":["https:\/\/oderon.pl\/de\/lotniska\/ier\/"]}]},{"@type":"BreadcrumbList","@id":"https:\/\/oderon.pl\/de\/lotniska\/ier\/#breadcrumb","itemListElement":[{"@type":"ListItem","position":1,"name":"Strona g\u0142\u00f3wna","item":"https:\/\/oderon.pl\/de\/"},{"@type":"ListItem","position":2,"name":"Lotniska","item":"https:\/\/oderon.pl\/de\/lotniska\/"},{"@type":"ListItem","position":3,"name":"IER"}]},{"@type":"WebSite","@id":"https:\/\/oderon.pl\/#website","url":"https:\/\/oderon.pl\/","name":"Oderon","description":"Nowoczesne technologie kontroli i bezpiecze\u0144stwa","potentialAction":[{"@type":"SearchAction","target":{"@type":"EntryPoint","urlTemplate":"https:\/\/oderon.pl\/?s={search_term_string}"},"query-input":{"@type":"PropertyValueSpecification","valueRequired":true,"valueName":"search_term_string"}}],"inLanguage":"de"}]}},"_links":{"self":[{"href":"https:\/\/oderon.pl\/de\/wp-json\/wp\/v2\/pages\/301","targetHints":{"allow":["GET"]}}],"collection":[{"href":"https:\/\/oderon.pl\/de\/wp-json\/wp\/v2\/pages"}],"about":[{"href":"https:\/\/oderon.pl\/de\/wp-json\/wp\/v2\/types\/page"}],"author":[{"embeddable":true,"href":"https:\/\/oderon.pl\/de\/wp-json\/wp\/v2\/users\/1"}],"replies":[{"embeddable":true,"href":"https:\/\/oderon.pl\/de\/wp-json\/wp\/v2\/comments?post=301"}],"version-history":[{"count":0,"href":"https:\/\/oderon.pl\/de\/wp-json\/wp\/v2\/pages\/301\/revisions"}],"up":[{"embeddable":true,"href":"https:\/\/oderon.pl\/de\/wp-json\/wp\/v2\/pages\/330"}],"wp:attachment":[{"href":"https:\/\/oderon.pl\/de\/wp-json\/wp\/v2\/media?parent=301"}],"curies":[{"name":"wp","href":"https:\/\/api.w.org\/{rel}","templated":true}]}}