{"id":376,"date":"2021-05-18T22:10:48","date_gmt":"2021-05-18T20:10:48","guid":{"rendered":"http:\/\/oderon.pl\/strona-glowna\/"},"modified":"2024-11-21T08:56:28","modified_gmt":"2024-11-21T07:56:28","slug":"strona-glowna","status":"publish","type":"page","link":"https:\/\/oderon.pl\/ar\/","title":{"rendered":"Strona g\u0142\u00f3wna"},"content":{"rendered":"\n\n\t\n\t<a href=\"http:\/\/oderon.pl\/engineering-it\/\" target=\"_self\"  aria-label=\"Go to http:\/\/oderon.pl\/engineering-it\/\"><\/a>\n\t\t<h3>Engineering IT<\/h3>\t\t\t\n\t\t\t\t<p>Strategia Informatyzacji, Audyt Przedwdro\u017ceniowy, Zarz\u0105dzanie Projektem IT z uwzgl\u0119dnieniem Cyberbezpiecze\u0144stwa<\/p>\n\t<a href=\"http:\/\/oderon.pl\/tworzenie-aplikacji\/\" target=\"_self\"  aria-label=\"Go to http:\/\/oderon.pl\/tworzenie-aplikacji\/\"><\/a>\n\t\t<h3>Tworzenie Aplikacji dedykowanych<\/h3>\t\t\t\n\t\t\t\t<p>W dzisiejszych czasach co raz wi\u0119kszy nacisk k\u0142adziony jest na bezpiecze\u0144stwo, przy jednoczesnym zachowaniu komfortu pracy. Dzi\u0119ki zastosowaniu system\u00f3w kontroli dost\u0119pu mo\u017cemy spe\u0142ni\u0107 jednocze\u015bnie te dwa warunki. Pozwalaj\u0105 one zabezpiecza\u0107 wszelkiego rodzaju przej\u015bcia kontroli i bezpiecze\u0144stwa.<\/p>\n\t<a href=\"https:\/\/oderon.pl\/lotniska-copy\/\" target=\"_self\"  aria-label=\"Go to https:\/\/oderon.pl\/lotniska-copy\/\"><\/a>\n\t\t<h3>Doradztwo w Zakresie Bezpiecze\u0144stwa Przeciwdronowego<\/h3>\t\t\t\n\t\t\t\t<p>Nasze do\u015bwiadczenie zdobyte na terenie Ukrainy pozwala nam oferowa\u0107 kompleksowe doradztwo w zakresie zabezpieczenia obiekt\u00f3w przed zagro\u017ceniem dronowym. Nasz zesp\u00f3\u0142 ekspert\u00f3w ma unikalne kompetencje w projektowaniu i wdra\u017caniu zaawansowanych system\u00f3w ochrony przestrzeni powietrznej.<\/p>\n\n","protected":false},"excerpt":{"rendered":"<p>Engineering IT Strategia Informatyzacji, Audyt Przedwdro\u017ceniowy, Zarz\u0105dzanie Projektem IT z uwzgl\u0119dnieniem Cyberbezpiecze\u0144stwa Tworzenie Aplikacji dedykowanych W dzisiejszych czasach co raz wi\u0119kszy nacisk k\u0142adziony jest na bezpiecze\u0144stwo, przy jednoczesnym zachowaniu komfortu pracy. Dzi\u0119ki zastosowaniu system\u00f3w kontroli dost\u0119pu mo\u017cemy spe\u0142ni\u0107 jednocze\u015bnie te dwa warunki. Pozwalaj\u0105 one zabezpiecza\u0107 wszelkiego rodzaju przej\u015bcia kontroli i bezpiecze\u0144stwa. Doradztwo w Zakresie Bezpiecze\u0144stwa&hellip;<\/p>\n","protected":false},"author":1,"featured_media":0,"parent":0,"menu_order":0,"comment_status":"closed","ping_status":"closed","template":"","meta":{"footnotes":""},"class_list":["post-376","page","type-page","status-publish","hentry"],"yoast_head":"<!-- This site is optimized with the Yoast SEO plugin v27.4 - https:\/\/yoast.com\/product\/yoast-seo-wordpress\/ -->\n<title>Strona g\u0142\u00f3wna - Oderon<\/title>\n<meta name=\"robots\" content=\"index, follow, max-snippet:-1, max-image-preview:large, max-video-preview:-1\" \/>\n<link rel=\"canonical\" href=\"https:\/\/oderon.pl\/ar\/\" \/>\n<meta property=\"og:locale\" content=\"ar_AR\" \/>\n<meta property=\"og:type\" content=\"article\" \/>\n<meta property=\"og:title\" content=\"Strona g\u0142\u00f3wna - Oderon\" \/>\n<meta property=\"og:description\" content=\"Engineering IT Strategia Informatyzacji, Audyt Przedwdro\u017ceniowy, Zarz\u0105dzanie Projektem IT z uwzgl\u0119dnieniem Cyberbezpiecze\u0144stwa Tworzenie Aplikacji dedykowanych W dzisiejszych czasach co raz wi\u0119kszy nacisk k\u0142adziony jest na bezpiecze\u0144stwo, przy jednoczesnym zachowaniu komfortu pracy. Dzi\u0119ki zastosowaniu system\u00f3w kontroli dost\u0119pu mo\u017cemy spe\u0142ni\u0107 jednocze\u015bnie te dwa warunki. Pozwalaj\u0105 one zabezpiecza\u0107 wszelkiego rodzaju przej\u015bcia kontroli i bezpiecze\u0144stwa. Doradztwo w Zakresie Bezpiecze\u0144stwa&hellip;\" \/>\n<meta property=\"og:url\" content=\"https:\/\/oderon.pl\/ar\/\" \/>\n<meta property=\"og:site_name\" content=\"Oderon\" \/>\n<meta property=\"article:modified_time\" content=\"2024-11-21T07:56:28+00:00\" \/>\n<meta name=\"twitter:card\" content=\"summary_large_image\" \/>\n<script type=\"application\/ld+json\" class=\"yoast-schema-graph\">{\"@context\":\"https:\\\/\\\/schema.org\",\"@graph\":[{\"@type\":\"WebPage\",\"@id\":\"https:\\\/\\\/oderon.pl\\\/ar\\\/\",\"url\":\"https:\\\/\\\/oderon.pl\\\/ar\\\/\",\"name\":\"Strona g\u0142\u00f3wna - Oderon\",\"isPartOf\":{\"@id\":\"https:\\\/\\\/oderon.pl\\\/#website\"},\"datePublished\":\"2021-05-18T20:10:48+00:00\",\"dateModified\":\"2024-11-21T07:56:28+00:00\",\"breadcrumb\":{\"@id\":\"https:\\\/\\\/oderon.pl\\\/ar\\\/#breadcrumb\"},\"inLanguage\":\"ar\",\"potentialAction\":[{\"@type\":\"ReadAction\",\"target\":[\"https:\\\/\\\/oderon.pl\\\/ar\\\/\"]}]},{\"@type\":\"BreadcrumbList\",\"@id\":\"https:\\\/\\\/oderon.pl\\\/ar\\\/#breadcrumb\",\"itemListElement\":[{\"@type\":\"ListItem\",\"position\":1,\"name\":\"Strona g\u0142\u00f3wna\",\"item\":\"https:\\\/\\\/oderon.pl\\\/ar\\\/\"},{\"@type\":\"ListItem\",\"position\":2,\"name\":\"Strona g\u0142\u00f3wna\"}]},{\"@type\":\"WebSite\",\"@id\":\"https:\\\/\\\/oderon.pl\\\/#website\",\"url\":\"https:\\\/\\\/oderon.pl\\\/\",\"name\":\"Oderon\",\"description\":\"Nowoczesne technologie kontroli i bezpiecze\u0144stwa\",\"potentialAction\":[{\"@type\":\"SearchAction\",\"target\":{\"@type\":\"EntryPoint\",\"urlTemplate\":\"https:\\\/\\\/oderon.pl\\\/?s={search_term_string}\"},\"query-input\":{\"@type\":\"PropertyValueSpecification\",\"valueRequired\":true,\"valueName\":\"search_term_string\"}}],\"inLanguage\":\"ar\"}]}<\/script>\n<!-- \/ Yoast SEO plugin. -->","yoast_head_json":{"title":"Strona g\u0142\u00f3wna - Oderon","robots":{"index":"index","follow":"follow","max-snippet":"max-snippet:-1","max-image-preview":"max-image-preview:large","max-video-preview":"max-video-preview:-1"},"canonical":"https:\/\/oderon.pl\/ar\/","og_locale":"ar_AR","og_type":"article","og_title":"Strona g\u0142\u00f3wna - Oderon","og_description":"Engineering IT Strategia Informatyzacji, Audyt Przedwdro\u017ceniowy, Zarz\u0105dzanie Projektem IT z uwzgl\u0119dnieniem Cyberbezpiecze\u0144stwa Tworzenie Aplikacji dedykowanych W dzisiejszych czasach co raz wi\u0119kszy nacisk k\u0142adziony jest na bezpiecze\u0144stwo, przy jednoczesnym zachowaniu komfortu pracy. Dzi\u0119ki zastosowaniu system\u00f3w kontroli dost\u0119pu mo\u017cemy spe\u0142ni\u0107 jednocze\u015bnie te dwa warunki. Pozwalaj\u0105 one zabezpiecza\u0107 wszelkiego rodzaju przej\u015bcia kontroli i bezpiecze\u0144stwa. Doradztwo w Zakresie Bezpiecze\u0144stwa&hellip;","og_url":"https:\/\/oderon.pl\/ar\/","og_site_name":"Oderon","article_modified_time":"2024-11-21T07:56:28+00:00","twitter_card":"summary_large_image","schema":{"@context":"https:\/\/schema.org","@graph":[{"@type":"WebPage","@id":"https:\/\/oderon.pl\/ar\/","url":"https:\/\/oderon.pl\/ar\/","name":"Strona g\u0142\u00f3wna - Oderon","isPartOf":{"@id":"https:\/\/oderon.pl\/#website"},"datePublished":"2021-05-18T20:10:48+00:00","dateModified":"2024-11-21T07:56:28+00:00","breadcrumb":{"@id":"https:\/\/oderon.pl\/ar\/#breadcrumb"},"inLanguage":"ar","potentialAction":[{"@type":"ReadAction","target":["https:\/\/oderon.pl\/ar\/"]}]},{"@type":"BreadcrumbList","@id":"https:\/\/oderon.pl\/ar\/#breadcrumb","itemListElement":[{"@type":"ListItem","position":1,"name":"Strona g\u0142\u00f3wna","item":"https:\/\/oderon.pl\/ar\/"},{"@type":"ListItem","position":2,"name":"Strona g\u0142\u00f3wna"}]},{"@type":"WebSite","@id":"https:\/\/oderon.pl\/#website","url":"https:\/\/oderon.pl\/","name":"Oderon","description":"Nowoczesne technologie kontroli i bezpiecze\u0144stwa","potentialAction":[{"@type":"SearchAction","target":{"@type":"EntryPoint","urlTemplate":"https:\/\/oderon.pl\/?s={search_term_string}"},"query-input":{"@type":"PropertyValueSpecification","valueRequired":true,"valueName":"search_term_string"}}],"inLanguage":"ar"}]}},"_links":{"self":[{"href":"https:\/\/oderon.pl\/ar\/wp-json\/wp\/v2\/pages\/376","targetHints":{"allow":["GET"]}}],"collection":[{"href":"https:\/\/oderon.pl\/ar\/wp-json\/wp\/v2\/pages"}],"about":[{"href":"https:\/\/oderon.pl\/ar\/wp-json\/wp\/v2\/types\/page"}],"author":[{"embeddable":true,"href":"https:\/\/oderon.pl\/ar\/wp-json\/wp\/v2\/users\/1"}],"replies":[{"embeddable":true,"href":"https:\/\/oderon.pl\/ar\/wp-json\/wp\/v2\/comments?post=376"}],"version-history":[{"count":2,"href":"https:\/\/oderon.pl\/ar\/wp-json\/wp\/v2\/pages\/376\/revisions"}],"predecessor-version":[{"id":744,"href":"https:\/\/oderon.pl\/ar\/wp-json\/wp\/v2\/pages\/376\/revisions\/744"}],"wp:attachment":[{"href":"https:\/\/oderon.pl\/ar\/wp-json\/wp\/v2\/media?parent=376"}],"curies":[{"name":"wp","href":"https:\/\/api.w.org\/{rel}","templated":true}]}}