{"id":361,"date":"2021-05-20T22:02:08","date_gmt":"2021-05-20T20:02:08","guid":{"rendered":"http:\/\/oderon.pl\/referencje\/"},"modified":"2021-05-20T22:02:08","modified_gmt":"2021-05-20T20:02:08","slug":"referencje","status":"publish","type":"page","link":"https:\/\/oderon.pl\/ar\/referencje\/","title":{"rendered":"Referencje"},"content":{"rendered":"\n<h1>\n\t\t\n\t<\/h1>\n\t<span><span><a href=\"https:\/\/oderon.pl\/ar\/\">Strona g\u0142\u00f3wna<\/a><\/span><\/span>\n\t\t<h3>Port Lotniczy Warmia i&nbsp;Mazury (SZY)<\/h3>\t\t\t\n\t\t\t\t<p>Zaimplementowane systemy: DCS, BRS, PPS, Type-B Messaging,<\/p>\n\t\t<h3>Port Lotniczy Lublin (LUZ)<\/h3>\t\t\t\n\t\t\t\t<p>Zaimplentowane systemy: DCS, BRS, PPS, Type-B Messaging, AODB. FIDS, Grand handling<br \/>Zintegrowane systemy: AODB, FIDS, PPS, ERP<\/p>\n\t\t<h3>Port Lotniczy Rzesz\u00f3w-Jesionka (RZE)<\/h3>\t\t\t\n\t\t\t\t<p>Zaimplementowane systemy: AODB, Type-B Messaging, PPS, Grand handling<br \/>Zintegrowane systemy: FIDS, AODB, PPS, Type-B Messaging<\/p>\n\t\t<h3>Port Lotniczy Katowice (KTW)<\/h3>\t\t\t\n\t\t\t\t<p>Zaimplementowane systemy: Neti, ACC (kontrola dost\u0119pu)<br \/>Zintegrowane systemy: BMS, System przepustek jednorazowych,<\/p>\n\t\t<h3>Port Lotniczy \u0141\u00f3d\u017a (LCJ)<\/h3>\t\t\t\n\t\t\t\t<p>Zaimplementowane systemy: DCS, PPS, BRS, AODB, Type-B Messaging, Grand handling, LAN<br \/>Zintegrowane systemy: PPS, AODB, FIDS, SHC,<\/p>\n\t\t<h3>Port Lotniczy Pozna\u0144 &#8211; \u0141awica (POZ)<\/h3>\t\t\t\n\t\t\t\t<p>Zaimplementowane systemy: AODB, PPS,<br \/>Zintegrowane systemy: FIDS, AODB, PPS<\/p>\n\t\t<h3>Port Lotniczy Bydgoszcz (BZG)<\/h3>\t\t\t\n\t\t\t\t<p>Zaimplementowane systemy: AODB, PPS,<br \/>Zintegrowane systemy: FIDS, WEB,<\/p>\n\t\t<h3>Welcome Airport Services oddzia\u0142 Warszawa (WAW)<\/h3>\t\t\t\n\t\t\t\t<p>Zaimplementowane systemy: AODB, Grand handling<br \/>Zintegrowane systemy: ERP, ACDM<\/p>\n\t\t<h3>Welcome Airport Services oddzia\u0142 Gda\u0144sk (GDN)<\/h3>\t\t\t\n\t\t\t\t<p>Zaimplementowane systemy: AODB, Grand handling<br \/>Zintegrowane systemy: ERP, FIDS,<\/p>\n\t\t<h3>Welcome Airport Services oddzia\u0142 Pozna\u0144 (POZ)<\/h3>\t\t\t\n\t\t\t\t<p>Zaimplementowane systemy: AODB,<br \/>Zintegrowane systemy: ERP<\/p>\n\t\t<h3>LS Airport Services (KTW)<\/h3>\t\t\t\n\t\t\t\t<p>Zaimplementowane systemy: CUTE.<\/p>\n\n","protected":false},"excerpt":{"rendered":"<p>Port Lotniczy Warmia i&nbsp;Mazury (SZY) Zaimplementowane systemy: DCS, BRS, PPS, Type-B Messaging, Port Lotniczy Lublin (LUZ) Zaimplentowane systemy: DCS, BRS, PPS, Type-B Messaging, AODB. FIDS, Grand handlingZintegrowane systemy: AODB, FIDS, PPS, ERP Port Lotniczy Rzesz\u00f3w-Jesionka (RZE) Zaimplementowane systemy: AODB, Type-B Messaging, PPS, Grand handlingZintegrowane systemy: FIDS, AODB, PPS, Type-B Messaging Port Lotniczy Katowice (KTW) Zaimplementowane&hellip;<\/p>\n","protected":false},"author":1,"featured_media":0,"parent":0,"menu_order":0,"comment_status":"closed","ping_status":"closed","template":"","meta":{"footnotes":""},"class_list":["post-361","page","type-page","status-publish","hentry"],"yoast_head":"<!-- This site is optimized with the Yoast SEO plugin v27.4 - https:\/\/yoast.com\/product\/yoast-seo-wordpress\/ -->\n<title>Referencje - Oderon<\/title>\n<meta name=\"robots\" content=\"index, follow, max-snippet:-1, max-image-preview:large, max-video-preview:-1\" \/>\n<link rel=\"canonical\" href=\"https:\/\/oderon.pl\/ar\/referencje\/\" \/>\n<meta property=\"og:locale\" content=\"ar_AR\" \/>\n<meta property=\"og:type\" content=\"article\" \/>\n<meta property=\"og:title\" content=\"Referencje - Oderon\" \/>\n<meta property=\"og:description\" content=\"Port Lotniczy Warmia i&nbsp;Mazury (SZY) Zaimplementowane systemy: DCS, BRS, PPS, Type-B Messaging, Port Lotniczy Lublin (LUZ) Zaimplentowane systemy: DCS, BRS, PPS, Type-B Messaging, AODB. FIDS, Grand handlingZintegrowane systemy: AODB, FIDS, PPS, ERP Port Lotniczy Rzesz\u00f3w-Jesionka (RZE) Zaimplementowane systemy: AODB, Type-B Messaging, PPS, Grand handlingZintegrowane systemy: FIDS, AODB, PPS, Type-B Messaging Port Lotniczy Katowice (KTW) Zaimplementowane&hellip;\" \/>\n<meta property=\"og:url\" content=\"https:\/\/oderon.pl\/ar\/referencje\/\" \/>\n<meta property=\"og:site_name\" content=\"Oderon\" \/>\n<meta name=\"twitter:card\" content=\"summary_large_image\" \/>\n<script type=\"application\/ld+json\" class=\"yoast-schema-graph\">{\"@context\":\"https:\\\/\\\/schema.org\",\"@graph\":[{\"@type\":\"WebPage\",\"@id\":\"https:\\\/\\\/oderon.pl\\\/ar\\\/referencje\\\/\",\"url\":\"https:\\\/\\\/oderon.pl\\\/ar\\\/referencje\\\/\",\"name\":\"Referencje - Oderon\",\"isPartOf\":{\"@id\":\"https:\\\/\\\/oderon.pl\\\/#website\"},\"datePublished\":\"2021-05-20T20:02:08+00:00\",\"breadcrumb\":{\"@id\":\"https:\\\/\\\/oderon.pl\\\/ar\\\/referencje\\\/#breadcrumb\"},\"inLanguage\":\"ar\",\"potentialAction\":[{\"@type\":\"ReadAction\",\"target\":[\"https:\\\/\\\/oderon.pl\\\/ar\\\/referencje\\\/\"]}]},{\"@type\":\"BreadcrumbList\",\"@id\":\"https:\\\/\\\/oderon.pl\\\/ar\\\/referencje\\\/#breadcrumb\",\"itemListElement\":[{\"@type\":\"ListItem\",\"position\":1,\"name\":\"Strona g\u0142\u00f3wna\",\"item\":\"https:\\\/\\\/oderon.pl\\\/ar\\\/\"},{\"@type\":\"ListItem\",\"position\":2,\"name\":\"Referencje\"}]},{\"@type\":\"WebSite\",\"@id\":\"https:\\\/\\\/oderon.pl\\\/#website\",\"url\":\"https:\\\/\\\/oderon.pl\\\/\",\"name\":\"Oderon\",\"description\":\"Nowoczesne technologie kontroli i bezpiecze\u0144stwa\",\"potentialAction\":[{\"@type\":\"SearchAction\",\"target\":{\"@type\":\"EntryPoint\",\"urlTemplate\":\"https:\\\/\\\/oderon.pl\\\/?s={search_term_string}\"},\"query-input\":{\"@type\":\"PropertyValueSpecification\",\"valueRequired\":true,\"valueName\":\"search_term_string\"}}],\"inLanguage\":\"ar\"}]}<\/script>\n<!-- \/ Yoast SEO plugin. -->","yoast_head_json":{"title":"Referencje - Oderon","robots":{"index":"index","follow":"follow","max-snippet":"max-snippet:-1","max-image-preview":"max-image-preview:large","max-video-preview":"max-video-preview:-1"},"canonical":"https:\/\/oderon.pl\/ar\/referencje\/","og_locale":"ar_AR","og_type":"article","og_title":"Referencje - Oderon","og_description":"Port Lotniczy Warmia i&nbsp;Mazury (SZY) Zaimplementowane systemy: DCS, BRS, PPS, Type-B Messaging, Port Lotniczy Lublin (LUZ) Zaimplentowane systemy: DCS, BRS, PPS, Type-B Messaging, AODB. FIDS, Grand handlingZintegrowane systemy: AODB, FIDS, PPS, ERP Port Lotniczy Rzesz\u00f3w-Jesionka (RZE) Zaimplementowane systemy: AODB, Type-B Messaging, PPS, Grand handlingZintegrowane systemy: FIDS, AODB, PPS, Type-B Messaging Port Lotniczy Katowice (KTW) Zaimplementowane&hellip;","og_url":"https:\/\/oderon.pl\/ar\/referencje\/","og_site_name":"Oderon","twitter_card":"summary_large_image","schema":{"@context":"https:\/\/schema.org","@graph":[{"@type":"WebPage","@id":"https:\/\/oderon.pl\/ar\/referencje\/","url":"https:\/\/oderon.pl\/ar\/referencje\/","name":"Referencje - Oderon","isPartOf":{"@id":"https:\/\/oderon.pl\/#website"},"datePublished":"2021-05-20T20:02:08+00:00","breadcrumb":{"@id":"https:\/\/oderon.pl\/ar\/referencje\/#breadcrumb"},"inLanguage":"ar","potentialAction":[{"@type":"ReadAction","target":["https:\/\/oderon.pl\/ar\/referencje\/"]}]},{"@type":"BreadcrumbList","@id":"https:\/\/oderon.pl\/ar\/referencje\/#breadcrumb","itemListElement":[{"@type":"ListItem","position":1,"name":"Strona g\u0142\u00f3wna","item":"https:\/\/oderon.pl\/ar\/"},{"@type":"ListItem","position":2,"name":"Referencje"}]},{"@type":"WebSite","@id":"https:\/\/oderon.pl\/#website","url":"https:\/\/oderon.pl\/","name":"Oderon","description":"Nowoczesne technologie kontroli i bezpiecze\u0144stwa","potentialAction":[{"@type":"SearchAction","target":{"@type":"EntryPoint","urlTemplate":"https:\/\/oderon.pl\/?s={search_term_string}"},"query-input":{"@type":"PropertyValueSpecification","valueRequired":true,"valueName":"search_term_string"}}],"inLanguage":"ar"}]}},"_links":{"self":[{"href":"https:\/\/oderon.pl\/ar\/wp-json\/wp\/v2\/pages\/361","targetHints":{"allow":["GET"]}}],"collection":[{"href":"https:\/\/oderon.pl\/ar\/wp-json\/wp\/v2\/pages"}],"about":[{"href":"https:\/\/oderon.pl\/ar\/wp-json\/wp\/v2\/types\/page"}],"author":[{"embeddable":true,"href":"https:\/\/oderon.pl\/ar\/wp-json\/wp\/v2\/users\/1"}],"replies":[{"embeddable":true,"href":"https:\/\/oderon.pl\/ar\/wp-json\/wp\/v2\/comments?post=361"}],"version-history":[{"count":0,"href":"https:\/\/oderon.pl\/ar\/wp-json\/wp\/v2\/pages\/361\/revisions"}],"wp:attachment":[{"href":"https:\/\/oderon.pl\/ar\/wp-json\/wp\/v2\/media?parent=361"}],"curies":[{"name":"wp","href":"https:\/\/api.w.org\/{rel}","templated":true}]}}