{"id":358,"date":"2021-05-18T21:10:30","date_gmt":"2021-05-18T19:10:30","guid":{"rendered":"http:\/\/oderon.pl\/polityka-prywatnosci\/"},"modified":"2021-05-18T21:10:30","modified_gmt":"2021-05-18T19:10:30","slug":"polityka-prywatnosci","status":"publish","type":"page","link":"https:\/\/oderon.pl\/ar\/polityka-prywatnosci\/","title":{"rendered":"Polityka prywatno\u015bci"},"content":{"rendered":"\n<h1>\n\t\t\n\t<\/h1>\n\t<span><span><a href=\"https:\/\/oderon.pl\/ar\/\">Strona g\u0142\u00f3wna<\/a><\/span><\/span>\n\tRozporz\u0105dzenie Parlamentu Europejskiego i Rady (UE) 2016\/679 z dnia 27 kwietnia 2016 r. w sprawie ochrony os\u00f3b fizycznych w zwi\u0105zku z przetwarzaniem danych osobowych i w sprawie swobodnego przep\u0142ywu takich danych (\u201eRODO&#8221;) zast\u0105pi dyrektyw\u0119 o ochronie danych 95\/46\/WE i b\u0119dzie stosowane w krajach UE ju\u017c od 25 maja 2018 r.<br \/>\nCelem osi\u0105gni\u0119cia zgodno\u015bci z RODO, jak r\u00f3wnie\u017c w celu dostarczania Pa\u0144stwu niezb\u0119dnych informacji o tym, jak dane osobowe s\u0105 przez nas przetwarzane, poni\u017cej przekazujemy stosowne informacje.<br \/>\nAdministratorem Pa\u0144stwa danych osobowych, czyli podmiotem decyduj\u0105cym o celach i sposobach przetwarzania Pa\u0144stwa danych osobowych jest:\n<p><strong>ODERON sp\u00f3\u0142ka z o.o<\/strong>.<\/p>\nz siedziba w Sosnowcu ul. Budryka 8,<br \/>\nKRS 0000436949, NIP 6443501891, REGON 243079045\nPa\u0144stwa dane osobowe:<br \/>\n&#8211; przetwarzane b\u0119d\u0105 do czasu wykonania umowy lub trwania relacji powi\u0105zanej z mo\u017cliwo\u015bci\u0105 zawarcia umowy pomi\u0119dzy Pa\u0144stwem a ODERON sp\u00f3\u0142ka z o.o. &#8211; (Administratorem Danych Osobowych)<br \/>\n&#8211; przetwarzane b\u0119d\u0105 do czasu trwania obowi\u0105zk\u00f3w i uprawnie\u0144 wynikaj\u0105cych z przepis\u00f3w prawa powszechnie obowi\u0105zuj\u0105cego, w tym przepis\u00f3w dotycz\u0105cych obowi\u0105zk\u00f3w podatkowych, rachunkowych, przepis\u00f3w dotycz\u0105cych gwarancji, r\u0119kojmi etc.<br \/>\n&#8211; przetwarzane b\u0119d\u0105 do czasu zg\u0142oszenia przez Pa\u0144stwa \u017c\u0105dania ich usuni\u0119cia lub ograniczenia przetwarzania lub wniesienia sprzeciwu wobec przetwarzania, a tak\u017ce \u017c\u0105dania ich przeniesienia.\n<p>To, w jakich celach przetwarzamy Pa\u0144stwa dane osobowe, zale\u017cy od naszej relacji prawnej i biznesowej z Pa\u0144stwem i kwestie te opisujemy w naszej Polityce Bezpiecze\u0144stwa. Celami tymi mog\u0105 by\u0107 wykonanie umowy \u0142\u0105cz\u0105cej Pa\u0144stwa z nami lub zawarcie takiej umowy, wykonanie obowi\u0105zku prawnego, przes\u0142anie stosownej oferty, czy informacji handlowej, czy usprawiedliwiony cel administratora danych osobowych.<\/p>\nMaj\u0105 Pa\u0144stwo prawo dost\u0119pu do swoich danych osobowych, ich sprostowania, usuni\u0119cia lub ograniczenia przetwarzania lub maj\u0105 Pa\u0144stwo prawo do wniesienia sprzeciwu wobec przetwarzania, a tak\u017ce prawo do przenoszenia danych.<br \/>\nW przypadku wyra\u017cenia przez Pa\u0144stwa zgody na przetwarzanie danych osobowych, maj\u0105 Pa\u0144stwo prawo do cofni\u0119cia zgody w dowolnym momencie bez wp\u0142ywu na zgodno\u015b\u0107 z prawem przetwarzania.\n\n1) nie wykorzystujemy Pa\u0144stwa danych osobowych w celach innych ni\u017c przewidziane przepisami prawa,<br \/>\n2) nie sprzedajemy Pa\u0144stwa danych osobowych jakimkolwiek podmiotom, przestrzegaj\u0105c przepis\u00f3w RODO i innych przepis\u00f3w z zakresu ochrony danych osobowych,<br \/>\n3) przetwarzamy Pa\u0144stwa dane w zakresie w jakim jest to niezb\u0119dne i dbamy o ich bezpiecze\u0144stwo przy zastosowaniu odpowiednich \u015brodk\u00f3w technicznych.<br \/>\n4) nie profilujemy Pa\u0144stwa danych osobowych\nInformujemy r\u00f3wnie\u017c, \u017ce maj\u0105 Pa\u0144stwo prawo wnie\u015b\u0107 skarg\u0119 do organu nadzorczego w zakresie przetwarzania danych osobowych. Organem Nadzorczym od dnia 25 maja 2018 roku jest Prezes Urz\u0119du Ochrony Danych Osobowych<br \/>\nPodajemy dane kontaktowe &#8211; adres e-mail: gdpi@oderon.aero, tel.: 32 793 73 40, wyznaczonego przez nas inspektora ochrony danych osobowych.<br \/>\nZ inspektorem mog\u0105 si\u0119 Pa\u0144stwo kontaktowa\u0107 we wszelkich sprawach dotycz\u0105cych Pa\u0144stwa danych osobowych.\n\n","protected":false},"excerpt":{"rendered":"<p>Rozporz\u0105dzenie Parlamentu Europejskiego i Rady (UE) 2016\/679 z dnia 27 kwietnia 2016 r. w sprawie ochrony os\u00f3b fizycznych w zwi\u0105zku z przetwarzaniem danych osobowych i w sprawie swobodnego przep\u0142ywu takich danych (\u201eRODO&#8221;) zast\u0105pi dyrektyw\u0119 o ochronie danych 95\/46\/WE i b\u0119dzie stosowane w krajach UE ju\u017c od 25 maja 2018 r. Celem osi\u0105gni\u0119cia zgodno\u015bci z RODO,&hellip;<\/p>\n","protected":false},"author":1,"featured_media":0,"parent":0,"menu_order":0,"comment_status":"closed","ping_status":"closed","template":"","meta":{"footnotes":""},"class_list":["post-358","page","type-page","status-publish","hentry"],"yoast_head":"<!-- This site is optimized with the Yoast SEO plugin v27.4 - https:\/\/yoast.com\/product\/yoast-seo-wordpress\/ -->\n<title>Polityka prywatno\u015bci - Oderon<\/title>\n<meta name=\"robots\" content=\"index, follow, max-snippet:-1, max-image-preview:large, max-video-preview:-1\" \/>\n<link rel=\"canonical\" href=\"https:\/\/oderon.pl\/ar\/polityka-prywatnosci\/\" \/>\n<meta property=\"og:locale\" content=\"ar_AR\" \/>\n<meta property=\"og:type\" content=\"article\" \/>\n<meta property=\"og:title\" content=\"Polityka prywatno\u015bci - Oderon\" \/>\n<meta property=\"og:description\" content=\"Rozporz\u0105dzenie Parlamentu Europejskiego i Rady (UE) 2016\/679 z dnia 27 kwietnia 2016 r. w sprawie ochrony os\u00f3b fizycznych w zwi\u0105zku z przetwarzaniem danych osobowych i w sprawie swobodnego przep\u0142ywu takich danych (\u201eRODO&#8221;) zast\u0105pi dyrektyw\u0119 o ochronie danych 95\/46\/WE i b\u0119dzie stosowane w krajach UE ju\u017c od 25 maja 2018 r. Celem osi\u0105gni\u0119cia zgodno\u015bci z RODO,&hellip;\" \/>\n<meta property=\"og:url\" content=\"https:\/\/oderon.pl\/ar\/polityka-prywatnosci\/\" \/>\n<meta property=\"og:site_name\" content=\"Oderon\" \/>\n<meta name=\"twitter:card\" content=\"summary_large_image\" \/>\n<meta name=\"twitter:label1\" content=\"\u0648\u0642\u062a \u0627\u0644\u0642\u0631\u0627\u0621\u0629 \u0627\u0644\u0645\u064f\u0642\u062f\u0651\u0631\" \/>\n\t<meta name=\"twitter:data1\" content=\"\u062f\u0642\u064a\u0642\u062a\u0627\u0646\" \/>\n<script type=\"application\/ld+json\" class=\"yoast-schema-graph\">{\"@context\":\"https:\\\/\\\/schema.org\",\"@graph\":[{\"@type\":\"WebPage\",\"@id\":\"https:\\\/\\\/oderon.pl\\\/ar\\\/polityka-prywatnosci\\\/\",\"url\":\"https:\\\/\\\/oderon.pl\\\/ar\\\/polityka-prywatnosci\\\/\",\"name\":\"Polityka prywatno\u015bci - Oderon\",\"isPartOf\":{\"@id\":\"https:\\\/\\\/oderon.pl\\\/#website\"},\"datePublished\":\"2021-05-18T19:10:30+00:00\",\"breadcrumb\":{\"@id\":\"https:\\\/\\\/oderon.pl\\\/ar\\\/polityka-prywatnosci\\\/#breadcrumb\"},\"inLanguage\":\"ar\",\"potentialAction\":[{\"@type\":\"ReadAction\",\"target\":[\"https:\\\/\\\/oderon.pl\\\/ar\\\/polityka-prywatnosci\\\/\"]}]},{\"@type\":\"BreadcrumbList\",\"@id\":\"https:\\\/\\\/oderon.pl\\\/ar\\\/polityka-prywatnosci\\\/#breadcrumb\",\"itemListElement\":[{\"@type\":\"ListItem\",\"position\":1,\"name\":\"Strona g\u0142\u00f3wna\",\"item\":\"https:\\\/\\\/oderon.pl\\\/ar\\\/\"},{\"@type\":\"ListItem\",\"position\":2,\"name\":\"Polityka prywatno\u015bci\"}]},{\"@type\":\"WebSite\",\"@id\":\"https:\\\/\\\/oderon.pl\\\/#website\",\"url\":\"https:\\\/\\\/oderon.pl\\\/\",\"name\":\"Oderon\",\"description\":\"Nowoczesne technologie kontroli i bezpiecze\u0144stwa\",\"potentialAction\":[{\"@type\":\"SearchAction\",\"target\":{\"@type\":\"EntryPoint\",\"urlTemplate\":\"https:\\\/\\\/oderon.pl\\\/?s={search_term_string}\"},\"query-input\":{\"@type\":\"PropertyValueSpecification\",\"valueRequired\":true,\"valueName\":\"search_term_string\"}}],\"inLanguage\":\"ar\"}]}<\/script>\n<!-- \/ Yoast SEO plugin. -->","yoast_head_json":{"title":"Polityka prywatno\u015bci - Oderon","robots":{"index":"index","follow":"follow","max-snippet":"max-snippet:-1","max-image-preview":"max-image-preview:large","max-video-preview":"max-video-preview:-1"},"canonical":"https:\/\/oderon.pl\/ar\/polityka-prywatnosci\/","og_locale":"ar_AR","og_type":"article","og_title":"Polityka prywatno\u015bci - Oderon","og_description":"Rozporz\u0105dzenie Parlamentu Europejskiego i Rady (UE) 2016\/679 z dnia 27 kwietnia 2016 r. w sprawie ochrony os\u00f3b fizycznych w zwi\u0105zku z przetwarzaniem danych osobowych i w sprawie swobodnego przep\u0142ywu takich danych (\u201eRODO&#8221;) zast\u0105pi dyrektyw\u0119 o ochronie danych 95\/46\/WE i b\u0119dzie stosowane w krajach UE ju\u017c od 25 maja 2018 r. Celem osi\u0105gni\u0119cia zgodno\u015bci z RODO,&hellip;","og_url":"https:\/\/oderon.pl\/ar\/polityka-prywatnosci\/","og_site_name":"Oderon","twitter_card":"summary_large_image","twitter_misc":{"\u0648\u0642\u062a \u0627\u0644\u0642\u0631\u0627\u0621\u0629 \u0627\u0644\u0645\u064f\u0642\u062f\u0651\u0631":"\u062f\u0642\u064a\u0642\u062a\u0627\u0646"},"schema":{"@context":"https:\/\/schema.org","@graph":[{"@type":"WebPage","@id":"https:\/\/oderon.pl\/ar\/polityka-prywatnosci\/","url":"https:\/\/oderon.pl\/ar\/polityka-prywatnosci\/","name":"Polityka prywatno\u015bci - Oderon","isPartOf":{"@id":"https:\/\/oderon.pl\/#website"},"datePublished":"2021-05-18T19:10:30+00:00","breadcrumb":{"@id":"https:\/\/oderon.pl\/ar\/polityka-prywatnosci\/#breadcrumb"},"inLanguage":"ar","potentialAction":[{"@type":"ReadAction","target":["https:\/\/oderon.pl\/ar\/polityka-prywatnosci\/"]}]},{"@type":"BreadcrumbList","@id":"https:\/\/oderon.pl\/ar\/polityka-prywatnosci\/#breadcrumb","itemListElement":[{"@type":"ListItem","position":1,"name":"Strona g\u0142\u00f3wna","item":"https:\/\/oderon.pl\/ar\/"},{"@type":"ListItem","position":2,"name":"Polityka prywatno\u015bci"}]},{"@type":"WebSite","@id":"https:\/\/oderon.pl\/#website","url":"https:\/\/oderon.pl\/","name":"Oderon","description":"Nowoczesne technologie kontroli i bezpiecze\u0144stwa","potentialAction":[{"@type":"SearchAction","target":{"@type":"EntryPoint","urlTemplate":"https:\/\/oderon.pl\/?s={search_term_string}"},"query-input":{"@type":"PropertyValueSpecification","valueRequired":true,"valueName":"search_term_string"}}],"inLanguage":"ar"}]}},"_links":{"self":[{"href":"https:\/\/oderon.pl\/ar\/wp-json\/wp\/v2\/pages\/358","targetHints":{"allow":["GET"]}}],"collection":[{"href":"https:\/\/oderon.pl\/ar\/wp-json\/wp\/v2\/pages"}],"about":[{"href":"https:\/\/oderon.pl\/ar\/wp-json\/wp\/v2\/types\/page"}],"author":[{"embeddable":true,"href":"https:\/\/oderon.pl\/ar\/wp-json\/wp\/v2\/users\/1"}],"replies":[{"embeddable":true,"href":"https:\/\/oderon.pl\/ar\/wp-json\/wp\/v2\/comments?post=358"}],"version-history":[{"count":0,"href":"https:\/\/oderon.pl\/ar\/wp-json\/wp\/v2\/pages\/358\/revisions"}],"wp:attachment":[{"href":"https:\/\/oderon.pl\/ar\/wp-json\/wp\/v2\/media?parent=358"}],"curies":[{"name":"wp","href":"https:\/\/api.w.org\/{rel}","templated":true}]}}