{"id":352,"date":"2021-05-20T23:43:02","date_gmt":"2021-05-20T21:43:02","guid":{"rendered":"http:\/\/oderon.pl\/panovix\/"},"modified":"2021-05-20T23:43:02","modified_gmt":"2021-05-20T21:43:02","slug":"panovix","status":"publish","type":"page","link":"https:\/\/oderon.pl\/ar\/panovix\/","title":{"rendered":"PanoVIX"},"content":{"rendered":"\n<h1>\n\t\t\n\t<\/h1>\n\t<span><span><a href=\"https:\/\/oderon.pl\/ar\/\">Strona g\u0142\u00f3wna<\/a><\/span><\/span>\n\tPannoVIX jest innowacyjn\u0105 platform\u0105, kt\u00f3ra dostarcza jednolity obraz o rozdzielczo\u015bci 12MP oraz k\u0105cie widzenia 1800, bez \u017cadnych martwych stref.<br \/>\nPoprzez integracj\u0119 najnowszych technologii, PannoVIX stanowi kompleksowe rozwi\u0105zanie nadzoru nad szerokim obszarem przy jednoczesnym maksymalnym wykorzystaniu pola widzenia oraz zmniejszeniu liczby kamer potrzebnych do nadzorowania danego miejsca. Platforma ta zapewnia wirtualn\u0105 funkcj\u0119 kamery PTZ oraz umo\u017cliwia wdro\u017cenie funkcjonalno\u015bci inteligentnej analityki obrazu.\n\n\u2022Obraz panoramiczny o k\u0105cie 180\u00b0<br \/>\n\u2022Rozdzielczo\u015b\u0107 obrazu 12MP<br \/>\n\u2022Funkcje inteligentne analizy Video z automatycznym \u015bledzeniem przez wirtualny PTZ<br \/>\n\u2022Konfigurowane przez u\u017cytkownika funkcji wirtualnej kamery PTZ z podgl\u0105dem na \u017cywo, w pe\u0142nej rozdzielczo\u015bci<br \/>\n\u2022Odtwarzanie  r\u00f3wnoczesne jednego obrazu panoramicznego  r\u00f3wnocze\u015bnie z nagrywaniem oryginalnego obrazu czterech strumieni..<br \/>\n\u2022Wbudowany wentylator i grzejnik<br \/>\n\u2022Pod\u015bwietlacz &#8211; du\u017cej mocy diody LED<br \/>\n\u2022Mo\u017cliwo\u015bci rozbudowy systemu o kamery obrotowe z funkcj\u0105 PTZ<br \/>\n\u2022Funkcja PTZ automatyczne \u015bledzenie z wykorzystaniem kamer obrotowych\n<h2>\n\t\tIntelliVIX\n\t<\/h2>\n\t<p>To oprogramowanie, kt\u00f3re dokonuje analizy obrazu wideo w czasie rzeczywistym dostarczanego z kamer analogowych, IP czy PTZ oraz wykrywa, \u015bledzi, klasyfikuje poruszaj\u0105ce si\u0119 obiekty. Na podstawie tych informacji mo\u017cliwe jest wykrycie takich zdarze\u0144 jak wa\u0142\u0119sanie si\u0119, przechodzenie przez wirtualne \u015bcie\u017cki, porzucanie\/usuwanie przedmiot\u00f3w, pojawianie si\u0119\/znikanie obiekt\u00f3w, poruszanie si\u0119 w zakazanym kierunku czy nag\u0142e zatrzymanie.<\/p>\n<p>Oprogramowanie te pozwala r\u00f3wnie\u017c wykry\u0107 oraz rozpozna\u0107 twarze poszukiwanych os\u00f3b, kt\u00f3rych zdj\u0119cie zosta\u0142o wprowadzone do systemu.<\/p>\n\n","protected":false},"excerpt":{"rendered":"<p>PannoVIX jest innowacyjn\u0105 platform\u0105, kt\u00f3ra dostarcza jednolity obraz o rozdzielczo\u015bci 12MP oraz k\u0105cie widzenia 1800, bez \u017cadnych martwych stref. Poprzez integracj\u0119 najnowszych technologii, PannoVIX stanowi kompleksowe rozwi\u0105zanie nadzoru nad szerokim obszarem przy jednoczesnym maksymalnym wykorzystaniu pola widzenia oraz zmniejszeniu liczby kamer potrzebnych do nadzorowania danego miejsca. Platforma ta zapewnia wirtualn\u0105 funkcj\u0119 kamery PTZ oraz umo\u017cliwia&hellip;<\/p>\n","protected":false},"author":1,"featured_media":0,"parent":0,"menu_order":0,"comment_status":"closed","ping_status":"closed","template":"","meta":{"footnotes":""},"class_list":["post-352","page","type-page","status-publish","hentry"],"yoast_head":"<!-- This site is optimized with the Yoast SEO plugin v27.5 - https:\/\/yoast.com\/product\/yoast-seo-wordpress\/ -->\n<title>PanoVIX - Oderon<\/title>\n<meta name=\"robots\" content=\"index, follow, max-snippet:-1, max-image-preview:large, max-video-preview:-1\" \/>\n<link rel=\"canonical\" href=\"https:\/\/oderon.pl\/ar\/panovix\/\" \/>\n<meta property=\"og:locale\" content=\"ar_AR\" \/>\n<meta property=\"og:type\" content=\"article\" \/>\n<meta property=\"og:title\" content=\"PanoVIX - Oderon\" \/>\n<meta property=\"og:description\" content=\"PannoVIX jest innowacyjn\u0105 platform\u0105, kt\u00f3ra dostarcza jednolity obraz o rozdzielczo\u015bci 12MP oraz k\u0105cie widzenia 1800, bez \u017cadnych martwych stref. Poprzez integracj\u0119 najnowszych technologii, PannoVIX stanowi kompleksowe rozwi\u0105zanie nadzoru nad szerokim obszarem przy jednoczesnym maksymalnym wykorzystaniu pola widzenia oraz zmniejszeniu liczby kamer potrzebnych do nadzorowania danego miejsca. Platforma ta zapewnia wirtualn\u0105 funkcj\u0119 kamery PTZ oraz umo\u017cliwia&hellip;\" \/>\n<meta property=\"og:url\" content=\"https:\/\/oderon.pl\/ar\/panovix\/\" \/>\n<meta property=\"og:site_name\" content=\"Oderon\" \/>\n<meta name=\"twitter:card\" content=\"summary_large_image\" \/>\n<script type=\"application\/ld+json\" class=\"yoast-schema-graph\">{\"@context\":\"https:\\\/\\\/schema.org\",\"@graph\":[{\"@type\":\"WebPage\",\"@id\":\"https:\\\/\\\/oderon.pl\\\/ar\\\/panovix\\\/\",\"url\":\"https:\\\/\\\/oderon.pl\\\/ar\\\/panovix\\\/\",\"name\":\"PanoVIX - Oderon\",\"isPartOf\":{\"@id\":\"https:\\\/\\\/oderon.pl\\\/#website\"},\"datePublished\":\"2021-05-20T21:43:02+00:00\",\"breadcrumb\":{\"@id\":\"https:\\\/\\\/oderon.pl\\\/ar\\\/panovix\\\/#breadcrumb\"},\"inLanguage\":\"ar\",\"potentialAction\":[{\"@type\":\"ReadAction\",\"target\":[\"https:\\\/\\\/oderon.pl\\\/ar\\\/panovix\\\/\"]}]},{\"@type\":\"BreadcrumbList\",\"@id\":\"https:\\\/\\\/oderon.pl\\\/ar\\\/panovix\\\/#breadcrumb\",\"itemListElement\":[{\"@type\":\"ListItem\",\"position\":1,\"name\":\"Strona g\u0142\u00f3wna\",\"item\":\"https:\\\/\\\/oderon.pl\\\/ar\\\/\"},{\"@type\":\"ListItem\",\"position\":2,\"name\":\"PanoVIX\"}]},{\"@type\":\"WebSite\",\"@id\":\"https:\\\/\\\/oderon.pl\\\/#website\",\"url\":\"https:\\\/\\\/oderon.pl\\\/\",\"name\":\"Oderon\",\"description\":\"Nowoczesne technologie kontroli i bezpiecze\u0144stwa\",\"potentialAction\":[{\"@type\":\"SearchAction\",\"target\":{\"@type\":\"EntryPoint\",\"urlTemplate\":\"https:\\\/\\\/oderon.pl\\\/?s={search_term_string}\"},\"query-input\":{\"@type\":\"PropertyValueSpecification\",\"valueRequired\":true,\"valueName\":\"search_term_string\"}}],\"inLanguage\":\"ar\"}]}<\/script>\n<!-- \/ Yoast SEO plugin. -->","yoast_head_json":{"title":"PanoVIX - Oderon","robots":{"index":"index","follow":"follow","max-snippet":"max-snippet:-1","max-image-preview":"max-image-preview:large","max-video-preview":"max-video-preview:-1"},"canonical":"https:\/\/oderon.pl\/ar\/panovix\/","og_locale":"ar_AR","og_type":"article","og_title":"PanoVIX - Oderon","og_description":"PannoVIX jest innowacyjn\u0105 platform\u0105, kt\u00f3ra dostarcza jednolity obraz o rozdzielczo\u015bci 12MP oraz k\u0105cie widzenia 1800, bez \u017cadnych martwych stref. Poprzez integracj\u0119 najnowszych technologii, PannoVIX stanowi kompleksowe rozwi\u0105zanie nadzoru nad szerokim obszarem przy jednoczesnym maksymalnym wykorzystaniu pola widzenia oraz zmniejszeniu liczby kamer potrzebnych do nadzorowania danego miejsca. Platforma ta zapewnia wirtualn\u0105 funkcj\u0119 kamery PTZ oraz umo\u017cliwia&hellip;","og_url":"https:\/\/oderon.pl\/ar\/panovix\/","og_site_name":"Oderon","twitter_card":"summary_large_image","schema":{"@context":"https:\/\/schema.org","@graph":[{"@type":"WebPage","@id":"https:\/\/oderon.pl\/ar\/panovix\/","url":"https:\/\/oderon.pl\/ar\/panovix\/","name":"PanoVIX - Oderon","isPartOf":{"@id":"https:\/\/oderon.pl\/#website"},"datePublished":"2021-05-20T21:43:02+00:00","breadcrumb":{"@id":"https:\/\/oderon.pl\/ar\/panovix\/#breadcrumb"},"inLanguage":"ar","potentialAction":[{"@type":"ReadAction","target":["https:\/\/oderon.pl\/ar\/panovix\/"]}]},{"@type":"BreadcrumbList","@id":"https:\/\/oderon.pl\/ar\/panovix\/#breadcrumb","itemListElement":[{"@type":"ListItem","position":1,"name":"Strona g\u0142\u00f3wna","item":"https:\/\/oderon.pl\/ar\/"},{"@type":"ListItem","position":2,"name":"PanoVIX"}]},{"@type":"WebSite","@id":"https:\/\/oderon.pl\/#website","url":"https:\/\/oderon.pl\/","name":"Oderon","description":"Nowoczesne technologie kontroli i bezpiecze\u0144stwa","potentialAction":[{"@type":"SearchAction","target":{"@type":"EntryPoint","urlTemplate":"https:\/\/oderon.pl\/?s={search_term_string}"},"query-input":{"@type":"PropertyValueSpecification","valueRequired":true,"valueName":"search_term_string"}}],"inLanguage":"ar"}]}},"_links":{"self":[{"href":"https:\/\/oderon.pl\/ar\/wp-json\/wp\/v2\/pages\/352","targetHints":{"allow":["GET"]}}],"collection":[{"href":"https:\/\/oderon.pl\/ar\/wp-json\/wp\/v2\/pages"}],"about":[{"href":"https:\/\/oderon.pl\/ar\/wp-json\/wp\/v2\/types\/page"}],"author":[{"embeddable":true,"href":"https:\/\/oderon.pl\/ar\/wp-json\/wp\/v2\/users\/1"}],"replies":[{"embeddable":true,"href":"https:\/\/oderon.pl\/ar\/wp-json\/wp\/v2\/comments?post=352"}],"version-history":[{"count":0,"href":"https:\/\/oderon.pl\/ar\/wp-json\/wp\/v2\/pages\/352\/revisions"}],"wp:attachment":[{"href":"https:\/\/oderon.pl\/ar\/wp-json\/wp\/v2\/media?parent=352"}],"curies":[{"name":"wp","href":"https:\/\/api.w.org\/{rel}","templated":true}]}}