{"id":343,"date":"2021-05-19T11:17:09","date_gmt":"2021-05-19T09:17:09","guid":{"rendered":"http:\/\/oderon.pl\/o-nas\/"},"modified":"2024-11-13T16:13:52","modified_gmt":"2024-11-13T15:13:52","slug":"o-nas","status":"publish","type":"page","link":"https:\/\/oderon.pl\/ar\/o-nas\/","title":{"rendered":"O nas"},"content":{"rendered":"\n<h1>\n\t\t\n\t<\/h1>\n\t<span><span><a href=\"https:\/\/oderon.pl\/ar\/\">Strona g\u0142\u00f3wna<\/a><\/span><\/span>\n\tDostarczamy rozwi\u0105zania znane i powszechnie u\u017cywane jednocze\u015bnie k\u0142ad\u0105c nacisk na<br \/>\nnowoczesne technologie, staj\u0105c si\u0119 tym samym w wielu dziedzinach pionierem w ich zastosowaniu .\n\t\t\t\t<img decoding=\"async\" src=\"https:\/\/oderon.pl\/wp-content\/uploads\/2021\/05\/samolot-oderon.jpg\" alt=\"samolot-oderon\" itemprop=\"image\" title=\"samolot-oderon\" onerror=\"this.style.display='none'\"  \/>\n<h2>\n\t\tDo\u015bwiadczenie zbierane latami\n\t<\/h2>\n\t<p>Oderon sp. z o.o., od momentu powstania w 2012 r., szybko sta\u0142 si\u0119 jednym z wiod\u0105cych dostawc\u00f3w zaawansowanych us\u0142ug dla lotnisk w Polsce. Firma szybko zyska\u0142a reputacj\u0119 niezawodnego integratora system\u00f3w informatycznych, instalatora komponent\u00f3w i konserwatora nowoczesnych system\u00f3w bezpiecze\u0144stwa.<\/p>\n<p>Oderon wykorzystuje najnowsze technologie, aby wyznacza\u0107 nowe standardy bran\u017cowe, pozycjonuj\u0105c si\u0119 jako lider w wielu sektorach.<\/p>\n<p>Oderon zyska\u0142 szerokie uznanie za z\u0142o\u017cone projekty realizowane zar\u00f3wno dla administracji publicznej, jak i sektora prywatnego. Firma, posiadaj\u0105ca du\u017ce do\u015bwiadczenie w telekomunikacji, teleinformatyce i oprogramowaniu, dostarcza innowacyjne rozwi\u0105zania technologiczne do rozwoju infrastruktury krytycznej &#8211; od lotnisk i zak\u0142ad\u00f3w przemys\u0142owych po areny sportowe i centra handlowe.<\/p>\n\t<p>Rozw\u00f3j Oderon obejmuje r\u00f3wnie\u017c zaawansowane technologie dron\u00f3w. Firma nieustannie poszerza swoj\u0105 wiedz\u0119 specjalistyczn\u0105 w tej dziedzinie i ju\u017c zintegrowa\u0142a bezza\u0142ogowe systemy powietrzne ze swoimi aplikacjami. Bior\u0105c pod uwag\u0119 szybki rozw\u00f3j technologii dron\u00f3w na polu walki na Ukrainie, Oderon wzbogaci\u0142 swoje portfolio o najnowocze\u015bniejsze rozwi\u0105zania w zakresie nadzoru, logistyki i bezpiecze\u0144stwa, zaprojektowane do dzia\u0142ania w najbardziej wymagaj\u0105cych warunkach.<\/p>\n<p>Oderon oferuje kompleksowe wsparcie na ka\u017cdym etapie realizacji projektu &#8211; od doradztwa, integracji i projektowania rozwi\u0105za\u0144 informatycznych, po bie\u017c\u0105c\u0105 obs\u0142ug\u0119 i konserwacj\u0119. Nasze innowacyjne podej\u015bcie, poparte rozleg\u0142\u0105 wiedz\u0105 i wieloletnim do\u015bwiadczeniem w tej dziedzinie, pozwala nam dostarcza\u0107 kompleksowe i nowoczesne rozwi\u0105zania, kt\u00f3re zwi\u0119kszaj\u0105 wydajno\u015b\u0107 i bezpiecze\u0144stwo krytycznych aktyw\u00f3w infrastrukturalnych.<\/p>\n\t\t\t<a href=\"http:\/\/oderon.pl\/kontakt\/\" target=\"_self\">\n\t\t\t\t\t\t\tKontakt\n\t\t\t\t\t<\/a>\n\t\t\t\t<img loading=\"lazy\" decoding=\"async\" src=\"https:\/\/oderon.pl\/wp-content\/uploads\/2024\/11\/Zdjecie-WhatsApp-2024-10-09-o-13.12.39_4dd4adb3-300x229.jpg\" alt=\"Zdj\u0119cie WhatsApp 2024-10-09 o 13.12.39_4dd4adb3\" itemprop=\"image\" height=\"229\" width=\"300\" title=\"Zdj\u0119cie WhatsApp 2024-10-09 o 13.12.39_4dd4adb3\" onerror=\"this.style.display='none'\"  \/>\n\n","protected":false},"excerpt":{"rendered":"<p>Dostarczamy rozwi\u0105zania znane i powszechnie u\u017cywane jednocze\u015bnie k\u0142ad\u0105c nacisk na nowoczesne technologie, staj\u0105c si\u0119 tym samym w wielu dziedzinach pionierem w ich zastosowaniu . Do\u015bwiadczenie zbierane latami Oderon sp. z o.o., od momentu powstania w 2012 r., szybko sta\u0142 si\u0119 jednym z wiod\u0105cych dostawc\u00f3w zaawansowanych us\u0142ug dla lotnisk w Polsce. Firma szybko zyska\u0142a reputacj\u0119 niezawodnego&hellip;<\/p>\n","protected":false},"author":1,"featured_media":0,"parent":0,"menu_order":0,"comment_status":"closed","ping_status":"closed","template":"","meta":{"footnotes":""},"class_list":["post-343","page","type-page","status-publish","hentry"],"yoast_head":"<!-- This site is optimized with the Yoast SEO plugin v27.4 - https:\/\/yoast.com\/product\/yoast-seo-wordpress\/ -->\n<title>O nas - Oderon<\/title>\n<meta name=\"robots\" content=\"index, follow, max-snippet:-1, max-image-preview:large, max-video-preview:-1\" \/>\n<link rel=\"canonical\" href=\"https:\/\/oderon.pl\/ar\/o-nas\/\" \/>\n<meta property=\"og:locale\" content=\"ar_AR\" \/>\n<meta property=\"og:type\" content=\"article\" \/>\n<meta property=\"og:title\" content=\"O nas - Oderon\" \/>\n<meta property=\"og:description\" content=\"Dostarczamy rozwi\u0105zania znane i powszechnie u\u017cywane jednocze\u015bnie k\u0142ad\u0105c nacisk na nowoczesne technologie, staj\u0105c si\u0119 tym samym w wielu dziedzinach pionierem w ich zastosowaniu . Do\u015bwiadczenie zbierane latami Oderon sp. z o.o., od momentu powstania w 2012 r., szybko sta\u0142 si\u0119 jednym z wiod\u0105cych dostawc\u00f3w zaawansowanych us\u0142ug dla lotnisk w Polsce. Firma szybko zyska\u0142a reputacj\u0119 niezawodnego&hellip;\" \/>\n<meta property=\"og:url\" content=\"https:\/\/oderon.pl\/ar\/o-nas\/\" \/>\n<meta property=\"og:site_name\" content=\"Oderon\" \/>\n<meta property=\"article:modified_time\" content=\"2024-11-13T15:13:52+00:00\" \/>\n<meta property=\"og:image\" content=\"http:\/\/oderon.pl\/wp-content\/uploads\/2021\/05\/samolot-oderon.jpg\" \/>\n<meta name=\"twitter:card\" content=\"summary_large_image\" \/>\n<script type=\"application\/ld+json\" class=\"yoast-schema-graph\">{\"@context\":\"https:\\\/\\\/schema.org\",\"@graph\":[{\"@type\":\"WebPage\",\"@id\":\"https:\\\/\\\/oderon.pl\\\/ar\\\/o-nas\\\/\",\"url\":\"https:\\\/\\\/oderon.pl\\\/ar\\\/o-nas\\\/\",\"name\":\"O nas - Oderon\",\"isPartOf\":{\"@id\":\"https:\\\/\\\/oderon.pl\\\/#website\"},\"primaryImageOfPage\":{\"@id\":\"https:\\\/\\\/oderon.pl\\\/ar\\\/o-nas\\\/#primaryimage\"},\"image\":{\"@id\":\"https:\\\/\\\/oderon.pl\\\/ar\\\/o-nas\\\/#primaryimage\"},\"thumbnailUrl\":\"https:\\\/\\\/oderon.pl\\\/wp-content\\\/uploads\\\/2021\\\/05\\\/samolot-oderon.jpg\",\"datePublished\":\"2021-05-19T09:17:09+00:00\",\"dateModified\":\"2024-11-13T15:13:52+00:00\",\"breadcrumb\":{\"@id\":\"https:\\\/\\\/oderon.pl\\\/ar\\\/o-nas\\\/#breadcrumb\"},\"inLanguage\":\"ar\",\"potentialAction\":[{\"@type\":\"ReadAction\",\"target\":[\"https:\\\/\\\/oderon.pl\\\/ar\\\/o-nas\\\/\"]}]},{\"@type\":\"ImageObject\",\"inLanguage\":\"ar\",\"@id\":\"https:\\\/\\\/oderon.pl\\\/ar\\\/o-nas\\\/#primaryimage\",\"url\":\"https:\\\/\\\/oderon.pl\\\/wp-content\\\/uploads\\\/2021\\\/05\\\/samolot-oderon.jpg\",\"contentUrl\":\"https:\\\/\\\/oderon.pl\\\/wp-content\\\/uploads\\\/2021\\\/05\\\/samolot-oderon.jpg\"},{\"@type\":\"BreadcrumbList\",\"@id\":\"https:\\\/\\\/oderon.pl\\\/ar\\\/o-nas\\\/#breadcrumb\",\"itemListElement\":[{\"@type\":\"ListItem\",\"position\":1,\"name\":\"Strona g\u0142\u00f3wna\",\"item\":\"https:\\\/\\\/oderon.pl\\\/ar\\\/\"},{\"@type\":\"ListItem\",\"position\":2,\"name\":\"O nas\"}]},{\"@type\":\"WebSite\",\"@id\":\"https:\\\/\\\/oderon.pl\\\/#website\",\"url\":\"https:\\\/\\\/oderon.pl\\\/\",\"name\":\"Oderon\",\"description\":\"Nowoczesne technologie kontroli i bezpiecze\u0144stwa\",\"potentialAction\":[{\"@type\":\"SearchAction\",\"target\":{\"@type\":\"EntryPoint\",\"urlTemplate\":\"https:\\\/\\\/oderon.pl\\\/?s={search_term_string}\"},\"query-input\":{\"@type\":\"PropertyValueSpecification\",\"valueRequired\":true,\"valueName\":\"search_term_string\"}}],\"inLanguage\":\"ar\"}]}<\/script>\n<!-- \/ Yoast SEO plugin. -->","yoast_head_json":{"title":"O nas - Oderon","robots":{"index":"index","follow":"follow","max-snippet":"max-snippet:-1","max-image-preview":"max-image-preview:large","max-video-preview":"max-video-preview:-1"},"canonical":"https:\/\/oderon.pl\/ar\/o-nas\/","og_locale":"ar_AR","og_type":"article","og_title":"O nas - Oderon","og_description":"Dostarczamy rozwi\u0105zania znane i powszechnie u\u017cywane jednocze\u015bnie k\u0142ad\u0105c nacisk na nowoczesne technologie, staj\u0105c si\u0119 tym samym w wielu dziedzinach pionierem w ich zastosowaniu . Do\u015bwiadczenie zbierane latami Oderon sp. z o.o., od momentu powstania w 2012 r., szybko sta\u0142 si\u0119 jednym z wiod\u0105cych dostawc\u00f3w zaawansowanych us\u0142ug dla lotnisk w Polsce. Firma szybko zyska\u0142a reputacj\u0119 niezawodnego&hellip;","og_url":"https:\/\/oderon.pl\/ar\/o-nas\/","og_site_name":"Oderon","article_modified_time":"2024-11-13T15:13:52+00:00","og_image":[{"url":"http:\/\/oderon.pl\/wp-content\/uploads\/2021\/05\/samolot-oderon.jpg","type":"","width":"","height":""}],"twitter_card":"summary_large_image","schema":{"@context":"https:\/\/schema.org","@graph":[{"@type":"WebPage","@id":"https:\/\/oderon.pl\/ar\/o-nas\/","url":"https:\/\/oderon.pl\/ar\/o-nas\/","name":"O nas - Oderon","isPartOf":{"@id":"https:\/\/oderon.pl\/#website"},"primaryImageOfPage":{"@id":"https:\/\/oderon.pl\/ar\/o-nas\/#primaryimage"},"image":{"@id":"https:\/\/oderon.pl\/ar\/o-nas\/#primaryimage"},"thumbnailUrl":"https:\/\/oderon.pl\/wp-content\/uploads\/2021\/05\/samolot-oderon.jpg","datePublished":"2021-05-19T09:17:09+00:00","dateModified":"2024-11-13T15:13:52+00:00","breadcrumb":{"@id":"https:\/\/oderon.pl\/ar\/o-nas\/#breadcrumb"},"inLanguage":"ar","potentialAction":[{"@type":"ReadAction","target":["https:\/\/oderon.pl\/ar\/o-nas\/"]}]},{"@type":"ImageObject","inLanguage":"ar","@id":"https:\/\/oderon.pl\/ar\/o-nas\/#primaryimage","url":"https:\/\/oderon.pl\/wp-content\/uploads\/2021\/05\/samolot-oderon.jpg","contentUrl":"https:\/\/oderon.pl\/wp-content\/uploads\/2021\/05\/samolot-oderon.jpg"},{"@type":"BreadcrumbList","@id":"https:\/\/oderon.pl\/ar\/o-nas\/#breadcrumb","itemListElement":[{"@type":"ListItem","position":1,"name":"Strona g\u0142\u00f3wna","item":"https:\/\/oderon.pl\/ar\/"},{"@type":"ListItem","position":2,"name":"O nas"}]},{"@type":"WebSite","@id":"https:\/\/oderon.pl\/#website","url":"https:\/\/oderon.pl\/","name":"Oderon","description":"Nowoczesne technologie kontroli i bezpiecze\u0144stwa","potentialAction":[{"@type":"SearchAction","target":{"@type":"EntryPoint","urlTemplate":"https:\/\/oderon.pl\/?s={search_term_string}"},"query-input":{"@type":"PropertyValueSpecification","valueRequired":true,"valueName":"search_term_string"}}],"inLanguage":"ar"}]}},"_links":{"self":[{"href":"https:\/\/oderon.pl\/ar\/wp-json\/wp\/v2\/pages\/343","targetHints":{"allow":["GET"]}}],"collection":[{"href":"https:\/\/oderon.pl\/ar\/wp-json\/wp\/v2\/pages"}],"about":[{"href":"https:\/\/oderon.pl\/ar\/wp-json\/wp\/v2\/types\/page"}],"author":[{"embeddable":true,"href":"https:\/\/oderon.pl\/ar\/wp-json\/wp\/v2\/users\/1"}],"replies":[{"embeddable":true,"href":"https:\/\/oderon.pl\/ar\/wp-json\/wp\/v2\/comments?post=343"}],"version-history":[{"count":2,"href":"https:\/\/oderon.pl\/ar\/wp-json\/wp\/v2\/pages\/343\/revisions"}],"predecessor-version":[{"id":649,"href":"https:\/\/oderon.pl\/ar\/wp-json\/wp\/v2\/pages\/343\/revisions\/649"}],"wp:attachment":[{"href":"https:\/\/oderon.pl\/ar\/wp-json\/wp\/v2\/media?parent=343"}],"curies":[{"name":"wp","href":"https:\/\/api.w.org\/{rel}","templated":true}]}}