{"id":340,"date":"2021-05-19T11:16:48","date_gmt":"2021-05-19T09:16:48","guid":{"rendered":"http:\/\/oderon.pl\/o-firmie\/"},"modified":"2021-05-19T11:16:48","modified_gmt":"2021-05-19T09:16:48","slug":"o-firmie","status":"publish","type":"page","link":"https:\/\/oderon.pl\/ar\/o-firmie\/","title":{"rendered":"O firmie"},"content":{"rendered":"\n<h1>\n\t\t\n\t<\/h1>\n\t<span><span><a href=\"https:\/\/oderon.pl\/ar\/\">Strona g\u0142\u00f3wna<\/a><\/span><\/span>\n\t\t\t\t<img loading=\"lazy\" decoding=\"async\" src=\"http:\/\/oderon.pl\/wp-content\/uploads\/2021\/05\/kontrola-dostepu.jpg\" alt=\"Kontrola dost\u0119pu\" itemprop=\"image\" height=\"1017\" width=\"2048\" title=\"Kontrola dost\u0119pu\" onerror=\"this.style.display='none'\"  \/>\n<h2>\n\t\tZaufanie budowane latami\n\t<\/h2>\n\tSp\u00f3\u0142ka Oderon zosta\u0142a za\u0142o\u017cona w 2012 roku.<br \/>\nOd pocz\u0105tku swej dzia\u0142alno\u015bci jest uznanym na polskim rynku integratorem system\u00f3w IT oraz wyspecjalizowa\u0142a si\u0119 w instalacji szeroko poj\u0119tych system\u00f3w bezpiecze\u0144stwa. Dostarcza rozwi\u0105zania znane i powszechnie stosowane, ale k\u0142adzie r\u00f3wnie\u017c nacisk na nowoczesne technologie, staj\u0105c si\u0119 w wielu dziedzinach pionierem w ich zastosowaniu. Firma buduje swoje kompetencje w bran\u017cach teletechniki, teleinformatyki, oprogramowania, dzi\u0119ki wielu zrealizowanym projektom dla administracji publicznej i przedsi\u0119biorstw prywatnych. Szeroka wiedza i bogate do\u015bwiadczenie pozwala nam dostarcza\u0107 kompletne rozwi\u0105zania dla najwi\u0119kszych obiekt\u00f3w takich jak lotniska, zak\u0142ady przemys\u0142owe, hale sportowe czy centra handlowe. Atutem wyr\u00f3\u017cniaj\u0105cym Sp\u00f3\u0142k\u0119 Oderon jest kompleksowe wsparcie Klient\u00f3w w zakresie konsultacji, integracji, projektowania, wdra\u017cania rozwi\u0105za\u0144 IT oraz p\u00f3\u017aniejszego serwisu i utrzymania.\n\t\t\t<a href=\"#\" target=\"_self\" role=\"button\" rel=\"noopener\">\n\t\t\t\t\t\t\tKontakt\n\t\t\t\t\t<\/a>\n\t\t\t<a href=\"#\" target=\"_self\" role=\"button\" rel=\"noopener\">\n\t\t\t\t\t\t\tReferencje\n\t\t\t\t\t<\/a>\n\t\t\t<a href=\"https:\/\/oderon.pl\/ar\/klienci\/\" target=\"_self\" role=\"button\" rel=\"noopener\">\n\t\t\t\t\t\t\tKlienci\n\t\t\t\t\t<\/a>\n\t\t\t<a href=\"http:\/\/oderon.pl\/partnerzy\/\" target=\"_self\" role=\"button\" rel=\"noopener\">\n\t\t\t\t\t\t\tPartnerzy\n\t\t\t\t\t<\/a>\n\n","protected":false},"excerpt":{"rendered":"<p>Zaufanie budowane latami Sp\u00f3\u0142ka Oderon zosta\u0142a za\u0142o\u017cona w 2012 roku. Od pocz\u0105tku swej dzia\u0142alno\u015bci jest uznanym na polskim rynku integratorem system\u00f3w IT oraz wyspecjalizowa\u0142a si\u0119 w instalacji szeroko poj\u0119tych system\u00f3w bezpiecze\u0144stwa. Dostarcza rozwi\u0105zania znane i powszechnie stosowane, ale k\u0142adzie r\u00f3wnie\u017c nacisk na nowoczesne technologie, staj\u0105c si\u0119 w wielu dziedzinach pionierem w ich zastosowaniu. Firma buduje&hellip;<\/p>\n","protected":false},"author":1,"featured_media":0,"parent":0,"menu_order":0,"comment_status":"closed","ping_status":"closed","template":"","meta":{"footnotes":""},"class_list":["post-340","page","type-page","status-publish","hentry"],"yoast_head":"<!-- This site is optimized with the Yoast SEO plugin v27.4 - https:\/\/yoast.com\/product\/yoast-seo-wordpress\/ -->\n<title>O firmie - Oderon<\/title>\n<meta name=\"robots\" content=\"index, follow, max-snippet:-1, max-image-preview:large, max-video-preview:-1\" \/>\n<link rel=\"canonical\" href=\"https:\/\/oderon.pl\/ar\/o-firmie\/\" \/>\n<meta property=\"og:locale\" content=\"ar_AR\" \/>\n<meta property=\"og:type\" content=\"article\" \/>\n<meta property=\"og:title\" content=\"O firmie - Oderon\" \/>\n<meta property=\"og:description\" content=\"Zaufanie budowane latami Sp\u00f3\u0142ka Oderon zosta\u0142a za\u0142o\u017cona w 2012 roku. Od pocz\u0105tku swej dzia\u0142alno\u015bci jest uznanym na polskim rynku integratorem system\u00f3w IT oraz wyspecjalizowa\u0142a si\u0119 w instalacji szeroko poj\u0119tych system\u00f3w bezpiecze\u0144stwa. Dostarcza rozwi\u0105zania znane i powszechnie stosowane, ale k\u0142adzie r\u00f3wnie\u017c nacisk na nowoczesne technologie, staj\u0105c si\u0119 w wielu dziedzinach pionierem w ich zastosowaniu. Firma buduje&hellip;\" \/>\n<meta property=\"og:url\" content=\"https:\/\/oderon.pl\/ar\/o-firmie\/\" \/>\n<meta property=\"og:site_name\" content=\"Oderon\" \/>\n<meta property=\"og:image\" content=\"http:\/\/oderon.pl\/wp-content\/uploads\/2021\/05\/kontrola-dostepu.jpg\" \/>\n<meta name=\"twitter:card\" content=\"summary_large_image\" \/>\n<script type=\"application\/ld+json\" class=\"yoast-schema-graph\">{\"@context\":\"https:\\\/\\\/schema.org\",\"@graph\":[{\"@type\":\"WebPage\",\"@id\":\"https:\\\/\\\/oderon.pl\\\/ar\\\/o-firmie\\\/\",\"url\":\"https:\\\/\\\/oderon.pl\\\/ar\\\/o-firmie\\\/\",\"name\":\"O firmie - Oderon\",\"isPartOf\":{\"@id\":\"https:\\\/\\\/oderon.pl\\\/#website\"},\"primaryImageOfPage\":{\"@id\":\"https:\\\/\\\/oderon.pl\\\/ar\\\/o-firmie\\\/#primaryimage\"},\"image\":{\"@id\":\"https:\\\/\\\/oderon.pl\\\/ar\\\/o-firmie\\\/#primaryimage\"},\"thumbnailUrl\":\"http:\\\/\\\/oderon.pl\\\/wp-content\\\/uploads\\\/2021\\\/05\\\/kontrola-dostepu.jpg\",\"datePublished\":\"2021-05-19T09:16:48+00:00\",\"breadcrumb\":{\"@id\":\"https:\\\/\\\/oderon.pl\\\/ar\\\/o-firmie\\\/#breadcrumb\"},\"inLanguage\":\"ar\",\"potentialAction\":[{\"@type\":\"ReadAction\",\"target\":[\"https:\\\/\\\/oderon.pl\\\/ar\\\/o-firmie\\\/\"]}]},{\"@type\":\"ImageObject\",\"inLanguage\":\"ar\",\"@id\":\"https:\\\/\\\/oderon.pl\\\/ar\\\/o-firmie\\\/#primaryimage\",\"url\":\"http:\\\/\\\/oderon.pl\\\/wp-content\\\/uploads\\\/2021\\\/05\\\/kontrola-dostepu.jpg\",\"contentUrl\":\"http:\\\/\\\/oderon.pl\\\/wp-content\\\/uploads\\\/2021\\\/05\\\/kontrola-dostepu.jpg\"},{\"@type\":\"BreadcrumbList\",\"@id\":\"https:\\\/\\\/oderon.pl\\\/ar\\\/o-firmie\\\/#breadcrumb\",\"itemListElement\":[{\"@type\":\"ListItem\",\"position\":1,\"name\":\"Strona g\u0142\u00f3wna\",\"item\":\"https:\\\/\\\/oderon.pl\\\/ar\\\/\"},{\"@type\":\"ListItem\",\"position\":2,\"name\":\"O firmie\"}]},{\"@type\":\"WebSite\",\"@id\":\"https:\\\/\\\/oderon.pl\\\/#website\",\"url\":\"https:\\\/\\\/oderon.pl\\\/\",\"name\":\"Oderon\",\"description\":\"Nowoczesne technologie kontroli i bezpiecze\u0144stwa\",\"potentialAction\":[{\"@type\":\"SearchAction\",\"target\":{\"@type\":\"EntryPoint\",\"urlTemplate\":\"https:\\\/\\\/oderon.pl\\\/?s={search_term_string}\"},\"query-input\":{\"@type\":\"PropertyValueSpecification\",\"valueRequired\":true,\"valueName\":\"search_term_string\"}}],\"inLanguage\":\"ar\"}]}<\/script>\n<!-- \/ Yoast SEO plugin. -->","yoast_head_json":{"title":"O firmie - Oderon","robots":{"index":"index","follow":"follow","max-snippet":"max-snippet:-1","max-image-preview":"max-image-preview:large","max-video-preview":"max-video-preview:-1"},"canonical":"https:\/\/oderon.pl\/ar\/o-firmie\/","og_locale":"ar_AR","og_type":"article","og_title":"O firmie - Oderon","og_description":"Zaufanie budowane latami Sp\u00f3\u0142ka Oderon zosta\u0142a za\u0142o\u017cona w 2012 roku. Od pocz\u0105tku swej dzia\u0142alno\u015bci jest uznanym na polskim rynku integratorem system\u00f3w IT oraz wyspecjalizowa\u0142a si\u0119 w instalacji szeroko poj\u0119tych system\u00f3w bezpiecze\u0144stwa. Dostarcza rozwi\u0105zania znane i powszechnie stosowane, ale k\u0142adzie r\u00f3wnie\u017c nacisk na nowoczesne technologie, staj\u0105c si\u0119 w wielu dziedzinach pionierem w ich zastosowaniu. Firma buduje&hellip;","og_url":"https:\/\/oderon.pl\/ar\/o-firmie\/","og_site_name":"Oderon","og_image":[{"url":"http:\/\/oderon.pl\/wp-content\/uploads\/2021\/05\/kontrola-dostepu.jpg","type":"","width":"","height":""}],"twitter_card":"summary_large_image","schema":{"@context":"https:\/\/schema.org","@graph":[{"@type":"WebPage","@id":"https:\/\/oderon.pl\/ar\/o-firmie\/","url":"https:\/\/oderon.pl\/ar\/o-firmie\/","name":"O firmie - Oderon","isPartOf":{"@id":"https:\/\/oderon.pl\/#website"},"primaryImageOfPage":{"@id":"https:\/\/oderon.pl\/ar\/o-firmie\/#primaryimage"},"image":{"@id":"https:\/\/oderon.pl\/ar\/o-firmie\/#primaryimage"},"thumbnailUrl":"http:\/\/oderon.pl\/wp-content\/uploads\/2021\/05\/kontrola-dostepu.jpg","datePublished":"2021-05-19T09:16:48+00:00","breadcrumb":{"@id":"https:\/\/oderon.pl\/ar\/o-firmie\/#breadcrumb"},"inLanguage":"ar","potentialAction":[{"@type":"ReadAction","target":["https:\/\/oderon.pl\/ar\/o-firmie\/"]}]},{"@type":"ImageObject","inLanguage":"ar","@id":"https:\/\/oderon.pl\/ar\/o-firmie\/#primaryimage","url":"http:\/\/oderon.pl\/wp-content\/uploads\/2021\/05\/kontrola-dostepu.jpg","contentUrl":"http:\/\/oderon.pl\/wp-content\/uploads\/2021\/05\/kontrola-dostepu.jpg"},{"@type":"BreadcrumbList","@id":"https:\/\/oderon.pl\/ar\/o-firmie\/#breadcrumb","itemListElement":[{"@type":"ListItem","position":1,"name":"Strona g\u0142\u00f3wna","item":"https:\/\/oderon.pl\/ar\/"},{"@type":"ListItem","position":2,"name":"O firmie"}]},{"@type":"WebSite","@id":"https:\/\/oderon.pl\/#website","url":"https:\/\/oderon.pl\/","name":"Oderon","description":"Nowoczesne technologie kontroli i bezpiecze\u0144stwa","potentialAction":[{"@type":"SearchAction","target":{"@type":"EntryPoint","urlTemplate":"https:\/\/oderon.pl\/?s={search_term_string}"},"query-input":{"@type":"PropertyValueSpecification","valueRequired":true,"valueName":"search_term_string"}}],"inLanguage":"ar"}]}},"_links":{"self":[{"href":"https:\/\/oderon.pl\/ar\/wp-json\/wp\/v2\/pages\/340","targetHints":{"allow":["GET"]}}],"collection":[{"href":"https:\/\/oderon.pl\/ar\/wp-json\/wp\/v2\/pages"}],"about":[{"href":"https:\/\/oderon.pl\/ar\/wp-json\/wp\/v2\/types\/page"}],"author":[{"embeddable":true,"href":"https:\/\/oderon.pl\/ar\/wp-json\/wp\/v2\/users\/1"}],"replies":[{"embeddable":true,"href":"https:\/\/oderon.pl\/ar\/wp-json\/wp\/v2\/comments?post=340"}],"version-history":[{"count":0,"href":"https:\/\/oderon.pl\/ar\/wp-json\/wp\/v2\/pages\/340\/revisions"}],"wp:attachment":[{"href":"https:\/\/oderon.pl\/ar\/wp-json\/wp\/v2\/media?parent=340"}],"curies":[{"name":"wp","href":"https:\/\/api.w.org\/{rel}","templated":true}]}}