{"id":337,"date":"2021-05-21T00:27:32","date_gmt":"2021-05-20T22:27:32","guid":{"rendered":"http:\/\/oderon.pl\/lotniska\/system-weryfikacji-przepustek-neti\/"},"modified":"2021-05-21T00:27:32","modified_gmt":"2021-05-20T22:27:32","slug":"system-weryfikacji-przepustek-neti","status":"publish","type":"page","link":"https:\/\/oderon.pl\/ar\/lotniska\/system-weryfikacji-przepustek-neti\/","title":{"rendered":"System weryfikacji przepustek NETI"},"content":{"rendered":"\n<h1>\n\t\t\n\t<\/h1>\n\t<span><span><a href=\"https:\/\/oderon.pl\/ar\/\">Strona g\u0142\u00f3wna<\/a><\/span><\/span>\n\t<p>Ka\u017cda osoba wykonuj\u0105ca obowi\u0105zki s\u0142u\u017cbowe na lotnisku zobowi\u0105zana jest posiada\u0107 wa\u017cn\u0105 przepustk\u0119 upowa\u017cniaj\u0105c\u0105 do poruszania si\u0119 po obiekcie.<\/p>\n<p>Opracowany przez nas system Netii przeznaczony jest do wy\u015bwietlania informacji na temat wa\u017cno\u015bci u\u017cywanych przez personel portu przepustek.<\/p>\n<p>Do prawid\u0142owej pracy systemu konieczne jest pod\u0142\u0105czenie Neti do bazy danych obiektowego systemu kontroli dost\u0119pu, b\u0105d\u017a wyposa\u017cenie stanowiska przepustkowego w dodatkowy modu\u0142, w kt\u00f3rym b\u0119d\u0105 gromadzone dane.<\/p>\n<p>Na \u017cyczenie Zamawiaj\u0105cego wy\u015bwietlane przez system Neti tre\u015bci mo\u017cna dostosowa\u0107 do indywidualnych potrzeb. W podstawowej wersji system wy\u015bwietla informacje o osobie wraz ze zdj\u0119ciem, typem przepustki (sta\u0142a, czasowa, jednorazowa), uprawnieniami do wnoszenia przedmiot\u00f3w zabronionych do strefy zastrze\u017conej. Ka\u017cde wej\u015bcie pracownik\u00f3w i os\u00f3b z zewn\u0105trz z wydanymi przepustkami jest rejestrowane w systemie co pozwala na p\u0142ynn\u0105 weryfikacj\u0119 czasu przebywania tych os\u00f3b w strefach.<\/p>\n\n<ul>\n<li>Zgodno\u015b\u0107 z wytycznymi ULC<\/li>\n<li>Znaczne usprawnienie przep\u0142ywu informacji<\/li>\n<li>Pe\u0142na kontrola nad przepustkami<\/li>\n<li>Kontrola os\u00f3b przebywaj\u0105cych w strefie zastrze\u017conej<\/li>\n<li>Weryfikacja uprawnie\u0144 os\u00f3b przebywaj\u0105cych w strefach<\/li>\n<\/ul>\n\n","protected":false},"excerpt":{"rendered":"<p>Ka\u017cda osoba wykonuj\u0105ca obowi\u0105zki s\u0142u\u017cbowe na lotnisku zobowi\u0105zana jest posiada\u0107 wa\u017cn\u0105 przepustk\u0119 upowa\u017cniaj\u0105c\u0105 do poruszania si\u0119 po obiekcie. Opracowany przez nas system Netii przeznaczony jest do wy\u015bwietlania informacji na temat wa\u017cno\u015bci u\u017cywanych przez personel portu przepustek. Do prawid\u0142owej pracy systemu konieczne jest pod\u0142\u0105czenie Neti do bazy danych obiektowego systemu kontroli dost\u0119pu, b\u0105d\u017a wyposa\u017cenie stanowiska przepustkowego&hellip;<\/p>\n","protected":false},"author":1,"featured_media":0,"parent":328,"menu_order":0,"comment_status":"closed","ping_status":"closed","template":"","meta":{"footnotes":""},"class_list":["post-337","page","type-page","status-publish","hentry"],"yoast_head":"<!-- This site is optimized with the Yoast SEO plugin v27.4 - https:\/\/yoast.com\/product\/yoast-seo-wordpress\/ -->\n<title>System weryfikacji przepustek NETI - Oderon<\/title>\n<meta name=\"robots\" content=\"index, follow, max-snippet:-1, max-image-preview:large, max-video-preview:-1\" \/>\n<link rel=\"canonical\" href=\"https:\/\/oderon.pl\/ar\/lotniska\/system-weryfikacji-przepustek-neti\/\" \/>\n<meta property=\"og:locale\" content=\"ar_AR\" \/>\n<meta property=\"og:type\" content=\"article\" \/>\n<meta property=\"og:title\" content=\"System weryfikacji przepustek NETI - Oderon\" \/>\n<meta property=\"og:description\" content=\"Ka\u017cda osoba wykonuj\u0105ca obowi\u0105zki s\u0142u\u017cbowe na lotnisku zobowi\u0105zana jest posiada\u0107 wa\u017cn\u0105 przepustk\u0119 upowa\u017cniaj\u0105c\u0105 do poruszania si\u0119 po obiekcie. Opracowany przez nas system Netii przeznaczony jest do wy\u015bwietlania informacji na temat wa\u017cno\u015bci u\u017cywanych przez personel portu przepustek. Do prawid\u0142owej pracy systemu konieczne jest pod\u0142\u0105czenie Neti do bazy danych obiektowego systemu kontroli dost\u0119pu, b\u0105d\u017a wyposa\u017cenie stanowiska przepustkowego&hellip;\" \/>\n<meta property=\"og:url\" content=\"https:\/\/oderon.pl\/ar\/lotniska\/system-weryfikacji-przepustek-neti\/\" \/>\n<meta property=\"og:site_name\" content=\"Oderon\" \/>\n<meta name=\"twitter:card\" content=\"summary_large_image\" \/>\n<script type=\"application\/ld+json\" class=\"yoast-schema-graph\">{\"@context\":\"https:\\\/\\\/schema.org\",\"@graph\":[{\"@type\":\"WebPage\",\"@id\":\"https:\\\/\\\/oderon.pl\\\/ar\\\/lotniska\\\/system-weryfikacji-przepustek-neti\\\/\",\"url\":\"https:\\\/\\\/oderon.pl\\\/ar\\\/lotniska\\\/system-weryfikacji-przepustek-neti\\\/\",\"name\":\"System weryfikacji przepustek NETI - Oderon\",\"isPartOf\":{\"@id\":\"https:\\\/\\\/oderon.pl\\\/#website\"},\"datePublished\":\"2021-05-20T22:27:32+00:00\",\"breadcrumb\":{\"@id\":\"https:\\\/\\\/oderon.pl\\\/ar\\\/lotniska\\\/system-weryfikacji-przepustek-neti\\\/#breadcrumb\"},\"inLanguage\":\"ar\",\"potentialAction\":[{\"@type\":\"ReadAction\",\"target\":[\"https:\\\/\\\/oderon.pl\\\/ar\\\/lotniska\\\/system-weryfikacji-przepustek-neti\\\/\"]}]},{\"@type\":\"BreadcrumbList\",\"@id\":\"https:\\\/\\\/oderon.pl\\\/ar\\\/lotniska\\\/system-weryfikacji-przepustek-neti\\\/#breadcrumb\",\"itemListElement\":[{\"@type\":\"ListItem\",\"position\":1,\"name\":\"Strona g\u0142\u00f3wna\",\"item\":\"https:\\\/\\\/oderon.pl\\\/ar\\\/\"},{\"@type\":\"ListItem\",\"position\":2,\"name\":\"Lotniska\",\"item\":\"https:\\\/\\\/oderon.pl\\\/ar\\\/lotniska\\\/\"},{\"@type\":\"ListItem\",\"position\":3,\"name\":\"System weryfikacji przepustek NETI\"}]},{\"@type\":\"WebSite\",\"@id\":\"https:\\\/\\\/oderon.pl\\\/#website\",\"url\":\"https:\\\/\\\/oderon.pl\\\/\",\"name\":\"Oderon\",\"description\":\"Nowoczesne technologie kontroli i bezpiecze\u0144stwa\",\"potentialAction\":[{\"@type\":\"SearchAction\",\"target\":{\"@type\":\"EntryPoint\",\"urlTemplate\":\"https:\\\/\\\/oderon.pl\\\/?s={search_term_string}\"},\"query-input\":{\"@type\":\"PropertyValueSpecification\",\"valueRequired\":true,\"valueName\":\"search_term_string\"}}],\"inLanguage\":\"ar\"}]}<\/script>\n<!-- \/ Yoast SEO plugin. -->","yoast_head_json":{"title":"System weryfikacji przepustek NETI - Oderon","robots":{"index":"index","follow":"follow","max-snippet":"max-snippet:-1","max-image-preview":"max-image-preview:large","max-video-preview":"max-video-preview:-1"},"canonical":"https:\/\/oderon.pl\/ar\/lotniska\/system-weryfikacji-przepustek-neti\/","og_locale":"ar_AR","og_type":"article","og_title":"System weryfikacji przepustek NETI - Oderon","og_description":"Ka\u017cda osoba wykonuj\u0105ca obowi\u0105zki s\u0142u\u017cbowe na lotnisku zobowi\u0105zana jest posiada\u0107 wa\u017cn\u0105 przepustk\u0119 upowa\u017cniaj\u0105c\u0105 do poruszania si\u0119 po obiekcie. Opracowany przez nas system Netii przeznaczony jest do wy\u015bwietlania informacji na temat wa\u017cno\u015bci u\u017cywanych przez personel portu przepustek. Do prawid\u0142owej pracy systemu konieczne jest pod\u0142\u0105czenie Neti do bazy danych obiektowego systemu kontroli dost\u0119pu, b\u0105d\u017a wyposa\u017cenie stanowiska przepustkowego&hellip;","og_url":"https:\/\/oderon.pl\/ar\/lotniska\/system-weryfikacji-przepustek-neti\/","og_site_name":"Oderon","twitter_card":"summary_large_image","schema":{"@context":"https:\/\/schema.org","@graph":[{"@type":"WebPage","@id":"https:\/\/oderon.pl\/ar\/lotniska\/system-weryfikacji-przepustek-neti\/","url":"https:\/\/oderon.pl\/ar\/lotniska\/system-weryfikacji-przepustek-neti\/","name":"System weryfikacji przepustek NETI - Oderon","isPartOf":{"@id":"https:\/\/oderon.pl\/#website"},"datePublished":"2021-05-20T22:27:32+00:00","breadcrumb":{"@id":"https:\/\/oderon.pl\/ar\/lotniska\/system-weryfikacji-przepustek-neti\/#breadcrumb"},"inLanguage":"ar","potentialAction":[{"@type":"ReadAction","target":["https:\/\/oderon.pl\/ar\/lotniska\/system-weryfikacji-przepustek-neti\/"]}]},{"@type":"BreadcrumbList","@id":"https:\/\/oderon.pl\/ar\/lotniska\/system-weryfikacji-przepustek-neti\/#breadcrumb","itemListElement":[{"@type":"ListItem","position":1,"name":"Strona g\u0142\u00f3wna","item":"https:\/\/oderon.pl\/ar\/"},{"@type":"ListItem","position":2,"name":"Lotniska","item":"https:\/\/oderon.pl\/ar\/lotniska\/"},{"@type":"ListItem","position":3,"name":"System weryfikacji przepustek NETI"}]},{"@type":"WebSite","@id":"https:\/\/oderon.pl\/#website","url":"https:\/\/oderon.pl\/","name":"Oderon","description":"Nowoczesne technologie kontroli i bezpiecze\u0144stwa","potentialAction":[{"@type":"SearchAction","target":{"@type":"EntryPoint","urlTemplate":"https:\/\/oderon.pl\/?s={search_term_string}"},"query-input":{"@type":"PropertyValueSpecification","valueRequired":true,"valueName":"search_term_string"}}],"inLanguage":"ar"}]}},"_links":{"self":[{"href":"https:\/\/oderon.pl\/ar\/wp-json\/wp\/v2\/pages\/337","targetHints":{"allow":["GET"]}}],"collection":[{"href":"https:\/\/oderon.pl\/ar\/wp-json\/wp\/v2\/pages"}],"about":[{"href":"https:\/\/oderon.pl\/ar\/wp-json\/wp\/v2\/types\/page"}],"author":[{"embeddable":true,"href":"https:\/\/oderon.pl\/ar\/wp-json\/wp\/v2\/users\/1"}],"replies":[{"embeddable":true,"href":"https:\/\/oderon.pl\/ar\/wp-json\/wp\/v2\/comments?post=337"}],"version-history":[{"count":0,"href":"https:\/\/oderon.pl\/ar\/wp-json\/wp\/v2\/pages\/337\/revisions"}],"up":[{"embeddable":true,"href":"https:\/\/oderon.pl\/ar\/wp-json\/wp\/v2\/pages\/328"}],"wp:attachment":[{"href":"https:\/\/oderon.pl\/ar\/wp-json\/wp\/v2\/media?parent=337"}],"curies":[{"name":"wp","href":"https:\/\/api.w.org\/{rel}","templated":true}]}}