{"id":325,"date":"2021-05-20T23:19:52","date_gmt":"2021-05-20T21:19:52","guid":{"rendered":"http:\/\/oderon.pl\/kontrola-dostepu\/"},"modified":"2021-05-20T23:19:52","modified_gmt":"2021-05-20T21:19:52","slug":"kontrola-dostepu","status":"publish","type":"page","link":"https:\/\/oderon.pl\/ar\/integracja-systemow-teletechnicznych\/kontrola-dostepu\/","title":{"rendered":"Kontrola dost\u0119pu"},"content":{"rendered":"\n<h1>\n\t\t\n\t<\/h1>\n\t<span><span><a href=\"https:\/\/oderon.pl\/ar\/\">Strona g\u0142\u00f3wna<\/a><\/span><\/span>\n\t<p>W dzisiejszych czasach co raz wi\u0119kszy nacisk k\u0142adziony jest na bezpiecze\u0144stwo, przy jednoczesnym zachowaniu komfortu pracy. Dzi\u0119ki zastosowaniu system\u00f3w kontroli dost\u0119pu mo\u017cemy spe\u0142ni\u0107 jednocze\u015bnie te dwa warunki. Pozwalaj\u0105 one zabezpiecza\u0107 wszelkiego rodzaju przej\u015bcia. Rozwi\u0105zania dotycz\u0105ce kontroli dost\u0119pu mog\u0105 stanowi\u0107 jedn\u0105 z cz\u0119\u015bci systemu automatyki budynkowej albo funkcjonowa\u0107 jako ca\u0142kowicie oddzielny system. Ze wszystkich aspekt\u00f3w dotycz\u0105cych kontroli budynk\u00f3w, kluczowym jest podejmowanie decyzji. Operatorzy systemu musz\u0105 mie\u0107 mo\u017cliwo\u015b\u0107 szybkiego reagowania na zaistnia\u0142e problemy. System kontroli dost\u0119pu musi by\u0107 dopasowany do potrzeb, prosty w obs\u0142udze oraz zawiera\u0107 funkcje takie, jak np. monitorowanie zdarze\u0144.<\/p>\n<p>Kontrola dost\u0119pu, kt\u00f3r\u0105 oferujemy jest opracowana w oparciu o rozwi\u0105zania producenta firmy KABA oraz Delta Controls.<\/p>\n<h2>\n\t\tZalety instalacji systemu kontroli dost\u0119pu\n\t<\/h2>\n\t<ul>\n<li>kontrola os\u00f3b upowa\u017cnionych do przebywania na terenie firmy lub jej obszar\u00f3w obj\u0119tych szczeg\u00f3ln\u0105 ochron\u0105<\/li>\n<li>ograniczenie dost\u0119pu do poufnych danych lub warto\u015bciowych rzeczy znajduj\u0105cych si\u0119 w firmie<\/li>\n<li>mo\u017cliwo\u015b\u0107 zdefiniowania r\u00f3\u017cnych poziom\u00f3w dost\u0119pu<\/li>\n<li>integracja z systemami alarmowymi przez zastosowanie element\u00f3w identyfikacyjnych systemy kontroli dost\u0119pu chroni\u0105 pracownik\u00f3w oraz klient\u00f3w na terenie firmy<\/li>\n<li>mo\u017cliwo\u015b\u0107 dowolnego przetwarzania danych uzyskanych z systemu kontroli<\/li>\n<li>mo\u017cliwo\u015b\u0107 zintegrowania z innymi systemami takimi jak systemy alarmowe, telewizja przemys\u0142owa, sterowanie klimatyzacj\u0105 itp.<\/li>\n<li>mo\u017cliwo\u015b\u0107 sygnalizowania w przypadku nieautoryzowanego dost\u0119pu (niew\u0142a\u015bciwa karta zbli\u017ceniowa, wej\u015bcie si\u0142owe itp)<\/li>\n<li>system wsp\u00f3\u0142pracuje z czujnikami otwarcia drzwi oraz przyciskami ewakuacyjnymi<\/li>\n<\/ul>\n","protected":false},"excerpt":{"rendered":"<p>W dzisiejszych czasach co raz wi\u0119kszy nacisk k\u0142adziony jest na bezpiecze\u0144stwo, przy jednoczesnym zachowaniu komfortu pracy. Dzi\u0119ki zastosowaniu system\u00f3w kontroli dost\u0119pu mo\u017cemy spe\u0142ni\u0107 jednocze\u015bnie te dwa warunki. Pozwalaj\u0105 one zabezpiecza\u0107 wszelkiego rodzaju przej\u015bcia. Rozwi\u0105zania dotycz\u0105ce kontroli dost\u0119pu mog\u0105 stanowi\u0107 jedn\u0105 z cz\u0119\u015bci systemu automatyki budynkowej albo funkcjonowa\u0107 jako ca\u0142kowicie oddzielny system. Ze wszystkich aspekt\u00f3w dotycz\u0105cych&hellip;<\/p>\n","protected":false},"author":1,"featured_media":0,"parent":298,"menu_order":0,"comment_status":"closed","ping_status":"closed","template":"","meta":{"footnotes":""},"class_list":["post-325","page","type-page","status-publish","hentry"],"yoast_head":"<!-- This site is optimized with the Yoast SEO plugin v27.4 - https:\/\/yoast.com\/product\/yoast-seo-wordpress\/ -->\n<title>Kontrola dost\u0119pu - Oderon<\/title>\n<meta name=\"robots\" content=\"index, follow, max-snippet:-1, max-image-preview:large, max-video-preview:-1\" \/>\n<link rel=\"canonical\" href=\"https:\/\/oderon.pl\/ar\/integracja-systemow-teletechnicznych\/kontrola-dostepu\/\" \/>\n<meta property=\"og:locale\" content=\"ar_AR\" \/>\n<meta property=\"og:type\" content=\"article\" \/>\n<meta property=\"og:title\" content=\"Kontrola dost\u0119pu - Oderon\" \/>\n<meta property=\"og:description\" content=\"W dzisiejszych czasach co raz wi\u0119kszy nacisk k\u0142adziony jest na bezpiecze\u0144stwo, przy jednoczesnym zachowaniu komfortu pracy. Dzi\u0119ki zastosowaniu system\u00f3w kontroli dost\u0119pu mo\u017cemy spe\u0142ni\u0107 jednocze\u015bnie te dwa warunki. Pozwalaj\u0105 one zabezpiecza\u0107 wszelkiego rodzaju przej\u015bcia. Rozwi\u0105zania dotycz\u0105ce kontroli dost\u0119pu mog\u0105 stanowi\u0107 jedn\u0105 z cz\u0119\u015bci systemu automatyki budynkowej albo funkcjonowa\u0107 jako ca\u0142kowicie oddzielny system. Ze wszystkich aspekt\u00f3w dotycz\u0105cych&hellip;\" \/>\n<meta property=\"og:url\" content=\"https:\/\/oderon.pl\/ar\/integracja-systemow-teletechnicznych\/kontrola-dostepu\/\" \/>\n<meta property=\"og:site_name\" content=\"Oderon\" \/>\n<meta name=\"twitter:card\" content=\"summary_large_image\" \/>\n<meta name=\"twitter:label1\" content=\"\u0648\u0642\u062a \u0627\u0644\u0642\u0631\u0627\u0621\u0629 \u0627\u0644\u0645\u064f\u0642\u062f\u0651\u0631\" \/>\n\t<meta name=\"twitter:data1\" content=\"1 \u062f\u0642\u064a\u0642\u0629\" \/>\n<script type=\"application\/ld+json\" class=\"yoast-schema-graph\">{\"@context\":\"https:\\\/\\\/schema.org\",\"@graph\":[{\"@type\":\"WebPage\",\"@id\":\"https:\\\/\\\/oderon.pl\\\/ar\\\/integracja-systemow-teletechnicznych\\\/kontrola-dostepu\\\/\",\"url\":\"https:\\\/\\\/oderon.pl\\\/ar\\\/integracja-systemow-teletechnicznych\\\/kontrola-dostepu\\\/\",\"name\":\"Kontrola dost\u0119pu - Oderon\",\"isPartOf\":{\"@id\":\"https:\\\/\\\/oderon.pl\\\/#website\"},\"datePublished\":\"2021-05-20T21:19:52+00:00\",\"breadcrumb\":{\"@id\":\"https:\\\/\\\/oderon.pl\\\/ar\\\/integracja-systemow-teletechnicznych\\\/kontrola-dostepu\\\/#breadcrumb\"},\"inLanguage\":\"ar\",\"potentialAction\":[{\"@type\":\"ReadAction\",\"target\":[\"https:\\\/\\\/oderon.pl\\\/ar\\\/integracja-systemow-teletechnicznych\\\/kontrola-dostepu\\\/\"]}]},{\"@type\":\"BreadcrumbList\",\"@id\":\"https:\\\/\\\/oderon.pl\\\/ar\\\/integracja-systemow-teletechnicznych\\\/kontrola-dostepu\\\/#breadcrumb\",\"itemListElement\":[{\"@type\":\"ListItem\",\"position\":1,\"name\":\"Strona g\u0142\u00f3wna\",\"item\":\"https:\\\/\\\/oderon.pl\\\/ar\\\/\"},{\"@type\":\"ListItem\",\"position\":2,\"name\":\"Integracja system\u00f3w teletechnicznych\",\"item\":\"https:\\\/\\\/oderon.pl\\\/ar\\\/integracja-systemow-teletechnicznych\\\/\"},{\"@type\":\"ListItem\",\"position\":3,\"name\":\"Kontrola dost\u0119pu\"}]},{\"@type\":\"WebSite\",\"@id\":\"https:\\\/\\\/oderon.pl\\\/#website\",\"url\":\"https:\\\/\\\/oderon.pl\\\/\",\"name\":\"Oderon\",\"description\":\"Nowoczesne technologie kontroli i bezpiecze\u0144stwa\",\"potentialAction\":[{\"@type\":\"SearchAction\",\"target\":{\"@type\":\"EntryPoint\",\"urlTemplate\":\"https:\\\/\\\/oderon.pl\\\/?s={search_term_string}\"},\"query-input\":{\"@type\":\"PropertyValueSpecification\",\"valueRequired\":true,\"valueName\":\"search_term_string\"}}],\"inLanguage\":\"ar\"}]}<\/script>\n<!-- \/ Yoast SEO plugin. -->","yoast_head_json":{"title":"Kontrola dost\u0119pu - Oderon","robots":{"index":"index","follow":"follow","max-snippet":"max-snippet:-1","max-image-preview":"max-image-preview:large","max-video-preview":"max-video-preview:-1"},"canonical":"https:\/\/oderon.pl\/ar\/integracja-systemow-teletechnicznych\/kontrola-dostepu\/","og_locale":"ar_AR","og_type":"article","og_title":"Kontrola dost\u0119pu - Oderon","og_description":"W dzisiejszych czasach co raz wi\u0119kszy nacisk k\u0142adziony jest na bezpiecze\u0144stwo, przy jednoczesnym zachowaniu komfortu pracy. Dzi\u0119ki zastosowaniu system\u00f3w kontroli dost\u0119pu mo\u017cemy spe\u0142ni\u0107 jednocze\u015bnie te dwa warunki. Pozwalaj\u0105 one zabezpiecza\u0107 wszelkiego rodzaju przej\u015bcia. Rozwi\u0105zania dotycz\u0105ce kontroli dost\u0119pu mog\u0105 stanowi\u0107 jedn\u0105 z cz\u0119\u015bci systemu automatyki budynkowej albo funkcjonowa\u0107 jako ca\u0142kowicie oddzielny system. Ze wszystkich aspekt\u00f3w dotycz\u0105cych&hellip;","og_url":"https:\/\/oderon.pl\/ar\/integracja-systemow-teletechnicznych\/kontrola-dostepu\/","og_site_name":"Oderon","twitter_card":"summary_large_image","twitter_misc":{"\u0648\u0642\u062a \u0627\u0644\u0642\u0631\u0627\u0621\u0629 \u0627\u0644\u0645\u064f\u0642\u062f\u0651\u0631":"1 \u062f\u0642\u064a\u0642\u0629"},"schema":{"@context":"https:\/\/schema.org","@graph":[{"@type":"WebPage","@id":"https:\/\/oderon.pl\/ar\/integracja-systemow-teletechnicznych\/kontrola-dostepu\/","url":"https:\/\/oderon.pl\/ar\/integracja-systemow-teletechnicznych\/kontrola-dostepu\/","name":"Kontrola dost\u0119pu - Oderon","isPartOf":{"@id":"https:\/\/oderon.pl\/#website"},"datePublished":"2021-05-20T21:19:52+00:00","breadcrumb":{"@id":"https:\/\/oderon.pl\/ar\/integracja-systemow-teletechnicznych\/kontrola-dostepu\/#breadcrumb"},"inLanguage":"ar","potentialAction":[{"@type":"ReadAction","target":["https:\/\/oderon.pl\/ar\/integracja-systemow-teletechnicznych\/kontrola-dostepu\/"]}]},{"@type":"BreadcrumbList","@id":"https:\/\/oderon.pl\/ar\/integracja-systemow-teletechnicznych\/kontrola-dostepu\/#breadcrumb","itemListElement":[{"@type":"ListItem","position":1,"name":"Strona g\u0142\u00f3wna","item":"https:\/\/oderon.pl\/ar\/"},{"@type":"ListItem","position":2,"name":"Integracja system\u00f3w teletechnicznych","item":"https:\/\/oderon.pl\/ar\/integracja-systemow-teletechnicznych\/"},{"@type":"ListItem","position":3,"name":"Kontrola dost\u0119pu"}]},{"@type":"WebSite","@id":"https:\/\/oderon.pl\/#website","url":"https:\/\/oderon.pl\/","name":"Oderon","description":"Nowoczesne technologie kontroli i bezpiecze\u0144stwa","potentialAction":[{"@type":"SearchAction","target":{"@type":"EntryPoint","urlTemplate":"https:\/\/oderon.pl\/?s={search_term_string}"},"query-input":{"@type":"PropertyValueSpecification","valueRequired":true,"valueName":"search_term_string"}}],"inLanguage":"ar"}]}},"_links":{"self":[{"href":"https:\/\/oderon.pl\/ar\/wp-json\/wp\/v2\/pages\/325","targetHints":{"allow":["GET"]}}],"collection":[{"href":"https:\/\/oderon.pl\/ar\/wp-json\/wp\/v2\/pages"}],"about":[{"href":"https:\/\/oderon.pl\/ar\/wp-json\/wp\/v2\/types\/page"}],"author":[{"embeddable":true,"href":"https:\/\/oderon.pl\/ar\/wp-json\/wp\/v2\/users\/1"}],"replies":[{"embeddable":true,"href":"https:\/\/oderon.pl\/ar\/wp-json\/wp\/v2\/comments?post=325"}],"version-history":[{"count":0,"href":"https:\/\/oderon.pl\/ar\/wp-json\/wp\/v2\/pages\/325\/revisions"}],"up":[{"embeddable":true,"href":"https:\/\/oderon.pl\/ar\/wp-json\/wp\/v2\/pages\/298"}],"wp:attachment":[{"href":"https:\/\/oderon.pl\/ar\/wp-json\/wp\/v2\/media?parent=325"}],"curies":[{"name":"wp","href":"https:\/\/api.w.org\/{rel}","templated":true}]}}