{"id":319,"date":"2021-05-19T11:17:45","date_gmt":"2021-05-19T09:17:45","guid":{"rendered":"http:\/\/oderon.pl\/klienci\/"},"modified":"2021-05-19T11:17:45","modified_gmt":"2021-05-19T09:17:45","slug":"klienci","status":"publish","type":"page","link":"https:\/\/oderon.pl\/ar\/klienci\/","title":{"rendered":"Klienci"},"content":{"rendered":"\n<h1>\n\t\t\n\t<\/h1>\n\t<span><span><a href=\"https:\/\/oderon.pl\/ar\/\">Strona g\u0142\u00f3wna<\/a><\/span><\/span>\n\t\t\t\t<img loading=\"lazy\" decoding=\"async\" src=\"http:\/\/oderon.pl\/wp-content\/uploads\/2021\/05\/kontrola-dostepu.jpg\" alt=\"Kontrola dost\u0119pu\" itemprop=\"image\" height=\"1017\" width=\"2048\" title=\"Kontrola dost\u0119pu\" onerror=\"this.style.display='none'\"  \/>\n<h2>\n\t\tNasi Klienci m\u00f3wi\u0105 o nas\n\t<\/h2>\n\tDynamiczny rozw\u00f3j wymaga nowoczesnych rozwi\u0105za\u0144 informatycznych. O tym, dlaczego warto inwestowa\u0107 w wsp\u00f3\u0142czesne rozwi\u0105zania oraz jakie korzy\u015bci p\u0142yn\u0105 z ich wdro\u017cenia przekona\u0142o si\u0119 wielu naszych klient\u00f3w.<br \/>\nAby w pe\u0142ni wykorzysta\u0107 nasz potencja\u0142 od samego pocz\u0105tku budujemy niezmiernie wa\u017cny element jaki jest relacja z klientem. To ona bardzo cz\u0119sto decyduje o przewadze konkurencyjnej na rynku.\n<p>Chcemy, aby nasi klienci byli zadowoleni zar\u00f3wno z technicznych mo\u017cliwo\u015bci rozwi\u0105za\u0144, jakie im proponujemy, jak i z jako\u015bci obs\u0142ugi. Dlatego z dum\u0105 obserwujemy potwierdzenie jako\u015bci naszych rozwi\u0105za\u0144, wyra\u017cane w coraz to w nowych wdro\u017ceniach.<\/p>\n<p>W naszej codziennej pracy przyk\u0142adamy olbrzymi\u0105 wag\u0119 do relacji opartych na wzajemnym zaufaniu oraz utrzymaniu tego zaufania. Przestrzegamy og\u00f3lnie przyj\u0119tych warto\u015bci i norm, a tak\u017ce lokalnych zasad i przepis\u00f3w, w szczeg\u00f3lno\u015bci w kwestii pozyskiwania i realizacji kontrakt\u00f3w.<\/p>\n\t\t\t<a href=\"#\" target=\"_self\" role=\"button\" rel=\"noopener\">\n\t\t\t\t\t\t\tKontakt\n\t\t\t\t\t<\/a>\n\n","protected":false},"excerpt":{"rendered":"<p>Nasi Klienci m\u00f3wi\u0105 o nas Dynamiczny rozw\u00f3j wymaga nowoczesnych rozwi\u0105za\u0144 informatycznych. O tym, dlaczego warto inwestowa\u0107 w wsp\u00f3\u0142czesne rozwi\u0105zania oraz jakie korzy\u015bci p\u0142yn\u0105 z ich wdro\u017cenia przekona\u0142o si\u0119 wielu naszych klient\u00f3w. Aby w pe\u0142ni wykorzysta\u0107 nasz potencja\u0142 od samego pocz\u0105tku budujemy niezmiernie wa\u017cny element jaki jest relacja z klientem. To ona bardzo cz\u0119sto decyduje o&hellip;<\/p>\n","protected":false},"author":1,"featured_media":0,"parent":0,"menu_order":0,"comment_status":"closed","ping_status":"closed","template":"","meta":{"footnotes":""},"class_list":["post-319","page","type-page","status-publish","hentry"],"yoast_head":"<!-- This site is optimized with the Yoast SEO plugin v27.4 - https:\/\/yoast.com\/product\/yoast-seo-wordpress\/ -->\n<title>Klienci - Oderon<\/title>\n<meta name=\"robots\" content=\"index, follow, max-snippet:-1, max-image-preview:large, max-video-preview:-1\" \/>\n<link rel=\"canonical\" href=\"https:\/\/oderon.pl\/ar\/klienci\/\" \/>\n<meta property=\"og:locale\" content=\"ar_AR\" \/>\n<meta property=\"og:type\" content=\"article\" \/>\n<meta property=\"og:title\" content=\"Klienci - Oderon\" \/>\n<meta property=\"og:description\" content=\"Nasi Klienci m\u00f3wi\u0105 o nas Dynamiczny rozw\u00f3j wymaga nowoczesnych rozwi\u0105za\u0144 informatycznych. O tym, dlaczego warto inwestowa\u0107 w wsp\u00f3\u0142czesne rozwi\u0105zania oraz jakie korzy\u015bci p\u0142yn\u0105 z ich wdro\u017cenia przekona\u0142o si\u0119 wielu naszych klient\u00f3w. Aby w pe\u0142ni wykorzysta\u0107 nasz potencja\u0142 od samego pocz\u0105tku budujemy niezmiernie wa\u017cny element jaki jest relacja z klientem. To ona bardzo cz\u0119sto decyduje o&hellip;\" \/>\n<meta property=\"og:url\" content=\"https:\/\/oderon.pl\/ar\/klienci\/\" \/>\n<meta property=\"og:site_name\" content=\"Oderon\" \/>\n<meta property=\"og:image\" content=\"http:\/\/oderon.pl\/wp-content\/uploads\/2021\/05\/kontrola-dostepu.jpg\" \/>\n<meta name=\"twitter:card\" content=\"summary_large_image\" \/>\n<script type=\"application\/ld+json\" class=\"yoast-schema-graph\">{\"@context\":\"https:\\\/\\\/schema.org\",\"@graph\":[{\"@type\":\"WebPage\",\"@id\":\"https:\\\/\\\/oderon.pl\\\/ar\\\/klienci\\\/\",\"url\":\"https:\\\/\\\/oderon.pl\\\/ar\\\/klienci\\\/\",\"name\":\"Klienci - Oderon\",\"isPartOf\":{\"@id\":\"https:\\\/\\\/oderon.pl\\\/#website\"},\"primaryImageOfPage\":{\"@id\":\"https:\\\/\\\/oderon.pl\\\/ar\\\/klienci\\\/#primaryimage\"},\"image\":{\"@id\":\"https:\\\/\\\/oderon.pl\\\/ar\\\/klienci\\\/#primaryimage\"},\"thumbnailUrl\":\"http:\\\/\\\/oderon.pl\\\/wp-content\\\/uploads\\\/2021\\\/05\\\/kontrola-dostepu.jpg\",\"datePublished\":\"2021-05-19T09:17:45+00:00\",\"breadcrumb\":{\"@id\":\"https:\\\/\\\/oderon.pl\\\/ar\\\/klienci\\\/#breadcrumb\"},\"inLanguage\":\"ar\",\"potentialAction\":[{\"@type\":\"ReadAction\",\"target\":[\"https:\\\/\\\/oderon.pl\\\/ar\\\/klienci\\\/\"]}]},{\"@type\":\"ImageObject\",\"inLanguage\":\"ar\",\"@id\":\"https:\\\/\\\/oderon.pl\\\/ar\\\/klienci\\\/#primaryimage\",\"url\":\"http:\\\/\\\/oderon.pl\\\/wp-content\\\/uploads\\\/2021\\\/05\\\/kontrola-dostepu.jpg\",\"contentUrl\":\"http:\\\/\\\/oderon.pl\\\/wp-content\\\/uploads\\\/2021\\\/05\\\/kontrola-dostepu.jpg\"},{\"@type\":\"BreadcrumbList\",\"@id\":\"https:\\\/\\\/oderon.pl\\\/ar\\\/klienci\\\/#breadcrumb\",\"itemListElement\":[{\"@type\":\"ListItem\",\"position\":1,\"name\":\"Strona g\u0142\u00f3wna\",\"item\":\"https:\\\/\\\/oderon.pl\\\/ar\\\/\"},{\"@type\":\"ListItem\",\"position\":2,\"name\":\"Klienci\"}]},{\"@type\":\"WebSite\",\"@id\":\"https:\\\/\\\/oderon.pl\\\/#website\",\"url\":\"https:\\\/\\\/oderon.pl\\\/\",\"name\":\"Oderon\",\"description\":\"Nowoczesne technologie kontroli i bezpiecze\u0144stwa\",\"potentialAction\":[{\"@type\":\"SearchAction\",\"target\":{\"@type\":\"EntryPoint\",\"urlTemplate\":\"https:\\\/\\\/oderon.pl\\\/?s={search_term_string}\"},\"query-input\":{\"@type\":\"PropertyValueSpecification\",\"valueRequired\":true,\"valueName\":\"search_term_string\"}}],\"inLanguage\":\"ar\"}]}<\/script>\n<!-- \/ Yoast SEO plugin. -->","yoast_head_json":{"title":"Klienci - Oderon","robots":{"index":"index","follow":"follow","max-snippet":"max-snippet:-1","max-image-preview":"max-image-preview:large","max-video-preview":"max-video-preview:-1"},"canonical":"https:\/\/oderon.pl\/ar\/klienci\/","og_locale":"ar_AR","og_type":"article","og_title":"Klienci - Oderon","og_description":"Nasi Klienci m\u00f3wi\u0105 o nas Dynamiczny rozw\u00f3j wymaga nowoczesnych rozwi\u0105za\u0144 informatycznych. O tym, dlaczego warto inwestowa\u0107 w wsp\u00f3\u0142czesne rozwi\u0105zania oraz jakie korzy\u015bci p\u0142yn\u0105 z ich wdro\u017cenia przekona\u0142o si\u0119 wielu naszych klient\u00f3w. Aby w pe\u0142ni wykorzysta\u0107 nasz potencja\u0142 od samego pocz\u0105tku budujemy niezmiernie wa\u017cny element jaki jest relacja z klientem. To ona bardzo cz\u0119sto decyduje o&hellip;","og_url":"https:\/\/oderon.pl\/ar\/klienci\/","og_site_name":"Oderon","og_image":[{"url":"http:\/\/oderon.pl\/wp-content\/uploads\/2021\/05\/kontrola-dostepu.jpg","type":"","width":"","height":""}],"twitter_card":"summary_large_image","schema":{"@context":"https:\/\/schema.org","@graph":[{"@type":"WebPage","@id":"https:\/\/oderon.pl\/ar\/klienci\/","url":"https:\/\/oderon.pl\/ar\/klienci\/","name":"Klienci - Oderon","isPartOf":{"@id":"https:\/\/oderon.pl\/#website"},"primaryImageOfPage":{"@id":"https:\/\/oderon.pl\/ar\/klienci\/#primaryimage"},"image":{"@id":"https:\/\/oderon.pl\/ar\/klienci\/#primaryimage"},"thumbnailUrl":"http:\/\/oderon.pl\/wp-content\/uploads\/2021\/05\/kontrola-dostepu.jpg","datePublished":"2021-05-19T09:17:45+00:00","breadcrumb":{"@id":"https:\/\/oderon.pl\/ar\/klienci\/#breadcrumb"},"inLanguage":"ar","potentialAction":[{"@type":"ReadAction","target":["https:\/\/oderon.pl\/ar\/klienci\/"]}]},{"@type":"ImageObject","inLanguage":"ar","@id":"https:\/\/oderon.pl\/ar\/klienci\/#primaryimage","url":"http:\/\/oderon.pl\/wp-content\/uploads\/2021\/05\/kontrola-dostepu.jpg","contentUrl":"http:\/\/oderon.pl\/wp-content\/uploads\/2021\/05\/kontrola-dostepu.jpg"},{"@type":"BreadcrumbList","@id":"https:\/\/oderon.pl\/ar\/klienci\/#breadcrumb","itemListElement":[{"@type":"ListItem","position":1,"name":"Strona g\u0142\u00f3wna","item":"https:\/\/oderon.pl\/ar\/"},{"@type":"ListItem","position":2,"name":"Klienci"}]},{"@type":"WebSite","@id":"https:\/\/oderon.pl\/#website","url":"https:\/\/oderon.pl\/","name":"Oderon","description":"Nowoczesne technologie kontroli i bezpiecze\u0144stwa","potentialAction":[{"@type":"SearchAction","target":{"@type":"EntryPoint","urlTemplate":"https:\/\/oderon.pl\/?s={search_term_string}"},"query-input":{"@type":"PropertyValueSpecification","valueRequired":true,"valueName":"search_term_string"}}],"inLanguage":"ar"}]}},"_links":{"self":[{"href":"https:\/\/oderon.pl\/ar\/wp-json\/wp\/v2\/pages\/319","targetHints":{"allow":["GET"]}}],"collection":[{"href":"https:\/\/oderon.pl\/ar\/wp-json\/wp\/v2\/pages"}],"about":[{"href":"https:\/\/oderon.pl\/ar\/wp-json\/wp\/v2\/types\/page"}],"author":[{"embeddable":true,"href":"https:\/\/oderon.pl\/ar\/wp-json\/wp\/v2\/users\/1"}],"replies":[{"embeddable":true,"href":"https:\/\/oderon.pl\/ar\/wp-json\/wp\/v2\/comments?post=319"}],"version-history":[{"count":0,"href":"https:\/\/oderon.pl\/ar\/wp-json\/wp\/v2\/pages\/319\/revisions"}],"wp:attachment":[{"href":"https:\/\/oderon.pl\/ar\/wp-json\/wp\/v2\/media?parent=319"}],"curies":[{"name":"wp","href":"https:\/\/api.w.org\/{rel}","templated":true}]}}