{"id":313,"date":"2021-05-20T23:14:00","date_gmt":"2021-05-20T21:14:00","guid":{"rendered":"http:\/\/oderon.pl\/integracja-systemow-teletechnicznych\/sygnalizacja-pozaru\/"},"modified":"2021-05-20T23:14:00","modified_gmt":"2021-05-20T21:14:00","slug":"sygnalizacja-pozaru","status":"publish","type":"page","link":"https:\/\/oderon.pl\/ar\/integracja-systemow-teletechnicznych\/sygnalizacja-pozaru\/","title":{"rendered":"Sygnalizacja po\u017caru"},"content":{"rendered":"\n<h1>\n\t\t\n\t<\/h1>\n\t<span><span><a href=\"https:\/\/oderon.pl\/ar\/\">Strona g\u0142\u00f3wna<\/a><\/span><\/span>\n\t<p>Po\u017cary powstaj\u0105 z r\u00f3\u017cnych przyczyn. Systemy wykrywania i sygnalizacji po\u017caru maj\u0105 za zadanie wykrycie po\u017caru we wczesnej fazie. Daj\u0105 mo\u017cliwo\u015b\u0107 odpowiednio szybkiej reakcji na zagro\u017cenie po\u017carowe, a co za tym idzie chroni\u0105 \u017cycie ludzi znajduj\u0105cych si\u0119 wewn\u0105trz budynku oraz ograniczaj\u0105 zakres ewentualnych zniszcze\u0144.<\/p>\n<p>System sygnalizacji po\u017carowej dzia\u0142a w oparciu o rozmieszczone w poszczeg\u00f3lnych pomieszczeniach czujki po\u017carowe, czyli urz\u0105dzenia reaguj\u0105ce na obecno\u015b\u0107 dymu, wzrost temperatury lub pojawienie si\u0119 p\u0142omieni w obszarze obj\u0119tym dzia\u0142aniem czujek.<\/p>\nSygna\u0142 z czujki przekazywany jest dalej do centralki, kt\u00f3ra bardzo szybko reaguje alarmuj\u0105c o zagro\u017ceniu i informuj\u0105c odpowiednie s\u0142u\u017cby. W systemach alarmu po\u017caru nowszej generacji, centralka identyfikuje wzbudzon\u0105 czujk\u0119 z numerem konkretnego pomieszczenia, drukuje informacj\u0119 o alarmie a nawet rysuje rzut kondygnacji obiektu z zaznaczonym alarmowanym pomieszczeniem.<br \/>\nSystemy alarmu po\u017caru mog\u0105 automatycznie powiadamia\u0107 o po\u017carze najbli\u017csz\u0105 jednostk\u0119 Ratowniczo-Ga\u015bnicz\u0105 Pa\u0144stwowej Stra\u017cy Po\u017carnej lub sterowa\u0107 innymi urz\u0105dzeniami, np. drzwiami po\u017carowymi, instalacj\u0105 oddymiaj\u0105c\u0105, d\u017awi\u0119kowym systemem ostrzegawczym itp.\n<p>Wsp\u00f3\u0142czesne systemy po\u017carowe integruj\u0105, nadzoruj\u0105 oraz steruj\u0105 dzia\u0142aniami innych system\u00f3w bezpiecze\u0144stwa, staj\u0105c si\u0119 integraln\u0105 cz\u0119\u015bci\u0105 systemu BMS inteligentnych budynk\u00f3w.<\/p>\n\n","protected":false},"excerpt":{"rendered":"<p>Po\u017cary powstaj\u0105 z r\u00f3\u017cnych przyczyn. Systemy wykrywania i sygnalizacji po\u017caru maj\u0105 za zadanie wykrycie po\u017caru we wczesnej fazie. Daj\u0105 mo\u017cliwo\u015b\u0107 odpowiednio szybkiej reakcji na zagro\u017cenie po\u017carowe, a co za tym idzie chroni\u0105 \u017cycie ludzi znajduj\u0105cych si\u0119 wewn\u0105trz budynku oraz ograniczaj\u0105 zakres ewentualnych zniszcze\u0144. System sygnalizacji po\u017carowej dzia\u0142a w oparciu o rozmieszczone w poszczeg\u00f3lnych pomieszczeniach czujki&hellip;<\/p>\n","protected":false},"author":1,"featured_media":0,"parent":298,"menu_order":0,"comment_status":"closed","ping_status":"closed","template":"","meta":{"footnotes":""},"class_list":["post-313","page","type-page","status-publish","hentry"],"yoast_head":"<!-- This site is optimized with the Yoast SEO plugin v27.5 - https:\/\/yoast.com\/product\/yoast-seo-wordpress\/ -->\n<title>Sygnalizacja po\u017caru - Oderon<\/title>\n<meta name=\"robots\" content=\"index, follow, max-snippet:-1, max-image-preview:large, max-video-preview:-1\" \/>\n<link rel=\"canonical\" href=\"https:\/\/oderon.pl\/ar\/integracja-systemow-teletechnicznych\/sygnalizacja-pozaru\/\" \/>\n<meta property=\"og:locale\" content=\"ar_AR\" \/>\n<meta property=\"og:type\" content=\"article\" \/>\n<meta property=\"og:title\" content=\"Sygnalizacja po\u017caru - Oderon\" \/>\n<meta property=\"og:description\" content=\"Po\u017cary powstaj\u0105 z r\u00f3\u017cnych przyczyn. Systemy wykrywania i sygnalizacji po\u017caru maj\u0105 za zadanie wykrycie po\u017caru we wczesnej fazie. Daj\u0105 mo\u017cliwo\u015b\u0107 odpowiednio szybkiej reakcji na zagro\u017cenie po\u017carowe, a co za tym idzie chroni\u0105 \u017cycie ludzi znajduj\u0105cych si\u0119 wewn\u0105trz budynku oraz ograniczaj\u0105 zakres ewentualnych zniszcze\u0144. System sygnalizacji po\u017carowej dzia\u0142a w oparciu o rozmieszczone w poszczeg\u00f3lnych pomieszczeniach czujki&hellip;\" \/>\n<meta property=\"og:url\" content=\"https:\/\/oderon.pl\/ar\/integracja-systemow-teletechnicznych\/sygnalizacja-pozaru\/\" \/>\n<meta property=\"og:site_name\" content=\"Oderon\" \/>\n<meta name=\"twitter:card\" content=\"summary_large_image\" \/>\n<script type=\"application\/ld+json\" class=\"yoast-schema-graph\">{\"@context\":\"https:\\\/\\\/schema.org\",\"@graph\":[{\"@type\":\"WebPage\",\"@id\":\"https:\\\/\\\/oderon.pl\\\/ar\\\/integracja-systemow-teletechnicznych\\\/sygnalizacja-pozaru\\\/\",\"url\":\"https:\\\/\\\/oderon.pl\\\/ar\\\/integracja-systemow-teletechnicznych\\\/sygnalizacja-pozaru\\\/\",\"name\":\"Sygnalizacja po\u017caru - Oderon\",\"isPartOf\":{\"@id\":\"https:\\\/\\\/oderon.pl\\\/#website\"},\"datePublished\":\"2021-05-20T21:14:00+00:00\",\"breadcrumb\":{\"@id\":\"https:\\\/\\\/oderon.pl\\\/ar\\\/integracja-systemow-teletechnicznych\\\/sygnalizacja-pozaru\\\/#breadcrumb\"},\"inLanguage\":\"ar\",\"potentialAction\":[{\"@type\":\"ReadAction\",\"target\":[\"https:\\\/\\\/oderon.pl\\\/ar\\\/integracja-systemow-teletechnicznych\\\/sygnalizacja-pozaru\\\/\"]}]},{\"@type\":\"BreadcrumbList\",\"@id\":\"https:\\\/\\\/oderon.pl\\\/ar\\\/integracja-systemow-teletechnicznych\\\/sygnalizacja-pozaru\\\/#breadcrumb\",\"itemListElement\":[{\"@type\":\"ListItem\",\"position\":1,\"name\":\"Strona g\u0142\u00f3wna\",\"item\":\"https:\\\/\\\/oderon.pl\\\/ar\\\/\"},{\"@type\":\"ListItem\",\"position\":2,\"name\":\"Integracja system\u00f3w teletechnicznych\",\"item\":\"https:\\\/\\\/oderon.pl\\\/ar\\\/integracja-systemow-teletechnicznych\\\/\"},{\"@type\":\"ListItem\",\"position\":3,\"name\":\"Sygnalizacja po\u017caru\"}]},{\"@type\":\"WebSite\",\"@id\":\"https:\\\/\\\/oderon.pl\\\/#website\",\"url\":\"https:\\\/\\\/oderon.pl\\\/\",\"name\":\"Oderon\",\"description\":\"Nowoczesne technologie kontroli i bezpiecze\u0144stwa\",\"potentialAction\":[{\"@type\":\"SearchAction\",\"target\":{\"@type\":\"EntryPoint\",\"urlTemplate\":\"https:\\\/\\\/oderon.pl\\\/?s={search_term_string}\"},\"query-input\":{\"@type\":\"PropertyValueSpecification\",\"valueRequired\":true,\"valueName\":\"search_term_string\"}}],\"inLanguage\":\"ar\"}]}<\/script>\n<!-- \/ Yoast SEO plugin. -->","yoast_head_json":{"title":"Sygnalizacja po\u017caru - Oderon","robots":{"index":"index","follow":"follow","max-snippet":"max-snippet:-1","max-image-preview":"max-image-preview:large","max-video-preview":"max-video-preview:-1"},"canonical":"https:\/\/oderon.pl\/ar\/integracja-systemow-teletechnicznych\/sygnalizacja-pozaru\/","og_locale":"ar_AR","og_type":"article","og_title":"Sygnalizacja po\u017caru - Oderon","og_description":"Po\u017cary powstaj\u0105 z r\u00f3\u017cnych przyczyn. Systemy wykrywania i sygnalizacji po\u017caru maj\u0105 za zadanie wykrycie po\u017caru we wczesnej fazie. Daj\u0105 mo\u017cliwo\u015b\u0107 odpowiednio szybkiej reakcji na zagro\u017cenie po\u017carowe, a co za tym idzie chroni\u0105 \u017cycie ludzi znajduj\u0105cych si\u0119 wewn\u0105trz budynku oraz ograniczaj\u0105 zakres ewentualnych zniszcze\u0144. System sygnalizacji po\u017carowej dzia\u0142a w oparciu o rozmieszczone w poszczeg\u00f3lnych pomieszczeniach czujki&hellip;","og_url":"https:\/\/oderon.pl\/ar\/integracja-systemow-teletechnicznych\/sygnalizacja-pozaru\/","og_site_name":"Oderon","twitter_card":"summary_large_image","schema":{"@context":"https:\/\/schema.org","@graph":[{"@type":"WebPage","@id":"https:\/\/oderon.pl\/ar\/integracja-systemow-teletechnicznych\/sygnalizacja-pozaru\/","url":"https:\/\/oderon.pl\/ar\/integracja-systemow-teletechnicznych\/sygnalizacja-pozaru\/","name":"Sygnalizacja po\u017caru - Oderon","isPartOf":{"@id":"https:\/\/oderon.pl\/#website"},"datePublished":"2021-05-20T21:14:00+00:00","breadcrumb":{"@id":"https:\/\/oderon.pl\/ar\/integracja-systemow-teletechnicznych\/sygnalizacja-pozaru\/#breadcrumb"},"inLanguage":"ar","potentialAction":[{"@type":"ReadAction","target":["https:\/\/oderon.pl\/ar\/integracja-systemow-teletechnicznych\/sygnalizacja-pozaru\/"]}]},{"@type":"BreadcrumbList","@id":"https:\/\/oderon.pl\/ar\/integracja-systemow-teletechnicznych\/sygnalizacja-pozaru\/#breadcrumb","itemListElement":[{"@type":"ListItem","position":1,"name":"Strona g\u0142\u00f3wna","item":"https:\/\/oderon.pl\/ar\/"},{"@type":"ListItem","position":2,"name":"Integracja system\u00f3w teletechnicznych","item":"https:\/\/oderon.pl\/ar\/integracja-systemow-teletechnicznych\/"},{"@type":"ListItem","position":3,"name":"Sygnalizacja po\u017caru"}]},{"@type":"WebSite","@id":"https:\/\/oderon.pl\/#website","url":"https:\/\/oderon.pl\/","name":"Oderon","description":"Nowoczesne technologie kontroli i bezpiecze\u0144stwa","potentialAction":[{"@type":"SearchAction","target":{"@type":"EntryPoint","urlTemplate":"https:\/\/oderon.pl\/?s={search_term_string}"},"query-input":{"@type":"PropertyValueSpecification","valueRequired":true,"valueName":"search_term_string"}}],"inLanguage":"ar"}]}},"_links":{"self":[{"href":"https:\/\/oderon.pl\/ar\/wp-json\/wp\/v2\/pages\/313","targetHints":{"allow":["GET"]}}],"collection":[{"href":"https:\/\/oderon.pl\/ar\/wp-json\/wp\/v2\/pages"}],"about":[{"href":"https:\/\/oderon.pl\/ar\/wp-json\/wp\/v2\/types\/page"}],"author":[{"embeddable":true,"href":"https:\/\/oderon.pl\/ar\/wp-json\/wp\/v2\/users\/1"}],"replies":[{"embeddable":true,"href":"https:\/\/oderon.pl\/ar\/wp-json\/wp\/v2\/comments?post=313"}],"version-history":[{"count":0,"href":"https:\/\/oderon.pl\/ar\/wp-json\/wp\/v2\/pages\/313\/revisions"}],"up":[{"embeddable":true,"href":"https:\/\/oderon.pl\/ar\/wp-json\/wp\/v2\/pages\/298"}],"wp:attachment":[{"href":"https:\/\/oderon.pl\/ar\/wp-json\/wp\/v2\/media?parent=313"}],"curies":[{"name":"wp","href":"https:\/\/api.w.org\/{rel}","templated":true}]}}