{"id":306,"date":"2021-05-21T00:14:29","date_gmt":"2021-05-20T22:14:29","guid":{"rendered":"http:\/\/oderon.pl\/integracja-systemow-teletechnicznych\/ochrona-obwodowa\/bariery-mikrofalowe\/"},"modified":"2021-05-21T00:14:29","modified_gmt":"2021-05-20T22:14:29","slug":"bariery-mikrofalowe","status":"publish","type":"page","link":"https:\/\/oderon.pl\/ar\/integracja-systemow-teletechnicznych\/ochrona-obwodowa\/bariery-mikrofalowe\/","title":{"rendered":"Bariery mikrofalowe"},"content":{"rendered":"\n<h1>\n\t\t\n\t<\/h1>\n\t<span><span><a href=\"https:\/\/oderon.pl\/ar\/\">Strona g\u0142\u00f3wna<\/a><\/span><\/span>\n\tBariera mikrofalowa to jedna z najbardziej niezawodnych i bezpiecznych czujek wykrywaj\u0105cych intruza, wykorzystywana do zewn\u0119trznej ochrony obwodowej.<br>\nZasada dzia\u0142ania bariery mikrofalowej\n<p>Zasada dzia\u0142ania bariery mikrofalowej jest bardzo prosta. Urz\u0105dzenie tego typu tworzy wi\u0105zk\u0119 elektromagnetyczn\u0105 wykorzystuj\u0105c mikrofal\u0119 wysokiej cz\u0119stotliwo\u015bci wysy\u0142an\u0105 z nadajnika do odbiornika, tworz\u0105c tym samym niewidzialn\u0105 lecz czu\u0142\u0105 stref\u0119 ochrony. Je\u017celi odbiornik otrzyma sygna\u0142 o zmienionej charakterystyce, szczeg\u00f3\u0142owo go analizuje. Je\u017celi w wyniku analizy uzna, \u017ce zmiana zosta\u0142a wywo\u0142ana przez intruza w\u00f3wczas w\u0142\u0105cza si\u0119 alarm, kt\u00f3ry mo\u017ce by\u0107 przekazany drog\u0105 analogow\u0105 lub cyfrow\u0105.<\/p>\n<h2>Wykorzystanie barier mikrofalowych<\/h2>\n<p>Zaawansowane technologicznie bariery firmy CIAS, opieraj\u0105ce swoje dzia\u0142anie na analizie sygna\u0142u przy pomocy logiki rozmytej \u201eFuzzy Logic&#8221;, wykorzystywane s\u0105 w ochronie obwodowej obiekt\u00f3w takich jak: zak\u0142ady karne, elektrownie, rafinerie, jednostki wojskowe, lotniska . Bariery te poza wysokim poziomem ochrony gwarantuj\u0105 r\u00f3wnie\u017c niezwykle prost\u0105 obs\u0142ug\u0119 i konserwacj\u0119, tak\u017ce metod\u0105 zdaln\u0105.<\/p>\n<p>CIAS oferuje r\u00f3wnie\u017c bariery mikrofalowe, mniej zaawansowane technologicznie, lecz nadal zapewniaj\u0105ce doskona\u0142\u0105 ochron\u0119. Produkty te przeznaczone s\u0105 do zabezpieczania mniejszych obiekt\u00f3w cywilnych i komercyjnych takich jak: wille, balkony, tarasy, mniejsze fabryki, centra handlowe.<\/p>\n<h2>Bariery mikrofalowe CIAS<\/h2>\n<p>CIAS produkuje r\u00f3\u017cne modele barier mikrofalowych przeznaczonych do ochrony obwodowej w zale\u017cno\u015bci od ich przeznaczenia i wymaganego poziomu ochrony.<\/p>\n<p><strong>Ermo 482 i Ermo 482X Pro:<\/strong> jest w stanie dostosowa\u0107 si\u0119 do ka\u017cdych warunk\u00f3w pogodowych. Wykorzystywany jest do ochrony ogromnych teren\u00f3w zewn\u0119trznych. Wersja 482X PRO wykorzystywana jest do ochrony obszar\u00f3w wysokiego ryzyka.<\/p>\n<p><strong>Coral:<\/strong> zewn\u0119trzna bariera mikrofalowa stworzona w celu u\u0142atwienia i przyspieszenia procesu instalacji, efektywna ochrona, funkcjonalno\u015b\u0107 i atrakcyjny wygl\u0105d.<\/p>\n<p><strong>Manta:<\/strong> zewn\u0119trzna, cyfrowa bariera mikrofalowa najnowszej generacji, niski poziom fa\u0142szywych alarm\u00f3w, wysoka jako\u015b\u0107 ochrony i \u0142atwa instalacja.<\/p>\n<p><strong>Ermusa:<\/strong> idealna do ochrony du\u017cych korytarzy, balkon\u00f3w, tuneli dla pieszych, arkad i rusztowa\u0144.<\/p>\n<p><strong>Minermo:<\/strong> bariera wykorzystuj\u0105ca technologi\u0119 planarn\u0105, stworzona do ochrony rezydencji.<\/p>\n","protected":false},"excerpt":{"rendered":"<p>Bariera mikrofalowa to jedna z najbardziej niezawodnych i bezpiecznych czujek wykrywaj\u0105cych intruza, wykorzystywana do zewn\u0119trznej ochrony obwodowej. Zasada dzia\u0142ania bariery mikrofalowej Zasada dzia\u0142ania bariery mikrofalowej jest bardzo prosta. Urz\u0105dzenie tego typu tworzy wi\u0105zk\u0119 elektromagnetyczn\u0105 wykorzystuj\u0105c mikrofal\u0119 wysokiej cz\u0119stotliwo\u015bci wysy\u0142an\u0105 z nadajnika do odbiornika, tworz\u0105c tym samym niewidzialn\u0105 lecz czu\u0142\u0105 stref\u0119 ochrony. Je\u017celi odbiornik otrzyma sygna\u0142&hellip;<\/p>\n","protected":false},"author":1,"featured_media":0,"parent":303,"menu_order":0,"comment_status":"closed","ping_status":"closed","template":"","meta":{"footnotes":""},"class_list":["post-306","page","type-page","status-publish","hentry"],"yoast_head":"<!-- This site is optimized with the Yoast SEO plugin v27.4 - https:\/\/yoast.com\/product\/yoast-seo-wordpress\/ -->\n<title>Bariery mikrofalowe - Oderon<\/title>\n<meta name=\"robots\" content=\"index, follow, max-snippet:-1, max-image-preview:large, max-video-preview:-1\" \/>\n<link rel=\"canonical\" href=\"https:\/\/oderon.pl\/ar\/integracja-systemow-teletechnicznych\/ochrona-obwodowa\/bariery-mikrofalowe\/\" \/>\n<meta property=\"og:locale\" content=\"ar_AR\" \/>\n<meta property=\"og:type\" content=\"article\" \/>\n<meta property=\"og:title\" content=\"Bariery mikrofalowe - Oderon\" \/>\n<meta property=\"og:description\" content=\"Bariera mikrofalowa to jedna z najbardziej niezawodnych i bezpiecznych czujek wykrywaj\u0105cych intruza, wykorzystywana do zewn\u0119trznej ochrony obwodowej. Zasada dzia\u0142ania bariery mikrofalowej Zasada dzia\u0142ania bariery mikrofalowej jest bardzo prosta. Urz\u0105dzenie tego typu tworzy wi\u0105zk\u0119 elektromagnetyczn\u0105 wykorzystuj\u0105c mikrofal\u0119 wysokiej cz\u0119stotliwo\u015bci wysy\u0142an\u0105 z nadajnika do odbiornika, tworz\u0105c tym samym niewidzialn\u0105 lecz czu\u0142\u0105 stref\u0119 ochrony. Je\u017celi odbiornik otrzyma sygna\u0142&hellip;\" \/>\n<meta property=\"og:url\" content=\"https:\/\/oderon.pl\/ar\/integracja-systemow-teletechnicznych\/ochrona-obwodowa\/bariery-mikrofalowe\/\" \/>\n<meta property=\"og:site_name\" content=\"Oderon\" \/>\n<meta name=\"twitter:card\" content=\"summary_large_image\" \/>\n<meta name=\"twitter:label1\" content=\"\u0648\u0642\u062a \u0627\u0644\u0642\u0631\u0627\u0621\u0629 \u0627\u0644\u0645\u064f\u0642\u062f\u0651\u0631\" \/>\n\t<meta name=\"twitter:data1\" content=\"\u062f\u0642\u064a\u0642\u062a\u0627\u0646\" \/>\n<script type=\"application\/ld+json\" class=\"yoast-schema-graph\">{\"@context\":\"https:\\\/\\\/schema.org\",\"@graph\":[{\"@type\":\"WebPage\",\"@id\":\"https:\\\/\\\/oderon.pl\\\/ar\\\/integracja-systemow-teletechnicznych\\\/ochrona-obwodowa\\\/bariery-mikrofalowe\\\/\",\"url\":\"https:\\\/\\\/oderon.pl\\\/ar\\\/integracja-systemow-teletechnicznych\\\/ochrona-obwodowa\\\/bariery-mikrofalowe\\\/\",\"name\":\"Bariery mikrofalowe - Oderon\",\"isPartOf\":{\"@id\":\"https:\\\/\\\/oderon.pl\\\/#website\"},\"datePublished\":\"2021-05-20T22:14:29+00:00\",\"breadcrumb\":{\"@id\":\"https:\\\/\\\/oderon.pl\\\/ar\\\/integracja-systemow-teletechnicznych\\\/ochrona-obwodowa\\\/bariery-mikrofalowe\\\/#breadcrumb\"},\"inLanguage\":\"ar\",\"potentialAction\":[{\"@type\":\"ReadAction\",\"target\":[\"https:\\\/\\\/oderon.pl\\\/ar\\\/integracja-systemow-teletechnicznych\\\/ochrona-obwodowa\\\/bariery-mikrofalowe\\\/\"]}]},{\"@type\":\"BreadcrumbList\",\"@id\":\"https:\\\/\\\/oderon.pl\\\/ar\\\/integracja-systemow-teletechnicznych\\\/ochrona-obwodowa\\\/bariery-mikrofalowe\\\/#breadcrumb\",\"itemListElement\":[{\"@type\":\"ListItem\",\"position\":1,\"name\":\"Strona g\u0142\u00f3wna\",\"item\":\"https:\\\/\\\/oderon.pl\\\/ar\\\/\"},{\"@type\":\"ListItem\",\"position\":2,\"name\":\"Integracja system\u00f3w teletechnicznych\",\"item\":\"https:\\\/\\\/oderon.pl\\\/ar\\\/integracja-systemow-teletechnicznych\\\/\"},{\"@type\":\"ListItem\",\"position\":3,\"name\":\"Ochrona obwodowa\",\"item\":\"https:\\\/\\\/oderon.pl\\\/ar\\\/integracja-systemow-teletechnicznych\\\/ochrona-obwodowa\\\/\"},{\"@type\":\"ListItem\",\"position\":4,\"name\":\"Bariery mikrofalowe\"}]},{\"@type\":\"WebSite\",\"@id\":\"https:\\\/\\\/oderon.pl\\\/#website\",\"url\":\"https:\\\/\\\/oderon.pl\\\/\",\"name\":\"Oderon\",\"description\":\"Nowoczesne technologie kontroli i bezpiecze\u0144stwa\",\"potentialAction\":[{\"@type\":\"SearchAction\",\"target\":{\"@type\":\"EntryPoint\",\"urlTemplate\":\"https:\\\/\\\/oderon.pl\\\/?s={search_term_string}\"},\"query-input\":{\"@type\":\"PropertyValueSpecification\",\"valueRequired\":true,\"valueName\":\"search_term_string\"}}],\"inLanguage\":\"ar\"}]}<\/script>\n<!-- \/ Yoast SEO plugin. -->","yoast_head_json":{"title":"Bariery mikrofalowe - Oderon","robots":{"index":"index","follow":"follow","max-snippet":"max-snippet:-1","max-image-preview":"max-image-preview:large","max-video-preview":"max-video-preview:-1"},"canonical":"https:\/\/oderon.pl\/ar\/integracja-systemow-teletechnicznych\/ochrona-obwodowa\/bariery-mikrofalowe\/","og_locale":"ar_AR","og_type":"article","og_title":"Bariery mikrofalowe - Oderon","og_description":"Bariera mikrofalowa to jedna z najbardziej niezawodnych i bezpiecznych czujek wykrywaj\u0105cych intruza, wykorzystywana do zewn\u0119trznej ochrony obwodowej. Zasada dzia\u0142ania bariery mikrofalowej Zasada dzia\u0142ania bariery mikrofalowej jest bardzo prosta. Urz\u0105dzenie tego typu tworzy wi\u0105zk\u0119 elektromagnetyczn\u0105 wykorzystuj\u0105c mikrofal\u0119 wysokiej cz\u0119stotliwo\u015bci wysy\u0142an\u0105 z nadajnika do odbiornika, tworz\u0105c tym samym niewidzialn\u0105 lecz czu\u0142\u0105 stref\u0119 ochrony. Je\u017celi odbiornik otrzyma sygna\u0142&hellip;","og_url":"https:\/\/oderon.pl\/ar\/integracja-systemow-teletechnicznych\/ochrona-obwodowa\/bariery-mikrofalowe\/","og_site_name":"Oderon","twitter_card":"summary_large_image","twitter_misc":{"\u0648\u0642\u062a \u0627\u0644\u0642\u0631\u0627\u0621\u0629 \u0627\u0644\u0645\u064f\u0642\u062f\u0651\u0631":"\u062f\u0642\u064a\u0642\u062a\u0627\u0646"},"schema":{"@context":"https:\/\/schema.org","@graph":[{"@type":"WebPage","@id":"https:\/\/oderon.pl\/ar\/integracja-systemow-teletechnicznych\/ochrona-obwodowa\/bariery-mikrofalowe\/","url":"https:\/\/oderon.pl\/ar\/integracja-systemow-teletechnicznych\/ochrona-obwodowa\/bariery-mikrofalowe\/","name":"Bariery mikrofalowe - Oderon","isPartOf":{"@id":"https:\/\/oderon.pl\/#website"},"datePublished":"2021-05-20T22:14:29+00:00","breadcrumb":{"@id":"https:\/\/oderon.pl\/ar\/integracja-systemow-teletechnicznych\/ochrona-obwodowa\/bariery-mikrofalowe\/#breadcrumb"},"inLanguage":"ar","potentialAction":[{"@type":"ReadAction","target":["https:\/\/oderon.pl\/ar\/integracja-systemow-teletechnicznych\/ochrona-obwodowa\/bariery-mikrofalowe\/"]}]},{"@type":"BreadcrumbList","@id":"https:\/\/oderon.pl\/ar\/integracja-systemow-teletechnicznych\/ochrona-obwodowa\/bariery-mikrofalowe\/#breadcrumb","itemListElement":[{"@type":"ListItem","position":1,"name":"Strona g\u0142\u00f3wna","item":"https:\/\/oderon.pl\/ar\/"},{"@type":"ListItem","position":2,"name":"Integracja system\u00f3w teletechnicznych","item":"https:\/\/oderon.pl\/ar\/integracja-systemow-teletechnicznych\/"},{"@type":"ListItem","position":3,"name":"Ochrona obwodowa","item":"https:\/\/oderon.pl\/ar\/integracja-systemow-teletechnicznych\/ochrona-obwodowa\/"},{"@type":"ListItem","position":4,"name":"Bariery mikrofalowe"}]},{"@type":"WebSite","@id":"https:\/\/oderon.pl\/#website","url":"https:\/\/oderon.pl\/","name":"Oderon","description":"Nowoczesne technologie kontroli i bezpiecze\u0144stwa","potentialAction":[{"@type":"SearchAction","target":{"@type":"EntryPoint","urlTemplate":"https:\/\/oderon.pl\/?s={search_term_string}"},"query-input":{"@type":"PropertyValueSpecification","valueRequired":true,"valueName":"search_term_string"}}],"inLanguage":"ar"}]}},"_links":{"self":[{"href":"https:\/\/oderon.pl\/ar\/wp-json\/wp\/v2\/pages\/306","targetHints":{"allow":["GET"]}}],"collection":[{"href":"https:\/\/oderon.pl\/ar\/wp-json\/wp\/v2\/pages"}],"about":[{"href":"https:\/\/oderon.pl\/ar\/wp-json\/wp\/v2\/types\/page"}],"author":[{"embeddable":true,"href":"https:\/\/oderon.pl\/ar\/wp-json\/wp\/v2\/users\/1"}],"replies":[{"embeddable":true,"href":"https:\/\/oderon.pl\/ar\/wp-json\/wp\/v2\/comments?post=306"}],"version-history":[{"count":0,"href":"https:\/\/oderon.pl\/ar\/wp-json\/wp\/v2\/pages\/306\/revisions"}],"up":[{"embeddable":true,"href":"https:\/\/oderon.pl\/ar\/wp-json\/wp\/v2\/pages\/303"}],"wp:attachment":[{"href":"https:\/\/oderon.pl\/ar\/wp-json\/wp\/v2\/media?parent=306"}],"curies":[{"name":"wp","href":"https:\/\/api.w.org\/{rel}","templated":true}]}}