{"id":290,"date":"2021-05-20T23:05:43","date_gmt":"2021-05-20T21:05:43","guid":{"rendered":"http:\/\/oderon.pl\/engineering-it\/zarzadzanie-projektami-it\/"},"modified":"2021-05-20T23:05:43","modified_gmt":"2021-05-20T21:05:43","slug":"zarzadzanie-projektami-it","status":"publish","type":"page","link":"https:\/\/oderon.pl\/ar\/engineering-it\/zarzadzanie-projektami-it\/","title":{"rendered":"Zarz\u0105dzanie projektami IT"},"content":{"rendered":"\n<h1>\n\t\t\n\t<\/h1>\n\t<span><span><a href=\"https:\/\/oderon.pl\/ar\/\">Strona g\u0142\u00f3wna<\/a><\/span><\/span>\n\t<p>W celu prawid\u0142owego wdro\u017cenia systemu IT organizacje w wi\u0119kszo\u015bci przypadk\u00f3w zlecaj\u0105 prowadzenie nadzoru nad przygotowaniem projektu i nadzorowaniem realizacji podpisanej umowy niezale\u017cnej firmie zewn\u0119trznej. W efekcie, bez konieczno\u015bci anga\u017cowania w\u0142asnych pracownik\u00f3w oraz przy minimalnych kosztach (brak konieczno\u015bci przeprowadzenia kosztownych szkole\u0144), klienci otrzymuj\u0105 niezale\u017cne spojrzenie na prac\u0119 firmy wdro\u017ceniowej. Dodatkowo, konsultanci firmy doradczej nadzoruj\u0105 i weryfikuj\u0105 nie tylko wype\u0142nienie zapis\u00f3w umowy, ale tak\u017ce pomagaj\u0105 Klientowi w podejmowaniu w\u0142a\u015bciwych decyzji ju\u017c podczas samego procesu wdro\u017cenia &#8211; dzi\u0119ki czemu zwi\u0119kszane jest prawdopodobie\u0144stwo zako\u0144czenia projektu w zak\u0142adanym czasie i bud\u017cecie. Takie podej\u015bcie zapewnia bie\u017c\u0105cy nadz\u00f3r nad poprawno\u015bci\u0105 wdro\u017cenia, realizacj\u0105 za\u0142o\u017ce\u0144 bud\u017cetowych i pragmatyczn\u0105 koordynacj\u0119 z innymi projektami powi\u0105zanymi z obszarem wdro\u017cenia rozwi\u0105za\u0144 IT.<\/p>\n<h2>\n\t\tJak to robimy\n\t<\/h2>\n\t<ul>\n<li>Prowadzimy nadz\u00f3r nad zakresem organizacyjnym projektu,<\/li>\n<li>Prowadzimy nadz\u00f3r nad zakresem funkcjonalnym,<\/li>\n<li>Prowadzamy nadz\u00f3r nad harmonogramem prac,<\/li>\n<li>Monitorujemy i nadzorujemy \u00a0bud\u017cet,<\/li>\n<li>Pomagamy w precyzyjnym zdefiniowaniu oczekiwa\u0144 i potrzeb klienta,<\/li>\n<li>Nadzorujemy podzia\u0142 i realizacj\u0119 prac.<\/li>\n<li>Weryfikujemy zakres odpowiedzialno\u015bci,<\/li>\n<li>Koordynujemy projekt wdro\u017cenia IT w ramach projekt\u00f3w powi\u0105zanych,<\/li>\n<li>Zarz\u0105dzamy zmianami organizacyjnymi i technicznymi.<\/li>\n<\/ul>\n<h2>\n\t\tCo oferujemy\n\t<\/h2>\n\t<ul>\n<li>&#8220;Wypo\u017cyczamy&#8221; specjalist\u00f3w z wielu dziedzin wiedzy informatycznej,<\/li>\n<li>Do\u015bwiadczenie przy zarz\u0105dzaniu projektami IT,<\/li>\n<li>Pe\u0142ne po\u015bwi\u0119cenie projektowi,<\/li>\n<li>Zesp\u00f3\u0142 konsultacyjny do pomocy przy wyj\u0105tkowo skomplikowanych problemach.<\/li>\n<\/ul>\n\n","protected":false},"excerpt":{"rendered":"<p>W celu prawid\u0142owego wdro\u017cenia systemu IT organizacje w wi\u0119kszo\u015bci przypadk\u00f3w zlecaj\u0105 prowadzenie nadzoru nad przygotowaniem projektu i nadzorowaniem realizacji podpisanej umowy niezale\u017cnej firmie zewn\u0119trznej. W efekcie, bez konieczno\u015bci anga\u017cowania w\u0142asnych pracownik\u00f3w oraz przy minimalnych kosztach (brak konieczno\u015bci przeprowadzenia kosztownych szkole\u0144), klienci otrzymuj\u0105 niezale\u017cne spojrzenie na prac\u0119 firmy wdro\u017ceniowej. Dodatkowo, konsultanci firmy doradczej nadzoruj\u0105 i weryfikuj\u0105&hellip;<\/p>\n","protected":false},"author":1,"featured_media":0,"parent":283,"menu_order":0,"comment_status":"closed","ping_status":"closed","template":"","meta":{"footnotes":""},"class_list":["post-290","page","type-page","status-publish","hentry"],"yoast_head":"<!-- This site is optimized with the Yoast SEO plugin v27.4 - https:\/\/yoast.com\/product\/yoast-seo-wordpress\/ -->\n<title>Zarz\u0105dzanie projektami IT - Oderon<\/title>\n<meta name=\"robots\" content=\"index, follow, max-snippet:-1, max-image-preview:large, max-video-preview:-1\" \/>\n<link rel=\"canonical\" href=\"https:\/\/oderon.pl\/ar\/engineering-it\/zarzadzanie-projektami-it\/\" \/>\n<meta property=\"og:locale\" content=\"ar_AR\" \/>\n<meta property=\"og:type\" content=\"article\" \/>\n<meta property=\"og:title\" content=\"Zarz\u0105dzanie projektami IT - Oderon\" \/>\n<meta property=\"og:description\" content=\"W celu prawid\u0142owego wdro\u017cenia systemu IT organizacje w wi\u0119kszo\u015bci przypadk\u00f3w zlecaj\u0105 prowadzenie nadzoru nad przygotowaniem projektu i nadzorowaniem realizacji podpisanej umowy niezale\u017cnej firmie zewn\u0119trznej. W efekcie, bez konieczno\u015bci anga\u017cowania w\u0142asnych pracownik\u00f3w oraz przy minimalnych kosztach (brak konieczno\u015bci przeprowadzenia kosztownych szkole\u0144), klienci otrzymuj\u0105 niezale\u017cne spojrzenie na prac\u0119 firmy wdro\u017ceniowej. Dodatkowo, konsultanci firmy doradczej nadzoruj\u0105 i weryfikuj\u0105&hellip;\" \/>\n<meta property=\"og:url\" content=\"https:\/\/oderon.pl\/ar\/engineering-it\/zarzadzanie-projektami-it\/\" \/>\n<meta property=\"og:site_name\" content=\"Oderon\" \/>\n<meta name=\"twitter:card\" content=\"summary_large_image\" \/>\n<script type=\"application\/ld+json\" class=\"yoast-schema-graph\">{\"@context\":\"https:\\\/\\\/schema.org\",\"@graph\":[{\"@type\":\"WebPage\",\"@id\":\"https:\\\/\\\/oderon.pl\\\/ar\\\/engineering-it\\\/zarzadzanie-projektami-it\\\/\",\"url\":\"https:\\\/\\\/oderon.pl\\\/ar\\\/engineering-it\\\/zarzadzanie-projektami-it\\\/\",\"name\":\"Zarz\u0105dzanie projektami IT - Oderon\",\"isPartOf\":{\"@id\":\"https:\\\/\\\/oderon.pl\\\/#website\"},\"datePublished\":\"2021-05-20T21:05:43+00:00\",\"breadcrumb\":{\"@id\":\"https:\\\/\\\/oderon.pl\\\/ar\\\/engineering-it\\\/zarzadzanie-projektami-it\\\/#breadcrumb\"},\"inLanguage\":\"ar\",\"potentialAction\":[{\"@type\":\"ReadAction\",\"target\":[\"https:\\\/\\\/oderon.pl\\\/ar\\\/engineering-it\\\/zarzadzanie-projektami-it\\\/\"]}]},{\"@type\":\"BreadcrumbList\",\"@id\":\"https:\\\/\\\/oderon.pl\\\/ar\\\/engineering-it\\\/zarzadzanie-projektami-it\\\/#breadcrumb\",\"itemListElement\":[{\"@type\":\"ListItem\",\"position\":1,\"name\":\"Strona g\u0142\u00f3wna\",\"item\":\"https:\\\/\\\/oderon.pl\\\/ar\\\/\"},{\"@type\":\"ListItem\",\"position\":2,\"name\":\"Engineering IT\",\"item\":\"https:\\\/\\\/oderon.pl\\\/ar\\\/engineering-it\\\/\"},{\"@type\":\"ListItem\",\"position\":3,\"name\":\"Zarz\u0105dzanie projektami IT\"}]},{\"@type\":\"WebSite\",\"@id\":\"https:\\\/\\\/oderon.pl\\\/#website\",\"url\":\"https:\\\/\\\/oderon.pl\\\/\",\"name\":\"Oderon\",\"description\":\"Nowoczesne technologie kontroli i bezpiecze\u0144stwa\",\"potentialAction\":[{\"@type\":\"SearchAction\",\"target\":{\"@type\":\"EntryPoint\",\"urlTemplate\":\"https:\\\/\\\/oderon.pl\\\/?s={search_term_string}\"},\"query-input\":{\"@type\":\"PropertyValueSpecification\",\"valueRequired\":true,\"valueName\":\"search_term_string\"}}],\"inLanguage\":\"ar\"}]}<\/script>\n<!-- \/ Yoast SEO plugin. -->","yoast_head_json":{"title":"Zarz\u0105dzanie projektami IT - Oderon","robots":{"index":"index","follow":"follow","max-snippet":"max-snippet:-1","max-image-preview":"max-image-preview:large","max-video-preview":"max-video-preview:-1"},"canonical":"https:\/\/oderon.pl\/ar\/engineering-it\/zarzadzanie-projektami-it\/","og_locale":"ar_AR","og_type":"article","og_title":"Zarz\u0105dzanie projektami IT - Oderon","og_description":"W celu prawid\u0142owego wdro\u017cenia systemu IT organizacje w wi\u0119kszo\u015bci przypadk\u00f3w zlecaj\u0105 prowadzenie nadzoru nad przygotowaniem projektu i nadzorowaniem realizacji podpisanej umowy niezale\u017cnej firmie zewn\u0119trznej. W efekcie, bez konieczno\u015bci anga\u017cowania w\u0142asnych pracownik\u00f3w oraz przy minimalnych kosztach (brak konieczno\u015bci przeprowadzenia kosztownych szkole\u0144), klienci otrzymuj\u0105 niezale\u017cne spojrzenie na prac\u0119 firmy wdro\u017ceniowej. Dodatkowo, konsultanci firmy doradczej nadzoruj\u0105 i weryfikuj\u0105&hellip;","og_url":"https:\/\/oderon.pl\/ar\/engineering-it\/zarzadzanie-projektami-it\/","og_site_name":"Oderon","twitter_card":"summary_large_image","schema":{"@context":"https:\/\/schema.org","@graph":[{"@type":"WebPage","@id":"https:\/\/oderon.pl\/ar\/engineering-it\/zarzadzanie-projektami-it\/","url":"https:\/\/oderon.pl\/ar\/engineering-it\/zarzadzanie-projektami-it\/","name":"Zarz\u0105dzanie projektami IT - Oderon","isPartOf":{"@id":"https:\/\/oderon.pl\/#website"},"datePublished":"2021-05-20T21:05:43+00:00","breadcrumb":{"@id":"https:\/\/oderon.pl\/ar\/engineering-it\/zarzadzanie-projektami-it\/#breadcrumb"},"inLanguage":"ar","potentialAction":[{"@type":"ReadAction","target":["https:\/\/oderon.pl\/ar\/engineering-it\/zarzadzanie-projektami-it\/"]}]},{"@type":"BreadcrumbList","@id":"https:\/\/oderon.pl\/ar\/engineering-it\/zarzadzanie-projektami-it\/#breadcrumb","itemListElement":[{"@type":"ListItem","position":1,"name":"Strona g\u0142\u00f3wna","item":"https:\/\/oderon.pl\/ar\/"},{"@type":"ListItem","position":2,"name":"Engineering IT","item":"https:\/\/oderon.pl\/ar\/engineering-it\/"},{"@type":"ListItem","position":3,"name":"Zarz\u0105dzanie projektami IT"}]},{"@type":"WebSite","@id":"https:\/\/oderon.pl\/#website","url":"https:\/\/oderon.pl\/","name":"Oderon","description":"Nowoczesne technologie kontroli i bezpiecze\u0144stwa","potentialAction":[{"@type":"SearchAction","target":{"@type":"EntryPoint","urlTemplate":"https:\/\/oderon.pl\/?s={search_term_string}"},"query-input":{"@type":"PropertyValueSpecification","valueRequired":true,"valueName":"search_term_string"}}],"inLanguage":"ar"}]}},"_links":{"self":[{"href":"https:\/\/oderon.pl\/ar\/wp-json\/wp\/v2\/pages\/290","targetHints":{"allow":["GET"]}}],"collection":[{"href":"https:\/\/oderon.pl\/ar\/wp-json\/wp\/v2\/pages"}],"about":[{"href":"https:\/\/oderon.pl\/ar\/wp-json\/wp\/v2\/types\/page"}],"author":[{"embeddable":true,"href":"https:\/\/oderon.pl\/ar\/wp-json\/wp\/v2\/users\/1"}],"replies":[{"embeddable":true,"href":"https:\/\/oderon.pl\/ar\/wp-json\/wp\/v2\/comments?post=290"}],"version-history":[{"count":0,"href":"https:\/\/oderon.pl\/ar\/wp-json\/wp\/v2\/pages\/290\/revisions"}],"up":[{"embeddable":true,"href":"https:\/\/oderon.pl\/ar\/wp-json\/wp\/v2\/pages\/283"}],"wp:attachment":[{"href":"https:\/\/oderon.pl\/ar\/wp-json\/wp\/v2\/media?parent=290"}],"curies":[{"name":"wp","href":"https:\/\/api.w.org\/{rel}","templated":true}]}}