{"id":289,"date":"2021-05-20T22:54:39","date_gmt":"2021-05-20T20:54:39","guid":{"rendered":"http:\/\/oderon.pl\/engineering-it\/strategia-informatyzacji\/"},"modified":"2021-05-20T22:54:39","modified_gmt":"2021-05-20T20:54:39","slug":"strategia-informatyzacji","status":"publish","type":"page","link":"https:\/\/oderon.pl\/ar\/engineering-it\/strategia-informatyzacji\/","title":{"rendered":"Strategia informatyzacji"},"content":{"rendered":"\n<h1>\n\t\t\n\t<\/h1>\n\t<span><span><a href=\"https:\/\/oderon.pl\/ar\/\">Strona g\u0142\u00f3wna<\/a><\/span><\/span>\n\tW ostatnich latach organizacje inwestowa\u0142y wiele \u015brodk\u00f3w w technologie i rozwi\u0105zania IT staraj\u0105c si\u0119 poprawi\u0107 efektywno\u015b\u0107 pracy i zwi\u0119ksza\u0107 konkurencyjno\u015b\u0107. Wiele z wdro\u017ce\u0144 nie do ko\u0144ca spe\u0142ni\u0142o wszystkie oczekiwania i nie dostarczy\u0142o rozwi\u0105za\u0144 na jakie liczyli menad\u017cerowie. Wynika to z faktu dynamicznie zmieniaj\u0105cego si\u0119 otoczenia ekonomicznego firm, a tak\u017ce braku wystarczaj\u0105cej strategii rozwoju IT. Dlatego punktem wyj\u015bcia do wdra\u017cania i optymalizacji rozwi\u0105za\u0144 w zakresie IT powinna by\u0107 opracowana i zatwierdzona strategia &#8211; skorelowana z celami ca\u0142ej organizacji. Opracowanie planu rozwoju IT nie jest zadaniem prostym &#8211; wymaga bowiem umiej\u0119tnego po\u0142\u0105czenia oczekiwa\u0144 biznesowych organizacji z jej mo\u017cliwo\u015bciami finansowymi i faktycznymi potrzebami informacyjnymi.<br \/>\nPrzedsi\u0119biorstwa coraz cz\u0119\u015bciej si\u0119gaj\u0105 po specjalist\u00f3w z danej dziedziny do prowadzenia zaawansowanych projekt\u00f3w. Bran\u017ca IT nie jest w tej kwestii wyj\u0105tkiem. Gwa\u0142towny post\u0119p technologii oraz mnogo\u015b\u0107 dyscyplin IT sprawia, \u017ce wiedza szybko si\u0119 deaktualizuje. Dlatego proponujemy klientom us\u0142ugi nadzorowania i zarz\u0105dzania projektami informatycznymi.\n<h2>\n\t\tJak to robimy\n\t<\/h2>\n\t<ul>\n<li>Okre\u015blamy struktury IT w odniesieniu do podstawowej dzia\u0142alno\u015bci:\n<ul>\n<li>przeprowadzamy analizy potrzeb biznesowych,<\/li>\n<li>przeprowadzamy analizy infrastruktury IT,<\/li>\n<li>przeprowadzamy analizy struktury organizacyjnej,<\/li>\n<\/ul>\n<\/li>\n<li>Szacujemy kompleksowe koszty,<\/li>\n<li>Przygotowujemy rekomendacje w zakresie racjonalizacji koszt\u00f3w IT,<\/li>\n<li>Przeprowadzamy analizy koszt\u00f3w inwestycji oraz funkcjonowania struktur IT pod k\u0105tem korzy\u015bci biznesowych lub wymaga\u0144 administracyjnych,<\/li>\n<li>Opracowujemy wytyczne strategii funkcjonowania,<\/li>\n<li>Przygotowujemy zarz\u0105dzenia zmianami w zakresie wdra\u017cania strategii IT,<\/li>\n<li>Oceniamy skuteczno\u015b\u0107 wdro\u017cenia Strategii IT.<\/li>\n<\/ul>\n\n","protected":false},"excerpt":{"rendered":"<p>W ostatnich latach organizacje inwestowa\u0142y wiele \u015brodk\u00f3w w technologie i rozwi\u0105zania IT staraj\u0105c si\u0119 poprawi\u0107 efektywno\u015b\u0107 pracy i zwi\u0119ksza\u0107 konkurencyjno\u015b\u0107. Wiele z wdro\u017ce\u0144 nie do ko\u0144ca spe\u0142ni\u0142o wszystkie oczekiwania i nie dostarczy\u0142o rozwi\u0105za\u0144 na jakie liczyli menad\u017cerowie. Wynika to z faktu dynamicznie zmieniaj\u0105cego si\u0119 otoczenia ekonomicznego firm, a tak\u017ce braku wystarczaj\u0105cej strategii rozwoju IT. Dlatego&hellip;<\/p>\n","protected":false},"author":1,"featured_media":0,"parent":283,"menu_order":0,"comment_status":"closed","ping_status":"closed","template":"","meta":{"footnotes":""},"class_list":["post-289","page","type-page","status-publish","hentry"],"yoast_head":"<!-- This site is optimized with the Yoast SEO plugin v27.4 - https:\/\/yoast.com\/product\/yoast-seo-wordpress\/ -->\n<title>Strategia informatyzacji - Oderon<\/title>\n<meta name=\"robots\" content=\"index, follow, max-snippet:-1, max-image-preview:large, max-video-preview:-1\" \/>\n<link rel=\"canonical\" href=\"https:\/\/oderon.pl\/ar\/engineering-it\/strategia-informatyzacji\/\" \/>\n<meta property=\"og:locale\" content=\"ar_AR\" \/>\n<meta property=\"og:type\" content=\"article\" \/>\n<meta property=\"og:title\" content=\"Strategia informatyzacji - Oderon\" \/>\n<meta property=\"og:description\" content=\"W ostatnich latach organizacje inwestowa\u0142y wiele \u015brodk\u00f3w w technologie i rozwi\u0105zania IT staraj\u0105c si\u0119 poprawi\u0107 efektywno\u015b\u0107 pracy i zwi\u0119ksza\u0107 konkurencyjno\u015b\u0107. Wiele z wdro\u017ce\u0144 nie do ko\u0144ca spe\u0142ni\u0142o wszystkie oczekiwania i nie dostarczy\u0142o rozwi\u0105za\u0144 na jakie liczyli menad\u017cerowie. Wynika to z faktu dynamicznie zmieniaj\u0105cego si\u0119 otoczenia ekonomicznego firm, a tak\u017ce braku wystarczaj\u0105cej strategii rozwoju IT. Dlatego&hellip;\" \/>\n<meta property=\"og:url\" content=\"https:\/\/oderon.pl\/ar\/engineering-it\/strategia-informatyzacji\/\" \/>\n<meta property=\"og:site_name\" content=\"Oderon\" \/>\n<meta name=\"twitter:card\" content=\"summary_large_image\" \/>\n<script type=\"application\/ld+json\" class=\"yoast-schema-graph\">{\"@context\":\"https:\\\/\\\/schema.org\",\"@graph\":[{\"@type\":\"WebPage\",\"@id\":\"https:\\\/\\\/oderon.pl\\\/ar\\\/engineering-it\\\/strategia-informatyzacji\\\/\",\"url\":\"https:\\\/\\\/oderon.pl\\\/ar\\\/engineering-it\\\/strategia-informatyzacji\\\/\",\"name\":\"Strategia informatyzacji - Oderon\",\"isPartOf\":{\"@id\":\"https:\\\/\\\/oderon.pl\\\/#website\"},\"datePublished\":\"2021-05-20T20:54:39+00:00\",\"breadcrumb\":{\"@id\":\"https:\\\/\\\/oderon.pl\\\/ar\\\/engineering-it\\\/strategia-informatyzacji\\\/#breadcrumb\"},\"inLanguage\":\"ar\",\"potentialAction\":[{\"@type\":\"ReadAction\",\"target\":[\"https:\\\/\\\/oderon.pl\\\/ar\\\/engineering-it\\\/strategia-informatyzacji\\\/\"]}]},{\"@type\":\"BreadcrumbList\",\"@id\":\"https:\\\/\\\/oderon.pl\\\/ar\\\/engineering-it\\\/strategia-informatyzacji\\\/#breadcrumb\",\"itemListElement\":[{\"@type\":\"ListItem\",\"position\":1,\"name\":\"Strona g\u0142\u00f3wna\",\"item\":\"https:\\\/\\\/oderon.pl\\\/ar\\\/\"},{\"@type\":\"ListItem\",\"position\":2,\"name\":\"Engineering IT\",\"item\":\"https:\\\/\\\/oderon.pl\\\/ar\\\/engineering-it\\\/\"},{\"@type\":\"ListItem\",\"position\":3,\"name\":\"Strategia informatyzacji\"}]},{\"@type\":\"WebSite\",\"@id\":\"https:\\\/\\\/oderon.pl\\\/#website\",\"url\":\"https:\\\/\\\/oderon.pl\\\/\",\"name\":\"Oderon\",\"description\":\"Nowoczesne technologie kontroli i bezpiecze\u0144stwa\",\"potentialAction\":[{\"@type\":\"SearchAction\",\"target\":{\"@type\":\"EntryPoint\",\"urlTemplate\":\"https:\\\/\\\/oderon.pl\\\/?s={search_term_string}\"},\"query-input\":{\"@type\":\"PropertyValueSpecification\",\"valueRequired\":true,\"valueName\":\"search_term_string\"}}],\"inLanguage\":\"ar\"}]}<\/script>\n<!-- \/ Yoast SEO plugin. -->","yoast_head_json":{"title":"Strategia informatyzacji - Oderon","robots":{"index":"index","follow":"follow","max-snippet":"max-snippet:-1","max-image-preview":"max-image-preview:large","max-video-preview":"max-video-preview:-1"},"canonical":"https:\/\/oderon.pl\/ar\/engineering-it\/strategia-informatyzacji\/","og_locale":"ar_AR","og_type":"article","og_title":"Strategia informatyzacji - Oderon","og_description":"W ostatnich latach organizacje inwestowa\u0142y wiele \u015brodk\u00f3w w technologie i rozwi\u0105zania IT staraj\u0105c si\u0119 poprawi\u0107 efektywno\u015b\u0107 pracy i zwi\u0119ksza\u0107 konkurencyjno\u015b\u0107. Wiele z wdro\u017ce\u0144 nie do ko\u0144ca spe\u0142ni\u0142o wszystkie oczekiwania i nie dostarczy\u0142o rozwi\u0105za\u0144 na jakie liczyli menad\u017cerowie. Wynika to z faktu dynamicznie zmieniaj\u0105cego si\u0119 otoczenia ekonomicznego firm, a tak\u017ce braku wystarczaj\u0105cej strategii rozwoju IT. Dlatego&hellip;","og_url":"https:\/\/oderon.pl\/ar\/engineering-it\/strategia-informatyzacji\/","og_site_name":"Oderon","twitter_card":"summary_large_image","schema":{"@context":"https:\/\/schema.org","@graph":[{"@type":"WebPage","@id":"https:\/\/oderon.pl\/ar\/engineering-it\/strategia-informatyzacji\/","url":"https:\/\/oderon.pl\/ar\/engineering-it\/strategia-informatyzacji\/","name":"Strategia informatyzacji - Oderon","isPartOf":{"@id":"https:\/\/oderon.pl\/#website"},"datePublished":"2021-05-20T20:54:39+00:00","breadcrumb":{"@id":"https:\/\/oderon.pl\/ar\/engineering-it\/strategia-informatyzacji\/#breadcrumb"},"inLanguage":"ar","potentialAction":[{"@type":"ReadAction","target":["https:\/\/oderon.pl\/ar\/engineering-it\/strategia-informatyzacji\/"]}]},{"@type":"BreadcrumbList","@id":"https:\/\/oderon.pl\/ar\/engineering-it\/strategia-informatyzacji\/#breadcrumb","itemListElement":[{"@type":"ListItem","position":1,"name":"Strona g\u0142\u00f3wna","item":"https:\/\/oderon.pl\/ar\/"},{"@type":"ListItem","position":2,"name":"Engineering IT","item":"https:\/\/oderon.pl\/ar\/engineering-it\/"},{"@type":"ListItem","position":3,"name":"Strategia informatyzacji"}]},{"@type":"WebSite","@id":"https:\/\/oderon.pl\/#website","url":"https:\/\/oderon.pl\/","name":"Oderon","description":"Nowoczesne technologie kontroli i bezpiecze\u0144stwa","potentialAction":[{"@type":"SearchAction","target":{"@type":"EntryPoint","urlTemplate":"https:\/\/oderon.pl\/?s={search_term_string}"},"query-input":{"@type":"PropertyValueSpecification","valueRequired":true,"valueName":"search_term_string"}}],"inLanguage":"ar"}]}},"_links":{"self":[{"href":"https:\/\/oderon.pl\/ar\/wp-json\/wp\/v2\/pages\/289","targetHints":{"allow":["GET"]}}],"collection":[{"href":"https:\/\/oderon.pl\/ar\/wp-json\/wp\/v2\/pages"}],"about":[{"href":"https:\/\/oderon.pl\/ar\/wp-json\/wp\/v2\/types\/page"}],"author":[{"embeddable":true,"href":"https:\/\/oderon.pl\/ar\/wp-json\/wp\/v2\/users\/1"}],"replies":[{"embeddable":true,"href":"https:\/\/oderon.pl\/ar\/wp-json\/wp\/v2\/comments?post=289"}],"version-history":[{"count":0,"href":"https:\/\/oderon.pl\/ar\/wp-json\/wp\/v2\/pages\/289\/revisions"}],"up":[{"embeddable":true,"href":"https:\/\/oderon.pl\/ar\/wp-json\/wp\/v2\/pages\/283"}],"wp:attachment":[{"href":"https:\/\/oderon.pl\/ar\/wp-json\/wp\/v2\/media?parent=289"}],"curies":[{"name":"wp","href":"https:\/\/api.w.org\/{rel}","templated":true}]}}