{"id":286,"date":"2021-05-20T23:02:56","date_gmt":"2021-05-20T21:02:56","guid":{"rendered":"http:\/\/oderon.pl\/engineering-it\/audyt-przedwdrozeniowy\/"},"modified":"2021-05-20T23:02:56","modified_gmt":"2021-05-20T21:02:56","slug":"audyt-przedwdrozeniowy","status":"publish","type":"page","link":"https:\/\/oderon.pl\/ar\/engineering-it\/audyt-przedwdrozeniowy\/","title":{"rendered":"Audyt przedwdro\u017ceniowy"},"content":{"rendered":"\n<h1>\n\t\t\n\t<\/h1>\n\t<span><span><a href=\"https:\/\/oderon.pl\/ar\/\">Strona g\u0142\u00f3wna<\/a><\/span><\/span>\n\t<p>Analiza wdro\u017ce\u0144 system\u00f3w informatycznych dowodzi, \u017ce pomimo \u015bwiadomo\u015bci konieczno\u015bci przeprowadzenia bada\u0144 przedwdro\u017ceniowych w wi\u0119kszo\u015bci przypadk\u00f3w organizacje nie zawsze korzystaj\u0105 z mo\u017cliwo\u015bci takiej analizy. Analiza przedwdro\u017ceniowa obejmuje: identyfikacj\u0119 realnych cel\u00f3w strategicznych, weryfikacj\u0119 obecnej struktury proces\u00f3w, optymalizacj\u0119 struktury organizacyjnej, badanie obiegu informacji (w tym dokument\u00f3w), funkcjonuj\u0105cych system\u00f3w informatycznych oraz docelowych rozwi\u0105za\u0144. W jej wyniku otrzymuje si\u0119 pe\u0142en zakres informacji niezb\u0119dnych do efektywnego i optymalnego wdro\u017cenia lub modyfikacji systemu informatycznego &#8211; a przede wszystkim do podj\u0119cia trafnej decyzji w zakresie doboru optymalnego rozwi\u0105zania..<\/p>\n<h2>\n\t\tJak to robimy\n\t<\/h2>\n\t<p>Przeprowadzamy proces w opraciu o:<\/p>\n<ul>\n<li>Audyt organizacji &#8211; identyfikacja i opis proces\u00f3w,\n<ul>\n<li>opracowanie rekomendacji w zakresie funkcjonalnym wdro\u017cenia,<\/li>\n<li>opracowanie rekomendacji w zakresie zmian organizacyjnych wdro\u017cenia,<\/li>\n<li>ocena infrastruktury technicznej i rekomendacje w zakresie zmian,<\/li>\n<li>opracowanie rekomendacji w zakresie bezpiecze\u0144stwa informacji,<\/li>\n<\/ul>\n<\/li>\n<li>Okre\u015blenie harmonogramu prac,<\/li>\n<li>Opracowanie bud\u017cetu projektu,<\/li>\n<li>Opracowanie wymaga\u0144 dla dostawcy rozwi\u0105zania IT,<\/li>\n<li>Udzia\u0142 w zakresie wyboru dostawcy rozwi\u0105zania IT.<\/li>\n<\/ul>\n\n","protected":false},"excerpt":{"rendered":"<p>Analiza wdro\u017ce\u0144 system\u00f3w informatycznych dowodzi, \u017ce pomimo \u015bwiadomo\u015bci konieczno\u015bci przeprowadzenia bada\u0144 przedwdro\u017ceniowych w wi\u0119kszo\u015bci przypadk\u00f3w organizacje nie zawsze korzystaj\u0105 z mo\u017cliwo\u015bci takiej analizy. Analiza przedwdro\u017ceniowa obejmuje: identyfikacj\u0119 realnych cel\u00f3w strategicznych, weryfikacj\u0119 obecnej struktury proces\u00f3w, optymalizacj\u0119 struktury organizacyjnej, badanie obiegu informacji (w tym dokument\u00f3w), funkcjonuj\u0105cych system\u00f3w informatycznych oraz docelowych rozwi\u0105za\u0144. W jej wyniku otrzymuje si\u0119 pe\u0142en&hellip;<\/p>\n","protected":false},"author":1,"featured_media":0,"parent":283,"menu_order":0,"comment_status":"closed","ping_status":"closed","template":"","meta":{"footnotes":""},"class_list":["post-286","page","type-page","status-publish","hentry"],"yoast_head":"<!-- This site is optimized with the Yoast SEO plugin v27.4 - https:\/\/yoast.com\/product\/yoast-seo-wordpress\/ -->\n<title>Audyt przedwdro\u017ceniowy - Oderon<\/title>\n<meta name=\"robots\" content=\"index, follow, max-snippet:-1, max-image-preview:large, max-video-preview:-1\" \/>\n<link rel=\"canonical\" href=\"https:\/\/oderon.pl\/ar\/engineering-it\/audyt-przedwdrozeniowy\/\" \/>\n<meta property=\"og:locale\" content=\"ar_AR\" \/>\n<meta property=\"og:type\" content=\"article\" \/>\n<meta property=\"og:title\" content=\"Audyt przedwdro\u017ceniowy - Oderon\" \/>\n<meta property=\"og:description\" content=\"Analiza wdro\u017ce\u0144 system\u00f3w informatycznych dowodzi, \u017ce pomimo \u015bwiadomo\u015bci konieczno\u015bci przeprowadzenia bada\u0144 przedwdro\u017ceniowych w wi\u0119kszo\u015bci przypadk\u00f3w organizacje nie zawsze korzystaj\u0105 z mo\u017cliwo\u015bci takiej analizy. Analiza przedwdro\u017ceniowa obejmuje: identyfikacj\u0119 realnych cel\u00f3w strategicznych, weryfikacj\u0119 obecnej struktury proces\u00f3w, optymalizacj\u0119 struktury organizacyjnej, badanie obiegu informacji (w tym dokument\u00f3w), funkcjonuj\u0105cych system\u00f3w informatycznych oraz docelowych rozwi\u0105za\u0144. W jej wyniku otrzymuje si\u0119 pe\u0142en&hellip;\" \/>\n<meta property=\"og:url\" content=\"https:\/\/oderon.pl\/ar\/engineering-it\/audyt-przedwdrozeniowy\/\" \/>\n<meta property=\"og:site_name\" content=\"Oderon\" \/>\n<meta name=\"twitter:card\" content=\"summary_large_image\" \/>\n<script type=\"application\/ld+json\" class=\"yoast-schema-graph\">{\"@context\":\"https:\\\/\\\/schema.org\",\"@graph\":[{\"@type\":\"WebPage\",\"@id\":\"https:\\\/\\\/oderon.pl\\\/ar\\\/engineering-it\\\/audyt-przedwdrozeniowy\\\/\",\"url\":\"https:\\\/\\\/oderon.pl\\\/ar\\\/engineering-it\\\/audyt-przedwdrozeniowy\\\/\",\"name\":\"Audyt przedwdro\u017ceniowy - Oderon\",\"isPartOf\":{\"@id\":\"https:\\\/\\\/oderon.pl\\\/#website\"},\"datePublished\":\"2021-05-20T21:02:56+00:00\",\"breadcrumb\":{\"@id\":\"https:\\\/\\\/oderon.pl\\\/ar\\\/engineering-it\\\/audyt-przedwdrozeniowy\\\/#breadcrumb\"},\"inLanguage\":\"ar\",\"potentialAction\":[{\"@type\":\"ReadAction\",\"target\":[\"https:\\\/\\\/oderon.pl\\\/ar\\\/engineering-it\\\/audyt-przedwdrozeniowy\\\/\"]}]},{\"@type\":\"BreadcrumbList\",\"@id\":\"https:\\\/\\\/oderon.pl\\\/ar\\\/engineering-it\\\/audyt-przedwdrozeniowy\\\/#breadcrumb\",\"itemListElement\":[{\"@type\":\"ListItem\",\"position\":1,\"name\":\"Strona g\u0142\u00f3wna\",\"item\":\"https:\\\/\\\/oderon.pl\\\/ar\\\/\"},{\"@type\":\"ListItem\",\"position\":2,\"name\":\"Engineering IT\",\"item\":\"https:\\\/\\\/oderon.pl\\\/ar\\\/engineering-it\\\/\"},{\"@type\":\"ListItem\",\"position\":3,\"name\":\"Audyt przedwdro\u017ceniowy\"}]},{\"@type\":\"WebSite\",\"@id\":\"https:\\\/\\\/oderon.pl\\\/#website\",\"url\":\"https:\\\/\\\/oderon.pl\\\/\",\"name\":\"Oderon\",\"description\":\"Nowoczesne technologie kontroli i bezpiecze\u0144stwa\",\"potentialAction\":[{\"@type\":\"SearchAction\",\"target\":{\"@type\":\"EntryPoint\",\"urlTemplate\":\"https:\\\/\\\/oderon.pl\\\/?s={search_term_string}\"},\"query-input\":{\"@type\":\"PropertyValueSpecification\",\"valueRequired\":true,\"valueName\":\"search_term_string\"}}],\"inLanguage\":\"ar\"}]}<\/script>\n<!-- \/ Yoast SEO plugin. -->","yoast_head_json":{"title":"Audyt przedwdro\u017ceniowy - Oderon","robots":{"index":"index","follow":"follow","max-snippet":"max-snippet:-1","max-image-preview":"max-image-preview:large","max-video-preview":"max-video-preview:-1"},"canonical":"https:\/\/oderon.pl\/ar\/engineering-it\/audyt-przedwdrozeniowy\/","og_locale":"ar_AR","og_type":"article","og_title":"Audyt przedwdro\u017ceniowy - Oderon","og_description":"Analiza wdro\u017ce\u0144 system\u00f3w informatycznych dowodzi, \u017ce pomimo \u015bwiadomo\u015bci konieczno\u015bci przeprowadzenia bada\u0144 przedwdro\u017ceniowych w wi\u0119kszo\u015bci przypadk\u00f3w organizacje nie zawsze korzystaj\u0105 z mo\u017cliwo\u015bci takiej analizy. Analiza przedwdro\u017ceniowa obejmuje: identyfikacj\u0119 realnych cel\u00f3w strategicznych, weryfikacj\u0119 obecnej struktury proces\u00f3w, optymalizacj\u0119 struktury organizacyjnej, badanie obiegu informacji (w tym dokument\u00f3w), funkcjonuj\u0105cych system\u00f3w informatycznych oraz docelowych rozwi\u0105za\u0144. W jej wyniku otrzymuje si\u0119 pe\u0142en&hellip;","og_url":"https:\/\/oderon.pl\/ar\/engineering-it\/audyt-przedwdrozeniowy\/","og_site_name":"Oderon","twitter_card":"summary_large_image","schema":{"@context":"https:\/\/schema.org","@graph":[{"@type":"WebPage","@id":"https:\/\/oderon.pl\/ar\/engineering-it\/audyt-przedwdrozeniowy\/","url":"https:\/\/oderon.pl\/ar\/engineering-it\/audyt-przedwdrozeniowy\/","name":"Audyt przedwdro\u017ceniowy - Oderon","isPartOf":{"@id":"https:\/\/oderon.pl\/#website"},"datePublished":"2021-05-20T21:02:56+00:00","breadcrumb":{"@id":"https:\/\/oderon.pl\/ar\/engineering-it\/audyt-przedwdrozeniowy\/#breadcrumb"},"inLanguage":"ar","potentialAction":[{"@type":"ReadAction","target":["https:\/\/oderon.pl\/ar\/engineering-it\/audyt-przedwdrozeniowy\/"]}]},{"@type":"BreadcrumbList","@id":"https:\/\/oderon.pl\/ar\/engineering-it\/audyt-przedwdrozeniowy\/#breadcrumb","itemListElement":[{"@type":"ListItem","position":1,"name":"Strona g\u0142\u00f3wna","item":"https:\/\/oderon.pl\/ar\/"},{"@type":"ListItem","position":2,"name":"Engineering IT","item":"https:\/\/oderon.pl\/ar\/engineering-it\/"},{"@type":"ListItem","position":3,"name":"Audyt przedwdro\u017ceniowy"}]},{"@type":"WebSite","@id":"https:\/\/oderon.pl\/#website","url":"https:\/\/oderon.pl\/","name":"Oderon","description":"Nowoczesne technologie kontroli i bezpiecze\u0144stwa","potentialAction":[{"@type":"SearchAction","target":{"@type":"EntryPoint","urlTemplate":"https:\/\/oderon.pl\/?s={search_term_string}"},"query-input":{"@type":"PropertyValueSpecification","valueRequired":true,"valueName":"search_term_string"}}],"inLanguage":"ar"}]}},"_links":{"self":[{"href":"https:\/\/oderon.pl\/ar\/wp-json\/wp\/v2\/pages\/286","targetHints":{"allow":["GET"]}}],"collection":[{"href":"https:\/\/oderon.pl\/ar\/wp-json\/wp\/v2\/pages"}],"about":[{"href":"https:\/\/oderon.pl\/ar\/wp-json\/wp\/v2\/types\/page"}],"author":[{"embeddable":true,"href":"https:\/\/oderon.pl\/ar\/wp-json\/wp\/v2\/users\/1"}],"replies":[{"embeddable":true,"href":"https:\/\/oderon.pl\/ar\/wp-json\/wp\/v2\/comments?post=286"}],"version-history":[{"count":0,"href":"https:\/\/oderon.pl\/ar\/wp-json\/wp\/v2\/pages\/286\/revisions"}],"up":[{"embeddable":true,"href":"https:\/\/oderon.pl\/ar\/wp-json\/wp\/v2\/pages\/283"}],"wp:attachment":[{"href":"https:\/\/oderon.pl\/ar\/wp-json\/wp\/v2\/media?parent=286"}],"curies":[{"name":"wp","href":"https:\/\/api.w.org\/{rel}","templated":true}]}}