{"id":283,"date":"2021-05-20T22:49:34","date_gmt":"2021-05-20T20:49:34","guid":{"rendered":"http:\/\/oderon.pl\/engineering-it\/"},"modified":"2024-11-13T09:42:16","modified_gmt":"2024-11-13T08:42:16","slug":"engineering-it","status":"publish","type":"page","link":"https:\/\/oderon.pl\/ar\/engineering-it\/","title":{"rendered":"Engineering IT"},"content":{"rendered":"\n<h1>\n\t\t\n\t<\/h1>\n\t<span><span><a href=\"https:\/\/oderon.pl\/ar\/\">Strona g\u0142\u00f3wna<\/a><\/span><\/span>\n\t<p>Realizowana przez Nas us\u0142uga &#8220;IT Engineering&#8221; oparta jest o do\u015bwiadczonych i certyfikowanych specjalist\u00f3w z prawie ka\u017cdego zakresu nowoczesnych technologii IT. Na poziomie operacyjnym us\u0142uga wspierana jest przez \u00a0Service Desk, kt\u00f3ry zapewnia pojedynczy punkt kontaktowy , oferuj\u0105c u\u017cytkownikom profesjonalne wsparcie, celem kt\u00f3rego jest przywr\u00f3cenie us\u0142ugi w najszybszym mo\u017cliwym terminie. Oderon realizuje us\u0142ugi z ca\u0142ego zakresu &#8220;IT Engineering-u&#8221;.<\/p>\n\t<a href=\"http:\/\/oderon.pl\/engineering-it\/strategia-informatyzacji\/\" target=\"_self\" rel=\"noopener\"><\/a> \n\t\t<h3> Strategia informatyzacji<\/h3>\t\t\t\n\t\t\t\t<p>W ostatnich latach organizacje inwestowa\u0142y wiele \u015brodk\u00f3w w technologie i rozwi\u0105zania IT staraj\u0105c si\u0119 poprawi\u0107 efektywno\u015b\u0107 pracy i zwi\u0119ksza\u0107 konkurencyjno\u015b\u0107. Wiele z wdro\u017ce\u0144 nie do ko\u0144ca spe\u0142ni\u0142o wszystkie oczekiwania i nie dostarczy\u0142o rozwi\u0105za\u0144 na jakie liczyli menad\u017cerowie.<\/p>\n\t<a href=\"http:\/\/oderon.pl\/engineering-it\/audyt-przedwdrozeniowy\/\" target=\"_self\" rel=\"noopener\"><\/a> \n\t\t<h3>Audyt przedwdro\u017ceniowy<\/h3>\t\t\t\n\t\t\t\t<p>Analiza wdro\u017ce\u0144 system\u00f3w informatycznych dowodzi, \u017ce pomimo \u015bwiadomo\u015bci konieczno\u015bci przeprowadzenia bada\u0144 przedwdro\u017ceniowych w wi\u0119kszo\u015bci przypadk\u00f3w organizacje nie zawsze korzystaj\u0105 z mo\u017cliwo\u015bci takiej analizy.<\/p>\n\t<a href=\"http:\/\/oderon.pl\/engineering-it\/zarzadzanie-projektami-it\/\" target=\"_self\" rel=\"noopener\"><\/a> \n\t\t<h3>Zarz\u0105dzanie projektami IT<\/h3>\t\t\t\n\t\t\t\t<p>W celu prawid\u0142owego wdro\u017cenia systemu IT organizacje w wi\u0119kszo\u015bci przypadk\u00f3w zlecaj\u0105 prowadzenie nadzoru nad przygotowaniem projektu i nadzorowaniem realizacji podpisanej umowy niezale\u017cnej firmie zewn\u0119trznej.<\/p>\n\n","protected":false},"excerpt":{"rendered":"<p>Realizowana przez Nas us\u0142uga &#8220;IT Engineering&#8221; oparta jest o do\u015bwiadczonych i certyfikowanych specjalist\u00f3w z prawie ka\u017cdego zakresu nowoczesnych technologii IT. Na poziomie operacyjnym us\u0142uga wspierana jest przez \u00a0Service Desk, kt\u00f3ry zapewnia pojedynczy punkt kontaktowy , oferuj\u0105c u\u017cytkownikom profesjonalne wsparcie, celem kt\u00f3rego jest przywr\u00f3cenie us\u0142ugi w najszybszym mo\u017cliwym terminie. Oderon realizuje us\u0142ugi z ca\u0142ego zakresu &#8220;IT&hellip;<\/p>\n","protected":false},"author":1,"featured_media":0,"parent":0,"menu_order":0,"comment_status":"closed","ping_status":"closed","template":"","meta":{"footnotes":""},"class_list":["post-283","page","type-page","status-publish","hentry"],"yoast_head":"<!-- This site is optimized with the Yoast SEO plugin v27.4 - https:\/\/yoast.com\/product\/yoast-seo-wordpress\/ -->\n<title>Engineering IT - Oderon<\/title>\n<meta name=\"robots\" content=\"index, follow, max-snippet:-1, max-image-preview:large, max-video-preview:-1\" \/>\n<link rel=\"canonical\" href=\"https:\/\/oderon.pl\/ar\/engineering-it\/\" \/>\n<meta property=\"og:locale\" content=\"ar_AR\" \/>\n<meta property=\"og:type\" content=\"article\" \/>\n<meta property=\"og:title\" content=\"Engineering IT - Oderon\" \/>\n<meta property=\"og:description\" content=\"Realizowana przez Nas us\u0142uga &#8220;IT Engineering&#8221; oparta jest o do\u015bwiadczonych i certyfikowanych specjalist\u00f3w z prawie ka\u017cdego zakresu nowoczesnych technologii IT. Na poziomie operacyjnym us\u0142uga wspierana jest przez \u00a0Service Desk, kt\u00f3ry zapewnia pojedynczy punkt kontaktowy , oferuj\u0105c u\u017cytkownikom profesjonalne wsparcie, celem kt\u00f3rego jest przywr\u00f3cenie us\u0142ugi w najszybszym mo\u017cliwym terminie. Oderon realizuje us\u0142ugi z ca\u0142ego zakresu &#8220;IT&hellip;\" \/>\n<meta property=\"og:url\" content=\"https:\/\/oderon.pl\/ar\/engineering-it\/\" \/>\n<meta property=\"og:site_name\" content=\"Oderon\" \/>\n<meta property=\"article:modified_time\" content=\"2024-11-13T08:42:16+00:00\" \/>\n<meta name=\"twitter:card\" content=\"summary_large_image\" \/>\n<script type=\"application\/ld+json\" class=\"yoast-schema-graph\">{\"@context\":\"https:\\\/\\\/schema.org\",\"@graph\":[{\"@type\":\"WebPage\",\"@id\":\"https:\\\/\\\/oderon.pl\\\/ar\\\/engineering-it\\\/\",\"url\":\"https:\\\/\\\/oderon.pl\\\/ar\\\/engineering-it\\\/\",\"name\":\"Engineering IT - Oderon\",\"isPartOf\":{\"@id\":\"https:\\\/\\\/oderon.pl\\\/#website\"},\"datePublished\":\"2021-05-20T20:49:34+00:00\",\"dateModified\":\"2024-11-13T08:42:16+00:00\",\"breadcrumb\":{\"@id\":\"https:\\\/\\\/oderon.pl\\\/ar\\\/engineering-it\\\/#breadcrumb\"},\"inLanguage\":\"ar\",\"potentialAction\":[{\"@type\":\"ReadAction\",\"target\":[\"https:\\\/\\\/oderon.pl\\\/ar\\\/engineering-it\\\/\"]}]},{\"@type\":\"BreadcrumbList\",\"@id\":\"https:\\\/\\\/oderon.pl\\\/ar\\\/engineering-it\\\/#breadcrumb\",\"itemListElement\":[{\"@type\":\"ListItem\",\"position\":1,\"name\":\"Strona g\u0142\u00f3wna\",\"item\":\"https:\\\/\\\/oderon.pl\\\/ar\\\/\"},{\"@type\":\"ListItem\",\"position\":2,\"name\":\"Engineering IT\"}]},{\"@type\":\"WebSite\",\"@id\":\"https:\\\/\\\/oderon.pl\\\/#website\",\"url\":\"https:\\\/\\\/oderon.pl\\\/\",\"name\":\"Oderon\",\"description\":\"Nowoczesne technologie kontroli i bezpiecze\u0144stwa\",\"potentialAction\":[{\"@type\":\"SearchAction\",\"target\":{\"@type\":\"EntryPoint\",\"urlTemplate\":\"https:\\\/\\\/oderon.pl\\\/?s={search_term_string}\"},\"query-input\":{\"@type\":\"PropertyValueSpecification\",\"valueRequired\":true,\"valueName\":\"search_term_string\"}}],\"inLanguage\":\"ar\"}]}<\/script>\n<!-- \/ Yoast SEO plugin. -->","yoast_head_json":{"title":"Engineering IT - Oderon","robots":{"index":"index","follow":"follow","max-snippet":"max-snippet:-1","max-image-preview":"max-image-preview:large","max-video-preview":"max-video-preview:-1"},"canonical":"https:\/\/oderon.pl\/ar\/engineering-it\/","og_locale":"ar_AR","og_type":"article","og_title":"Engineering IT - Oderon","og_description":"Realizowana przez Nas us\u0142uga &#8220;IT Engineering&#8221; oparta jest o do\u015bwiadczonych i certyfikowanych specjalist\u00f3w z prawie ka\u017cdego zakresu nowoczesnych technologii IT. Na poziomie operacyjnym us\u0142uga wspierana jest przez \u00a0Service Desk, kt\u00f3ry zapewnia pojedynczy punkt kontaktowy , oferuj\u0105c u\u017cytkownikom profesjonalne wsparcie, celem kt\u00f3rego jest przywr\u00f3cenie us\u0142ugi w najszybszym mo\u017cliwym terminie. Oderon realizuje us\u0142ugi z ca\u0142ego zakresu &#8220;IT&hellip;","og_url":"https:\/\/oderon.pl\/ar\/engineering-it\/","og_site_name":"Oderon","article_modified_time":"2024-11-13T08:42:16+00:00","twitter_card":"summary_large_image","schema":{"@context":"https:\/\/schema.org","@graph":[{"@type":"WebPage","@id":"https:\/\/oderon.pl\/ar\/engineering-it\/","url":"https:\/\/oderon.pl\/ar\/engineering-it\/","name":"Engineering IT - Oderon","isPartOf":{"@id":"https:\/\/oderon.pl\/#website"},"datePublished":"2021-05-20T20:49:34+00:00","dateModified":"2024-11-13T08:42:16+00:00","breadcrumb":{"@id":"https:\/\/oderon.pl\/ar\/engineering-it\/#breadcrumb"},"inLanguage":"ar","potentialAction":[{"@type":"ReadAction","target":["https:\/\/oderon.pl\/ar\/engineering-it\/"]}]},{"@type":"BreadcrumbList","@id":"https:\/\/oderon.pl\/ar\/engineering-it\/#breadcrumb","itemListElement":[{"@type":"ListItem","position":1,"name":"Strona g\u0142\u00f3wna","item":"https:\/\/oderon.pl\/ar\/"},{"@type":"ListItem","position":2,"name":"Engineering IT"}]},{"@type":"WebSite","@id":"https:\/\/oderon.pl\/#website","url":"https:\/\/oderon.pl\/","name":"Oderon","description":"Nowoczesne technologie kontroli i bezpiecze\u0144stwa","potentialAction":[{"@type":"SearchAction","target":{"@type":"EntryPoint","urlTemplate":"https:\/\/oderon.pl\/?s={search_term_string}"},"query-input":{"@type":"PropertyValueSpecification","valueRequired":true,"valueName":"search_term_string"}}],"inLanguage":"ar"}]}},"_links":{"self":[{"href":"https:\/\/oderon.pl\/ar\/wp-json\/wp\/v2\/pages\/283","targetHints":{"allow":["GET"]}}],"collection":[{"href":"https:\/\/oderon.pl\/ar\/wp-json\/wp\/v2\/pages"}],"about":[{"href":"https:\/\/oderon.pl\/ar\/wp-json\/wp\/v2\/types\/page"}],"author":[{"embeddable":true,"href":"https:\/\/oderon.pl\/ar\/wp-json\/wp\/v2\/users\/1"}],"replies":[{"embeddable":true,"href":"https:\/\/oderon.pl\/ar\/wp-json\/wp\/v2\/comments?post=283"}],"version-history":[{"count":1,"href":"https:\/\/oderon.pl\/ar\/wp-json\/wp\/v2\/pages\/283\/revisions"}],"predecessor-version":[{"id":627,"href":"https:\/\/oderon.pl\/ar\/wp-json\/wp\/v2\/pages\/283\/revisions\/627"}],"wp:attachment":[{"href":"https:\/\/oderon.pl\/ar\/wp-json\/wp\/v2\/media?parent=283"}],"curies":[{"name":"wp","href":"https:\/\/api.w.org\/{rel}","templated":true}]}}