{"id":274,"date":"2021-05-20T22:24:31","date_gmt":"2021-05-20T20:24:31","guid":{"rendered":"http:\/\/oderon.pl\/automatyka-budynkowa\/"},"modified":"2021-05-20T22:24:31","modified_gmt":"2021-05-20T20:24:31","slug":"automatyka-budynkowa","status":"publish","type":"page","link":"https:\/\/oderon.pl\/ar\/integracja-systemow-teletechnicznych\/automatyka-budynkowa\/","title":{"rendered":"Automatyka budynkowa"},"content":{"rendered":"\n<h1>\n\t\t\n\t<\/h1>\n\t<span><span><a href=\"https:\/\/oderon.pl\/ar\/\">Strona g\u0142\u00f3wna<\/a><\/span><\/span>\n\t<p>Projektujemy systemy automatyki na ka\u017cdym szczeblu zaawansowania. Pocz\u0105wszy od integracji kilku instalacji, poprzez systemy automatyki domowej \u00a0po rozbudowane systemy BMS.<\/p>\n<p>Nasze wieloletnie do\u015bwiadczenie zwi\u0105zane z bran\u017c\u0105 lotniskow\u0105 doprowadzi\u0142o do nawi\u0105zania wsp\u00f3\u0142pracy z firm\u0105 <a href=\"http:\/\/www.deltacontrols.com\/pl\/home-pl\" target=\"_blank\" rel=\"noopener\">DELTA CONTROLS<\/a>, kt\u00f3ra jest jednym ze \u015bwiatowych lider\u00f3w na rynku automatyki budynkowej (BMS). W pa\u017adzierniku 2013 uzyskali\u015bmy status Autoryzowanego Partnera Delta Controls.<\/p>\n<p>W zakresie automatyki domowej zrealizowali\u015bmy udane projekty w oparciu o systemy <a href=\"http:\/\/www.teletask.be\/solutions.aspx\" target=\"_blank\" rel=\"noopener\">TELETASK<\/a>\u00a0pozwalaj\u0105ce na zautomatyzowanie zar\u00f3wno dom\u00f3w jednorodzinnych \u00a0jaki i hoteli.<\/p>\n\t<a href=\"http:\/\/www.deltacontrols.com\/pl\/home-pl\" target=\"_blank\" rel=\"noopener\"><\/a> \n\t\t\t\t<img decoding=\"async\" src=\"http:\/\/oderon.pl\/wp-content\/uploads\/2021\/05\/delta_controls.png\" alt=\"Delta Control\" title=\"Delta Control\" itemprop=\"image\"\/>\n\t\t<h2>Delta Controls<\/h2>\t\t\t\n\t\t\t\t<p>DELTA CONTROLS jest \u015bwiatowym liderem na rynku automatyki budynkowej (BMS). Jest obecna w ponad 70 pa\u0144stwach na 6 kontynentach. Oferta produktowa wyczerpuje zagadnienie kompleksowej integracji system\u00f3w niskopr\u0105dowych. Od automatyki klimatyzacji, wentylacji, ogrzewania (HVAC), monitoringu medi\u00f3w, a\u017c po system kontroli dost\u0119pu, o\u015bwietlenia oraz cyfrow\u0105 telewizj\u0119 dozorow\u0105 (IP CCTV). Systemy opatrzone logo Delta Controls s\u0105 w pe\u0142ni zgodne ze standardem BACnet (PN 16484-5).<\/p>\n\t<a href=\"http:\/\/www.teletask.be\/solutions.aspx\" target=\"_blank\" rel=\"noopener\"><\/a> \n\t\t\t\t<img decoding=\"async\" src=\"http:\/\/oderon.pl\/wp-content\/uploads\/2021\/05\/teletask-logo.jpg\" alt=\"Teletask\" title=\"Teletask\" itemprop=\"image\"\/>\n\t\t<h2>Teletask<\/h2>\t\t\t\n\t\t\t\t<p>Produkty TELETASK zosta\u0142y stworzone by oferowa\u0107 wi\u0119cej komfortu, bezpiecze\u0144stwa oraz dawa\u0107 oszcz\u0119dno\u015bci. Je\u015bli spojrze\u0107 dok\u0142adniej, to automatyka domowa podnosi jako\u015b\u0107 \u017cycia. Komfortow\u0105 jest sytuacja, kiedy jeste\u015b pewny, \u017ce Tw\u00f3j dom jest bezpieczny i wiesz, \u017ce energia nie jest marnotrawiona.A najistotniejsze jest to, \u017ce ta pewno\u015b\u0107 towarzyszy Ci gdy jeste\u015b w domu, w pracy, b\u0105d\u017a gdziekolwiek indziej.<\/p>\n\n","protected":false},"excerpt":{"rendered":"<p>Projektujemy systemy automatyki na ka\u017cdym szczeblu zaawansowania. Pocz\u0105wszy od integracji kilku instalacji, poprzez systemy automatyki domowej \u00a0po rozbudowane systemy BMS. Nasze wieloletnie do\u015bwiadczenie zwi\u0105zane z bran\u017c\u0105 lotniskow\u0105 doprowadzi\u0142o do nawi\u0105zania wsp\u00f3\u0142pracy z firm\u0105 DELTA CONTROLS, kt\u00f3ra jest jednym ze \u015bwiatowych lider\u00f3w na rynku automatyki budynkowej (BMS). W pa\u017adzierniku 2013 uzyskali\u015bmy status Autoryzowanego Partnera Delta Controls.&hellip;<\/p>\n","protected":false},"author":1,"featured_media":0,"parent":298,"menu_order":0,"comment_status":"closed","ping_status":"closed","template":"","meta":{"footnotes":""},"class_list":["post-274","page","type-page","status-publish","hentry"],"yoast_head":"<!-- This site is optimized with the Yoast SEO plugin v27.4 - https:\/\/yoast.com\/product\/yoast-seo-wordpress\/ -->\n<title>Automatyka budynkowa - Oderon<\/title>\n<meta name=\"robots\" content=\"index, follow, max-snippet:-1, max-image-preview:large, max-video-preview:-1\" \/>\n<link rel=\"canonical\" href=\"https:\/\/oderon.pl\/ar\/integracja-systemow-teletechnicznych\/automatyka-budynkowa\/\" \/>\n<meta property=\"og:locale\" content=\"ar_AR\" \/>\n<meta property=\"og:type\" content=\"article\" \/>\n<meta property=\"og:title\" content=\"Automatyka budynkowa - Oderon\" \/>\n<meta property=\"og:description\" content=\"Projektujemy systemy automatyki na ka\u017cdym szczeblu zaawansowania. Pocz\u0105wszy od integracji kilku instalacji, poprzez systemy automatyki domowej \u00a0po rozbudowane systemy BMS. Nasze wieloletnie do\u015bwiadczenie zwi\u0105zane z bran\u017c\u0105 lotniskow\u0105 doprowadzi\u0142o do nawi\u0105zania wsp\u00f3\u0142pracy z firm\u0105 DELTA CONTROLS, kt\u00f3ra jest jednym ze \u015bwiatowych lider\u00f3w na rynku automatyki budynkowej (BMS). W pa\u017adzierniku 2013 uzyskali\u015bmy status Autoryzowanego Partnera Delta Controls.&hellip;\" \/>\n<meta property=\"og:url\" content=\"https:\/\/oderon.pl\/ar\/integracja-systemow-teletechnicznych\/automatyka-budynkowa\/\" \/>\n<meta property=\"og:site_name\" content=\"Oderon\" \/>\n<meta property=\"og:image\" content=\"http:\/\/oderon.pl\/wp-content\/uploads\/2021\/05\/delta_controls.png\" \/>\n<meta name=\"twitter:card\" content=\"summary_large_image\" \/>\n<script type=\"application\/ld+json\" class=\"yoast-schema-graph\">{\"@context\":\"https:\\\/\\\/schema.org\",\"@graph\":[{\"@type\":\"WebPage\",\"@id\":\"https:\\\/\\\/oderon.pl\\\/ar\\\/integracja-systemow-teletechnicznych\\\/automatyka-budynkowa\\\/\",\"url\":\"https:\\\/\\\/oderon.pl\\\/ar\\\/integracja-systemow-teletechnicznych\\\/automatyka-budynkowa\\\/\",\"name\":\"Automatyka budynkowa - Oderon\",\"isPartOf\":{\"@id\":\"https:\\\/\\\/oderon.pl\\\/#website\"},\"primaryImageOfPage\":{\"@id\":\"https:\\\/\\\/oderon.pl\\\/ar\\\/integracja-systemow-teletechnicznych\\\/automatyka-budynkowa\\\/#primaryimage\"},\"image\":{\"@id\":\"https:\\\/\\\/oderon.pl\\\/ar\\\/integracja-systemow-teletechnicznych\\\/automatyka-budynkowa\\\/#primaryimage\"},\"thumbnailUrl\":\"http:\\\/\\\/oderon.pl\\\/wp-content\\\/uploads\\\/2021\\\/05\\\/delta_controls.png\",\"datePublished\":\"2021-05-20T20:24:31+00:00\",\"breadcrumb\":{\"@id\":\"https:\\\/\\\/oderon.pl\\\/ar\\\/integracja-systemow-teletechnicznych\\\/automatyka-budynkowa\\\/#breadcrumb\"},\"inLanguage\":\"ar\",\"potentialAction\":[{\"@type\":\"ReadAction\",\"target\":[\"https:\\\/\\\/oderon.pl\\\/ar\\\/integracja-systemow-teletechnicznych\\\/automatyka-budynkowa\\\/\"]}]},{\"@type\":\"ImageObject\",\"inLanguage\":\"ar\",\"@id\":\"https:\\\/\\\/oderon.pl\\\/ar\\\/integracja-systemow-teletechnicznych\\\/automatyka-budynkowa\\\/#primaryimage\",\"url\":\"http:\\\/\\\/oderon.pl\\\/wp-content\\\/uploads\\\/2021\\\/05\\\/delta_controls.png\",\"contentUrl\":\"http:\\\/\\\/oderon.pl\\\/wp-content\\\/uploads\\\/2021\\\/05\\\/delta_controls.png\"},{\"@type\":\"BreadcrumbList\",\"@id\":\"https:\\\/\\\/oderon.pl\\\/ar\\\/integracja-systemow-teletechnicznych\\\/automatyka-budynkowa\\\/#breadcrumb\",\"itemListElement\":[{\"@type\":\"ListItem\",\"position\":1,\"name\":\"Strona g\u0142\u00f3wna\",\"item\":\"https:\\\/\\\/oderon.pl\\\/ar\\\/\"},{\"@type\":\"ListItem\",\"position\":2,\"name\":\"Integracja system\u00f3w teletechnicznych\",\"item\":\"https:\\\/\\\/oderon.pl\\\/ar\\\/integracja-systemow-teletechnicznych\\\/\"},{\"@type\":\"ListItem\",\"position\":3,\"name\":\"Automatyka budynkowa\"}]},{\"@type\":\"WebSite\",\"@id\":\"https:\\\/\\\/oderon.pl\\\/#website\",\"url\":\"https:\\\/\\\/oderon.pl\\\/\",\"name\":\"Oderon\",\"description\":\"Nowoczesne technologie kontroli i bezpiecze\u0144stwa\",\"potentialAction\":[{\"@type\":\"SearchAction\",\"target\":{\"@type\":\"EntryPoint\",\"urlTemplate\":\"https:\\\/\\\/oderon.pl\\\/?s={search_term_string}\"},\"query-input\":{\"@type\":\"PropertyValueSpecification\",\"valueRequired\":true,\"valueName\":\"search_term_string\"}}],\"inLanguage\":\"ar\"}]}<\/script>\n<!-- \/ Yoast SEO plugin. -->","yoast_head_json":{"title":"Automatyka budynkowa - Oderon","robots":{"index":"index","follow":"follow","max-snippet":"max-snippet:-1","max-image-preview":"max-image-preview:large","max-video-preview":"max-video-preview:-1"},"canonical":"https:\/\/oderon.pl\/ar\/integracja-systemow-teletechnicznych\/automatyka-budynkowa\/","og_locale":"ar_AR","og_type":"article","og_title":"Automatyka budynkowa - Oderon","og_description":"Projektujemy systemy automatyki na ka\u017cdym szczeblu zaawansowania. Pocz\u0105wszy od integracji kilku instalacji, poprzez systemy automatyki domowej \u00a0po rozbudowane systemy BMS. Nasze wieloletnie do\u015bwiadczenie zwi\u0105zane z bran\u017c\u0105 lotniskow\u0105 doprowadzi\u0142o do nawi\u0105zania wsp\u00f3\u0142pracy z firm\u0105 DELTA CONTROLS, kt\u00f3ra jest jednym ze \u015bwiatowych lider\u00f3w na rynku automatyki budynkowej (BMS). W pa\u017adzierniku 2013 uzyskali\u015bmy status Autoryzowanego Partnera Delta Controls.&hellip;","og_url":"https:\/\/oderon.pl\/ar\/integracja-systemow-teletechnicznych\/automatyka-budynkowa\/","og_site_name":"Oderon","og_image":[{"url":"http:\/\/oderon.pl\/wp-content\/uploads\/2021\/05\/delta_controls.png","type":"","width":"","height":""}],"twitter_card":"summary_large_image","schema":{"@context":"https:\/\/schema.org","@graph":[{"@type":"WebPage","@id":"https:\/\/oderon.pl\/ar\/integracja-systemow-teletechnicznych\/automatyka-budynkowa\/","url":"https:\/\/oderon.pl\/ar\/integracja-systemow-teletechnicznych\/automatyka-budynkowa\/","name":"Automatyka budynkowa - Oderon","isPartOf":{"@id":"https:\/\/oderon.pl\/#website"},"primaryImageOfPage":{"@id":"https:\/\/oderon.pl\/ar\/integracja-systemow-teletechnicznych\/automatyka-budynkowa\/#primaryimage"},"image":{"@id":"https:\/\/oderon.pl\/ar\/integracja-systemow-teletechnicznych\/automatyka-budynkowa\/#primaryimage"},"thumbnailUrl":"http:\/\/oderon.pl\/wp-content\/uploads\/2021\/05\/delta_controls.png","datePublished":"2021-05-20T20:24:31+00:00","breadcrumb":{"@id":"https:\/\/oderon.pl\/ar\/integracja-systemow-teletechnicznych\/automatyka-budynkowa\/#breadcrumb"},"inLanguage":"ar","potentialAction":[{"@type":"ReadAction","target":["https:\/\/oderon.pl\/ar\/integracja-systemow-teletechnicznych\/automatyka-budynkowa\/"]}]},{"@type":"ImageObject","inLanguage":"ar","@id":"https:\/\/oderon.pl\/ar\/integracja-systemow-teletechnicznych\/automatyka-budynkowa\/#primaryimage","url":"http:\/\/oderon.pl\/wp-content\/uploads\/2021\/05\/delta_controls.png","contentUrl":"http:\/\/oderon.pl\/wp-content\/uploads\/2021\/05\/delta_controls.png"},{"@type":"BreadcrumbList","@id":"https:\/\/oderon.pl\/ar\/integracja-systemow-teletechnicznych\/automatyka-budynkowa\/#breadcrumb","itemListElement":[{"@type":"ListItem","position":1,"name":"Strona g\u0142\u00f3wna","item":"https:\/\/oderon.pl\/ar\/"},{"@type":"ListItem","position":2,"name":"Integracja system\u00f3w teletechnicznych","item":"https:\/\/oderon.pl\/ar\/integracja-systemow-teletechnicznych\/"},{"@type":"ListItem","position":3,"name":"Automatyka budynkowa"}]},{"@type":"WebSite","@id":"https:\/\/oderon.pl\/#website","url":"https:\/\/oderon.pl\/","name":"Oderon","description":"Nowoczesne technologie kontroli i bezpiecze\u0144stwa","potentialAction":[{"@type":"SearchAction","target":{"@type":"EntryPoint","urlTemplate":"https:\/\/oderon.pl\/?s={search_term_string}"},"query-input":{"@type":"PropertyValueSpecification","valueRequired":true,"valueName":"search_term_string"}}],"inLanguage":"ar"}]}},"_links":{"self":[{"href":"https:\/\/oderon.pl\/ar\/wp-json\/wp\/v2\/pages\/274","targetHints":{"allow":["GET"]}}],"collection":[{"href":"https:\/\/oderon.pl\/ar\/wp-json\/wp\/v2\/pages"}],"about":[{"href":"https:\/\/oderon.pl\/ar\/wp-json\/wp\/v2\/types\/page"}],"author":[{"embeddable":true,"href":"https:\/\/oderon.pl\/ar\/wp-json\/wp\/v2\/users\/1"}],"replies":[{"embeddable":true,"href":"https:\/\/oderon.pl\/ar\/wp-json\/wp\/v2\/comments?post=274"}],"version-history":[{"count":0,"href":"https:\/\/oderon.pl\/ar\/wp-json\/wp\/v2\/pages\/274\/revisions"}],"up":[{"embeddable":true,"href":"https:\/\/oderon.pl\/ar\/wp-json\/wp\/v2\/pages\/298"}],"wp:attachment":[{"href":"https:\/\/oderon.pl\/ar\/wp-json\/wp\/v2\/media?parent=274"}],"curies":[{"name":"wp","href":"https:\/\/api.w.org\/{rel}","templated":true}]}}